



{"id":4689,"date":"2014-11-05T09:24:00","date_gmt":"2014-11-05T08:24:00","guid":{"rendered":"https:\/\/a-holstein.de\/kontakt\/"},"modified":"2018-06-05T11:35:02","modified_gmt":"2018-06-05T09:35:02","slug":"contact","status":"publish","type":"page","link":"https:\/\/a-holstein.de\/en\/contact\/","title":{"rendered":"Contact"},"content":{"rendered":"<div class=\"be-section   be-bg-cover be-bg-parallax     clearfix\" data-headerscheme=\"background--light\" style=\" background: url(https:\/\/a-holstein.de\/wp-content\/uploads\/2018\/02\/office3.jpg) no-repeat scroll center center;\"  ><div class=\"be-section-pad clearfix \" style=\" padding-top:200px;padding-bottom:200px;\" data-padding-top = \"200\"><div  class=\"be-row be-wrap clearfix \"><div  class=\"one-col column-block clearfix  no-background    \" data-animation=\"\" style=\"  \"><div class=\"be-custom-column-inner\"><\/div><\/div><\/div><\/div><\/div><div class=\"be-section         clearfix\" data-headerscheme=\"background--light\" style=\" \"  ><div class=\"be-section-pad clearfix \" style=\" padding-top:40px;padding-bottom:10px;\" data-padding-top = \"40\"><div  class=\"be-row be-wrap clearfix \"><div  class=\"one-col column-block clearfix  no-background    \" data-animation=\"\" style=\"  \"><div class=\"be-custom-column-inner\"><h3 style=\"text-align: left;\">We are there for you!<\/h3>\n<p><strong>Your path to us.<\/strong><\/p>\n<\/div><\/div><\/div><\/div><\/div><div class=\"be-section         clearfix\" data-headerscheme=\"background--light\" style=\" \"  ><div class=\"be-section-pad clearfix \" style=\" padding-top:0px;padding-bottom:90px;\" data-padding-top = \"0\"><div  class=\"be-row be-wrap clearfix \"><div  class=\"one-col column-block clearfix  no-background    \" data-animation=\"\" style=\"  \"><div class=\"be-custom-column-inner\"><div id=\"ShortCode_Div\">\n<div id=\"ShortCode_Div\">\n<div id=\"ShortCode_Div\">\n<div id=\"ShortCode_Div\">\n<div id=\"ShortCode_Div\">\n\n\t\t\t\t<div id=\"map_ol3js_1\" class=\"map undefined\" data-map_name=\"undefined\" data-map=\"map_ol3js_1\" style=\"width:100%; max-width:100%; height:450px; display:block; overflow:hidden;border:2px solid grey;\" >\n\t\t\t\t  <div id=\"map_ol3js_1_popup\" class=\"ol-popup\" >\n\t\t\t\t\t<a href=\"#\" id=\"map_ol3js_1_popup-closer\" class=\"ol-popup-closer\"><\/a>\n\t\t\t\t\t<div id=\"map_ol3js_1_popup-content\" ><\/div>\n\t\t\t\t  <\/div>\n\t\t\t\t<\/div>\n\t\t\t\n\t\t\t\t<link rel=\"stylesheet\" href=\"https:\/\/a-holstein.de\/wp-content\/plugins\/osm\/js\/OL\/7.1.0\/ol.css?ver=7.1.0\" type=\"text\/css\">\n\t\t\t\t<link rel=\"stylesheet\" href=\"https:\/\/a-holstein.de\/wp-content\/plugins\/osm\/css\/osm_map_v3.css?ver=1.0.0\" type=\"text\/css\">\n\t\t\t\t<link rel=\"stylesheet\" href=\"https:\/\/a-holstein.de\/wp-content\/plugins\/osm\/css\/osm_map.css?ver=1.0.0\" type=\"text\/css\">\n\t\t\t\t<!-- The line below is only needed for old environments like Internet Explorer and Android 4.x -->\n                                <script src=\"https:\/\/a-holstein.de\/wp-content\/plugins\/osm\/js\/polyfill\/v2\/polyfill.min.js?features=requestAnimationFrame,Element.prototype.classList,URL\"><\/script>\n\n\t\t\t\t<script src=\"https:\/\/a-holstein.de\/wp-content\/plugins\/osm\/js\/OL\/7.1.0\/ol.js?ver=7.1.0\" type=\"text\/javascript\"><\/script>\n\t\t\t\t<script src=\"https:\/\/a-holstein.de\/wp-content\/plugins\/osm\/js\/osm-v3-plugin-lib.js?ver=1.0.0\" type=\"text\/javascript\"><\/script>\n\t\t\t\t<script src=\"https:\/\/a-holstein.de\/wp-content\/plugins\/osm\/js\/osm-metabox-events.js?ver=1.0.0\" type=\"text\/javascript\"><\/script>\n\t\t\t\t<script src=\"https:\/\/a-holstein.de\/wp-content\/plugins\/osm\/js\/osm-startup-lib.js\" type=\"text\/javascript\"><\/script>\n\t\t\t\t<script type=\"text\/javascript\">\n\t\t\t\t\ttranslations['openlayer'] = \"open layer\";\n\t\t\t\t\ttranslations['openlayerAtStartup'] = \"open layer at startup\";\n\t\t\t\t\ttranslations['generateLink'] = \"link to this map with opened layers\";\n\t\t\t\t\ttranslations['shortDescription'] = \"short description\";\n\t\t\t\t\ttranslations['generatedShortCode'] = \"to get a text control link paste this code in your wordpress editor\";\n\t\t\t\t\ttranslations['closeLayer'] = \"close layer\";\n\t\t\t\t\ttranslations['cantGenerateLink'] = \"put this string in the existing map short code to control this map\";\n\t\t\t  <\/script>\n\n\n\t\t\t  <script type=\"text\/javascript\">\n\t\t\t  vectorM['map_ol3js_1'] = [];\n\t        \n        var raster = getTileLayer(\"osm\",\"NoKey\");\t\t\t\n\n\t\t\t  var map_ol3js_1 = new ol.Map({\n\t\t\t\tinteractions: ol.interaction.defaults.defaults({mouseWheelZoom:false}),\n\t\t\t\tlayers: [raster],\n\t\t\t\ttarget: \"map_ol3js_1\",\n\t\t\t\tview: new ol.View({\n\t\t\t\t  center: ol.proj.transform([9.3903,47.7212], \"EPSG:4326\", \"EPSG:3857\"),\n\t\t\t\t  zoom: 17\n\t\t\t\t})\n\t\t\t  });\n\t\t\t  addControls2Map(map_ol3js_1,1,0,3,1,5,6,7,1,1);\nosm_addPopupClickhandler(map_ol3js_1,  \"map_ol3js_1\"); \nosm_addMouseHover(map_ol3js_1); <\/script><\/div>\n<\/div>\n<\/div>\n<\/div>\n<\/div><\/div><\/div><\/div><div  class=\"be-row be-wrap clearfix \"><div  class=\"one-half column-block  no-background    \" data-animation=\"\" style=\"  \"><div class=\"be-custom-column-inner\"><h6 style=\"text-align: left;\">Address:<\/h6>\n<p>Am Stadtgraben 15<br \/>\n88677 Markdorf<\/p>\n<h6 style=\"text-align: left;\">Phone:<\/h6>\n<p style=\"text-align: left;\"><span class=\"content\">+49 (0)7544 9528-0 <\/span><\/p>\n<h6 style=\"text-align: left;\">Fax:<\/h6>\n<p style=\"text-align: left;\"><span class=\"content\">+49 (0)7544 9528-20 <\/span><\/p>\n<h6 style=\"text-align: left;\">E-Mail:<\/h6>\n<p style=\"text-align: left;\"><span class=\"content\"><a href=\"mailto:info@a-holstein.de\">info@a-holstein.de<\/a><\/span><\/p>\n<\/div><\/div><div  class=\"one-half column-block  no-background    \" data-animation=\"\" style=\"  \"><div class=\"be-custom-column-inner\"><div role=\"form\" class=\"wpcf7\" id=\"wpcf7-f4567-o1\" lang=\"de-DE\" dir=\"ltr\">\n<div class=\"screen-reader-response\"><p role=\"status\" aria-live=\"polite\" aria-atomic=\"true\"><\/p> <ul><\/ul><\/div>\n<form action=\"\/en\/wp-json\/wp\/v2\/pages\/4689#wpcf7-f4567-o1\" method=\"post\" class=\"wpcf7-form init\" novalidate=\"novalidate\" data-status=\"init\">\n<div style=\"display: none;\">\n<input type=\"hidden\" name=\"_wpcf7\" value=\"4567\" \/>\n<input type=\"hidden\" name=\"_wpcf7_version\" value=\"5.4\" \/>\n<input type=\"hidden\" name=\"_wpcf7_locale\" value=\"de_DE\" \/>\n<input type=\"hidden\" name=\"_wpcf7_unit_tag\" value=\"wpcf7-f4567-o1\" \/>\n<input type=\"hidden\" name=\"_wpcf7_container_post\" value=\"0\" \/>\n<input type=\"hidden\" name=\"_wpcf7_posted_data_hash\" value=\"\" \/>\n<\/div>\n<p><span class=\"wpcf7-form-control-wrap Name\"><input type=\"text\" name=\"Name\" value=\"\" size=\"40\" class=\"wpcf7-form-control wpcf7-text wpcf7-validates-as-required\" aria-required=\"true\" aria-invalid=\"false\" placeholder=\"Name, Vorname*\" \/><\/span><br \/>\n<span class=\"wpcf7-form-control-wrap Firma\"><input type=\"text\" name=\"Firma\" value=\"\" size=\"40\" class=\"wpcf7-form-control wpcf7-text\" aria-invalid=\"false\" placeholder=\"Firma\" \/><\/span><br \/>\n<span class=\"wpcf7-form-control-wrap Ort\"><input type=\"text\" name=\"Ort\" value=\"\" size=\"40\" class=\"wpcf7-form-control wpcf7-text wpcf7-validates-as-required\" aria-required=\"true\" aria-invalid=\"false\" placeholder=\"PLZ, Ort*\" \/><\/span><\/p>\n<p><span class=\"wpcf7-form-control-wrap Tel\"><input type=\"tel\" name=\"Tel\" value=\"\" size=\"40\" class=\"wpcf7-form-control wpcf7-text wpcf7-tel wpcf7-validates-as-required wpcf7-validates-as-tel\" aria-required=\"true\" aria-invalid=\"false\" placeholder=\"Telefon*\" \/><\/span><br \/>\n<span class=\"wpcf7-form-control-wrap email-385\"><input type=\"email\" name=\"email-385\" value=\"\" size=\"40\" class=\"wpcf7-form-control wpcf7-text wpcf7-email wpcf7-validates-as-required wpcf7-validates-as-email\" aria-required=\"true\" aria-invalid=\"false\" placeholder=\"E-Mail*\" \/><\/span><\/p>\n<p><span class=\"wpcf7-form-control-wrap your-message\"><textarea name=\"your-message\" cols=\"40\" rows=\"10\" class=\"wpcf7-form-control wpcf7-textarea\" aria-invalid=\"false\" placeholder=\"Ihre Nachricht\"><\/textarea><\/span><\/p>\n<p><span class=\"wpcf7-form-control-wrap acceptance-660\"><span class=\"wpcf7-form-control wpcf7-acceptance\"><span class=\"wpcf7-list-item\"><label><input type=\"checkbox\" name=\"acceptance-660\" value=\"1\" aria-invalid=\"false\" \/><span class=\"wpcf7-list-item-label\">Zustimmung: Ich stimme zu, dass meine Angaben aus dem Kontaktformular zur Beantwortung meiner Anfrage erhoben und verarbeitet werden. Die Daten werden nach abgeschlossener Bearbeitung Ihrer Anfrage gel\u00f6scht. Hinweis: Sie k\u00f6nnen Ihre Einwilligung jederzeit f\u00fcr die Zukunft per E-Mail an info@a-holstein.de widerrufen. Detaillierte Informationen zum Umgang mit Nutzerdaten finden Sie in unserer Datenschutzerkl\u00e4rung.<\/span><\/label><\/span><\/span><\/span><\/p>\n<p><span class=\"wpcf7-form-control-wrap kc_captcha\" data-name=\"kc_captcha\"><span class=\"wpcf7-form-control wpcf7-radio\"> \n    <span class=\"captcha-image\" >\n        <span class=\"cf7ic_instructions\">Please prove you are human by selecting the <span> Car<\/span>.<\/span><label><input type=\"radio\" name=\"kc_captcha\" value=\"bot\" \/><svg width=\"50\" height=\"50\" aria-hidden=\"true\" role=\"img\" xmlns=\"http:\/\/www.w3.org\/2000\/svg\" viewBox=\"0 0 576 512\"><path fill=\"currentColor\" d=\"M259 18l-65 132-146 22c-26 3-37 36-18 54l106 103-25 146c-5 26 23 46 46 33l131-68 131 68c23 13 51-7 46-33l-25-146 106-103c19-18 8-51-18-54l-146-22-65-132a32 32 0 00-58 0z\"\/><\/svg><\/label><label><input type=\"radio\" name=\"kc_captcha\" value=\"kc_human\" \/><svg width=\"50\" height=\"50\" aria-hidden=\"true\" role=\"img\" xmlns=\"http:\/\/www.w3.org\/2000\/svg\" viewBox=\"0 0 512 512\"><path fill=\"currentColor\" d=\"M500 168h-55l-8-21a127 127 0 00-120-83H195a127 127 0 00-120 83l-8 21H12c-8 0-14 8-11 16l8 24a12 12 0 0011 8h29a64 64 0 00-33 56v48c0 16 6 31 16 42v62c0 13 11 24 24 24h48c13 0 24-11 24-24v-40h256v40c0 13 11 24 24 24h48c13 0 24-11 24-24v-62c10-11 16-26 16-42v-48c0-24-13-45-33-56h29a12 12 0 0011-8l8-24c3-8-3-16-11-16zm-365 2c9-25 33-42 60-42h122c27 0 51 17 60 42l15 38H120l15-38zM88 328a32 32 0 010-64c18 0 48 30 48 48s-30 16-48 16zm336 0c-18 0-48 2-48-16s30-48 48-48 32 14 32 32-14 32-32 32z\"\/><\/svg><\/label><label><input type=\"radio\" name=\"kc_captcha\" value=\"bot\" \/><svg width=\"50\" height=\"50\" aria-hidden=\"true\" role=\"img\" xmlns=\"http:\/\/www.w3.org\/2000\/svg\" viewBox=\"0 0 512 512\"><path fill=\"currentColor\" d=\"M512 176a176 176 0 01-209 173l-24 27a24 24 0 01-18 8h-37v40c0 13-11 24-24 24h-40v40c0 13-11 24-24 24H24c-13 0-24-11-24-24v-78c0-6 3-13 7-17l162-162a176 176 0 11343-55zm-176-48a48 48 0 1096 0 48 48 0 00-96 0z\"\/><\/svg><\/label>\n    <\/span>\n    <span style=\"display:none\">\n        <input type=\"text\" name=\"kc_honeypot\">\n    <\/span><\/span><\/span><\/p>\n<p><input type=\"submit\" value=\"Nachricht senden\" class=\"wpcf7-form-control wpcf7-submit\" \/><\/p>\n<p>Hinweis: Die mit * gekennzeichneten Felder sind Pflichtfleder<\/p>\n<div class=\"wpcf7-response-output\" aria-hidden=\"true\"><\/div><\/form><\/div><\/div><\/div><\/div><\/div><\/div>","protected":false},"excerpt":{"rendered":"<p>We are there for you! Your path to us. Address: Am Stadtgraben 15 88677 Markdorf Phone: +49 (0)7544 9528-0 Fax: +49 (0)7544 9528-20 E-Mail: info@a-holstein.de Zustimmung: Ich stimme zu, dass [&hellip;]<\/p>\n<p><a href=\"https:\/\/a-holstein.de\/en\/contact\/\" class=\"more-link style2-button\">Read More<\/a><\/p>","protected":false},"author":1,"featured_media":0,"parent":0,"menu_order":0,"comment_status":"open","ping_status":"closed","template":"","meta":[],"_links":{"self":[{"href":"https:\/\/a-holstein.de\/en\/wp-json\/wp\/v2\/pages\/4689"}],"collection":[{"href":"https:\/\/a-holstein.de\/en\/wp-json\/wp\/v2\/pages"}],"about":[{"href":"https:\/\/a-holstein.de\/en\/wp-json\/wp\/v2\/types\/page"}],"author":[{"embeddable":true,"href":"https:\/\/a-holstein.de\/en\/wp-json\/wp\/v2\/users\/1"}],"replies":[{"embeddable":true,"href":"https:\/\/a-holstein.de\/en\/wp-json\/wp\/v2\/comments?post=4689"}],"version-history":[{"count":1,"href":"https:\/\/a-holstein.de\/en\/wp-json\/wp\/v2\/pages\/4689\/revisions"}],"predecessor-version":[{"id":4690,"href":"https:\/\/a-holstein.de\/en\/wp-json\/wp\/v2\/pages\/4689\/revisions\/4690"}],"wp:attachment":[{"href":"https:\/\/a-holstein.de\/en\/wp-json\/wp\/v2\/media?parent=4689"}],"curies":[{"name":"wp","href":"https:\/\/api.w.org\/{rel}","templated":true}]}}