{"id":4730,"date":"2014-10-30T04:31:51","date_gmt":"2014-10-30T03:31:51","guid":{"rendered":"https:\/\/a-holstein.de\/ueber-uns\/"},"modified":"2024-08-12T13:19:50","modified_gmt":"2024-08-12T11:19:50","slug":"a-propos-de-nous","status":"publish","type":"page","link":"https:\/\/a-holstein.de\/fr\/a-propos-de-nous\/","title":{"rendered":"\u00c0 propos de nous"},"content":{"rendered":"<div class=\"be-section   be-bg-cover be-bg-parallax    hide-mobile clearfix\" data-headerscheme=\"background--light\" style=\" background: url(https:\/\/a-holstein.de\/wp-content\/uploads\/2018\/02\/ueberuns-2a.jpg) no-repeat scroll center center;\"  ><div class=\"be-section-pad clearfix \" style=\" padding-top:200px;padding-bottom:200px;\" data-padding-top = \"200\"><div  class=\"be-row be-wrap clearfix \"><div  class=\"one-col column-block clearfix  no-background    \" data-animation=\"\" style=\"  \"><div class=\"be-custom-column-inner\"><\/div><\/div><\/div><\/div><\/div><div class=\"be-section         clearfix\" data-headerscheme=\"background--light\" style=\" \"  ><div class=\"be-section-pad clearfix \" style=\" padding-top:90px;padding-bottom:90px;\" data-padding-top = \"90\"><div  class=\"be-row be-wrap clearfix \"><div  class=\"one-col column-block clearfix  no-background    \" data-animation=\"\" style=\"  \"><div class=\"be-custom-column-inner\"><h2>arnold holstein. Une entreprise familiale.<\/h2>\n<p class=\"p1\"><span class=\"s1\"><b>Une entreprise familiale au d\u00e9veloppement naturel.<\/b><\/span><\/p>\n<p class=\"p1\"><span class=\"s1\"><img class=\"alignright wp-image-4470 size-medium\" src=\"https:\/\/a-holstein.de\/wp-content\/uploads\/2018\/04\/Holstein-Firmengebaeude-300x200.jpg\" alt=\"\" width=\"300\" height=\"200\"><\/span><\/p>\n<p class=\"p1\"><span class=\"s1\">La localisation de notre site de Markdorf au Lac de Constance n\u2019est pas un hasard. Dans la r\u00e9gion du Lac de Constance, l\u2019une des principales r\u00e9gions productrices de fruits d\u2019Allemagne, la distillation a tr\u00e8s t\u00f4t \u00e9t\u00e9 envisag\u00e9e comme une m\u00e9thode de transformation des fruits. En 1958, Arnold Holstein senior a ainsi cr\u00e9\u00e9 une chaudronnerie et a approvisionn\u00e9 dans un premier temps les producteurs de fruits du secteur, puis ceux de la For\u00eat-Noire et des r\u00e9gions voisines de la Suisse et d\u2019Autriche. L\u2019exploitation n\u2019a cess\u00e9 de cro\u00eetre ; aujourd&rsquo;hui, la quatri\u00e8me g\u00e9n\u00e9ration est \u00e0 la t\u00eate de l\u2019entreprise de taille moyenne et fournit des technologies de distillerie \u00e0 la pointe de la modernit\u00e9 dans le monde entier. <\/span><\/p>\n<p class=\"p1\"><span class=\"s1\">&nbsp;<\/span><\/p>\n<p>&nbsp;<\/p>\n<p class=\"p1\"><span class=\"s1\"><b>Craft Spirit<\/b><\/span><span class=\"s1\"><b>.<\/b><\/span><\/p>\n<p class=\"p1\"><span class=\"s1\">L\u2019efficacit\u00e9, la fiabilit\u00e9 et la durabilit\u00e9 de nos syst\u00e8mes sont le r\u00e9sultat d&rsquo;une qualit\u00e9 artisanale sans compromis \u2013 L\u2019artisanat pour l\u2019esprit de l\u2019artisanat. Cette derni\u00e8re est une v\u00e9ritable tradition et repose sur d\u2019excellentes raisons&nbsp;: Notre production est r\u00e9alis\u00e9e en int\u00e9gralit\u00e9 en Allemagne \u2013 \u00e0 Markdorf et Eriskirch au Lac de Constance. Nous, ce sont les m\u00e9caniciens, les chaudronniers, les constructeurs et les ing\u00e9nieurs. Les autres \u00e9l\u00e9ments qui garantissent la qualit\u00e9 constante de nos produits sont la formation engag\u00e9e en interne, une certification annuelle de soudeur pour les m\u00e9caniciens dans le cadre de la <a href=\"http:\/\/holstein.bit-graphic.de\/ueber-uns\/#zertifizierung\"><span class=\"s2\">certification<\/span><\/a> et du contr\u00f4le par l\u2019institut T\u00dcV.<\/span><\/p>\n<\/div><\/div><\/div><div  class=\"be-row be-wrap clearfix \"><div  class=\"two-third column-block  no-background    \" data-animation=\"\" style=\"  \"><div class=\"be-custom-column-inner\"><p class=\"p1\"><span class=\"s1\">En tant que fabricant leader des syst\u00e8mes de distillation, nous proposons des mod\u00e8les sp\u00e9ciaux pour les petites distilleries et les distilleries agricoles pour des volumes compris entre 20 et 300&nbsp;Litres. Pour les distilleries coop\u00e9ratives et les distilleries sous contr\u00f4le ainsi que la production d\u2019alcool industrielle, la contenance est comprise entre 150&nbsp;et&nbsp;10&nbsp;000&nbsp;Litres.<\/span><\/p>\n<p class=\"p1\"><span class=\"s1\">Notre gamme de production comporte \u00e9galement des \u00e9quipements de distillation et de d\u00e9m\u00e9thanolisation \u00e0 fonctionnement continu. Le montage, la mise en service et l\u2019entretien sont effectu\u00e9s directement chez vous sur place \u2013 dans le monde entier. Nous livrons des syst\u00e8mes de distillation adapt\u00e9s pour produire les distillats de fruits de qualit\u00e9 les plus fins comme l\u2019eau-de-vie de poires Williams, le kirsch, l\u2019eau-de-vie de mirabelles, l\u2019eau-de-vie de quetsches, l&rsquo;alcool de framboises et le calvados. De m\u00eame pour la production de whisky, de vodka, de rhum, de cognac, d\u2019armagnac, de grappa, d\u2019arrak, de gin, de tequila, d\u2019ouzo, de raki et d&rsquo;aquavit.<\/span><\/p>\n<p class=\"p1\"><span class=\"s1\">Nous proposons d\u2019autres produits comme les machines de transformation des fruits. Cela inclut les tamis automatiques, les convoyeurs ou les m\u00e9langeurs. Pour compl\u00e9ter la gamme, nous proposons tous les agents auxiliaires et appareils pour la pr\u00e9paration du mo\u00fbt.<\/span><\/p>\n<\/div><\/div><div  class=\"one-third column-block  no-background    \" data-animation=\"\" style=\"  \"><div class=\"be-custom-column-inner\"><p><a href=\"https:\/\/a-holstein.de\/wp-content\/uploads\/2018\/02\/Detail-Holstein-1.jpg\" target=\"_blank\" rel=\"noopener\"><img class=\"alignright wp-image-4296\" src=\"https:\/\/a-holstein.de\/wp-content\/uploads\/2018\/02\/Detail-Holstein-1.jpg\" alt=\"\" width=\"382\" height=\"450\"><\/a><\/p>\n<\/div><\/div><\/div><\/div><\/div><div class=\"be-section         clearfix\" data-headerscheme=\"background--dark\" style=\" \"  ><div class=\"be-section-pad clearfix \" style=\" padding-top:90px;padding-bottom:90px;\" data-padding-top = \"90\"><div  class=\"be-row be-wrap clearfix \"><div  class=\"one-col column-block clearfix  no-background    \" data-animation=\"\" style=\"  \"><div class=\"be-custom-column-inner\"><h3>Nos prestations.<\/h3>\n<h3 style=\"text-align: left;\"><span style=\"font-size: 14pt;\"><span class=\"s1\">Les meilleurs ingr\u00e9dients pour des syst\u00e8mes de valeur<\/span><br \/>\n<\/span><\/h3>\n<p class=\"p1\"><span class=\"s1\">Des conseils complets, une qualit\u00e9 artisanale sans compromis et une technologie innovante, ce sont les ingr\u00e9dients de l\u2019efficacit\u00e9, de la fiabilit\u00e9 et de la durabilit\u00e9 des \u00e9quipements Holstein et du succ\u00e8s des distillats de qualit\u00e9. En outre notre service veille \u00e0 ce que tout fonctionne parfaitement d\u00e8s le premier jour. Chez vous sur place, dans le monde entier. Et en tant qu\u2019entreprise familiale, nous vous offrons la s\u00e9curit\u00e9 en termes de disponibilit\u00e9 des pi\u00e8ces de rechange et de compl\u00e9ment \u00e0 l\u2019avenir. Pour finir, nos alambics sont de v\u00e9ritables \u00e9quipements de grande valeur. <\/span><\/p>\n<\/div><\/div><\/div><div  class=\"be-row be-wrap clearfix \"><div  class=\"one-third column-block  no-background    \" data-animation=\"\" style=\"  \"><div class=\"be-custom-column-inner\"><div class=\"linebreak \" style=\"height:30px;\"><\/div><i class=\"icon-pencil title-icon plain medium  be-animate align-left\" style=\"color:#e0a240;border-color: #000000\" data-animation=\"fadeInLeft\"><\/i><div class=\"title-with-icon  be-animate medium plain align-left\" data-animation=\"fadeInLeft\"><h6 class=\"p1\"><span class=\"s1\">CONSTRUCTION D\u2019INSTALLATIONS<\/span><\/h6>\n<p class=\"p1\"><span class=\"s1\">Chaque installation est adapt\u00e9e aux besoins individuels et aux sp\u00e9cifications de nos clients. Nous rendons cela possible.<\/span><\/p>\n<\/div><i class=\"icon-tools-2 title-icon plain medium  be-animate align-left\" style=\"color:#e0a240;border-color: #000000\" data-animation=\"fadeInLeft\"><\/i><div class=\"title-with-icon  be-animate medium plain align-left\" data-animation=\"fadeInLeft\"><h6> ENTRETIEN <\/h6>\n<p>Nous recommandons \u00e0 nos clients d\u2019entretenir r\u00e9guli\u00e8rement leurs syst\u00e8mes de distillation. De cette fa\u00e7on, la qualit\u00e9 des produits est pr\u00e9serv\u00e9e.<\/p>\n<\/div><i class=\"icon-directions title-icon plain medium  be-animate align-left\" style=\"color:#e0a240;border-color: #000000\" data-animation=\"fadeInLeft\"><\/i><div class=\"title-with-icon  be-animate medium plain align-left\" data-animation=\"fadeInLeft\"><h6>TRANSFORMATION DES FRUITS<\/h6>\n<p>En plus des syst\u00e8mes de distillation, Arnold Holstein dispose d&rsquo;une vaste gamme de produits dans le secteur de la transformation des fruits.<\/p>\n<\/div><\/div><\/div><div  class=\"one-third column-block  no-background    \" data-animation=\"\" style=\"  \"><div class=\"be-custom-column-inner\"><div class=\"be-text-block be-animate \" data-animation=\"fadeInUp\"><p>&nbsp;<\/p>\n<p><img class=\"aligncenter wp-image-3958 size-full\" src=\"https:\/\/a-holstein.de\/wp-content\/uploads\/2014\/10\/Start-Arnold_13.jpg\" alt=\"\" height=\"841\" width=\"600\"><\/p>\n<p>&nbsp;<\/p>\n<\/div><\/div><\/div><div  class=\"one-third column-block  no-background    \" data-animation=\"\" style=\"  \"><div class=\"be-custom-column-inner\"><div class=\"linebreak \" style=\"height:30px;\"><\/div><i class=\"icon-icon_globe title-icon plain medium  be-animate align-left\" style=\"color:#e0a240;border-color: #000000\" data-animation=\"fadeInRight\"><\/i><div class=\"title-with-icon  be-animate medium plain align-left\" data-animation=\"fadeInRight\"><h6>INTERNATIONAL<\/h6>\n<p class=\"p1\"><span class=\"s1\">Les syst\u00e8mes de distillation de l\u2019entreprise Arnold Holstein sont d\u00e9sormais pr\u00e9sents dans le monde entier.<\/span><\/p>\n<\/div><i class=\"icon-phone title-icon plain medium  be-animate align-left\" style=\"color:#e0a240;border-color: #000000\" data-animation=\"fadeInRight\"><\/i><div class=\"title-with-icon  be-animate medium plain align-left\" data-animation=\"fadeInRight\"><h6>SUPPORT<\/h6>\n<p class=\"p1\"><span class=\"s1\">Nous sommes \u00e0 la disposition de nos clients vingt-quatre heures sur vingt-quatre. Notre service d\u2019assistance travaille rapidement et est orient\u00e9 vers les solutions.<\/span><\/p>\n<\/div><i class=\"icon-basket title-icon plain medium  be-animate align-left\" style=\"color:#e0a240;border-color: #000000\" data-animation=\"fadeInRight\"><\/i><div class=\"title-with-icon  be-animate medium plain align-left\" data-animation=\"fadeInRight\"><h6>ACCESSOIRES<\/h6>\n<p class=\"p1\"><span class=\"s1\">Les syst\u00e8mes de distillation Holstein peuvent \u00eatre compl\u00e9t\u00e9s avec nos accessoires en fonction des besoins sp\u00e9cifiques. Contactez-nous, nous sommes \u00e0 votre disposition pour vous aider.<\/span><\/p>\n<\/div><\/div><\/div><\/div><\/div><\/div><div class=\"be-section         clearfix\" data-headerscheme=\"background--light\" style=\" \"  ><div class=\"be-section-pad clearfix \" style=\" padding-top:90px;padding-bottom:0px;\" data-padding-top = \"90\"><div  class=\"be-row be-wrap clearfix \"><div  class=\"one-col column-block clearfix  no-background    \" data-animation=\"\" style=\"  \"><div class=\"be-custom-column-inner\"><h3 id=\"Construction\" style=\"text-align: left;\">Construction d\u2019installations<\/h3>\n<p class=\"p1\" style=\"text-align: left;\"><span class=\"s1\">De bons conseils pour votre syst\u00e8me Holstein<\/span><\/p>\n<\/div><\/div><\/div><\/div><\/div><div class=\"be-section         clearfix\" data-headerscheme=\"background--light\" style=\" \"  ><div class=\"be-section-pad clearfix \" style=\" padding-top:5px;padding-bottom:40px;\" data-padding-top = \"5\"><div  class=\"be-row be-wrap clearfix \"><div  class=\"two-third column-block  no-background    \" data-animation=\"\" style=\"  \"><div class=\"be-custom-column-inner\"><p class=\"p1\"><span class=\"s1\">Nous ne fournissons pas des syst\u00e8mes produits en s\u00e9rie, mais une installation optimis\u00e9e en fonction de vos besoins. Par cons\u00e9quent, des conseils complets constituent la base de nos services, c\u2019est pourquoi la planification de votre installation est adapt\u00e9e en fonction des conditions individuelles et des t\u00e2ches de distillation sp\u00e9cifiques. Nos connaissances acquises au fil de notre exp\u00e9rience de longue date, ainsi que nos comp\u00e9tences en termes de production et le d\u00e9veloppement permanent de nos techniques sont pr\u00e9cieux dans ces circonstances.&nbsp;<\/span><\/p>\n<p class=\"p1\"><span class=\"s1\">En plus des \u00e9quipements sp\u00e9ciaux, con\u00e7us et r\u00e9alis\u00e9s de fa\u00e7on enti\u00e8rement personnalis\u00e9e, notre syst\u00e8me modulaire offre une grande flexibilit\u00e9. Il est ainsi possible de combiner des composants \u00e9prouv\u00e9s pour des installations sp\u00e9cifiques au client avec un bon rapport co\u00fbt\/efficacit\u00e9.<\/span><\/p>\n<p class=\"p1\"><span class=\"s1\"><b>Des distillats de pointe riches en ar\u00f4mes avec Holstein<\/b><\/span><\/p>\n<p><img class=\"alignleft size-medium wp-image-3712\" src=\"https:\/\/a-holstein.de\/wp-content\/uploads\/2016\/11\/Planung-300x225.png\" alt=\"planung\" width=\"300\" height=\"225\"><\/p>\n<p class=\"p1\"><span class=\"s1\">Le go\u00fbt et les ar\u00f4mes, c\u2019est aussi une question de technique ! Un grand nombre de nos clients sont r\u00e9compens\u00e9s par des places en t\u00eate de classements de produits de distillation \u00e0 l&rsquo;\u00e9chelle nationale et internationale pour le whisky, le rhum, le gin et les distillats de haute qualit\u00e9. Des s\u00e9ries d\u2019essais scientifiques, r\u00e9alis\u00e9es par exemple par les Universit\u00e9s d\u2019Hohenheim ou de Weihenstephan, ont d\u00e9montr\u00e9 de fa\u00e7on impressionnante que les \u00e9quipements Holstein permettent d&rsquo;obtenir des r\u00e9sultats de distillation exceptionnels. Les techniques de transformation ultra modernes et innovantes jouent un r\u00f4le d\u00e9cisif. Nos techniques d&rsquo;automatisation, de nettoyage et de catalyse avanc\u00e9es assurent une manipulation tr\u00e8s facile avec des r\u00e9sultats optimaux.<\/span><\/p>\n<p class=\"p1\"><span class=\"s1\">L&rsquo;innovation dans les moindres d\u00e9tails \u2013 la structure \u00e9labor\u00e9e des colonnes associ\u00e9e \u00e0 des m\u00e9thodes de nettoyage efficaces pour une propret\u00e9 \u00e0 toutes \u00e9preuves des surfaces de cuivre, ainsi que notre technique de catalyse unique et brevet\u00e9e, assurent l\u2019obtention de distillats de pointe riches en ar\u00f4mes.<\/span><\/p>\n<p class=\"p1\"><span class=\"s1\"><b>Les \u00e9quipements de distillerie d\u2019Holstein, synonymes d\u2019innovation et de qualit\u00e9 dans le monde entier.<\/b><\/span><\/p>\n<p class=\"p1\"><span class=\"s1\">Venez constater par vous-m\u00eame, nous serons ravis de vous accueillir!<\/span><\/p>\n<\/div><\/div><div  class=\"one-third column-block  no-background    \" data-animation=\"\" style=\"  \"><div class=\"be-custom-column-inner\"><p><img class=\"alignnone wp-image-3893\" src=\"https:\/\/a-holstein.de\/wp-content\/uploads\/2014\/10\/hammerschlag1-150x150.jpg\" alt=\"\" width=\"300\" height=\"300\"><\/p>\n<p><img class=\"alignnone wp-image-3894\" src=\"https:\/\/a-holstein.de\/wp-content\/uploads\/2014\/10\/hammerschlag2-150x150.jpg\" alt=\"\" width=\"300\" height=\"300\"><\/p>\n<\/div><\/div><\/div><\/div><\/div><div class=\"be-section         clearfix\" data-headerscheme=\"background--light\" style=\" \"  ><div class=\"be-section-pad clearfix \" style=\" padding-top:0px;padding-bottom:0px;\" data-padding-top = \"0\"><div  class=\"be-row be-wrap clearfix \"><div  class=\"one-col column-block clearfix  no-background    \" data-animation=\"\" style=\"  \"><div class=\"be-custom-column-inner\"><hr class=\"separator\" style=\"background-color:#e0a240;color:#e0a240;height:1px;width:100%;\" \/><\/div><\/div><\/div><\/div><\/div><div class=\"be-section         clearfix\" data-headerscheme=\"background--dark\" style=\" \"  ><div class=\"be-section-pad clearfix \" style=\" padding-top:90px;padding-bottom:90px;\" data-padding-top = \"90\"><div  class=\"be-row be-wrap clearfix \"><div  class=\"one-col column-block clearfix  no-background    \" data-animation=\"\" style=\"  \"><div class=\"be-custom-column-inner\"><h3 id=\"Certification\" style=\"text-align: left;\"><span class=\"s1\">Certification selon la directive europ\u00e9enne relative aux \u00e9quipements sous pression<\/span><\/h3>\n<p class=\"p1\" style=\"text-align: left;\"><span class=\"s1\"> Pour tous les appareils de distillation chauff\u00e9s au bain-marie et \u00e0 la vapeur jusqu\u2019\u00e0 une capacit\u00e9 de 6&nbsp;000&nbsp;L<\/span><\/p>\n<p><span class=\"content\"><img class=\"size-medium wp-image-3744 alignright\" src=\"https:\/\/a-holstein.de\/wp-content\/uploads\/2017\/01\/52e1f05025-216x300.jpg\" alt=\"\" width=\"216\" height=\"300\"><\/span><span class=\"content\"><img class=\"alignright wp-image-3745 size-medium\" src=\"https:\/\/a-holstein.de\/wp-content\/uploads\/2017\/01\/e9a75cf56f-218x300.jpg\" width=\"218\" height=\"300\"><\/span><\/p>\n<p class=\"p1\"><span class=\"s1\">Tous les alambics fonctionnant avec une pression positive de 1&nbsp;bar sont con\u00e7us selon la directive europ\u00e9enne relative aux \u00e9quipements sous pression 97\/23\/CE et disposent d&rsquo;un marquage CE. Sans ce marquage, la pression de service max. autoris\u00e9e est de 0,5&nbsp;bars.<\/span><\/p>\n<p class=\"p1\"><span class=\"s1\">Dans ce contexte, nous avons demand\u00e9 une certification par l\u2019institut T\u00dcV, c\u2019est-\u00e0-dire qu\u2019un contr\u00f4le d\u2019examen de type CE a \u00e9t\u00e9 effectu\u00e9 pour tous les types d\u2019alambics de la gamme de l\u2019entreprise Arnold Holstein GmbH. Le contr\u00f4le d\u2019examen de type consiste \u00e0 v\u00e9rifier que tous les alambics fabriqu\u00e9s remplissent les exigences de cette directive.<\/span><\/p>\n<p class=\"p1\"><span class=\"s1\">Tous les mat\u00e9riaux mont\u00e9s sur les \u00e9quipements et les composants de s\u00e9curit\u00e9 doivent \u00eatre conformes aux directives et disposer d&rsquo;une certification correspondante. Tous les soudeurs qui participent \u00e0 la production des appareils sont dans l\u2019obligation de se soumettre \u00e0 un contr\u00f4le r\u00e9gulier effectu\u00e9 par l\u2019institut de qualit\u00e9 T\u00dcV, ce qui permet de garantir la qualit\u00e9 constante de leur travail.<\/span><\/p>\n<p class=\"p1\"><span class=\"s1\">La certification a \u00e9t\u00e9 obtenue avec succ\u00e8s, ce qui garantit \u00e9galement une production conforme aux derni\u00e8res directives et de tr\u00e8s haut niveau.<\/span><\/p>\n<\/div><\/div><\/div><\/div><\/div><div class=\"be-section         clearfix\" data-headerscheme=\"background--light\" style=\" \"  ><div class=\"be-section-pad clearfix \" style=\" padding-top:0px;padding-bottom:0px;\" data-padding-top = \"0\"><div  class=\"be-row be-wrap clearfix \"><div  class=\"one-col column-block clearfix  no-background    \" data-animation=\"\" style=\"  \"><div class=\"be-custom-column-inner\"><hr class=\"separator\" style=\"background-color:#e0a240;color:#e0a240;height:1px;width:100%;\" \/><\/div><\/div><\/div><\/div><\/div><div class=\"be-section         clearfix\" data-headerscheme=\"background--dark\" style=\" \"  ><div class=\"be-section-pad clearfix \" style=\" padding-top:90px;padding-bottom:90px;\" data-padding-top = \"90\"><div  class=\"be-row be-wrap clearfix \"><div  class=\"one-col column-block clearfix  no-background    \" data-animation=\"\" style=\"  \"><div class=\"be-custom-column-inner\"><h3 id=\"clients\" class=\"p1\" style=\"text-align: left;\"><span class=\"s1\">Des clients prestigieux, des distinctions de haut niveau<\/span><\/h3>\n<p class=\"p1\" style=\"text-align: left;\"><span class=\"s1\"> En plus des distillateurs de la vaste r\u00e9gion du Lac de Constance, de grands fabricants d\u2019eaux-de-vie de grande qualit\u00e9 et des producteurs d\u2019alcool renomm\u00e9s font partie de nos clients. Les places au sommet de classements nationaux et internationaux obtenus ann\u00e9e apr\u00e8s ann\u00e9e par nos clients avec leurs produits certifie brillamment l\u2019excellence de nos installations. <\/span><\/p>\n<\/div><\/div><\/div><div  class=\"be-row be-wrap clearfix \"><div  class=\"one-half column-block  no-background    \" data-animation=\"\" style=\"  \"><div class=\"be-custom-column-inner\"><h3><a href=\"\/kleinbrennereien\/#referenzen\">zu den Referenzen Kleinbrennereien<\/a><\/h3>\n<p><img class=\"alignleft wp-image-3786 size-medium\" src=\"https:\/\/a-holstein.de\/wp-content\/uploads\/2017\/01\/Export_S_seitl_Roehrenb-270x300.png\" alt=\"\" width=\"270\" height=\"300\"><\/p>\n<\/div><\/div><div  class=\"one-half column-block  no-background    \" data-animation=\"\" style=\"  \"><div class=\"be-custom-column-inner\"><h3><a href=\"\/grossbrennereien\/\">zu den Referenzen Gro\u00dfbrennereien<\/a><\/h3>\n<p><img class=\"alignleft wp-image-4377 size-full\" src=\"https:\/\/a-holstein.de\/wp-content\/uploads\/2018\/04\/LW-500.jpg\" alt=\"\" width=\"500\" height=\"297\"><\/p>\n<\/div><\/div><\/div><\/div><\/div><div class=\"be-section         clearfix\" data-headerscheme=\"background--light\" style=\" \"  ><div class=\"be-section-pad clearfix \" style=\" padding-top:0px;padding-bottom:0px;\" data-padding-top = \"0\"><div  class=\"be-row be-wrap clearfix \"><div  class=\"one-col column-block clearfix  no-background    \" data-animation=\"\" style=\"  \"><div class=\"be-custom-column-inner\"><hr class=\"separator\" style=\"background-color:#e0a240;color:#e0a240;height:1px;width:100%;\" \/><\/div><\/div><\/div><\/div><\/div><div class=\"be-section         clearfix\" data-headerscheme=\"background--dark\" style=\" \"  ><div class=\"be-section-pad clearfix \" style=\" padding-top:90px;padding-bottom:90px;\" data-padding-top = \"90\"><div  class=\"be-row be-wrap clearfix \"><div  class=\"one-col column-block clearfix  no-background    \" data-animation=\"\" style=\"  \"><div class=\"be-custom-column-inner\"><h3 id=\"offres-emploi\" class=\"p1\" style=\"text-align: left;\"><span class=\"s1\">Offres d\u2019emploi<\/span><\/h3>\n<p><span style=\"font-size: 14pt;\"><strong>Formation de m\u00e9canicien<\/strong><\/span><\/p>\n<p class=\"p1\"><span class=\"s1\">Vous \u00eates int\u00e9ress\u00e9 par l\u2019ing\u00e9nierie ?<br \/>\nEn tant que m\u00e9canicien, vous rejoindrez notre \u00e9quipe pour fabriquer les composants et tubes d\u2019alambics modernes et vous installerez les \u00e9quipements.<\/span><\/p>\n<p class=\"p1\"><span class=\"s1\">La formation de m\u00e9canicien de l\u2019entreprise Arnold Holstein GmbH est \u00e0 la fois int\u00e9ressante et polyvalente. Les tours, les chanfreins, le per\u00e7age, le fraisage et le soudage du cuivre, de l\u2019acier inoxydable ou d\u2019autres m\u00e9taux : tout cela et bien plus encore fait partie du m\u00e9tier de m\u00e9canicien. Le poste de m\u00e9canicien est mentionn\u00e9 sur le <a href=\"https:\/\/portal.berufe-universum.de\/pdfs\/29047.pdf\"><span class=\"s2\">Portail<\/span><\/a> de l\u2019agence pour l\u2019emploi en tant que profession qualifi\u00e9e reconnue avec une formation en alternance de 3&nbsp;ans et demi.<\/span><\/p>\n<p class=\"p1\"><span class=\"s1\">Vous \u00eates int\u00e9ress\u00e9 ? Nous proposons diff\u00e9rents stages pour vous permettre de vous faire une premi\u00e8re id\u00e9e.<br \/>\nContactez l\u2019entreprise Arnold Holstein GmbH \u00e0 Markdorf<\/span><\/p>\n<p class=\"p1\"><span class=\"s1\">T\u00e9l. :&nbsp;+49 (0)7544 9528-0<br \/>\nE-mail&nbsp;:&nbsp;<a href=\"mailto:info@a-holstein.de\"><span class=\"s2\">&nbsp;info@a-holstein.de<\/span><\/a><\/span><\/p>\n<\/div><\/div><\/div><\/div><\/div>","protected":false},"excerpt":{"rendered":"<p>arnold holstein. Une entreprise familiale. Une entreprise familiale au d\u00e9veloppement naturel. La localisation de notre site de Markdorf au Lac de Constance n\u2019est pas un hasard. Dans la r\u00e9gion du [&hellip;]<\/p>\n<p><a href=\"https:\/\/a-holstein.de\/fr\/a-propos-de-nous\/\" class=\"more-link style2-button\">Read More<\/a><\/p>","protected":false},"author":1,"featured_media":0,"parent":0,"menu_order":0,"comment_status":"open","ping_status":"closed","template":"","meta":[],"_links":{"self":[{"href":"https:\/\/a-holstein.de\/fr\/wp-json\/wp\/v2\/pages\/4730"}],"collection":[{"href":"https:\/\/a-holstein.de\/fr\/wp-json\/wp\/v2\/pages"}],"about":[{"href":"https:\/\/a-holstein.de\/fr\/wp-json\/wp\/v2\/types\/page"}],"author":[{"embeddable":true,"href":"https:\/\/a-holstein.de\/fr\/wp-json\/wp\/v2\/users\/1"}],"replies":[{"embeddable":true,"href":"https:\/\/a-holstein.de\/fr\/wp-json\/wp\/v2\/comments?post=4730"}],"version-history":[{"count":1,"href":"https:\/\/a-holstein.de\/fr\/wp-json\/wp\/v2\/pages\/4730\/revisions"}],"predecessor-version":[{"id":4731,"href":"https:\/\/a-holstein.de\/fr\/wp-json\/wp\/v2\/pages\/4730\/revisions\/4731"}],"wp:attachment":[{"href":"https:\/\/a-holstein.de\/fr\/wp-json\/wp\/v2\/media?parent=4730"}],"curies":[{"name":"wp","href":"https:\/\/api.w.org\/{rel}","templated":true}]}}