{"id":4736,"date":"2017-03-21T16:10:22","date_gmt":"2017-03-21T15:10:22","guid":{"rendered":"https:\/\/a-holstein.de\/anfrageformular\/"},"modified":"2018-06-05T14:47:55","modified_gmt":"2018-06-05T12:47:55","slug":"formulaire-de-demande","status":"publish","type":"page","link":"https:\/\/a-holstein.de\/fr\/alambics\/formulaire-de-demande\/","title":{"rendered":"Formulaire de demande"},"content":{"rendered":"<div class=\"be-section         clearfix\" data-headerscheme=\"background--dark\" style=\" \"  ><div class=\"be-section-pad clearfix \" style=\" padding-top:90px;padding-bottom:90px;\" data-padding-top = \"90\"><div  class=\"be-row be-wrap clearfix \"><div  class=\"one-col column-block clearfix  no-background    \" data-animation=\"\" style=\"  \"><div class=\"be-custom-column-inner\"><div class=\"special-heading-wrap style1 0\" data-animation=\"fadeIn\"><div class=\"special-heading align-center\"><hr class=\"separator margin-bottom \" style=\"background-color:#e8e8e8;border-color:#e8e8e8;color:#e8e8e8;height:2px;width:40px;\" \/><\/div><\/div><p class=\"p1\"><span class=\"s1\">Quel produit doit \u00eatre distill\u00e9 ? Dans quelles quantit\u00e9s ? Produit, quantit\u00e9 et conditions spatiales ne sont que quelques-uns des facteurs \u00e0 prendre en compte dans la conception d&rsquo;une installation. Tout est alors question de planification d\u00e9taill\u00e9e&nbsp;: Conception, alambic ou colonne, forme de casque, mode de chauffage, etc. Selon vos sp\u00e9cifications, nous proposons et r\u00e9alisons une installation parfaitement adapt\u00e9e \u00e0 vos attentes. L\u2019ensemble du processus est pris en compte, de la r\u00e9ception des mati\u00e8res premi\u00e8res au stockage du distillat en passant par la distillation.<\/span><\/p>\n<\/div><\/div><\/div><\/div><\/div><div class=\"be-section         clearfix\" data-headerscheme=\"background--dark\" style=\" \"  ><div class=\"be-section-pad clearfix \" style=\" padding-top:90px;padding-bottom:90px;\" data-padding-top = \"90\"><div  class=\"be-row be-wrap clearfix \"><div  class=\"two-third column-block  no-background    \" data-animation=\"\" style=\"  \"><div class=\"be-custom-column-inner\"><div role=\"form\" class=\"wpcf7\" id=\"wpcf7-f4845-o1\" lang=\"de-DE\" dir=\"ltr\">\n<div class=\"screen-reader-response\"><p role=\"status\" aria-live=\"polite\" aria-atomic=\"true\"><\/p> <ul><\/ul><\/div>\n<form action=\"\/fr\/wp-json\/wp\/v2\/pages\/4736#wpcf7-f4845-o1\" method=\"post\" class=\"wpcf7-form init\" novalidate=\"novalidate\" data-status=\"init\">\n<div style=\"display: none;\">\n<input type=\"hidden\" name=\"_wpcf7\" value=\"4845\" \/>\n<input type=\"hidden\" name=\"_wpcf7_version\" value=\"5.4\" \/>\n<input type=\"hidden\" name=\"_wpcf7_locale\" value=\"de_DE\" \/>\n<input type=\"hidden\" name=\"_wpcf7_unit_tag\" value=\"wpcf7-f4845-o1\" \/>\n<input type=\"hidden\" name=\"_wpcf7_container_post\" value=\"0\" \/>\n<input type=\"hidden\" name=\"_wpcf7_posted_data_hash\" value=\"\" \/>\n<\/div>\n<p>\/\/\/  Informations personnelles  \/\/\/  *Champ obligatoire<br \/>\n<span class=\"wpcf7-form-control-wrap Firma\"><input type=\"text\" name=\"Firma\" value=\"\" size=\"40\" class=\"wpcf7-form-control wpcf7-text\" aria-invalid=\"false\" placeholder=\"Firma\" \/><\/span> <\/p>\n<p><span class=\"wpcf7-form-control-wrap Vorname\"><input type=\"text\" name=\"Vorname\" value=\"\" size=\"40\" class=\"wpcf7-form-control wpcf7-text wpcf7-validates-as-required\" aria-required=\"true\" aria-invalid=\"false\" placeholder=\"Pr\u00e9nom\" \/><\/span> <\/p>\n<p><span class=\"wpcf7-form-control-wrap Name\"><input type=\"text\" name=\"Name\" value=\"\" size=\"40\" class=\"wpcf7-form-control wpcf7-text wpcf7-validates-as-required\" aria-required=\"true\" aria-invalid=\"false\" placeholder=\"Nom*\" \/><\/span> <\/p>\n<p><span class=\"wpcf7-form-control-wrap Anschrift\"><input type=\"text\" name=\"Anschrift\" value=\"\" size=\"40\" class=\"wpcf7-form-control wpcf7-text\" aria-invalid=\"false\" placeholder=\"l&#039;addresse\" \/><\/span> <\/p>\n<p><span class=\"wpcf7-form-control-wrap Ort\"><input type=\"text\" name=\"Ort\" value=\"\" size=\"40\" class=\"wpcf7-form-control wpcf7-text wpcf7-validates-as-required\" aria-required=\"true\" aria-invalid=\"false\" placeholder=\"Cit\u00e9, code postale*\" \/><\/span><\/p>\n<p><span class=\"wpcf7-form-control-wrap Land\"><input type=\"text\" name=\"Land\" value=\"\" size=\"40\" class=\"wpcf7-form-control wpcf7-text wpcf7-validates-as-required\" aria-required=\"true\" aria-invalid=\"false\" placeholder=\"land*\" \/><\/span> <\/p>\n<p><span class=\"wpcf7-form-control-wrap Telefon\"><input type=\"text\" name=\"Telefon\" value=\"\" size=\"40\" class=\"wpcf7-form-control wpcf7-text wpcf7-validates-as-required\" aria-required=\"true\" aria-invalid=\"false\" placeholder=\"t\u00e9l\u00e9phone*\" \/><\/span><\/p>\n<p><span class=\"wpcf7-form-control-wrap E-Mail\"><input type=\"email\" name=\"E-Mail\" value=\"\" size=\"40\" class=\"wpcf7-form-control wpcf7-text wpcf7-email wpcf7-validates-as-required wpcf7-validates-as-email\" aria-required=\"true\" aria-invalid=\"false\" placeholder=\"E-Mail*\" \/><\/span> <\/p>\n<p>\/\/\/  D\u00e9tails concernant votre demande  \/\/\/<\/p>\n<p>Que souhaitez-vous distiller ?<br \/>\n<span class=\"wpcf7-form-control-wrap Was\"><span class=\"wpcf7-form-control wpcf7-checkbox\"><span class=\"wpcf7-list-item first\"><input type=\"checkbox\" name=\"Was[]\" value=\"Fruits\" \/><span class=\"wpcf7-list-item-label\">Fruits<\/span><\/span><span class=\"wpcf7-list-item\"><input type=\"checkbox\" name=\"Was[]\" value=\"Gin\" \/><span class=\"wpcf7-list-item-label\">Gin<\/span><\/span><span class=\"wpcf7-list-item\"><input type=\"checkbox\" name=\"Was[]\" value=\"Grappa\/ Vin\/ Cognac\" \/><span class=\"wpcf7-list-item-label\">Grappa\/ Vin\/ Cognac<\/span><\/span><span class=\"wpcf7-list-item\"><input type=\"checkbox\" name=\"Was[]\" value=\"Rhum\" \/><span class=\"wpcf7-list-item-label\">Rhum<\/span><\/span><span class=\"wpcf7-list-item\"><input type=\"checkbox\" name=\"Was[]\" value=\"Whisky\" \/><span class=\"wpcf7-list-item-label\">Whisky<\/span><\/span><span class=\"wpcf7-list-item last\"><input type=\"checkbox\" name=\"Was[]\" value=\"Vodka\" \/><span class=\"wpcf7-list-item-label\">Vodka<\/span><\/span><\/span><\/span><span class=\"wpcf7-form-control-wrap Sonstiges\"><input type=\"text\" name=\"Sonstiges\" value=\"\" size=\"40\" class=\"wpcf7-form-control wpcf7-text\" aria-invalid=\"false\" placeholder=\"autre chose\" \/><\/span><\/p>\n<p>Quantit\u00e9 de mati\u00e8res premi\u00e8res \u00e0 traiter par an ?<br \/>\n<span class=\"wpcf7-form-control-wrap Brennzyklus\"><input type=\"number\" name=\"Brennzyklus\" value=\"\" class=\"wpcf7-form-control wpcf7-number wpcf7-validates-as-number\" aria-invalid=\"false\" \/><\/span> Litres<\/p>\n<p>Volume de production d\u2019alcool par an ?<br \/>\n<span class=\"wpcf7-form-control-wrap AlkProd\"><input type=\"number\" name=\"AlkProd\" value=\"\" class=\"wpcf7-form-control wpcf7-number wpcf7-validates-as-number\" aria-invalid=\"false\" \/><\/span> Litres<\/p>\n<p>Quel mode de chauffage souhaitez-vous ?\u2028<br \/>\n<span class=\"wpcf7-form-control-wrap radio-428\"><span class=\"wpcf7-form-control wpcf7-radio\"><span class=\"wpcf7-list-item first\"><input type=\"radio\" name=\"radio-428\" value=\"Vapeur\" checked=\"checked\" \/><span class=\"wpcf7-list-item-label\">Vapeur<\/span><\/span><span class=\"wpcf7-list-item\"><input type=\"radio\" name=\"radio-428\" value=\"Bain-marie \u2013 Gaz\" \/><span class=\"wpcf7-list-item-label\">Bain-marie \u2013 Gaz<\/span><\/span><span class=\"wpcf7-list-item\"><input type=\"radio\" name=\"radio-428\" value=\"Bain-marie \u2013 P\u00e9trole\" \/><span class=\"wpcf7-list-item-label\">Bain-marie \u2013 P\u00e9trole<\/span><\/span><span class=\"wpcf7-list-item\"><input type=\"radio\" name=\"radio-428\" value=\"Bain-marie \u2013 \u00c9lectrique\" \/><span class=\"wpcf7-list-item-label\">Bain-marie \u2013 \u00c9lectrique<\/span><\/span><span class=\"wpcf7-list-item last\"><input type=\"radio\" name=\"radio-428\" value=\"Bain-marie \u2013 Bois\" \/><span class=\"wpcf7-list-item-label\">Bain-marie \u2013 Bois<\/span><\/span><\/span><\/span><\/p>\n<p>Hauteur sous plafond ?<br \/>\n<span class=\"wpcf7-form-control-wrap Raumhoehe\"><input type=\"number\" name=\"Raumhoehe\" value=\"\" class=\"wpcf7-form-control wpcf7-number wpcf7-validates-as-number\" aria-invalid=\"false\" \/><\/span> M\u00e8tres<\/p>\n<p>\/\/\/  Vous avez d\u2019autres remarques ?    \/\/\/<\/p>\n<p><span class=\"wpcf7-form-control-wrap Nachricht\"><textarea name=\"Nachricht\" cols=\"40\" rows=\"10\" class=\"wpcf7-form-control wpcf7-textarea\" aria-invalid=\"false\" placeholder=\"Votre Message\"><\/textarea><\/span> <\/p>\n<p><span class=\"wpcf7-form-control-wrap acceptance-461\"><span class=\"wpcf7-form-control wpcf7-acceptance\"><span class=\"wpcf7-list-item\"><label><input type=\"checkbox\" name=\"acceptance-461\" value=\"1\" aria-invalid=\"false\" \/><span class=\"wpcf7-list-item-label\">Consentement: J'accepte que mes coordonn\u00e9es soient collect\u00e9es et trait\u00e9es \u00e0 partir du formulaire de contact pour r\u00e9pondre \u00e0 ma demande. Les donn\u00e9es seront supprim\u00e9es apr\u00e8s le traitement de votre demande. Remarque: Vous pouvez r\u00e9voquer votre consentement \u00e0 tout moment pour l'avenir par e-mail \u00e0 info@a-holstein.de. Des informations d\u00e9taill\u00e9es sur le traitement des donn\u00e9es utilisateur peuvent \u00eatre trouv\u00e9es dans notre <a href=\"https:\/\/a-holstein.de\/fr\/politique-de-confidentialite\/\">politique de confidentialit\u00e9<\/a>.<\/span><\/label><\/span><\/span><\/span><\/p>\n<p><span class=\"wpcf7-form-control-wrap kc_captcha\" data-name=\"kc_captcha\"><span class=\"wpcf7-form-control wpcf7-radio\"> \n    <span class=\"captcha-image\" >\n        <span class=\"cf7ic_instructions\">Veuillez prouver que vous \u00eates humain en s\u00e9lectionnant <span> Arbre<\/span>.<\/span><label><input type=\"radio\" name=\"kc_captcha\" value=\"bot\" \/><svg width=\"50\" height=\"50\" aria-hidden=\"true\" role=\"img\" xmlns=\"http:\/\/www.w3.org\/2000\/svg\" viewBox=\"0 0 576 512\"><path fill=\"currentColor\" d=\"M259 18l-65 132-146 22c-26 3-37 36-18 54l106 103-25 146c-5 26 23 46 46 33l131-68 131 68c23 13 51-7 46-33l-25-146 106-103c19-18 8-51-18-54l-146-22-65-132a32 32 0 00-58 0z\"\/><\/svg><\/label><label><input type=\"radio\" name=\"kc_captcha\" value=\"bot\" \/><svg width=\"50\" height=\"50\" aria-hidden=\"true\" role=\"img\" xmlns=\"http:\/\/www.w3.org\/2000\/svg\" viewBox=\"0 0 512 512\"><path fill=\"currentColor\" d=\"M500 168h-55l-8-21a127 127 0 00-120-83H195a127 127 0 00-120 83l-8 21H12c-8 0-14 8-11 16l8 24a12 12 0 0011 8h29a64 64 0 00-33 56v48c0 16 6 31 16 42v62c0 13 11 24 24 24h48c13 0 24-11 24-24v-40h256v40c0 13 11 24 24 24h48c13 0 24-11 24-24v-62c10-11 16-26 16-42v-48c0-24-13-45-33-56h29a12 12 0 0011-8l8-24c3-8-3-16-11-16zm-365 2c9-25 33-42 60-42h122c27 0 51 17 60 42l15 38H120l15-38zM88 328a32 32 0 010-64c18 0 48 30 48 48s-30 16-48 16zm336 0c-18 0-48 2-48-16s30-48 48-48 32 14 32 32-14 32-32 32z\"\/><\/svg><\/label><label><input type=\"radio\" name=\"kc_captcha\" value=\"kc_human\" \/><svg width=\"50\" height=\"50\" aria-hidden=\"true\" role=\"img\" xmlns=\"http:\/\/www.w3.org\/2000\/svg\" viewBox=\"0 0 384 512\"><path fill=\"currentColor\" d=\"M377 375l-83-87h34c21 0 32-25 17-40l-82-88h33c21 0 32-25 18-40L210 8c-10-11-26-11-36 0L70 120c-14 15-3 40 18 40h33l-82 88c-15 15-4 40 17 40h34L7 375c-15 16-4 41 17 41h120c0 33-11 49-34 68-12 9-5 28 10 28h144c15 0 22-19 10-28-20-16-34-32-34-68h120c21 0 32-25 17-41z\"\/><\/svg><\/label>\n    <\/span>\n    <span style=\"display:none\">\n        <input type=\"text\" name=\"kc_honeypot\">\n    <\/span><\/span><\/span><\/p>\n<p><input type=\"submit\" value=\"submit\" class=\"wpcf7-form-control wpcf7-submit\" \/><\/p>\n<div class=\"wpcf7-response-output\" aria-hidden=\"true\"><\/div><\/form><\/div><\/div><\/div><div  class=\"one-third column-block  no-background    \" data-animation=\"\" style=\"  \"><div class=\"be-custom-column-inner\"><p class=\"p1\"><span class=\"s1\"><b>Des questions? Nous sommes \u00e0 votre disposition pour vous aider.<\/b><\/span><\/p>\n<p>Arnold Holstein GmbH<br \/>\nAm Stadtgraben 15<br \/>\n88677 Markdorf<\/p>\n<p>Tel. +49 (0)7544 9528-0<\/p>\n<p><a href=\"mailto:info@a-holstein.de\">info@a-holstein.de<\/a><\/p>\n<\/div><\/div><\/div><\/div><\/div>","protected":false},"excerpt":{"rendered":"<p>Quel produit doit \u00eatre distill\u00e9 ? Dans quelles quantit\u00e9s ? Produit, quantit\u00e9 et conditions spatiales ne sont que quelques-uns des facteurs \u00e0 prendre en compte dans la conception d&rsquo;une installation. [&hellip;]<\/p>\n<p><a href=\"https:\/\/a-holstein.de\/fr\/alambics\/formulaire-de-demande\/\" class=\"more-link style2-button\">Read More<\/a><\/p>","protected":false},"author":1,"featured_media":0,"parent":4841,"menu_order":0,"comment_status":"closed","ping_status":"closed","template":"","meta":[],"_links":{"self":[{"href":"https:\/\/a-holstein.de\/fr\/wp-json\/wp\/v2\/pages\/4736"}],"collection":[{"href":"https:\/\/a-holstein.de\/fr\/wp-json\/wp\/v2\/pages"}],"about":[{"href":"https:\/\/a-holstein.de\/fr\/wp-json\/wp\/v2\/types\/page"}],"author":[{"embeddable":true,"href":"https:\/\/a-holstein.de\/fr\/wp-json\/wp\/v2\/users\/1"}],"replies":[{"embeddable":true,"href":"https:\/\/a-holstein.de\/fr\/wp-json\/wp\/v2\/comments?post=4736"}],"version-history":[{"count":2,"href":"https:\/\/a-holstein.de\/fr\/wp-json\/wp\/v2\/pages\/4736\/revisions"}],"predecessor-version":[{"id":4738,"href":"https:\/\/a-holstein.de\/fr\/wp-json\/wp\/v2\/pages\/4736\/revisions\/4738"}],"up":[{"embeddable":true,"href":"https:\/\/a-holstein.de\/fr\/wp-json\/wp\/v2\/pages\/4841"}],"wp:attachment":[{"href":"https:\/\/a-holstein.de\/fr\/wp-json\/wp\/v2\/media?parent=4736"}],"curies":[{"name":"wp","href":"https:\/\/api.w.org\/{rel}","templated":true}]}}