{"id":4743,"date":"2016-11-02T16:34:29","date_gmt":"2016-11-02T15:34:29","guid":{"rendered":"https:\/\/a-holstein.de\/ruehren-einmaischen\/"},"modified":"2018-06-05T15:10:58","modified_gmt":"2018-06-05T13:10:58","slug":"agiter-macerer","status":"publish","type":"page","link":"https:\/\/a-holstein.de\/fr\/accessoires-de-distillation\/agiter-macerer\/","title":{"rendered":"Agiter, mac\u00e9rer"},"content":{"rendered":"<div class=\"be-section         clearfix\" data-headerscheme=\"background--dark\" style=\" \"  ><div class=\"be-section-pad clearfix \" style=\" padding-top:90px;padding-bottom:90px;\" data-padding-top = \"90\"><div  class=\"be-row be-wrap clearfix \"><div  class=\"one-col column-block clearfix  no-background    \" data-animation=\"\" style=\"  \"><div class=\"be-custom-column-inner\"><h3>Agiter, mac\u00e9rer<\/h3>\n<h5> Agitateurs et cuves de mac\u00e9ration<\/h5>\n<hr class=\"separator\" style=\"background-color:#e0a240;color:#e0a240;height:1px;width:100%;\" \/><\/div><\/div><\/div><div  class=\"be-row be-wrap clearfix \"><div  class=\"one-third column-block  no-background    \" data-animation=\"\" style=\"  \"><div class=\"be-custom-column-inner\"><p class=\"p1\"><span class=\"s1\">Nos agitateurs sont parfaitement adapt\u00e9s et con\u00e7us pour tous les types d\u2019installations.<\/span><\/p>\n<\/div><\/div><div  class=\"one-third column-block  no-background    \" data-animation=\"\" style=\"  \"><div class=\"be-custom-column-inner\"><ul>\n<li class=\"li1\"><span class=\"s2\">Pas de collage du mo\u00fbt<\/span><\/li>\n<li class=\"li1\"><span class=\"s2\">Recirculation thermique homog\u00e8ne<\/span><\/li>\n<li class=\"li1\"><span class=\"s2\">Chauffage plus rapide du mo\u00fbt<\/span><\/li>\n<\/ul>\n<\/div><\/div><div  class=\"one-third column-block  no-background    \" data-animation=\"\" style=\"  \"><div class=\"be-custom-column-inner\"><ul>\n<li class=\"li1\"><span class=\"s2\">Faible besoin de chauffage<\/span><\/li>\n<li class=\"li1\"><span class=\"s2\">R\u00e9duction du volume d&rsquo;\u00e9coulement (alcool m\u00e9thylique)<\/span><\/li>\n<li class=\"li1\"><span class=\"s2\">Pr\u00e9vention de la formation de mousse<\/span><\/li>\n<\/ul>\n<\/div><\/div><\/div><div  class=\"be-row be-wrap clearfix \"><div  class=\"one-col column-block clearfix  no-background    \" data-animation=\"\" style=\"  \"><div class=\"be-custom-column-inner\"><hr class=\"separator\" style=\"background-color:#e0a240;color:#e0a240;height:1px;width:100%;\" \/><div class=\"special-subtitle-wrap  0\" style=\"margin-bottom: 30px;\" data-animation=\"fadeIn\"><div class=\"align-left\"><span class=\"special-subtitle\" style=\"color: #e0a240; font-size: 20px ; width: 100%\" >M\u00e9langeur manuel l\u00e9ger de type RW 300<\/span><\/div><\/div><\/div><\/div><\/div><div  class=\"be-row be-wrap clearfix \"><div  class=\"one-third column-block  no-background    \" data-animation=\"\" style=\"  \"><div class=\"be-custom-column-inner\"><div class=\"special-subtitle-wrap  0\" style=\"margin-bottom: 30px;\" data-animation=\"fadeIn\"><div class=\"align-left\"><span class=\"special-subtitle\" style=\"color: #e0a240; font-size: 20px ; width: 100%\" >M\u00e9langeur manuel l\u00e9ger de type RW 300<\/span><\/div><\/div><p><img class=\"alignleft size-medium wp-image-3829\" src=\"https:\/\/a-holstein.de\/wp-content\/uploads\/2016\/11\/Maische-RW300-182x300.jpg\" alt=\"\" width=\"182\" height=\"300\"><\/p>\n<\/div><\/div><div  class=\"one-third column-block  no-background    \" data-animation=\"\" style=\"  \"><div class=\"be-custom-column-inner\"><p class=\"p1\"><span class=\"s1\">Poids d\u2019environ 6 kg seulement<\/span><\/p>\n<p class=\"p1\"><span class=\"s1\">\u00c9galement utilisable pour les mo\u00fbts de williams et grains non ferment\u00e9s et les mo\u00fbts de fruits \u00e0 noyaux en d\u00e9but de fermentation, pour m\u00e9langer des levures et des acides, pour les mo\u00fbts de fruits \u00e0 noyaux, la chair est d\u00e9tach\u00e9e d\u00e9licatement des noyaux, les noyaux ne sont pas endommag\u00e9s.<\/span><\/p>\n<p class=\"p1\"><span class=\"s1\">Performant jusqu\u2019\u00e0 300 Litres de capacit\u00e9 Moteur 230 V 1100 W avec vitesse de rotation r\u00e9glable en continu de 0 \u00e0 700 tours\/min. Arbre d&rsquo;agitateur en acier inoxydable Longueur d\u2019arbre 800 mm \u2013 autre longueur d&rsquo;arbre sur demande H\u00e9lice D = 200 mm M\u00e9langeur manuel RW300 complet, arbre d&rsquo;agitateur sans moteur pour une utilisation dans des machines de forage<\/span><span class=\"s2\"><b>.<\/b><\/span><\/p>\n<\/div><\/div><div  class=\"one-third column-block  no-background    \" data-animation=\"\" style=\"  \"><div class=\"be-custom-column-inner\"><ul>\n<li class=\"li1\"><span class=\"s2\">Performant jusqu\u2019\u00e0 300 Litres de capacit\u00e9<\/span><\/li>\n<li class=\"li1\"><span class=\"s2\">Moteur : 230 V ; 1,1 kW<\/span><\/li>\n<li class=\"li1\"><span class=\"s2\">avec vitesse de rotation r\u00e9glable en continu de 0 \u00e0 700 tours\/min<\/span><\/li>\n<li class=\"li1\"><span class=\"s2\">Arbre d&rsquo;agitateur en acier inoxydable<\/span><\/li>\n<li class=\"li1\"><span class=\"s2\">Longueur d\u2019arbre 800 mm \u2013 autre longueur d&rsquo;arbre sur demande<\/span><\/li>\n<li class=\"li1\"><span class=\"s2\">H\u00e9lice D = 200 mm<\/span><\/li>\n<li class=\"li1\"><span class=\"s2\">Poids : env. 6 kg<\/span><\/li>\n<li class=\"li1\"><span class=\"s2\">Pour les mo\u00fbts de fruits ferment\u00e9s<\/span><\/li>\n<li class=\"li1\"><span class=\"s2\">Pour les mo\u00fbts de williams et grains non ferment\u00e9s et les mo\u00fbts de fruits \u00e0 noyaux en d\u00e9but de fermentation<\/span><\/li>\n<li class=\"li1\"><span class=\"s2\">Pour m\u00e9langer des levures et des acides<\/span><\/li>\n<li class=\"li1\"><span class=\"s2\">pour les mo\u00fbts de fruits \u00e0 noyaux, la chair est d\u00e9tach\u00e9e d\u00e9licatement des noyaux<\/span><\/li>\n<li class=\"li1\"><span class=\"s2\">les noyaux ne sont pas endommag\u00e9s<\/span><\/li>\n<\/ul>\n<h5>M\u00e9langeur manuel RW 300<\/h5>\n<ul>\n<li class=\"li1\"><span class=\"s2\">Arbre m\u00e9langeur sans moteur pour une utilisation dans les machines de forage<\/span><\/li>\n<\/ul>\n<\/div><\/div><\/div><div  class=\"be-row be-wrap clearfix \"><div  class=\"one-col column-block clearfix  no-background    \" data-animation=\"\" style=\"  \"><div class=\"be-custom-column-inner\"><hr class=\"separator\" style=\"background-color:#e0a240;color:#e0a240;height:1px;width:100%;\" \/><div class=\"special-subtitle-wrap  0\" style=\"margin-bottom: 30px;\" data-animation=\"fadeIn\"><div class=\"align-left\"><span class=\"special-subtitle\" style=\"color: #e0a240; font-size: 20px ; width: 100%\" >M\u00e9langeur manuel l\u00e9ger de type RW 300 Pro<\/span><\/div><\/div><\/div><\/div><\/div><div  class=\"be-row be-wrap clearfix \"><div  class=\"one-third column-block  no-background    \" data-animation=\"\" style=\"  \"><div class=\"be-custom-column-inner\"><div class=\"special-subtitle-wrap  0\" style=\"margin-bottom: 30px;\" data-animation=\"fadeIn\"><div class=\"align-left\"><span class=\"special-subtitle\" style=\"color: #e0a240; font-size: 20px ; width: 100%\" >M\u00e9langeur manuel l\u00e9ger de type RW 300 Pro<\/span><\/div><\/div><p><img class=\"alignleft size-medium wp-image-3829\" src=\"https:\/\/a-holstein.de\/wp-content\/uploads\/2016\/11\/Maische-RW300-182x300.jpg\" alt=\"\" width=\"182\" height=\"300\"><\/p>\n<\/div><\/div><div  class=\"one-third column-block  no-background    \" data-animation=\"\" style=\"  \"><div class=\"be-custom-column-inner\"><p class=\"p1\"><span class=\"s1\">Poids d\u2019environ 6 kg seulement<\/span><\/p>\n<p class=\"p1\"><span class=\"s1\">\u00c9galement utilisable pour les mo\u00fbts de williams et grains non ferment\u00e9s et les mo\u00fbts de fruits \u00e0 noyaux en d\u00e9but de fermentation, pour m\u00e9langer des levures et des acides, pour les mo\u00fbts de fruits \u00e0 noyaux, la chair est d\u00e9tach\u00e9e d\u00e9licatement des noyaux, les noyaux ne sont pas endommag\u00e9s.<\/span><\/p>\n<p class=\"p1\"><span class=\"s1\">Performant jusqu\u2019\u00e0 300 de capacit\u00e9 Moteur 230 V 1800 W avec vitesse de rotation r\u00e9glable en continu de 0 \u00e0 250 tours\/min et de 0 \u00e0 580 tours\/min. Arbre d&rsquo;agitateur en acier inoxydable Longueur d\u2019arbre 800 mm \u2013 autre longueur d&rsquo;arbre sur demande H\u00e9lice D = 200 mm M\u00e9langeur manuel RW300 complet, arbre d&rsquo;agitateur sans moteur pour une utilisation dans des machines de forage<\/span><span class=\"s2\"><b>.<\/b><\/span><\/p>\n<p class=\"p1\"><span class=\"s1\">Moteur silencieux renforc\u00e9 avec transmission \u00e0 deux vitesses. R\u00e9gulation continue.<\/span><\/p>\n<\/div><\/div><div  class=\"one-third column-block  no-background    \" data-animation=\"\" style=\"  \"><div class=\"be-custom-column-inner\"><ul class=\"ul1\">\n<li class=\"li1\"><span class=\"s2\">Performant jusqu\u2019\u00e0 300 Litres de capacit\u00e9<\/span><\/li>\n<li class=\"li1\"><span class=\"s2\">Moteur : 230 V ; 1,8 kW<\/span><\/li>\n<li class=\"li1\"><span class=\"s2\">avec vitesse de rotation r\u00e9glable en continu de 0 \u00e0 250 tours\/min et de 0 \u00e0 580&nbsp;tours\/min.<\/span><\/li>\n<li class=\"li1\"><span class=\"s2\">Arbre d&rsquo;agitateur en acier inoxydable<\/span><\/li>\n<li class=\"li1\"><span class=\"s2\">Longueur d\u2019arbre 800 mm \u2013 autre longueur d&rsquo;arbre sur demande<\/span><\/li>\n<li class=\"li1\"><span class=\"s2\">H\u00e9lice D = 200 mm<\/span><\/li>\n<li class=\"li1\"><span class=\"s2\">Poids : env. 6 kg<\/span><\/li>\n<li class=\"li1\"><span class=\"s2\">Pour les mo\u00fbts de fruits ferment\u00e9s<\/span><\/li>\n<li class=\"li1\"><span class=\"s2\">Pour les mo\u00fbts de williams et grains non ferment\u00e9s et les mo\u00fbts de fruits \u00e0 noyaux en d\u00e9but de fermentation<\/span><\/li>\n<li class=\"li1\"><span class=\"s2\">Pour m\u00e9langer des levures et des acides<\/span><\/li>\n<li class=\"li1\"><span class=\"s2\">pour les mo\u00fbts de fruits \u00e0 noyaux, la chair est d\u00e9tach\u00e9e d\u00e9licatement des noyaux<\/span><\/li>\n<li class=\"li1\"><span class=\"s2\">les noyaux ne sont pas endommag\u00e9s<\/span><\/li>\n<\/ul>\n<h5 class=\"p2\"><span class=\"s2\">M\u00e9langeur manuel RW 300 Pro<\/span><\/h5>\n<ul class=\"ul1\">\n<li class=\"li1\"><span class=\"s2\">Arbre m\u00e9langeur sans moteur pour une utilisation dans les machines de forage<\/span><\/li>\n<\/ul>\n<\/div><\/div><\/div><div  class=\"be-row be-wrap clearfix \"><div  class=\"one-col column-block clearfix  no-background    \" data-animation=\"\" style=\"  \"><div class=\"be-custom-column-inner\"><hr class=\"separator\" style=\"background-color:#e0a240;color:#e0a240;height:1px;width:100%;\" \/><div class=\"special-subtitle-wrap  0\" style=\"margin-bottom: 30px;\" data-animation=\"fadeIn\"><div class=\"align-left\"><span class=\"special-subtitle\" style=\"color: #e0a240; font-size: 20px ; width: 100%\" >M\u00e9langeur pour des capacit\u00e9s de r\u00e9servoir allant jusqu\u2019\u00e0 3&nbsp;000&nbsp;L<\/span><\/div><\/div><\/div><\/div><\/div><div  class=\"be-row be-wrap clearfix \"><div  class=\"one-third column-block  no-background    \" data-animation=\"\" style=\"  \"><div class=\"be-custom-column-inner\"><div class=\"special-subtitle-wrap  0\" style=\"margin-bottom: 30px;\" data-animation=\"fadeIn\"><div class=\"align-left\"><span class=\"special-subtitle\" style=\"color: #e0a240; font-size: 20px ; width: 100%\" >Type RW 1000<\/span><\/div><\/div><div class=\"special-subtitle-wrap  0\" style=\"margin-bottom: 30px;\" data-animation=\"fadeIn\"><div class=\"align-left\"><span class=\"special-subtitle\" style=\"color: #e0a240; font-size: 20px ; width: 100%\" >Type RW 3000 <\/span><\/div><\/div><p><img class=\"alignleft size-medium wp-image-3975\" src=\"https:\/\/a-holstein.de\/wp-content\/uploads\/2016\/11\/RW1000-RW3000-270x300.png\" alt=\"\" width=\"270\" height=\"300\"><\/p>\n<\/div><\/div><div  class=\"one-third column-block  no-background    \" data-animation=\"\" style=\"  \"><div class=\"be-custom-column-inner\"><p class=\"p1\"><span class=\"s1\"><b>Type RW 1000<\/b><\/span><\/p>\n<ul class=\"ul1\">\n<li class=\"li2\"><span class=\"s1\">pour les r\u00e9servoirs de 100 \u00e0 800&nbsp;Litres<\/span><\/li>\n<li class=\"li2\"><span class=\"s1\">Moteur 400 V 0,75 kW 1&nbsp;400 tours\/min.<\/span><\/li>\n<li class=\"li2\"><span class=\"s1\">Avec inverseur<\/span><\/li>\n<li class=\"li2\"><span class=\"s1\">Bague de protection D = 210 mm<\/span><\/li>\n<li class=\"li2\"><span class=\"s1\">Longueur d\u2019arbre 1&nbsp;000&nbsp;mm<\/span><\/li>\n<\/ul>\n<p class=\"p3\"><span class=\"s1\">&nbsp;<\/span><\/p>\n<p class=\"p1\"><span class=\"s1\"><b>Type RW 3000<\/b><\/span><\/p>\n<ul class=\"ul1\">\n<li class=\"li2\"><span class=\"s1\">pour les r\u00e9servoirs de 500 \u00e0 3000&nbsp;Litres<\/span><\/li>\n<li class=\"li2\"><span class=\"s1\">Moteur 400 V 1,5 kW 1&nbsp;400 tours\/min.<\/span><\/li>\n<li class=\"li2\"><span class=\"s1\">L\u2019interrupteur marche\/arr\u00eat et l\u2019inverseur sont plac\u00e9s s\u00e9par\u00e9ment dans la poign\u00e9e<\/span><\/li>\n<li class=\"li2\"><span class=\"s1\">Bague de protection D = 270 mm<\/span><\/li>\n<li class=\"li2\"><span class=\"s1\">Longueur d&rsquo;arbre 1&nbsp;000&nbsp;mm \/ 1&nbsp;200&nbsp;mm \/ 1&nbsp;500&nbsp;mm<\/span><\/li>\n<li class=\"li2\"><span class=\"s1\">Pour les grands r\u00e9servoirs<\/span><\/li>\n<li class=\"li2\"><span class=\"s1\">Domaines d\u2019utilisation, voir le m\u00e9langeur manuel l\u00e9ger<\/span><\/li>\n<li class=\"li2\"><span class=\"s1\">Toutes les pi\u00e8ces en contact avec les substances sont en acier inoxydable<\/span><\/li>\n<li class=\"li2\"><span class=\"s1\">Moteur avec marche avant et arri\u00e8re<\/span><\/li>\n<\/ul>\n<\/div><\/div><div  class=\"one-third column-block  no-background    \" data-animation=\"\" style=\"  \"><div class=\"be-custom-column-inner\"><ul>\n<li dir=\"ltr\">\n<p class=\"p1\"><span class=\"s1\"><b>Pour les petites ouvertures de r\u00e9servoir \u00e0 partir de 140&nbsp;mm de diam\u00e8tre<\/b><\/span><\/p>\n<ul class=\"ul1\">\n<li class=\"li2\"><span class=\"s1\">Panier de protection amovible<\/span><\/li>\n<li class=\"li2\"><span class=\"s1\">H\u00e9lice \u00e0 pales rabattables<\/span><\/li>\n<\/ul>\n<\/li>\n<\/ul>\n<\/div><\/div><\/div><div  class=\"be-row be-wrap clearfix \"><div  class=\"one-col column-block clearfix  no-background    \" data-animation=\"\" style=\"  \"><div class=\"be-custom-column-inner\"><hr class=\"separator\" style=\"background-color:#e0a240;color:#e0a240;height:1px;width:100%;\" \/><div class=\"special-subtitle-wrap  0\" style=\"margin-bottom: 30px;\" data-animation=\"fadeIn\"><div class=\"align-left\"><span class=\"special-subtitle\" style=\"color: #e0a240; font-size: 20px ; width: 100%\" >Cuves de mac\u00e9ration et de fermentation en acier inoxydable<\/span><\/div><\/div><\/div><\/div><\/div><div  class=\"be-row be-wrap clearfix \"><div  class=\"one-third column-block  no-background    \" data-animation=\"\" style=\"  \"><div class=\"be-custom-column-inner\"><div class=\"special-subtitle-wrap  0\" style=\"margin-bottom: 30px;\" data-animation=\"fadeIn\"><div class=\"align-left\"><span class=\"special-subtitle\" style=\"color: #e0a240; font-size: 20px ; width: 100%\" >Cuves de mac\u00e9ration et de fermentation en acier inoxydable<\/span><\/div><\/div><div id=\"metaslider-id-4544\" style=\"max-width: 450px; margin: 0 auto;\" class=\"ml-slider-3-28-0 metaslider metaslider-flex metaslider-4544 ml-slider ml-slider-lightbox-1-12-0 no-active-lightbox nav-hidden\">\n<div id=\"metaslider_container_4544\">\n<div id=\"metaslider_4544\" class=\"flexslider\">\n<ul aria-live=\"polite\" class=\"slides\">\n<li style=\"display: block; width: 100%;\" class=\"slide-4545 ms-image\"><a href=\"https:\/\/a-holstein.de\/wp-content\/uploads\/2018\/05\/Einmaischbehaelter-750-Liter.jpg\" target=\"_self\"><img src=\"https:\/\/a-holstein.de\/wp-content\/uploads\/2018\/05\/Einmaischbehaelter-750-Liter-450x600.jpg\" height=\"600\" width=\"450\" alt=\"\" class=\"slider-4544 slide-4545\"  \/><\/a><\/li>\n<li style=\"display: none; width: 100%;\" class=\"slide-4546 ms-image\"><a href=\"https:\/\/a-holstein.de\/wp-content\/uploads\/2016\/11\/Gaerbottich.png\" target=\"_self\"><img src=\"https:\/\/a-holstein.de\/wp-content\/uploads\/2016\/11\/Gaerbottich-445x594.png\" height=\"600\" width=\"450\" alt=\"\" class=\"slider-4544 slide-4546\"  \/><\/a><\/li>\n<\/ul><\/div>\n<\/p><\/div>\n<\/div>\n<\/div><\/div><div  class=\"two-third column-block  no-background    \" data-animation=\"\" style=\"  \"><div class=\"be-custom-column-inner\"><ul>\n<li class=\"li1\"><span class=\"s2\">Pour la production d\u2019eau-de-vie de grain et de whisky<\/span><\/li>\n<li class=\"li1\"><span class=\"s2\">Pour la mac\u00e9ration en toute s\u00e9curit\u00e9 des substances farineuses comme les c\u00e9r\u00e9ales par exemple<\/span><\/li>\n<li class=\"li1\"><span class=\"s2\">La structure \u00e0 double paroi facilite la mac\u00e9ration ainsi que le nettoyage<\/span><\/li>\n<li class=\"li1\"><span class=\"s2\">Finition stable avec couvercle de bordure<\/span><\/li>\n<li class=\"li1\"><span class=\"s2\">\u00c9coulement du mo\u00fbt avec circuit 1 1\/2\u2033<\/span><\/li>\n<\/ul>\n\n<table id=\"tablepress-34\" class=\"tablepress tablepress-id-34\">\n<thead>\n<tr class=\"row-1 odd\">\n\t<th class=\"column-1\">Contenance<\/th><th class=\"column-2\">Diam\u00e8tre<\/th><th class=\"column-3\">Hauteur sans pieds<\/th><th class=\"column-4\">Hauteur avec pieds<\/th>\n<\/tr>\n<\/thead>\n<tbody class=\"row-hover\">\n<tr class=\"row-2 even\">\n\t<td class=\"column-1\">510 l<\/td><td class=\"column-2\">850 mm<\/td><td class=\"column-3\">1060 mm<\/td><td class=\"column-4\">1410 mm<\/td>\n<\/tr>\n<tr class=\"row-3 odd\">\n\t<td class=\"column-1\">600 l<\/td><td class=\"column-2\">950 mm<\/td><td class=\"column-3\">1060 mm<\/td><td class=\"column-4\">1410 mm<\/td>\n<\/tr>\n<tr class=\"row-4 even\">\n\t<td class=\"column-1\">750 l<\/td><td class=\"column-2\">1050 mm<\/td><td class=\"column-3\">1060 mm<\/td><td class=\"column-4\">1410 mm<\/td>\n<\/tr>\n<tr class=\"row-5 odd\">\n\t<td class=\"column-1\">950 l<\/td><td class=\"column-2\">1050 mm<\/td><td class=\"column-3\">1300 mm<\/td><td class=\"column-4\">1650 mm<\/td>\n<\/tr>\n<\/tbody>\n<\/table>\n<!-- #tablepress-34 from cache --><p class=\"p1\"><span class=\"s1\"><b>En option :<\/b><\/span><\/p>\n<ul class=\"ul1\">\n<li class=\"li2\"><span class=\"s1\">Pieds en acier inoxydable<\/span><\/li>\n<li class=\"li2\"><span class=\"s1\">Thermom\u00e8tre<\/span><\/li>\n<li class=\"li2\"><span class=\"s1\">Agitateur avec syst\u00e8me de pivotement<\/span><\/li>\n<li class=\"li2\"><span class=\"s1\">Agitateur fixe<\/span><\/li>\n<li class=\"li2\"><span class=\"s1\">Chauffage \u00e9lectrique et contr\u00f4le de la temp\u00e9rature<\/span><\/li>\n<\/ul>\n<\/div><\/div><\/div><\/div><\/div>","protected":false},"excerpt":{"rendered":"<p>Agiter, mac\u00e9rer Agitateurs et cuves de mac\u00e9ration Nos agitateurs sont parfaitement adapt\u00e9s et con\u00e7us pour tous les types d\u2019installations. Pas de collage du mo\u00fbt Recirculation thermique homog\u00e8ne Chauffage plus rapide [&hellip;]<\/p>\n<p><a href=\"https:\/\/a-holstein.de\/fr\/accessoires-de-distillation\/agiter-macerer\/\" class=\"more-link style2-button\">Read More<\/a><\/p>","protected":false},"author":1,"featured_media":0,"parent":4756,"menu_order":0,"comment_status":"closed","ping_status":"closed","template":"","meta":[],"_links":{"self":[{"href":"https:\/\/a-holstein.de\/fr\/wp-json\/wp\/v2\/pages\/4743"}],"collection":[{"href":"https:\/\/a-holstein.de\/fr\/wp-json\/wp\/v2\/pages"}],"about":[{"href":"https:\/\/a-holstein.de\/fr\/wp-json\/wp\/v2\/types\/page"}],"author":[{"embeddable":true,"href":"https:\/\/a-holstein.de\/fr\/wp-json\/wp\/v2\/users\/1"}],"replies":[{"embeddable":true,"href":"https:\/\/a-holstein.de\/fr\/wp-json\/wp\/v2\/comments?post=4743"}],"version-history":[{"count":1,"href":"https:\/\/a-holstein.de\/fr\/wp-json\/wp\/v2\/pages\/4743\/revisions"}],"predecessor-version":[{"id":4744,"href":"https:\/\/a-holstein.de\/fr\/wp-json\/wp\/v2\/pages\/4743\/revisions\/4744"}],"up":[{"embeddable":true,"href":"https:\/\/a-holstein.de\/fr\/wp-json\/wp\/v2\/pages\/4756"}],"wp:attachment":[{"href":"https:\/\/a-holstein.de\/fr\/wp-json\/wp\/v2\/media?parent=4743"}],"curies":[{"name":"wp","href":"https:\/\/api.w.org\/{rel}","templated":true}]}}