{"id":4747,"date":"2017-01-26T16:05:02","date_gmt":"2017-01-26T15:05:02","guid":{"rendered":"https:\/\/a-holstein.de\/optionen\/"},"modified":"2018-06-05T15:25:30","modified_gmt":"2018-06-05T13:25:30","slug":"options","status":"publish","type":"page","link":"https:\/\/a-holstein.de\/fr\/alambics\/options\/","title":{"rendered":"Options"},"content":{"rendered":"<div class=\"be-section   be-bg-cover be-bg-parallax     clearfix\" data-headerscheme=\"background--light\" style=\" background: url(https:\/\/a-holstein.de\/wp-content\/uploads\/2016\/07\/Hammerschlag.png) no-repeat scroll center center;\"  ><div class=\"be-section-pad clearfix \" style=\" padding-top:130px;padding-bottom:130px;\" data-padding-top = \"130\"><div  class=\"be-row be-wrap clearfix \"><div  class=\"one-col column-block clearfix  no-background    \" data-animation=\"\" style=\"  \"><div class=\"be-custom-column-inner\"><\/div><\/div><\/div><\/div><\/div><div class=\"be-section         clearfix\" data-headerscheme=\"background--light\" style=\" \"  ><div class=\"be-section-pad clearfix \" style=\" padding-top:50px;padding-bottom:50px;\" data-padding-top = \"50\"><div  class=\"be-row be-wrap clearfix \"><div  class=\"one-col column-block clearfix  no-background    \" data-animation=\"\" style=\"  \"><div class=\"be-custom-column-inner\"><h3> Options <\/h3>\n<h5>Technologie compl\u00e9mentaire pour nos alambics<\/h5>\n<\/div><\/div><\/div><div  class=\"be-row be-wrap clearfix \"><div  class=\"one-third column-block  no-background    \" data-animation=\"\" style=\"  \"><div class=\"be-custom-column-inner\"><h5>Technique d\u2019automatisation<\/h5>\n<p><img class=\"wp-image-4480 size-full alignnone\" src=\"https:\/\/a-holstein.de\/wp-content\/uploads\/2018\/05\/steuerung.jpg\" alt=\"\" width=\"300\" height=\"200\"><\/p>\n<p class=\"p1\"><span class=\"s1\"><b>Contr\u00f4ler &#8211; r\u00e9guler &#8211; \u00e9conomiser de l&rsquo;\u00e9nergie<\/b><\/span><\/p>\n<p class=\"p2\"><span class=\"s1\">La commande permet de surveiller et de r\u00e9guler l\u2019int\u00e9gralit\u00e9 du processus de combustion. R\u00e9servoirs de collecte de l\u2019alcool int\u00e9gr\u00e9s pour toutes les fractions. Ils peuvent \u00eatre commut\u00e9s manuellement ou automatiquement.<\/span><\/p>\n<p>&gt;&gt; <a href=\"\/optionen\/automatisierungstechnik\/\"> Plus d&rsquo;informations <\/a><\/p>\n<\/div><\/div><div  class=\"one-third column-block  no-background    \" data-animation=\"\" style=\"  \"><div class=\"be-custom-column-inner\"><h5>Technologie de nettoyage CIP<\/h5>\n<p><a href=\"https:\/\/a-holstein.de\/wp-content\/uploads\/2018\/03\/reinigung.jpg\"><img class=\"size-medium wp-image-4359 alignnone\" src=\"https:\/\/a-holstein.de\/wp-content\/uploads\/2018\/03\/reinigung-300x200.jpg\" alt=\"\" width=\"300\" height=\"200\"><\/a><\/p>\n<p class=\"p1\"><span class=\"s1\"><b>Nettoyage automatis\u00e9<\/b><\/span><\/p>\n<p class=\"p2\"><span class=\"s1\">Nettoyage efficace de l\u2019ensemble de l\u2019alambic \u00e0 l\u2019aide d&rsquo;un rin\u00e7age haute pression int\u00e9gr\u00e9. Les buses rotatives haute performance permettent de rincer tous les composants.<\/span><\/p>\n<p>&gt;&gt; <a href=\"\/optionen\/reinigungstechnik\/\"> Plus d\u2019informations <\/a><\/p>\n<\/div><\/div><div  class=\"one-third column-block  no-background    \" data-animation=\"\" style=\"  \"><div class=\"be-custom-column-inner\"><h5>Technologie de catalyseur<\/h5>\n<p><img class=\"wp-image-4479 size-full alignnone\" src=\"https:\/\/a-holstein.de\/wp-content\/uploads\/2018\/05\/katalysator-ausschnitt.jpg\" alt=\"\" width=\"300\" height=\"200\"><\/p>\n<p class=\"p1\"><span class=\"s1\"><b>Un brevet dont nous sommes fiers \u00e0 juste titre<\/b><\/span><\/p>\n<p class=\"p2\"><span class=\"s1\">Un cuivre extr\u00eamement pur, qui lie efficacement les cyanures et l\u2019\u00e9thylcarbamate gr\u00e2ce \u00e0 notre technologie de lamelles et \u00e0 l\u2019agrandissement de la surface associ\u00e9 et qui garantit ainsi durablement le respect des valeurs limites prescrites.<\/span><\/p>\n<p>&gt;&gt; <a href=\"\/optionen\/katalysatortechnik\/\"> Plus d\u2019informations <\/a><\/p>\n<\/div><\/div><\/div><\/div><\/div>","protected":false},"excerpt":{"rendered":"<p>Options Technologie compl\u00e9mentaire pour nos alambics Technique d\u2019automatisation Contr\u00f4ler &#8211; r\u00e9guler &#8211; \u00e9conomiser de l&rsquo;\u00e9nergie La commande permet de surveiller et de r\u00e9guler l\u2019int\u00e9gralit\u00e9 du processus de combustion. R\u00e9servoirs de [&hellip;]<\/p>\n<p><a href=\"https:\/\/a-holstein.de\/fr\/alambics\/options\/\" class=\"more-link style2-button\">Read More<\/a><\/p>","protected":false},"author":1,"featured_media":0,"parent":4841,"menu_order":0,"comment_status":"closed","ping_status":"closed","template":"","meta":[],"_links":{"self":[{"href":"https:\/\/a-holstein.de\/fr\/wp-json\/wp\/v2\/pages\/4747"}],"collection":[{"href":"https:\/\/a-holstein.de\/fr\/wp-json\/wp\/v2\/pages"}],"about":[{"href":"https:\/\/a-holstein.de\/fr\/wp-json\/wp\/v2\/types\/page"}],"author":[{"embeddable":true,"href":"https:\/\/a-holstein.de\/fr\/wp-json\/wp\/v2\/users\/1"}],"replies":[{"embeddable":true,"href":"https:\/\/a-holstein.de\/fr\/wp-json\/wp\/v2\/comments?post=4747"}],"version-history":[{"count":1,"href":"https:\/\/a-holstein.de\/fr\/wp-json\/wp\/v2\/pages\/4747\/revisions"}],"predecessor-version":[{"id":4748,"href":"https:\/\/a-holstein.de\/fr\/wp-json\/wp\/v2\/pages\/4747\/revisions\/4748"}],"up":[{"embeddable":true,"href":"https:\/\/a-holstein.de\/fr\/wp-json\/wp\/v2\/pages\/4841"}],"wp:attachment":[{"href":"https:\/\/a-holstein.de\/fr\/wp-json\/wp\/v2\/media?parent=4747"}],"curies":[{"name":"wp","href":"https:\/\/api.w.org\/{rel}","templated":true}]}}