{"id":4749,"date":"2017-01-26T16:07:00","date_gmt":"2017-01-26T15:07:00","guid":{"rendered":"https:\/\/a-holstein.de\/options\/automatisierungstechnik\/"},"modified":"2018-06-11T11:47:11","modified_gmt":"2018-06-11T09:47:11","slug":"automatisation","status":"publish","type":"page","link":"https:\/\/a-holstein.de\/fr\/alambics\/options\/automatisation\/","title":{"rendered":"Automatisation"},"content":{"rendered":"<div class=\"be-section         clearfix\" data-headerscheme=\"background--dark\" style=\" \"  ><div class=\"be-section-pad clearfix \" style=\" padding-top:90px;padding-bottom:90px;\" data-padding-top = \"90\"><div  class=\"be-row be-wrap clearfix \"><div  class=\"two-third column-block  no-background    \" data-animation=\"\" style=\"  \"><div class=\"be-custom-column-inner\"><h2>Automatisation<\/h2>\n<h4><span class=\"content\">De la &nbsp;commande manuelle&nbsp;\u00e0 la commande informatique<\/span><\/h4>\n<p class=\"p1\"><span class=\"s1\">Toutes les installations Holstein peuvent \u00eatre contr\u00f4l\u00e9es et r\u00e9gul\u00e9es de diff\u00e9rentes fa\u00e7ons. Que ce soit une commande manuelle ou une commande informatique modulaire enti\u00e8rement automatis\u00e9e, tous les syst\u00e8mes sont d\u00e9velopp\u00e9s en interne et parfaitement adapt\u00e9s aux installations.<\/span><\/p>\n<p class=\"p1\"><span class=\"s1\"><b>Contr\u00f4ler, r\u00e9guler, \u00e9conomiser de l&rsquo;\u00e9nergie<\/b><\/span><\/p>\n<p class=\"p1\"><span class=\"s1\">La commande surveille et r\u00e9gule le processus de combustion complet : la vitesse de chauffage et de combustion, la temp\u00e9rature de consigne dans le d\u00e9flegmateur, la s\u00e9paration totale de l&rsquo;\u00e9coulement en amont, moyen et en aval ainsi que la pr\u00e9s\u00e9lection int\u00e9gr\u00e9e du produit en fonction de la vari\u00e9t\u00e9 de fruits. Le processus de rin\u00e7age peut \u00e9galement \u00eatre contr\u00f4l\u00e9 automatiquement et \u00eatre d\u00e9fini dans le temps pour chaque zone de l\u2019installation, les informations correspondantes sont affich\u00e9es clairement sur l&rsquo;\u00e9cran.<\/span><\/p>\n<p class=\"p1\"><span class=\"s1\">Les valeurs caract\u00e9ristiques peuvent \u00eatre enregistr\u00e9es, afin d\u2019appliquer les m\u00eames param\u00e8tres \u00e0 chaque nouveau processus de combustion. Des modifications peuvent \u00eatre effectu\u00e9es tr\u00e8s facilement gr\u00e2ce \u00e0 la commande \u00e0 \u00e9cran tactile pendant le processus de combustion. <\/span><\/p>\n<h3 class=\"p2\"><span class=\"s1\">Gestion de l\u2019alcool<\/span><\/h3>\n<p class=\"p1\"><span class=\"s1\">Des r\u00e9servoirs de collecte d\u2019alcool sont int\u00e9gr\u00e9s pour toutes les fractions. Ils peuvent \u00eatre commut\u00e9s manuellement ou automatiquement. Ils sont \u00e9quip\u00e9s de commandes de pompes et de contacteurs de niveau. La saisie num\u00e9rique des donn\u00e9es concernant la concentration et la quantit\u00e9 des diff\u00e9rentes fractions permet de planifier la production efficacement en interne.<\/span><\/p>\n<ul class=\"ul1\">\n<li class=\"li3\"><span class=\"s1\">Automatisation de l\u2019ensemble du processus de distillation <\/span><\/li>\n<li class=\"li3\"><span class=\"s1\">Connexion avec des syst\u00e8mes de saisie des donn\u00e9es existants <\/span><\/li>\n<li class=\"li3\"><span class=\"s1\">Remplissage et vidange automatiques de l\u2019installation<\/span><\/li>\n<\/ul>\n<p class=\"p1\"><span class=\"s1\">&nbsp;<\/span><\/p>\n<h3 class=\"p2\"><span class=\"s1\">Des processus enti\u00e8rement automatis\u00e9s<\/span><\/h3>\n<p class=\"p1\"><span class=\"s1\">Des processus enti\u00e8rement automatis\u00e9s avec une technologie de commande intelligente Utilisation facile dans un bo\u00eetier en acier inoxydable avec un \u00e9cran tactile directement sur l\u2019installation. La commande comprend \u00e9galement un syst\u00e8me de nettoyage enti\u00e8rement automatis\u00e9 avec de l\u2019eau chaude.<\/span><\/p>\n<p class=\"p1\"><span class=\"s3\"><b>Avantages :<\/b><\/span><span class=\"s1\"> assurance-qualit\u00e9, travail efficace et \u00e9conomie d&rsquo;\u00e9nergie.<\/span><\/p>\n<\/div><\/div><div  class=\"one-third column-block  no-background    \" data-animation=\"\" style=\"  \"><div class=\"be-custom-column-inner\"><p><img class=\"alignright size-full wp-image-4469\" src=\"https:\/\/a-holstein.de\/wp-content\/uploads\/2018\/04\/Automatisierung1.jpg\" alt=\"\" width=\"600\" height=\"405\"><\/p>\n<p>&nbsp;<\/p>\n<p><img class=\"size-full wp-image-4547 alignright\" src=\"https:\/\/a-holstein.de\/wp-content\/uploads\/2018\/05\/Automatisierung-1b.jpg\" alt=\"\" width=\"540\" height=\"800\"><\/p>\n<p>&nbsp;<\/p>\n<p><img class=\"size-full wp-image-4548 alignright\" src=\"https:\/\/a-holstein.de\/wp-content\/uploads\/2018\/05\/Automatisierung-1a.jpg\" alt=\"\" width=\"800\" height=\"392\"><\/p>\n<p>&nbsp;<\/p>\n<p><img class=\"wp-image-4481 size-full alignright\" src=\"https:\/\/a-holstein.de\/wp-content\/uploads\/2018\/05\/automat-touch.jpg\" alt=\"\" width=\"600\" height=\"476\"><\/p>\n<\/div><\/div><\/div><\/div><\/div>","protected":false},"excerpt":{"rendered":"<p>Automatisation De la &nbsp;commande manuelle&nbsp;\u00e0 la commande informatique Toutes les installations Holstein peuvent \u00eatre contr\u00f4l\u00e9es et r\u00e9gul\u00e9es de diff\u00e9rentes fa\u00e7ons. Que ce soit une commande manuelle ou une commande informatique [&hellip;]<\/p>\n<p><a href=\"https:\/\/a-holstein.de\/fr\/alambics\/options\/automatisation\/\" class=\"more-link style2-button\">Read More<\/a><\/p>","protected":false},"author":1,"featured_media":0,"parent":4747,"menu_order":0,"comment_status":"closed","ping_status":"closed","template":"","meta":[],"_links":{"self":[{"href":"https:\/\/a-holstein.de\/fr\/wp-json\/wp\/v2\/pages\/4749"}],"collection":[{"href":"https:\/\/a-holstein.de\/fr\/wp-json\/wp\/v2\/pages"}],"about":[{"href":"https:\/\/a-holstein.de\/fr\/wp-json\/wp\/v2\/types\/page"}],"author":[{"embeddable":true,"href":"https:\/\/a-holstein.de\/fr\/wp-json\/wp\/v2\/users\/1"}],"replies":[{"embeddable":true,"href":"https:\/\/a-holstein.de\/fr\/wp-json\/wp\/v2\/comments?post=4749"}],"version-history":[{"count":1,"href":"https:\/\/a-holstein.de\/fr\/wp-json\/wp\/v2\/pages\/4749\/revisions"}],"predecessor-version":[{"id":4923,"href":"https:\/\/a-holstein.de\/fr\/wp-json\/wp\/v2\/pages\/4749\/revisions\/4923"}],"up":[{"embeddable":true,"href":"https:\/\/a-holstein.de\/fr\/wp-json\/wp\/v2\/pages\/4747"}],"wp:attachment":[{"href":"https:\/\/a-holstein.de\/fr\/wp-json\/wp\/v2\/media?parent=4749"}],"curies":[{"name":"wp","href":"https:\/\/api.w.org\/{rel}","templated":true}]}}