{"id":4750,"date":"2017-01-26T16:20:37","date_gmt":"2017-01-26T15:20:37","guid":{"rendered":"https:\/\/a-holstein.de\/options\/reinigungstechnik\/"},"modified":"2018-06-05T15:24:18","modified_gmt":"2018-06-05T13:24:18","slug":"nettoyage","status":"publish","type":"page","link":"https:\/\/a-holstein.de\/fr\/alambics\/options\/nettoyage\/","title":{"rendered":"Nettoyage"},"content":{"rendered":"<div class=\"be-section         clearfix\" data-headerscheme=\"background--dark\" style=\" \"  ><div class=\"be-section-pad clearfix \" style=\" padding-top:90px;padding-bottom:90px;\" data-padding-top = \"90\"><div  class=\"be-row be-wrap clearfix \"><div  class=\"two-third column-block  no-background    \" data-animation=\"\" style=\"  \"><div class=\"be-custom-column-inner\"><h2>Nettoyage<\/h2>\n<p class=\"p1\"><span class=\"s1\">Des surfaces en cuivre propres, ou plus exactement : du cuivre brut avec une surface aussi grande que possible, constituent une condition essentielle pour une qualit\u00e9 de distillat optimale. Nous proposons une technologie de nettoyage adapt\u00e9e.<\/span><\/p>\n<p class=\"p1\"><span class=\"s1\"><b>Technologie de nettoyage CIP<\/b><\/span><\/p>\n<p class=\"p1\"><span class=\"s1\">Sur nos installations, chaque surface de distillat de qualit\u00e9 peut \u00eatre \u00e9quip\u00e9 de buses rotatives haute performance. Dans le casque et la vessie \u00e9galement, les unit\u00e9s de nettoyage int\u00e9gr\u00e9es assurent un cuivre immacul\u00e9 et offrent ainsi les conditions requises pour le d\u00e9ploiement total d\u2019un ar\u00f4me authentique. C\u2019est le seul moyen de lier efficacement&nbsp;les acides ind\u00e9sirables, les cyanures et l\u2019\u00e9thylcarbamate,&nbsp;qui apparaissent particuli\u00e8rement dans les mo\u00fbts de fruits \u00e0 noyaux.<br \/>\nLe rin\u00e7age haute pression int\u00e9gr\u00e9 permet un nettoyage efficace de l\u2019ensemble de l\u2019alambic. Le nettoyage peut \u00eatre effectu\u00e9 au choix avec de l\u2019eau chaude ou avec du produit nettoyant. L\u2019utilisation du syst\u00e8me de nettoyage est tr\u00e8s simple. <\/span><\/p>\n<\/div><\/div><div  class=\"one-third column-block  no-background    \" data-animation=\"\" style=\"  \"><div class=\"be-custom-column-inner\"><p><img class=\"size-full wp-image-4461 alignleft\" src=\"https:\/\/a-holstein.de\/wp-content\/uploads\/2018\/04\/CIP-Reinigung.jpg\" alt=\"\" width=\"600\" height=\"774\"><\/p>\n<\/div><\/div><\/div><\/div><\/div>","protected":false},"excerpt":{"rendered":"<p>Nettoyage Des surfaces en cuivre propres, ou plus exactement : du cuivre brut avec une surface aussi grande que possible, constituent une condition essentielle pour une qualit\u00e9 de distillat optimale. [&hellip;]<\/p>\n<p><a href=\"https:\/\/a-holstein.de\/fr\/alambics\/options\/nettoyage\/\" class=\"more-link style2-button\">Read More<\/a><\/p>","protected":false},"author":1,"featured_media":0,"parent":4747,"menu_order":0,"comment_status":"closed","ping_status":"closed","template":"","meta":[],"_links":{"self":[{"href":"https:\/\/a-holstein.de\/fr\/wp-json\/wp\/v2\/pages\/4750"}],"collection":[{"href":"https:\/\/a-holstein.de\/fr\/wp-json\/wp\/v2\/pages"}],"about":[{"href":"https:\/\/a-holstein.de\/fr\/wp-json\/wp\/v2\/types\/page"}],"author":[{"embeddable":true,"href":"https:\/\/a-holstein.de\/fr\/wp-json\/wp\/v2\/users\/1"}],"replies":[{"embeddable":true,"href":"https:\/\/a-holstein.de\/fr\/wp-json\/wp\/v2\/comments?post=4750"}],"version-history":[{"count":1,"href":"https:\/\/a-holstein.de\/fr\/wp-json\/wp\/v2\/pages\/4750\/revisions"}],"predecessor-version":[{"id":4751,"href":"https:\/\/a-holstein.de\/fr\/wp-json\/wp\/v2\/pages\/4750\/revisions\/4751"}],"up":[{"embeddable":true,"href":"https:\/\/a-holstein.de\/fr\/wp-json\/wp\/v2\/pages\/4747"}],"wp:attachment":[{"href":"https:\/\/a-holstein.de\/fr\/wp-json\/wp\/v2\/media?parent=4750"}],"curies":[{"name":"wp","href":"https:\/\/api.w.org\/{rel}","templated":true}]}}