{"id":4752,"date":"2017-01-26T16:37:49","date_gmt":"2017-01-26T15:37:49","guid":{"rendered":"https:\/\/a-holstein.de\/options\/katalysatortechnik\/"},"modified":"2018-06-05T15:26:59","modified_gmt":"2018-06-05T13:26:59","slug":"catalyseur-en-cuivre","status":"publish","type":"page","link":"https:\/\/a-holstein.de\/fr\/alambics\/options\/catalyseur-en-cuivre\/","title":{"rendered":"Catalyseur en cuivre"},"content":{"rendered":"<div class=\"be-section         clearfix\" data-headerscheme=\"background--dark\" style=\" \"  ><div class=\"be-section-pad clearfix \" style=\" padding-top:90px;padding-bottom:90px;\" data-padding-top = \"90\"><div  class=\"be-row be-wrap clearfix \"><div  class=\"two-third column-block  no-background    \" data-animation=\"\" style=\"  \"><div class=\"be-custom-column-inner\"><h2 class=\"special-h-tag\" style=\"text-align: left;\">Catalyseur en cuivre<\/h2>\n<h5>S\u00e9parateur de cyanure brevet\u00e9 par Arnold Holstein<\/h5>\n<div class=\"be-row be-wrap clearfix \" style=\"text-align: left;\">\n<div class=\"one-col column-block clearfix no-background \" data-animation=\"\">\n<div class=\"be-custom-column-inner\">\n<div class=\"special-heading-wrap style1 0\" data-animation=\"fadeIn\">\n<div class=\"special-heading align-center\">\n<div class=\"sub-title margin-bottom \"><\/div>\n<\/div>\n<\/div>\n<\/div>\n<\/div>\n<\/div>\n<p class=\"p1\"><span class=\"s1\">Un cuivre extr\u00eamement pur, qui lie efficacement les cyanures et l\u2019\u00e9thylcarbamate gr\u00e2ce \u00e0 notre technologie de lamelles et \u00e0 l\u2019agrandissement de la surface associ\u00e9 et qui garantit ainsi durablement le respect des valeurs limites prescrites. <\/span><\/p>\n<p class=\"p1\"><span class=\"s1\">La technologie de lamelles Holstein contribue consid\u00e9rablement \u00e0 l\u2019am\u00e9lioration de la qualit\u00e9 de l\u2019eau-de-vie. Les distillats produits avec notre catalyseur obtiennent r\u00e9guli\u00e8rement d\u2019excellents r\u00e9sultats lors des d\u00e9gustations \u00e0 l\u2019aveugle. En outre, les contr\u00f4les sensoriels et scientifiques de l\u2019universit\u00e9 d\u2019Hohenheim ont r\u00e9v\u00e9l\u00e9 un gain qualitatif important.<\/span><\/p>\n<p class=\"p1\"><span class=\"s1\"><br \/>\nExtrait d&rsquo;une th\u00e8se de doctorat de l\u2019universit\u00e9 d\u2019Hohenheim : \u00ab&nbsp;Le catalyseur de l\u2019entreprise Holstein n\u2019a pas de propri\u00e9t\u00e9s de d\u00e9flegmation et n\u2019a donc pas d\u2019impact sur le taux de reflux. Cependant l\u2019impact sur la qualit\u00e9 des eaux-de-vie est consid\u00e9rable, car toutes les substances n\u00e9gatives (comme l\u2019acide ac\u00e9tique par ex.) sont li\u00e9es par la surface en cuivre, alors que les composants valorisants (comme les alcools sup\u00e9rieurs par ex.) ne sont pas appauvris. Les eaux-de-vie distill\u00e9es avec le catalyseur obtiennent les meilleurs r\u00e9sultats lors des \u00e9valuations sensorielles.&nbsp;\u00bb <\/span><\/p>\n<p class=\"p1\"><span class=\"s1\"><b>Les avantages en quelques mots<\/b><\/span><\/p>\n<ul class=\"ul1\">\n<li class=\"li2\"><span class=\"s1\">Pas de formation de flegme suppl\u00e9mentaire <\/span><\/li>\n<li class=\"li2\"><span class=\"s1\">Pr\u00e9servation des composants lourds <\/span><\/li>\n<li class=\"li2\"><span class=\"s1\">Ralentissement de l\u2019apparition des composants secondaires <\/span><\/li>\n<li class=\"li2\"><span class=\"s1\">Am\u00e9lioration notable de la qualit\u00e9 des distillats gr\u00e2ce \u00e0 l\u2019utilisation de notre technologie de lamelles<\/span><\/li>\n<li class=\"li2\"><span class=\"s1\">Tr\u00e8s grande dur\u00e9e de vie gr\u00e2ce \u00e0 la surface de cuivre maximale<\/span><\/li>\n<\/ul>\n<p class=\"p1\"><span class=\"s1\"><b>Structure<\/b><\/span><\/p>\n<ul class=\"ul1\">\n<li class=\"li2\"><span class=\"s1\">Montage vertical sur un d\u00e9flegmateur (montage brevet\u00e9)<\/span><\/li>\n<li class=\"li2\"><span class=\"s1\">Montage lat\u00e9ral possible \u00e9galement en cas de faible hauteur sous plafond<\/span><\/li>\n<li class=\"li2\"><span class=\"s1\">Grande surface de cuivre gr\u00e2ce \u00e0 la t\u00f4le de cuivre sp\u00e9cialement moul\u00e9e et enroul\u00e9e <\/span><\/li>\n<li class=\"li2\"><span class=\"s1\">Surface en cuivre active orient\u00e9e dans le sens du flux <\/span><\/li>\n<li class=\"li2\"><span class=\"s1\">Activation et d\u00e9sactivation au choix<\/span><\/li>\n<\/ul>\n<p class=\"p1\"><span class=\"s1\"><b>Fonctionnement<\/b><\/span><\/p>\n<p class=\"p1\"><span class=\"s1\">Gr\u00e2ce au catalyseur \u00e0 lamelles plac\u00e9 \u00e0 la verticale, le processus de distillation est enti\u00e8rement sans pression, ce qui permet d\u2019obtenir de tr\u00e8s bonnes caract\u00e9ristiques d&rsquo;\u00e9coulement et un maximum d\u2019efficacit\u00e9. La technologie de catalyseur Holstein garantit ainsi la r\u00e9duction des taux d\u2019acides ind\u00e9sirables, du cyanure et de l\u2019\u00e9thylcarbamate sous les valeurs limites l\u00e9gales.<\/span><\/p>\n<p class=\"p1\"><span class=\"s1\"><b>Mode d&rsquo;action<\/b><\/span><\/p>\n<p class=\"p1\"><span class=\"s1\">Le mode d\u2019action du s\u00e9parateur de cyanure (catalyseur) est v\u00e9rifi\u00e9 \u00e0 l&rsquo;aide d&rsquo;un test de cyanure.<\/span><\/p>\n<\/div><\/div><div  class=\"one-third column-block  no-background    \" data-animation=\"\" style=\"  \"><div class=\"be-custom-column-inner\"><p><img class=\"alignleft wp-image-3812 size-full\" src=\"https:\/\/a-holstein.de\/wp-content\/uploads\/2017\/01\/katalysator.png\" height=\"711\" width=\"450\"><\/p>\n<hr class=\"separator\" style=\"background-color:#eeeeee;color:#eeeeee;height:1px;width:20%;\" \/><p><img class=\"alignleft size-full wp-image-4473\" src=\"https:\/\/a-holstein.de\/wp-content\/uploads\/2018\/04\/Katalysator-ah.jpg\" alt=\"\" width=\"800\" height=\"600\"><\/p>\n<hr class=\"separator\" style=\"background-color:#eeeeee;color:#eeeeee;height:1px;width:20%;\" \/><p><img class=\"alignleft size-full wp-image-4192\" src=\"https:\/\/a-holstein.de\/wp-content\/uploads\/2017\/05\/49.jpg\" alt=\"\" width=\"600\" height=\"900\"><\/p>\n<\/div><\/div><\/div><\/div><\/div>","protected":false},"excerpt":{"rendered":"<p>Catalyseur en cuivre S\u00e9parateur de cyanure brevet\u00e9 par Arnold Holstein Un cuivre extr\u00eamement pur, qui lie efficacement les cyanures et l\u2019\u00e9thylcarbamate gr\u00e2ce \u00e0 notre technologie de lamelles et \u00e0 l\u2019agrandissement [&hellip;]<\/p>\n<p><a href=\"https:\/\/a-holstein.de\/fr\/alambics\/options\/catalyseur-en-cuivre\/\" class=\"more-link style2-button\">Read More<\/a><\/p>","protected":false},"author":1,"featured_media":0,"parent":4747,"menu_order":0,"comment_status":"closed","ping_status":"closed","template":"","meta":[],"_links":{"self":[{"href":"https:\/\/a-holstein.de\/fr\/wp-json\/wp\/v2\/pages\/4752"}],"collection":[{"href":"https:\/\/a-holstein.de\/fr\/wp-json\/wp\/v2\/pages"}],"about":[{"href":"https:\/\/a-holstein.de\/fr\/wp-json\/wp\/v2\/types\/page"}],"author":[{"embeddable":true,"href":"https:\/\/a-holstein.de\/fr\/wp-json\/wp\/v2\/users\/1"}],"replies":[{"embeddable":true,"href":"https:\/\/a-holstein.de\/fr\/wp-json\/wp\/v2\/comments?post=4752"}],"version-history":[{"count":1,"href":"https:\/\/a-holstein.de\/fr\/wp-json\/wp\/v2\/pages\/4752\/revisions"}],"predecessor-version":[{"id":4753,"href":"https:\/\/a-holstein.de\/fr\/wp-json\/wp\/v2\/pages\/4752\/revisions\/4753"}],"up":[{"embeddable":true,"href":"https:\/\/a-holstein.de\/fr\/wp-json\/wp\/v2\/pages\/4747"}],"wp:attachment":[{"href":"https:\/\/a-holstein.de\/fr\/wp-json\/wp\/v2\/media?parent=4752"}],"curies":[{"name":"wp","href":"https:\/\/api.w.org\/{rel}","templated":true}]}}