{"id":4756,"date":"2016-09-27T11:28:50","date_gmt":"2016-09-27T09:28:50","guid":{"rendered":"https:\/\/a-holstein.de\/brennereizubehoer\/"},"modified":"2022-12-15T07:17:55","modified_gmt":"2022-12-15T06:17:55","slug":"accessoires-de-distillation","status":"publish","type":"page","link":"https:\/\/a-holstein.de\/fr\/accessoires-de-distillation\/","title":{"rendered":"Accessoires de distillation"},"content":{"rendered":"<div class=\"be-section   be-bg-cover be-bg-parallax    hide-mobile clearfix\" data-headerscheme=\"background--light\" style=\" background: url(https:\/\/a-holstein.de\/wp-content\/uploads\/2018\/02\/zubehoer.jpg) no-repeat scroll center center;\"  ><div class=\"be-section-pad clearfix \" style=\" padding-top:200px;padding-bottom:200px;\" data-padding-top = \"200\"><div  class=\"be-row be-wrap clearfix \"><div  class=\"one-col column-block clearfix  no-background    \" data-animation=\"\" style=\"  \"><div class=\"be-custom-column-inner\"><\/div><\/div><\/div><\/div><\/div><div class=\"be-section         clearfix\" data-headerscheme=\"background--dark\" style=\" \"  ><div class=\"be-section-pad clearfix \" style=\" padding-top:90px;padding-bottom:90px;\" data-padding-top = \"90\"><div  class=\"be-row be-wrap clearfix \"><div  class=\"two-third column-block  no-background    \" data-animation=\"\" style=\"  \"><div class=\"be-custom-column-inner\"><h3>Accessoires de distillation<\/h3>\n<p><b>Am\u00e9liorer la rentabilit\u00e9 gr\u00e2ce \u00e0 des accessoires adapt\u00e9s pour les caves<\/b><\/p>\n<p class=\"p1\"><span class=\"s1\">Nous proposons un vaste choix de composants et d\u2019accessoires pour am\u00e9liorer l\u2019efficacit\u00e9 du processus de production.<\/span><\/p>\n<p class=\"p1\"><span class=\"s1\">Nous pouvons \u00e9galement r\u00e9aliser un module sur mesure pour votre installation.<\/span><\/p>\n<p class=\"p2\"><span class=\"s1\"><b>N\u2019h\u00e9sitez pas \u00e0 consulter notre catalogue :<\/b><\/span><span class=\"s2\">&nbsp; <a href=\"https:\/\/a-holstein.de\/wp-content\/uploads\/2016\/09\/Holstein_Zubehoer_d.pdf\"><span class=\"s3\">Accessoires Holstein<\/span><\/a><\/span><\/p>\n<\/div><\/div><div  class=\"one-third column-block  no-background    \" data-animation=\"\" style=\"  \"><div class=\"be-custom-column-inner\"><p><a href=\"https:\/\/a-holstein.de\/wp-content\/uploads\/2022\/12\/Holstein_zubehoer-f-2022.pdf\" target=\"_blank\" rel=\"noopener\"><img src=\"https:\/\/a-holstein.de\/wp-content\/uploads\/2022\/12\/Holstein_zubehoer-franzoesisch-2022.jpg\"><\/a><\/p>\n<\/div><\/div><\/div><div  class=\"be-row be-wrap clearfix \"><div  class=\"one-col column-block clearfix  no-background    \" data-animation=\"\" style=\"  \"><div class=\"be-custom-column-inner\"><hr class=\"separator\" style=\"background-color:#e0a240;color:#e0a240;height:1px;width:100%;\" \/><h3>Accessoires<\/h3>\n<p class=\"p1\"><span class=\"s1\"><a href=\"https:\/\/a-holstein.de\/fr\/accessoires-de-distillation\/agiter-macerer\/\">M\u00e9lange, emp\u00e2tage<\/a><\/span><span class=\"s2\"> | <a href=\"https:\/\/a-holstein.de\/fr\/accessoires-de-distillation\/pompes\/\"><span class=\"s3\">Pompes<\/span><\/a> | <a href=\"https:\/\/a-holstein.de\/fr\/accessoires-de-distillation\/autres-accessoires\/\"><span class=\"s3\">Accessoires<\/span><\/a> | <a href=\"https:\/\/a-holstein.de\/fr\/transformation-des-fruits\/produire-embouteiller-et-stocker-des-jus\/\"><span class=\"s3\">Embouteillage<\/span><\/a><\/span><\/p>\n<\/div><\/div><\/div><div  class=\"be-row be-wrap clearfix \"><div  class=\"one-third column-block  no-background    \" data-animation=\"\" style=\"  \"><div class=\"be-custom-column-inner\"><ul>\n<li class=\"li1\"><span class=\"s2\">Accessoires pour pompes \u00e0 mo\u00fbts<\/span><\/li>\n<li class=\"li1\"><span class=\"s2\">Tuyaux<\/span><\/li>\n<li class=\"li1\"><span class=\"s2\">Raccords<\/span><\/li>\n<li class=\"li1\"><span class=\"s2\">Accessoires pour alambics<\/span><\/li>\n<li class=\"li1\"><span class=\"s2\">Filtre \u00e0 couches rondes en acier inoxydable \u00e9lectrique<\/span><\/li>\n<li class=\"li1\"><span class=\"s2\">Filtre \u00e0 couches en acier inoxydable<\/span><\/li>\n<li class=\"li1\"><span class=\"s2\">Alcoom\u00e8tres<\/span><\/li>\n<li class=\"li1\"><span class=\"s2\">\u00c9chelle Oechsle<\/span><\/li>\n<li class=\"li1\"><span class=\"s2\">Saccharim\u00e8tre<\/span><\/li>\n<\/ul>\n<\/div><\/div><div  class=\"one-third column-block  no-background    \" data-animation=\"\" style=\"  \"><div class=\"be-custom-column-inner\"><ul>\n<li class=\"li1\"><span class=\"s2\">R\u00e9fractom\u00e8tre manuel<\/span><\/li>\n<li class=\"li1\"><span class=\"s2\">Ligne d\u2019embouteillage sous vide Enolmatic<\/span><\/li>\n<li class=\"li1\"><span class=\"s2\">Ligne d\u2019embouteillage en acier inoxydable 4 emplacements<\/span><\/li>\n<li class=\"li1\"><span class=\"s2\">Support d&rsquo;\u00e9gouttage des bouteilles<\/span><\/li>\n<li class=\"li1\"><span class=\"s2\">Ouvrages sp\u00e9cialis\u00e9s<\/span><\/li>\n<li class=\"li1\"><span class=\"s2\">\u00c9tiqueteuse manuelle<\/span><\/li>\n<li class=\"li1\"><span class=\"s2\">Appareil \u00e9lectrique de r\u00e9tractation des capsules<\/span><\/li>\n<li class=\"li1\"><span class=\"s2\">Brosse \u00e0 f\u00fbts<\/span><\/li>\n<li class=\"li1\"><span class=\"s2\">Racloir articul\u00e9<\/span><\/li>\n<\/ul>\n<\/div><\/div><div  class=\"one-third column-block  no-background    \" data-animation=\"\" style=\"  \"><div class=\"be-custom-column-inner\"><div class=\"grid-wrap \" data-col=\"2\" style=\"border-color: #e0a240; align-right\"><div class=\"grid-col 0 align-right\" data-animation=\"fadeIn\"><div class=\"grid-info\"><p><img class=\"alignleft size-full wp-image-3859\" src=\"https:\/\/a-holstein.de\/wp-content\/uploads\/2017\/02\/Refraktometer.png\" alt=\"\" width=\"246\" height=\"190\"><\/p>\n<\/div><\/div><div class=\"grid-col 0 align-right\" data-animation=\"fadeIn\"><div class=\"grid-info\"><p><img class=\"alignleft size-medium wp-image-3858\" src=\"https:\/\/a-holstein.de\/wp-content\/uploads\/2017\/02\/Oechslewaage-300x212.png\" alt=\"\" width=\"300\" height=\"212\"><\/p>\n<\/div><\/div><div class=\"grid-col 0 align-right\" data-animation=\"fadeIn\"><div class=\"grid-info\"><p><img class=\"alignleft size-medium wp-image-3853\" src=\"https:\/\/a-holstein.de\/wp-content\/uploads\/2017\/02\/Zubeh-Maische-300x213.png\" alt=\"\" width=\"300\" height=\"213\"><\/p>\n<\/div><\/div><div class=\"grid-col 0 align-right\" data-animation=\"fadeIn\"><div class=\"grid-info\"><p><img class=\"alignleft size-medium wp-image-3869\" src=\"https:\/\/a-holstein.de\/wp-content\/uploads\/2017\/02\/buecher-300x198.png\" alt=\"\" width=\"300\" height=\"198\"><\/p>\n<\/div><\/div><\/div><\/div><\/div><\/div><div  class=\"be-row be-wrap clearfix \"><div  class=\"one-col column-block clearfix  no-background    \" data-animation=\"\" style=\"  \"><div class=\"be-custom-column-inner\"><hr class=\"separator\" style=\"background-color:#e0a240;color:#e0a240;height:1px;width:100%;\" \/><h3>Stockage<\/h3>\n<p class=\"p1\"><span class=\"s1\"><a href=\"https:\/\/a-holstein.de\/fr\/accessoires-de-distillation\/stockage\/\">&gt;&gt; Vers les articles<\/a><\/span><\/p>\n<\/div><\/div><\/div><div  class=\"be-row be-wrap clearfix \"><div  class=\"one-third column-block  no-background    \" data-animation=\"\" style=\"  \"><div class=\"be-custom-column-inner\"><ul>\n<li class=\"li1\"><span class=\"s2\">Seaux en acier inoxydable<\/span><\/li>\n<li class=\"li1\"><span class=\"s2\">Pots en acier inoxydable<\/span><\/li>\n<li class=\"li1\"><span class=\"s2\">Ballons en verre<\/span><\/li>\n<li class=\"li1\"><span class=\"s2\">F\u00fbts<\/span><\/li>\n<li class=\"li1\"><span class=\"s2\">Conteneur sur palettes 1000 L<\/span><\/li>\n<li class=\"li1\"><span class=\"s2\">R\u00e9servoir toujours plein en acier inoxydable<\/span><\/li>\n<li class=\"li1\"><span class=\"s2\">R\u00e9cipient de stockage en acier inoxydable<\/span><\/li>\n<\/ul>\n<\/div><\/div><div  class=\"two-third column-block  no-background    \" data-animation=\"\" style=\"  \"><div class=\"be-custom-column-inner\"><div class=\"grid-wrap \" data-col=\"4\" style=\"border-color: #e0a240; align-right\"><div class=\"grid-col 0 align-right\" data-animation=\"fadeIn\"><div class=\"grid-info\"><p><img class=\"alignleft size-full wp-image-3846\" src=\"https:\/\/a-holstein.de\/wp-content\/uploads\/2017\/02\/Eimer.png\" alt=\"\" width=\"281\" height=\"292\"><\/p>\n<\/div><\/div><div class=\"grid-col 0 align-right\" data-animation=\"fadeIn\"><div class=\"grid-info\"><p><img class=\"alignleft size-medium wp-image-3848\" src=\"https:\/\/a-holstein.de\/wp-content\/uploads\/2017\/02\/Glasballone-210x300.png\" alt=\"\" width=\"210\" height=\"300\"><\/p>\n<\/div><\/div><div class=\"grid-col 0 align-right\" data-animation=\"fadeIn\"><div class=\"grid-info\"><p><img class=\"alignleft size-medium wp-image-3847\" src=\"https:\/\/a-holstein.de\/wp-content\/uploads\/2017\/02\/Edelstahl-Kanne-235x300.png\" alt=\"\" width=\"235\" height=\"300\"><\/p>\n<\/div><\/div><div class=\"grid-col 0 align-right\" data-animation=\"fadeIn\"><div class=\"grid-info\"><p><img class=\"alignleft size-medium wp-image-3849\" src=\"https:\/\/a-holstein.de\/wp-content\/uploads\/2017\/02\/Einschlagfaesser-300x267.png\" alt=\"\" width=\"300\" height=\"267\"><\/p>\n<\/div><\/div><\/div><\/div><\/div><\/div><\/div><\/div>","protected":false},"excerpt":{"rendered":"<p>Accessoires de distillation Am\u00e9liorer la rentabilit\u00e9 gr\u00e2ce \u00e0 des accessoires adapt\u00e9s pour les caves Nous proposons un vaste choix de composants et d\u2019accessoires pour am\u00e9liorer l\u2019efficacit\u00e9 du processus de production. [&hellip;]<\/p>\n<p><a href=\"https:\/\/a-holstein.de\/fr\/accessoires-de-distillation\/\" class=\"more-link style2-button\">Read More<\/a><\/p>","protected":false},"author":1,"featured_media":0,"parent":0,"menu_order":0,"comment_status":"closed","ping_status":"closed","template":"","meta":[],"_links":{"self":[{"href":"https:\/\/a-holstein.de\/fr\/wp-json\/wp\/v2\/pages\/4756"}],"collection":[{"href":"https:\/\/a-holstein.de\/fr\/wp-json\/wp\/v2\/pages"}],"about":[{"href":"https:\/\/a-holstein.de\/fr\/wp-json\/wp\/v2\/types\/page"}],"author":[{"embeddable":true,"href":"https:\/\/a-holstein.de\/fr\/wp-json\/wp\/v2\/users\/1"}],"replies":[{"embeddable":true,"href":"https:\/\/a-holstein.de\/fr\/wp-json\/wp\/v2\/comments?post=4756"}],"version-history":[{"count":1,"href":"https:\/\/a-holstein.de\/fr\/wp-json\/wp\/v2\/pages\/4756\/revisions"}],"predecessor-version":[{"id":4757,"href":"https:\/\/a-holstein.de\/fr\/wp-json\/wp\/v2\/pages\/4756\/revisions\/4757"}],"wp:attachment":[{"href":"https:\/\/a-holstein.de\/fr\/wp-json\/wp\/v2\/media?parent=4756"}],"curies":[{"name":"wp","href":"https:\/\/api.w.org\/{rel}","templated":true}]}}