{"id":4758,"date":"2016-11-03T08:55:16","date_gmt":"2016-11-03T07:55:16","guid":{"rendered":"https:\/\/a-holstein.de\/accessoires-de-distillation\/pompes\/fluessigkeitspumpen\/"},"modified":"2018-06-05T15:30:43","modified_gmt":"2018-06-05T13:30:43","slug":"pompes-a-liquide","status":"publish","type":"page","link":"https:\/\/a-holstein.de\/fr\/accessoires-de-distillation\/pompes\/pompes-a-liquide\/","title":{"rendered":"Pompes \u00e0 liquide"},"content":{"rendered":"<div class=\"be-section         clearfix\" data-headerscheme=\"background--dark\" style=\" \"  ><div class=\"be-section-pad clearfix \" style=\" padding-top:90px;padding-bottom:90px;\" data-padding-top = \"90\"><div  class=\"be-row be-wrap clearfix \"><div  class=\"one-col column-block clearfix  no-background    \" data-animation=\"\" style=\"  \"><div class=\"be-custom-column-inner\"><h3>Pompes \u00e0 liquide<\/h3>\n<hr class=\"separator\" style=\"background-color:#e0a240;color:#e0a240;height:1px;width:100%;\" \/><div class=\"special-subtitle-wrap  0\" style=\"margin-bottom: 30px;\" data-animation=\"fadeIn\"><div class=\"align-left\"><span class=\"special-subtitle\" style=\"color: #e0a240; font-size: 20px ; width: 100%\" >Pompes tiges<\/span><\/div><\/div><\/div><\/div><\/div><div  class=\"be-row be-wrap clearfix \"><div  class=\"one-third column-block  no-background    \" data-animation=\"\" style=\"  \"><div class=\"be-custom-column-inner\"><p><img class=\"alignleft size-medium wp-image-3832\" src=\"https:\/\/a-holstein.de\/wp-content\/uploads\/2016\/11\/Stabpumpe-141x300.jpg\" alt=\"\" width=\"141\" height=\"300\"><\/p>\n<\/div><\/div><div  class=\"two-third column-block  no-background    \" data-animation=\"\" style=\"  \"><div class=\"be-custom-column-inner\"><ul class=\"ul1\">\n<li class=\"li1\"><span class=\"s2\">Pour les substances liquides<\/span><\/li>\n<li class=\"li1\"><span class=\"s2\">Id\u00e9al pour pomper des f\u00fbts, des bidons, des ballons ou des conteneurs<\/span><\/li>\n<li class=\"li1\"><span class=\"s2\">Avec disjoncteur de protection moteur<\/span><\/li>\n<li class=\"li1\"><span class=\"s2\">C\u00e2ble de 3&nbsp;m avec connecteur<\/span><\/li>\n<li class=\"li1\"><span class=\"s2\">Raccord de tuyau&nbsp;: Largeur 19&nbsp;mm<\/span><\/li>\n<li class=\"li1\"><span class=\"s2\">Moteur : 200 W \/ 230 V \/ 50 Hz<\/span><\/li>\n<\/ul>\n<p class=\"p2\"><span class=\"s4\"><b>Type &nbsp; \/\/&nbsp;&nbsp; Puissance&nbsp; \/\/ &nbsp; Tuyau<\/b><\/span><span class=\"s2\"><br \/>\nB 2 PP-DL 25&nbsp;&nbsp; \/\/&nbsp;&nbsp; 1000 L\/h&nbsp;&nbsp;&nbsp; \/\/&nbsp;&nbsp; KU 650 mm de longueur<br \/>\nB 2 PP-DL 32&nbsp;&nbsp;&nbsp; \/\/&nbsp;&nbsp; 2000 L\/h&nbsp;&nbsp; \/\/&nbsp;&nbsp; KU 1000 mm de longueur<br \/>\nB2 inox-DL 28&nbsp;&nbsp; \/\/&nbsp;&nbsp; 1000 L\/h&nbsp;&nbsp; \/\/&nbsp;&nbsp; VA 1000 mm de longueur<\/span><\/p>\n<p class=\"p2\"><span class=\"s4\"><b>Accessoires<\/b><\/span><span class=\"s2\"> Pistolet \u00e0 buse, tuyau en PVC avec tissu alimentaire, largeur int\u00e9rieure de 19&nbsp;mm<\/span><\/p>\n<\/div><\/div><\/div><div  class=\"be-row be-wrap clearfix \"><div  class=\"one-col column-block clearfix  no-background    \" data-animation=\"\" style=\"  \"><div class=\"be-custom-column-inner\"><hr class=\"separator\" style=\"background-color:#e0a240;color:#e0a240;height:1px;width:100%;\" \/><div class=\"special-subtitle-wrap  0\" style=\"margin-bottom: 30px;\" data-animation=\"fadeIn\"><div class=\"align-left\"><span class=\"special-subtitle\" style=\"color: #e0a240; font-size: 20px ; width: 100%\" >Pompe tige mod\u00e8le industriel<\/span><\/div><\/div><\/div><\/div><\/div><div  class=\"be-row be-wrap clearfix \"><div  class=\"one-third column-block  no-background    \" data-animation=\"\" style=\"  \"><div class=\"be-custom-column-inner\"><\/div><\/div><div  class=\"two-third column-block  no-background    \" data-animation=\"\" style=\"  \"><div class=\"be-custom-column-inner\"><ul class=\"ul1\">\n<li class=\"li1\"><span class=\"s2\">Avec moteur universel \u00e0 interrupteur marche\/arr\u00eat et r\u00e9gulateur de vitesse MI 4 \u2013 E \/ 230 V, 500 W<\/span><\/li>\n<li class=\"li1\"><span class=\"s2\">R\u00e9gulation continue., 0 \u2013 5220 L\/h, 19 m WS, avec station de pompage PP 41-L-DL SS,<br \/>\nArbre d\u2019entra\u00eenement acier inoxydable (1.4571)<\/span><\/li>\n<li class=\"li1\"><span class=\"s2\">Longueur du tuyau PP 1000 mm, \u00d8 41 mm avec tubulures sous pression 1 1\/4\u2033 et raccord de tuyau 3\/4\u2033<\/span><\/li>\n<li class=\"li1\"><span class=\"s2\">Longueur du tuyau inox 1000 mm, \u00d8 41 mm avec tubulures sous pression 1 1\/4\u2033 et raccord de tuyau 3\/4\u2033<\/span><\/li>\n<\/ul>\n<\/div><\/div><\/div><div  class=\"be-row be-wrap clearfix \"><div  class=\"one-col column-block clearfix  no-background    \" data-animation=\"\" style=\"  \"><div class=\"be-custom-column-inner\"><hr class=\"separator\" style=\"background-color:#e0a240;color:#e0a240;height:1px;width:100%;\" \/><div class=\"special-subtitle-wrap  0\" style=\"margin-bottom: 30px;\" data-animation=\"fadeIn\"><div class=\"align-left\"><span class=\"special-subtitle\" style=\"color: #e0a240; font-size: 20px ; width: 100%\" >Pompe \u00e0 liquide de type HP50<\/span><\/div><\/div><\/div><\/div><\/div><div  class=\"be-row be-wrap clearfix \"><div  class=\"one-third column-block  no-background    \" data-animation=\"\" style=\"  \"><div class=\"be-custom-column-inner\"><p><img class=\"alignleft size-medium wp-image-3979\" src=\"https:\/\/a-holstein.de\/wp-content\/uploads\/2016\/11\/HO50-300x262.png\" alt=\"\" width=\"300\" height=\"262\"><\/p>\n<\/div><\/div><div  class=\"two-third column-block  no-background    \" data-animation=\"\" style=\"  \"><div class=\"be-custom-column-inner\"><ul>\n<li class=\"li1\"><span class=\"s2\">Agent : Liquides, mo\u00fbts de fruits \u00e0 noyaux, levure de vinification<\/span><\/li>\n<li class=\"li1\"><span class=\"s2\">Puissance : 10&nbsp;000&nbsp;L\/h<\/span><\/li>\n<li class=\"li1\"><span class=\"s2\">Moteur : 1,8 kW\/400&nbsp;V<\/span><\/li>\n<li class=\"li1\"><span class=\"s2\">Auto-amor\u00e7ante \u00e0 sec<\/span><\/li>\n<li class=\"li1\"><span class=\"s2\">Nettoyage facile<\/span><\/li>\n<li class=\"li1\"><span class=\"s2\">Option&nbsp;:&nbsp;avec disjoncteur, avec r\u00e9gulation du d\u00e9bit<\/span><\/li>\n<\/ul>\n<\/div><\/div><\/div><\/div><\/div>","protected":false},"excerpt":{"rendered":"<p>Pompes \u00e0 liquide Pompes tiges Pour les substances liquides Id\u00e9al pour pomper des f\u00fbts, des bidons, des ballons ou des conteneurs Avec disjoncteur de protection moteur C\u00e2ble de 3&nbsp;m avec [&hellip;]<\/p>\n<p><a href=\"https:\/\/a-holstein.de\/fr\/accessoires-de-distillation\/pompes\/pompes-a-liquide\/\" class=\"more-link style2-button\">Read More<\/a><\/p>","protected":false},"author":1,"featured_media":0,"parent":4754,"menu_order":0,"comment_status":"closed","ping_status":"closed","template":"","meta":[],"_links":{"self":[{"href":"https:\/\/a-holstein.de\/fr\/wp-json\/wp\/v2\/pages\/4758"}],"collection":[{"href":"https:\/\/a-holstein.de\/fr\/wp-json\/wp\/v2\/pages"}],"about":[{"href":"https:\/\/a-holstein.de\/fr\/wp-json\/wp\/v2\/types\/page"}],"author":[{"embeddable":true,"href":"https:\/\/a-holstein.de\/fr\/wp-json\/wp\/v2\/users\/1"}],"replies":[{"embeddable":true,"href":"https:\/\/a-holstein.de\/fr\/wp-json\/wp\/v2\/comments?post=4758"}],"version-history":[{"count":1,"href":"https:\/\/a-holstein.de\/fr\/wp-json\/wp\/v2\/pages\/4758\/revisions"}],"predecessor-version":[{"id":4759,"href":"https:\/\/a-holstein.de\/fr\/wp-json\/wp\/v2\/pages\/4758\/revisions\/4759"}],"up":[{"embeddable":true,"href":"https:\/\/a-holstein.de\/fr\/wp-json\/wp\/v2\/pages\/4754"}],"wp:attachment":[{"href":"https:\/\/a-holstein.de\/fr\/wp-json\/wp\/v2\/media?parent=4758"}],"curies":[{"name":"wp","href":"https:\/\/api.w.org\/{rel}","templated":true}]}}