{"id":4760,"date":"2017-03-28T14:28:15","date_gmt":"2017-03-28T12:28:15","guid":{"rendered":"https:\/\/a-holstein.de\/accessoires-de-distillation\/pompes\/impellerpumpen\/"},"modified":"2018-06-05T15:36:52","modified_gmt":"2018-06-05T13:36:52","slug":"pompes-a-impulseur","status":"publish","type":"page","link":"https:\/\/a-holstein.de\/fr\/accessoires-de-distillation\/pompes\/pompes-a-impulseur\/","title":{"rendered":"Pompes \u00e0 impulseur"},"content":{"rendered":"<div class=\"be-section         clearfix\" data-headerscheme=\"background--dark\" style=\" \"  ><div class=\"be-section-pad clearfix \" style=\" padding-top:90px;padding-bottom:90px;\" data-padding-top = \"90\"><div  class=\"be-row be-wrap clearfix \"><div  class=\"one-col column-block clearfix  no-background    \" data-animation=\"\" style=\"  \"><div class=\"be-custom-column-inner\"><h3>Pompes \u00e0 impulseur<\/h3>\n<h5>Pour les technologies de chai et de distillerie<\/h5>\n<hr class=\"separator\" style=\"background-color:#e0a240;color:#e0a240;height:1px;width:100%;\" \/><div class=\"special-subtitle-wrap  0\" style=\"margin-bottom: 30px;\" data-animation=\"fadeIn\"><div class=\"align-left\"><span class=\"special-subtitle\" style=\"color: #e0a240; font-size: 20px ; width: 100%\" >Pompes \u00e0 impulseur pour les technologies de chai et de distillerie<\/span><\/div><\/div><\/div><\/div><\/div><div  class=\"be-row be-wrap clearfix \"><div  class=\"one-third column-block  no-background    \" data-animation=\"\" style=\"  \"><div class=\"be-custom-column-inner\"><p><img class=\"alignleft size-medium wp-image-3982\" src=\"https:\/\/a-holstein.de\/wp-content\/uploads\/2017\/03\/IMpeller-300x277.png\" alt=\"\" width=\"300\" height=\"277\"><\/p>\n<\/div><\/div><div  class=\"two-third column-block  no-background    \" data-animation=\"\" style=\"  \"><div class=\"be-custom-column-inner\"><p class=\"p1\"><span class=\"s1\">Elles r\u00e9unissent toutes les caract\u00e9ristiques des pompes centrifuges et volum\u00e9triques.<br \/>\nCes pompes \u00e0 impulseur sont livr\u00e9es en version portative (jusqu\u2019\u00e0 une taille IP 3) et en version mobile.<\/span><\/p>\n<p class=\"p1\"><span class=\"s1\">&nbsp;<\/span><\/p>\n<p class=\"p2\"><span class=\"s1\"><b>Avantages :<\/b><\/span><\/p>\n<ul class=\"ul1\">\n<li class=\"li3\"><span class=\"s1\">Agent : Liquides avec noyaux, r\u00e9sidus d\u2019eau-de-vie et mo\u00fbts de grains<\/span><\/li>\n<li class=\"li3\"><span class=\"s1\">Formes compactes, faible poids<\/span><\/li>\n<li class=\"li3\"><span class=\"s1\">Autoaspiration \u00e0 sec des deux c\u00f4t\u00e9s jusqu\u2019\u00e0 5&nbsp;m WS<\/span><\/li>\n<li class=\"li3\"><span class=\"s1\">Toutes les parties des pompes sont en acier inoxydable, mat\u00e9riaux sans pores polis<\/span><\/li>\n<li class=\"li3\"><span class=\"s1\">Alimentation d\u00e9licate, presque sans pulsation<\/span><\/li>\n<li class=\"li3\"><span class=\"s1\">Nettoyage facile<\/span><\/li>\n<li class=\"li3\"><span class=\"s1\">D\u00e9montage rapide<\/span><\/li>\n<li class=\"li3\"><span class=\"s1\">Pression jusqu&rsquo;\u00e0 5&nbsp;bars<\/span><\/li>\n<li class=\"li3\"><span class=\"s1\">R\u00e9gulation facile par une d\u00e9rivation<\/span><\/li>\n<li class=\"li3\"><span class=\"s1\">Entra\u00eenement avec 2 vitesses de rotation ou vitesse de rotation variable possible<\/span><\/li>\n<li class=\"li3\"><span class=\"s1\">Taille de pompe de 1 \u00e0 30 m3\/h<\/span><\/li>\n<li class=\"li3\"><span class=\"s1\">Agent : Liquides, mo\u00fbts de fruits \u00e0 noyaux, levure de vinification<\/span><\/li>\n<li class=\"li3\"><span class=\"s1\">Puissance : 10&nbsp;000&nbsp;L\/h<\/span><\/li>\n<li class=\"li3\"><span class=\"s1\">Moteur : 1,8 kW\/400&nbsp;V<\/span><\/li>\n<li class=\"li3\"><span class=\"s1\">Auto-amor\u00e7ante \u00e0 sec<\/span><\/li>\n<li class=\"li3\"><span class=\"s1\">Nettoyage facile<\/span><\/li>\n<li class=\"li3\"><span class=\"s1\">Option&nbsp;:&nbsp;avec disjoncteur, avec r\u00e9gulation du d\u00e9bit<\/span><\/li>\n<\/ul>\n\n<table id=\"tablepress-35\" class=\"tablepress tablepress-id-35\">\n<thead>\n<tr class=\"row-1 odd\">\n\t<th class=\"column-1\">Type<\/th><th class=\"column-2\">D\u00e9rivation<\/th><th class=\"column-3\">Raccords<\/th><th class=\"column-4\">Puissance<\/th><th class=\"column-5\">Info<\/th>\n<\/tr>\n<\/thead>\n<tbody class=\"row-hover\">\n<tr class=\"row-2 even\">\n\t<td class=\"column-1\">IP3<\/td><td class=\"column-2\">oui<\/td><td class=\"column-3\">IG 1\"<\/td><td class=\"column-4\">5.000 l d\u2019eau\/h<\/td><td class=\"column-5\">230 o. 400V<\/td>\n<\/tr>\n<tr class=\"row-3 odd\">\n\t<td class=\"column-1\"><\/td><td class=\"column-2\"><\/td><td class=\"column-3\">IG 1\"<\/td><td class=\"column-4\">1.400 U\/min.<\/td><td class=\"column-5\">VA<\/td>\n<\/tr>\n<tr class=\"row-4 even\">\n\t<td class=\"column-1\"><\/td><td class=\"column-2\"><\/td><td class=\"column-3\"><\/td><td class=\"column-4\">0,75kW<\/td><td class=\"column-5\"><\/td>\n<\/tr>\n<tr class=\"row-5 odd\">\n\t<td class=\"column-1\"><\/td><td class=\"column-2\"><\/td><td class=\"column-3\"><\/td><td class=\"column-4\"><\/td><td class=\"column-5\"><\/td>\n<\/tr>\n<tr class=\"row-6 even\">\n\t<td class=\"column-1\">IP10<\/td><td class=\"column-2\">oui<\/td><td class=\"column-3\">2 X IG R<\/td><td class=\"column-4\">10.000 l d\u2019eau\/h<\/td><td class=\"column-5\">400V<\/td>\n<\/tr>\n<tr class=\"row-7 odd\">\n\t<td class=\"column-1\"><\/td><td class=\"column-2\"><\/td><td class=\"column-3\">1 1\/4\"<\/td><td class=\"column-4\">1.400 U\/min.<\/td><td class=\"column-5\">VA<\/td>\n<\/tr>\n<tr class=\"row-8 even\">\n\t<td class=\"column-1\"><\/td><td class=\"column-2\"><\/td><td class=\"column-3\"><\/td><td class=\"column-4\">2,2kW<\/td><td class=\"column-5\"><\/td>\n<\/tr>\n<tr class=\"row-9 odd\">\n\t<td class=\"column-1\"><\/td><td class=\"column-2\"><\/td><td class=\"column-3\"><\/td><td class=\"column-4\"><\/td><td class=\"column-5\"><\/td>\n<\/tr>\n<tr class=\"row-10 even\">\n\t<td class=\"column-1\">IP15<\/td><td class=\"column-2\">oui<\/td><td class=\"column-3\">2 X IG R<\/td><td class=\"column-4\">15.000 l d\u2019eau\/h<\/td><td class=\"column-5\">400V<\/td>\n<\/tr>\n<tr class=\"row-11 odd\">\n\t<td class=\"column-1\"><\/td><td class=\"column-2\"><\/td><td class=\"column-3\">1 1\/4\"<\/td><td class=\"column-4\">700\/1.400 U\/min.<\/td><td class=\"column-5\">VA<\/td>\n<\/tr>\n<tr class=\"row-12 even\">\n\t<td class=\"column-1\"><\/td><td class=\"column-2\"><\/td><td class=\"column-3\"><\/td><td class=\"column-4\">2,2kW<\/td><td class=\"column-5\"><\/td>\n<\/tr>\n<\/tbody>\n<\/table>\n<!-- #tablepress-35 from cache --><\/div><\/div><\/div><div  class=\"be-row be-wrap clearfix \"><div  class=\"one-third column-block  no-background    \" data-animation=\"\" style=\"  \"><div class=\"be-custom-column-inner\"><p><img class=\"alignleft size-medium wp-image-3981\" src=\"https:\/\/a-holstein.de\/wp-content\/uploads\/2017\/03\/Ersatz-impeller-300x199.png\" alt=\"\" width=\"300\" height=\"199\"><\/p>\n<\/div><\/div><div  class=\"two-third column-block  no-background    \" data-animation=\"\" style=\"  \"><div class=\"be-custom-column-inner\">\n<table id=\"tablepress-36\" class=\"tablepress tablepress-id-36\">\n<thead>\n<tr class=\"row-1 odd\">\n\t<th class=\"column-1\">Propulseur de rechange pour<\/th><th class=\"column-2\">Dimensions<\/th><th class=\"column-3\">&nbsp;<\/th>\n<\/tr>\n<\/thead>\n<tbody class=\"row-hover\">\n<tr class=\"row-2 even\">\n\t<td class=\"column-1\">IP1<\/td><td class=\"column-2\">d=57<\/td><td class=\"column-3\">h=22,5<\/td>\n<\/tr>\n<tr class=\"row-3 odd\">\n\t<td class=\"column-1\">IP2<\/td><td class=\"column-2\">d=56<\/td><td class=\"column-3\">h=31,5<\/td>\n<\/tr>\n<tr class=\"row-4 even\">\n\t<td class=\"column-1\">IP3<\/td><td class=\"column-2\">d=64<\/td><td class=\"column-3\">h=50<\/td>\n<\/tr>\n<tr class=\"row-5 odd\">\n\t<td class=\"column-1\">IP10<\/td><td class=\"column-2\">d=92<\/td><td class=\"column-3\">h=64<\/td>\n<\/tr>\n<\/tbody>\n<\/table>\n<!-- #tablepress-36 from cache --><\/div><\/div><\/div><\/div><\/div>","protected":false},"excerpt":{"rendered":"<p>Pompes \u00e0 impulseur Pour les technologies de chai et de distillerie Pompes \u00e0 impulseur pour les technologies de chai et de distillerie Elles r\u00e9unissent toutes les caract\u00e9ristiques des pompes centrifuges [&hellip;]<\/p>\n<p><a href=\"https:\/\/a-holstein.de\/fr\/accessoires-de-distillation\/pompes\/pompes-a-impulseur\/\" class=\"more-link style2-button\">Read More<\/a><\/p>","protected":false},"author":1,"featured_media":0,"parent":4754,"menu_order":0,"comment_status":"closed","ping_status":"closed","template":"","meta":[],"_links":{"self":[{"href":"https:\/\/a-holstein.de\/fr\/wp-json\/wp\/v2\/pages\/4760"}],"collection":[{"href":"https:\/\/a-holstein.de\/fr\/wp-json\/wp\/v2\/pages"}],"about":[{"href":"https:\/\/a-holstein.de\/fr\/wp-json\/wp\/v2\/types\/page"}],"author":[{"embeddable":true,"href":"https:\/\/a-holstein.de\/fr\/wp-json\/wp\/v2\/users\/1"}],"replies":[{"embeddable":true,"href":"https:\/\/a-holstein.de\/fr\/wp-json\/wp\/v2\/comments?post=4760"}],"version-history":[{"count":1,"href":"https:\/\/a-holstein.de\/fr\/wp-json\/wp\/v2\/pages\/4760\/revisions"}],"predecessor-version":[{"id":4761,"href":"https:\/\/a-holstein.de\/fr\/wp-json\/wp\/v2\/pages\/4760\/revisions\/4761"}],"up":[{"embeddable":true,"href":"https:\/\/a-holstein.de\/fr\/wp-json\/wp\/v2\/pages\/4754"}],"wp:attachment":[{"href":"https:\/\/a-holstein.de\/fr\/wp-json\/wp\/v2\/media?parent=4760"}],"curies":[{"name":"wp","href":"https:\/\/api.w.org\/{rel}","templated":true}]}}