{"id":4766,"date":"2016-11-03T09:06:36","date_gmt":"2016-11-03T08:06:36","guid":{"rendered":"https:\/\/a-holstein.de\/accessoires-de-distillation\/pompes\/maische-saftpumpen\/"},"modified":"2018-06-05T15:37:53","modified_gmt":"2018-06-05T13:37:53","slug":"pompes-a-mouts-et-a-jus","status":"publish","type":"page","link":"https:\/\/a-holstein.de\/fr\/accessoires-de-distillation\/pompes\/pompes-a-mouts-et-a-jus\/","title":{"rendered":"Pompes \u00e0 mo\u00fbts et \u00e0 jus"},"content":{"rendered":"<div class=\"be-section         clearfix\" data-headerscheme=\"background--dark\" style=\" \"  ><div class=\"be-section-pad clearfix \" style=\" padding-top:90px;padding-bottom:90px;\" data-padding-top = \"90\"><div  class=\"be-row be-wrap clearfix \"><div  class=\"one-col column-block clearfix  no-background    \" data-animation=\"\" style=\"  \"><div class=\"be-custom-column-inner\"><h3>Pompes \u00e0 mo\u00fbts et \u00e0 jus<\/h3>\n<p class=\"p1\"><span class=\"s1\">La pompe adapt\u00e9e pour chaque application. En fonction de la quantit\u00e9, de la nature du distillat et des exigences en mati\u00e8re de compatibilit\u00e9 technique avec les installations existantes, nous sommes \u00e0 votre disposition pour vous conseiller.<\/span><\/p>\n<\/div><\/div><\/div><div  class=\"be-row be-wrap clearfix \"><div  class=\"one-third column-block  no-background    \" data-animation=\"\" style=\"  \"><div class=\"be-custom-column-inner\"><p><img class=\"alignleft size-medium wp-image-3989\" src=\"https:\/\/a-holstein.de\/wp-content\/uploads\/2016\/11\/maische-div-250x300.png\" alt=\"\" width=\"250\" height=\"300\"><\/p>\n<\/div><\/div><div  class=\"two-third column-block  no-background    \" data-animation=\"\" style=\"  \"><div class=\"be-custom-column-inner\"><div class=\"special-subtitle-wrap  0\" style=\"margin-bottom: 30px;\" data-animation=\"fadeIn\"><div class=\"align-left\"><span class=\"special-subtitle\" style=\"color: #e0a240; font-size: 20px ; width: 100%\" >Pompes \u00e0 vis excentrique<\/span><\/div><\/div><p><img class=\"size-full wp-image-3597 alignright\" src=\"https:\/\/a-holstein.de\/wp-content\/uploads\/2016\/11\/wsb_207x154_exzenter.png\" alt=\"\" width=\"207\" height=\"154\"><\/p>\n<p class=\"p1\"><span class=\"s1\">Pompes \u00e0 vis excentrique autoaspirantes pour alimenter des liquides ou des mo\u00fbts. Garantit une alimentation d\u00e9licate des mo\u00fbts avec une teneur en solides comme des cerises, des quetsches, des raisins et des baies. Nous avons des pompes adapt\u00e9es \u00e0 chaque application avec des d\u00e9bits compris entre 4&nbsp;500&nbsp;et 40&nbsp;000&nbsp;L\/h.<\/span><\/p>\n<p class=\"p1\"><span class=\"s1\">Les pompes \u00e0 vis excentrique se sont impos\u00e9es comme les pompes volum\u00e9triques les plus utilis\u00e9es au cours des 40&nbsp;derni\u00e8res ann\u00e9es dans l\u2019industrie des boissons. Le traitement d\u00e9licat des produits, le d\u00e9bit r\u00e9gulable presque sans pulsation, leur capacit\u00e9 d&rsquo;autoaspiration et les possibilit\u00e9s d&rsquo;utilisation pour l&rsquo;acheminement de produits liquides, non homog\u00e8nes et \u00e0 haute viscosit\u00e9 expliquent le succ\u00e8s de ce type de pompes.<\/span><\/p>\n<p class=\"p1\"><span class=\"s1\">Optez pour nos pompes aux technologies de pointe et au traitement exceptionnel!<\/span><\/p>\n<\/div><\/div><\/div><div  class=\"be-row be-wrap clearfix \"><div  class=\"one-col column-block clearfix  no-background    \" data-animation=\"\" style=\"  \"><div class=\"be-custom-column-inner\"><hr class=\"separator\" style=\"background-color:#e0a240;color:#e0a240;height:1px;width:100%;\" \/><div class=\"special-subtitle-wrap  0\" style=\"margin-bottom: 30px;\" data-animation=\"fadeIn\"><div class=\"align-left\"><span class=\"special-subtitle\" style=\"color: #e0a240; font-size: 20px ; width: 100%\" >Gamme SMH<\/span><\/div><\/div><\/div><\/div><\/div><div  class=\"be-row be-wrap clearfix \"><div  class=\"one-third column-block  no-background    \" data-animation=\"\" style=\"  \"><div class=\"be-custom-column-inner\"><p><img class=\"alignleft size-medium wp-image-3990\" src=\"https:\/\/a-holstein.de\/wp-content\/uploads\/2016\/11\/smh-allg-300x293.png\" alt=\"\" width=\"300\" height=\"293\"><\/p>\n<\/div><\/div><div  class=\"one-third column-block  no-background    \" data-animation=\"\" style=\"  \"><div class=\"be-custom-column-inner\"><p class=\"p1\"><span class=\"s1\">La gamme SMH comprend des pompes \u00e9labor\u00e9es sp\u00e9cialement pour la distillation des fruits. Gr\u00e2ce \u00e0 l\u2019excentricit\u00e9 extr\u00eamement importante du rotor, les espaces de refoulement entre le rotor et le stator sont particuli\u00e8rement grands, afin que les mo\u00fbts de fruits \u00e0 noyaux soient trait\u00e9s de fa\u00e7on particuli\u00e8rement d\u00e9licate.<\/span><\/p>\n<p class=\"p1\"><span class=\"s1\">Tous les rotors sont pr\u00e9vus pour le montage d\u2019une vis d&rsquo;alimentation avec un raccord filet\u00e9. La largeur d\u2019entr\u00e9e de la pompe peut \u00eatre \u00e9quip\u00e9e d&rsquo;un filetage de mo\u00fbt de 90 \u00e0 partir du type SMH 50 afin de pouvoir monter facilement une tr\u00e9mie de mac\u00e9ration.<\/span><\/p>\n<p class=\"p1\"><span class=\"s1\">Ces pompes \u00e0 mo\u00fbts sont parfaites pour les distilleries. Toutes les substances dans la distillerie sont achemin\u00e9es sans probl\u00e8me et de fa\u00e7on d\u00e9licate. Les espaces homog\u00e8nes en taille entre le rotor et le stator sont \u00ab&nbsp;pouss\u00e9s&nbsp;\u00bb lors de l\u2019acheminement du c\u00f4t\u00e9 aspiration et du c\u00f4t\u00e9 pression. Le produit transport\u00e9 n\u2019est donc pas \u00e9cras\u00e9 et les noyaux de fruits ne sont pas endommag\u00e9s.<\/span><\/p>\n<\/div><\/div><div  class=\"one-third column-block  no-background    \" data-animation=\"\" style=\"  \"><div class=\"be-custom-column-inner\"><p class=\"p1\"><span class=\"s1\"><b>Avantages :<\/b><\/span><\/p>\n<ul class=\"ul1\">\n<li class=\"li2\"><span class=\"s1\">Alimentation particuli\u00e8rement d\u00e9licate<\/span><\/li>\n<li class=\"li2\"><span class=\"s1\">Pas d\u2019endommagement des noyaux<\/span><\/li>\n<li class=\"li2\"><span class=\"s1\">Grande capacit\u00e9 d&rsquo;autoabsorption jusqu\u2019\u00e0 6&nbsp;m Ws<\/span><\/li>\n<li class=\"li2\"><span class=\"s1\">Acheminement de fruits \u00e0 noyaux entiers<\/span><\/li>\n<li class=\"li2\"><span class=\"s1\">Acheminement de dr\u00eache chaude (jusqu\u2019\u00e0 100&nbsp;\u00b0C)<\/span><\/li>\n<li class=\"li2\"><span class=\"s1\">Forme compacte et mobile<\/span><\/li>\n<li class=\"li2\"><span class=\"s1\">Fonctionnement sans oscillation gr\u00e2ce au rotor creux sp\u00e9cial<\/span><\/li>\n<li class=\"li2\"><span class=\"s1\">\u00c9tanch\u00e9it\u00e9 de l\u2019arbre gr\u00e2ce \u00e0 la garniture de presse-\u00e9toupe<\/span><\/li>\n<li class=\"li2\"><span class=\"s1\">Toutes les pompes \u00e0 partir de SMH 50 avec un disjoncteur de protection moteur \u00e0 inverseur de p\u00f4le<\/span><\/li>\n<li class=\"li2\"><span class=\"s1\">Option : Convertisseur de fr\u00e9quence pour la r\u00e9gulation de la vitesse de rotation<\/span><\/li>\n<\/ul>\n<\/div><\/div><\/div><div  class=\"be-row be-wrap clearfix \"><div  class=\"one-third column-block  no-background    \" data-animation=\"\" style=\"  \"><div class=\"be-custom-column-inner\"><div class=\"special-subtitle-wrap  0\" style=\"margin-bottom: 30px;\" data-animation=\"fadeIn\"><div class=\"align-left\"><span class=\"special-subtitle\" style=\"color: #e0a240; font-size: 20px ; width: 100%\" >Type SMH 20<\/span><\/div><\/div><p><img class=\"alignleft size-medium wp-image-3834\" src=\"https:\/\/a-holstein.de\/wp-content\/uploads\/2016\/11\/SMH20-300x200.png\" alt=\"\" width=\"300\" height=\"200\"><\/p>\n<\/div><\/div><div  class=\"two-third column-block  no-background    \" data-animation=\"\" style=\"  \"><div class=\"be-custom-column-inner\"><ul>\n<li class=\"li1\"><span class=\"s2\">Agent : Liquides, mo\u00fbts de fruits \u00e0 noyaux, lie de vin, eau chaude<\/span><\/li>\n<li class=\"li1\"><span class=\"s2\">D\u00e9bit : 2&nbsp;500 et 5&nbsp;000&nbsp;L\/h (eau)<\/span><\/li>\n<li class=\"li1\"><span class=\"s2\">Puissance du moteur&nbsp;: 0,7 \u2013 1,1 kW<\/span><\/li>\n<li class=\"li1\"><span class=\"s2\">Marche avant-arri\u00e8re<\/span><\/li>\n<li class=\"li1\"><span class=\"s2\">Raccord&nbsp;: LN 32\/32<\/span><\/li>\n<\/ul>\n<\/div><\/div><\/div><div  class=\"be-row be-wrap clearfix \"><div  class=\"one-col column-block clearfix  no-background    \" data-animation=\"\" style=\"  \"><div class=\"be-custom-column-inner\"><hr class=\"separator\" style=\"background-color:#e0a240;color:#e0a240;height:1px;width:100%;\" \/><\/div><\/div><\/div><div  class=\"be-row be-wrap clearfix \"><div  class=\"one-third column-block  no-background    \" data-animation=\"\" style=\"  \"><div class=\"be-custom-column-inner\"><div class=\"special-subtitle-wrap  0\" style=\"margin-bottom: 30px;\" data-animation=\"fadeIn\"><div class=\"align-left\"><span class=\"special-subtitle\" style=\"color: #e0a240; font-size: 20px ; width: 100%\" >Type SMH 50<\/span><\/div><\/div><p><img class=\"alignleft size-medium wp-image-3991\" src=\"https:\/\/a-holstein.de\/wp-content\/uploads\/2016\/11\/smh50-2-300x171.png\" alt=\"\" width=\"300\" height=\"171\"><\/p>\n<\/div><\/div><div  class=\"two-third column-block  no-background    \" data-animation=\"\" style=\"  \"><div class=\"be-custom-column-inner\"><ul>\n<li class=\"li1\"><span class=\"s2\">Agent : Liquides, fruits \u00e0 noyaux et cerises avec 2 vitesses de rotation de 700 et 1&nbsp;400&nbsp;tours\/min.<\/span><\/li>\n<li class=\"li1\"><span class=\"s2\">D\u00e9bit : 5&nbsp;000 et 10&nbsp;000&nbsp;L\/h (eau)<\/span><\/li>\n<li class=\"li1\"><span class=\"s2\">Puissance du moteur&nbsp;: 1,0\/1,9&nbsp;kW<\/span><\/li>\n<li class=\"li1\"><span class=\"s2\">Marche avant-arri\u00e8re<\/span><\/li>\n<li class=\"li1\"><span class=\"s2\">Avec disjoncteur de protection moteur<\/span><\/li>\n<li class=\"li1\"><span class=\"s2\">Raccord&nbsp;: NW65\/65 ou 65\/90<\/span><\/li>\n<\/ul>\n<\/div><\/div><\/div><div  class=\"be-row be-wrap clearfix \"><div  class=\"one-col column-block clearfix  no-background    \" data-animation=\"\" style=\"  \"><div class=\"be-custom-column-inner\"><hr class=\"separator\" style=\"background-color:#e0a240;color:#e0a240;height:1px;width:100%;\" \/><\/div><\/div><\/div><div  class=\"be-row be-wrap clearfix \"><div  class=\"one-third column-block  no-background    \" data-animation=\"\" style=\"  \"><div class=\"be-custom-column-inner\"><div class=\"special-subtitle-wrap  0\" style=\"margin-bottom: 30px;\" data-animation=\"fadeIn\"><div class=\"align-left\"><span class=\"special-subtitle\" style=\"color: #e0a240; font-size: 20px ; width: 100%\" >Type SMH 100<\/span><\/div><\/div><p><img class=\"alignleft size-medium wp-image-3992\" src=\"https:\/\/a-holstein.de\/wp-content\/uploads\/2016\/11\/smh100-2-300x146.png\" alt=\"\" width=\"300\" height=\"146\"><\/p>\n<\/div><\/div><div  class=\"two-third column-block  no-background    \" data-animation=\"\" style=\"  \"><div class=\"be-custom-column-inner\"><ul>\n<li class=\"li1\"><span class=\"s2\">Agent : Liquides, fruits \u00e0 p\u00e9pin, fruits \u00e0 noyaux (quetsches \u00e9galement) avec 2 vitesses de rotation de 700 et 1&nbsp;400&nbsp;tours\/min.<\/span><\/li>\n<li class=\"li1\"><span class=\"s2\">D\u00e9bit : 10&nbsp;000 et 20&nbsp;000&nbsp;L\/h (eau)<\/span><\/li>\n<li class=\"li1\"><span class=\"s2\">Puissance du moteur&nbsp;: 2,4\/3,5 kW<\/span><\/li>\n<li class=\"li1\"><span class=\"s2\">Marche avant-arri\u00e8re<\/span><\/li>\n<li class=\"li1\"><span class=\"s2\">Avec disjoncteur de protection moteur<\/span><\/li>\n<li class=\"li1\"><span class=\"s2\">Raccord&nbsp;: LN 65\/65 ou 65\/90<\/span><\/li>\n<\/ul>\n<p class=\"p1\"><span class=\"s1\"><b>Autres mod\u00e8les :<\/b><\/span><\/p>\n<p class=\"p2\"><span class=\"s2\"><b>SMH 200<\/b><\/span><span class=\"s1\"><br \/>\nD\u00e9bit : 15&nbsp;000 et 30&nbsp;000&nbsp;L\/h (eau)<\/span><\/p>\n<p class=\"p2\"><span class=\"s2\"><b>SMH 380<\/b><\/span><span class=\"s1\"><br \/>\nD\u00e9bit : 20&nbsp;000 et 40&nbsp;000&nbsp;L\/h (eau)<\/span><\/p>\n<\/div><\/div><\/div><div  class=\"be-row be-wrap clearfix \"><div  class=\"one-col column-block clearfix  no-background    \" data-animation=\"\" style=\"  \"><div class=\"be-custom-column-inner\"><hr class=\"separator\" style=\"background-color:#e0a240;color:#e0a240;height:1px;width:100%;\" \/><div class=\"special-subtitle-wrap  0\" style=\"margin-bottom: 30px;\" data-animation=\"fadeIn\"><div class=\"align-left\"><span class=\"special-subtitle\" style=\"color: #e0a240; font-size: 20px ; width: 100%\" >Gamme SZH<\/span><\/div><\/div><\/div><\/div><\/div><div  class=\"be-row be-wrap clearfix \"><div  class=\"one-third column-block  no-background    \" data-animation=\"\" style=\"  \"><div class=\"be-custom-column-inner\"><p><img class=\"alignleft size-medium wp-image-3993\" src=\"https:\/\/a-holstein.de\/wp-content\/uploads\/2016\/11\/szh-206x300.png\" alt=\"\" width=\"206\" height=\"300\"><\/p>\n<\/div><\/div><div  class=\"one-third column-block  no-background    \" data-animation=\"\" style=\"  \"><div class=\"be-custom-column-inner\"><p class=\"p1\"><span class=\"s1\">Pompes avec une grande ouverture de tr\u00e9mie rectangulaire et une vis d\u2019alimentation.<\/span><\/p>\n<p class=\"p1\"><span class=\"s1\">La gamme SZH est con\u00e7ue pour acheminer facilement des produits avec une forte teneur en particules solides, des mo\u00fbts, des levures et des g\u00e2teaux de filtration. Cette gamme de pompes est utilisable comme pompe \u00e0 mati\u00e8res visqueuses avec une tr\u00e9mie et comme pompe \u00e0 liquides avec une ouverture de tr\u00e9mie ferm\u00e9e et un raccord filet\u00e9.<\/span><\/p>\n<p class=\"p1\"><span class=\"s1\">Simplification consid\u00e9rable du travail pour l\u2019emp\u00e2tage et le pompage de fruits \u00e0 noyaux ou de topinambours. Les poires Williams peuvent \u00eatre ins\u00e9r\u00e9es directement sans compotage pr\u00e9alable.<\/span><\/p>\n<p class=\"p1\"><span class=\"s1\"><b>Autres mod\u00e8les :<\/b><\/span><\/p>\n<p class=\"p2\"><span class=\"s2\"><b>SZH 100<\/b><\/span><span class=\"s1\"><br \/>\nD\u00e9bit : 5&nbsp;000 et 10&nbsp;000&nbsp;L\/h (eau)<\/span><\/p>\n<p class=\"p2\"><span class=\"s2\"><b>SZH 200<\/b><\/span><span class=\"s1\"><br \/>\nD\u00e9bit : 7&nbsp;500 et 15&nbsp;000&nbsp;L\/h (eau)<\/span><\/p>\n<p class=\"p2\"><span class=\"s2\"><b>SZH 380<\/b><\/span><span class=\"s1\"><br \/>\nD\u00e9bit : 10&nbsp;000 et 20&nbsp;000&nbsp;L\/h (eau)<\/span><\/p>\n<p class=\"p2\"><span class=\"s2\"><b>SZH 750<\/b><\/span><span class=\"s1\"><br \/>\nD\u00e9bit : 15&nbsp;000 et 30&nbsp;000&nbsp;L\/h (eau)<\/span><\/p>\n<\/div><\/div><div  class=\"one-third column-block  no-background    \" data-animation=\"\" style=\"  \"><div class=\"be-custom-column-inner\"><p class=\"p1\"><span class=\"s1\"><b>Avantages :<\/b><\/span><\/p>\n<ul class=\"ul1\">\n<li class=\"li2\"><span class=\"s1\">Faible de vitesse de rotation, pour un emp\u00e2tage et un acheminement tr\u00e8s d\u00e9licats des fruits \u00e0 noyaux<\/span><\/li>\n<li class=\"li2\"><span class=\"s1\">Pas d\u2019endommagement des noyaux<\/span><\/li>\n<li class=\"li2\"><span class=\"s1\">Grande capacit\u00e9 d&rsquo;autoabsorption jusqu\u2019\u00e0 6 m Ws<\/span><\/li>\n<li class=\"li2\"><span class=\"s1\">Acheminement de dr\u00eache chaude (jusqu\u2019\u00e0 100&nbsp;\u00b0C)<\/span><\/li>\n<li class=\"li2\"><span class=\"s1\">Forme compacte et mobile<\/span><\/li>\n<li class=\"li2\"><span class=\"s1\">Fonctionnement sans oscillation gr\u00e2ce au rotor creux sp\u00e9cial<\/span><\/li>\n<li class=\"li2\"><span class=\"s1\">Toutes les parties des pompes sont en acier inoxydable 1 4301 poli<\/span><\/li>\n<li class=\"li2\"><span class=\"s1\">\u00c9tanch\u00e9it\u00e9 de l\u2019arbre gr\u00e2ce \u00e0 la garniture de presse-\u00e9toupe<\/span><\/li>\n<li class=\"li2\"><span class=\"s1\">Toutes les pompes avec un disjoncteur de protection moteur \u00e0 inverseur de p\u00f4le<\/span><\/li>\n<li class=\"li2\"><span class=\"s1\">Option : Convertisseur de fr\u00e9quence pour la r\u00e9gulation de la vitesse de rotation<\/span><\/li>\n<\/ul>\n<\/div><\/div><\/div><\/div><\/div>","protected":false},"excerpt":{"rendered":"<p>Pompes \u00e0 mo\u00fbts et \u00e0 jus La pompe adapt\u00e9e pour chaque application. En fonction de la quantit\u00e9, de la nature du distillat et des exigences en mati\u00e8re de compatibilit\u00e9 technique [&hellip;]<\/p>\n<p><a href=\"https:\/\/a-holstein.de\/fr\/accessoires-de-distillation\/pompes\/pompes-a-mouts-et-a-jus\/\" class=\"more-link style2-button\">Read More<\/a><\/p>","protected":false},"author":1,"featured_media":0,"parent":4754,"menu_order":0,"comment_status":"closed","ping_status":"closed","template":"","meta":[],"_links":{"self":[{"href":"https:\/\/a-holstein.de\/fr\/wp-json\/wp\/v2\/pages\/4766"}],"collection":[{"href":"https:\/\/a-holstein.de\/fr\/wp-json\/wp\/v2\/pages"}],"about":[{"href":"https:\/\/a-holstein.de\/fr\/wp-json\/wp\/v2\/types\/page"}],"author":[{"embeddable":true,"href":"https:\/\/a-holstein.de\/fr\/wp-json\/wp\/v2\/users\/1"}],"replies":[{"embeddable":true,"href":"https:\/\/a-holstein.de\/fr\/wp-json\/wp\/v2\/comments?post=4766"}],"version-history":[{"count":1,"href":"https:\/\/a-holstein.de\/fr\/wp-json\/wp\/v2\/pages\/4766\/revisions"}],"predecessor-version":[{"id":4767,"href":"https:\/\/a-holstein.de\/fr\/wp-json\/wp\/v2\/pages\/4766\/revisions\/4767"}],"up":[{"embeddable":true,"href":"https:\/\/a-holstein.de\/fr\/wp-json\/wp\/v2\/pages\/4754"}],"wp:attachment":[{"href":"https:\/\/a-holstein.de\/fr\/wp-json\/wp\/v2\/media?parent=4766"}],"curies":[{"name":"wp","href":"https:\/\/api.w.org\/{rel}","templated":true}]}}