{"id":4768,"date":"2016-11-03T09:27:33","date_gmt":"2016-11-03T08:27:33","guid":{"rendered":"https:\/\/a-holstein.de\/accessoires-de-distillation\/pompes\/kreiselpumpen\/"},"modified":"2018-06-05T15:43:01","modified_gmt":"2018-06-05T13:43:01","slug":"pompes-centrifuges","status":"publish","type":"page","link":"https:\/\/a-holstein.de\/fr\/accessoires-de-distillation\/pompes\/pompes-centrifuges\/","title":{"rendered":"Pompes centrifuges"},"content":{"rendered":"<div class=\"be-section         clearfix\" data-headerscheme=\"background--dark\" style=\" \"  ><div class=\"be-section-pad clearfix \" style=\" padding-top:90px;padding-bottom:90px;\" data-padding-top = \"90\"><div  class=\"be-row be-wrap clearfix \"><div  class=\"one-col column-block clearfix  no-background    \" data-animation=\"\" style=\"  \"><div class=\"be-custom-column-inner\"><h3>Pompes centrifuges<\/h3>\n<\/div><\/div><\/div><div  class=\"be-row be-wrap clearfix \"><div  class=\"one-col column-block clearfix  no-background    \" data-animation=\"\" style=\"  \"><div class=\"be-custom-column-inner\"><hr class=\"separator\" style=\"background-color:#e0a240;color:#e0a240;height:1px;width:100%;\" \/><div class=\"special-subtitle-wrap  0\" style=\"margin-bottom: 30px;\" data-animation=\"fadeIn\"><div class=\"align-left\"><span class=\"special-subtitle\" style=\"color: #e0a240; font-size: 20px ; width: 100%\" >Pompe centrifuge en acier inoxydable<\/span><\/div><\/div><\/div><\/div><\/div><div  class=\"be-row be-wrap clearfix \"><div  class=\"one-third column-block  no-background    \" data-animation=\"\" style=\"  \"><div class=\"be-custom-column-inner\"><p><img class=\"alignleft size-medium wp-image-3835\" src=\"https:\/\/a-holstein.de\/wp-content\/uploads\/2016\/11\/Edelstahl_kreisel-297x300.png\" alt=\"\" width=\"297\" height=\"300\"><\/p>\n<\/div><\/div><div  class=\"two-third column-block  no-background    \" data-animation=\"\" style=\"  \"><div class=\"be-custom-column-inner\"><p class=\"p1\"><span class=\"s1\"><b>Mod\u00e8le :<\/b><\/span><\/p>\n<ul class=\"ul1\">\n<li class=\"li2\"><span class=\"s1\">Agent : liquides clairs<\/span><\/li>\n<li class=\"li2\"><span class=\"s1\">D\u00e9bit : max. 5 m\u00b3 \/ h, max. 3,5 bars<\/span><\/li>\n<li class=\"li2\"><span class=\"s1\">autoaspirante<\/span><\/li>\n<li class=\"li2\"><span class=\"s1\">Mod\u00e8le : mobile, support peint, avec disjoncteur de protection du moteur<\/span><\/li>\n<li class=\"li2\"><span class=\"s1\">Mat\u00e9riau : toutes les pi\u00e8ces en contact avec les substances sont en acier inoxydable 1.4301 poli<\/span><\/li>\n<li class=\"li2\"><span class=\"s1\">\u00c9tanch\u00e9it\u00e9 de l\u2019arbre : Joint \u00e0 bague coulissante<\/span><\/li>\n<li class=\"li2\"><span class=\"s1\">Entra\u00eenement : Moteur triphas\u00e9 230 \/ 400 Volts, 1,1 kW, 2800 tours\/min.<\/span><\/li>\n<li class=\"li2\"><span class=\"s1\">Raccords&nbsp;: DN 25, DIN 11851<\/span><\/li>\n<li class=\"li2\"><span class=\"s1\">R\u00e9gulation \u00e9lectronique de la fr\u00e9quence pour r\u00e9gler la vitesse de rotation et le d\u00e9bit de 0 \u00e0 5&nbsp;000&nbsp;L\/h<\/span><\/li>\n<\/ul>\n<\/div><\/div><\/div><div  class=\"be-row be-wrap clearfix \"><div  class=\"one-col column-block clearfix  no-background    \" data-animation=\"\" style=\"  \"><div class=\"be-custom-column-inner\"><hr class=\"separator\" style=\"background-color:#e0a240;color:#e0a240;height:1px;width:100%;\" \/><div class=\"special-subtitle-wrap  0\" style=\"margin-bottom: 30px;\" data-animation=\"fadeIn\"><div class=\"align-left\"><span class=\"special-subtitle\" style=\"color: #e0a240; font-size: 20px ; width: 100%\" >Pompe centrifuge submersible acier inoxydable fabrication Holstein<\/span><\/div><\/div><\/div><\/div><\/div><div  class=\"be-row be-wrap clearfix \"><div  class=\"one-third column-block  no-background    \" data-animation=\"\" style=\"  \"><div class=\"be-custom-column-inner\"><p><img class=\"alignleft size-medium wp-image-3594\" src=\"https:\/\/a-holstein.de\/wp-content\/uploads\/2016\/11\/wsb_200x306_TKPumpe-196x300.jpg\" alt=\"\" width=\"196\" height=\"300\"><\/p>\n<\/div><\/div><div  class=\"two-third column-block  no-background    \" data-animation=\"\" style=\"  \"><div class=\"be-custom-column-inner\"><p class=\"p1\"><span class=\"s1\"><b>Pour m\u00e9langer des mo\u00fbts dans des tonneaux jusqu\u2019\u00e0 220 L et pour<\/b><\/span><span class=\"s2\"><b><br \/>\n<\/b><\/span><span class=\"s1\"><b>le remplissage rapide de la vessie&nbsp;:<\/b><\/span><\/p>\n<ul class=\"ul1\">\n<li class=\"li2\"><span class=\"s1\">Agent : Fruits \u00e0 noyaux (quetsches \u00e9galement) et mo\u00fbts de fruits \u00e9pais<\/span><\/li>\n<li class=\"li2\"><span class=\"s1\">Pas d\u2019endommagement des noyaux<\/span><\/li>\n<li class=\"li2\"><span class=\"s1\">Enti\u00e8rement en acier inoxydable<\/span><\/li>\n<li class=\"li2\"><span class=\"s1\">Tr\u00e8s maniable et facile \u00e0 utiliser<\/span><\/li>\n<li class=\"li2\"><span class=\"s1\">D\u00e9bit tr\u00e8s \u00e9lev\u00e9<\/span><\/li>\n<li class=\"li2\"><span class=\"s1\">Protection contre la marche \u00e0 vide<\/span><\/li>\n<\/ul>\n<\/div><\/div><\/div><\/div><\/div>","protected":false},"excerpt":{"rendered":"<p>Pompes centrifuges Pompe centrifuge en acier inoxydable Mod\u00e8le : Agent : liquides clairs D\u00e9bit : max. 5 m\u00b3 \/ h, max. 3,5 bars autoaspirante Mod\u00e8le : mobile, support peint, avec [&hellip;]<\/p>\n<p><a href=\"https:\/\/a-holstein.de\/fr\/accessoires-de-distillation\/pompes\/pompes-centrifuges\/\" class=\"more-link style2-button\">Read More<\/a><\/p>","protected":false},"author":1,"featured_media":0,"parent":4754,"menu_order":0,"comment_status":"closed","ping_status":"closed","template":"","meta":[],"_links":{"self":[{"href":"https:\/\/a-holstein.de\/fr\/wp-json\/wp\/v2\/pages\/4768"}],"collection":[{"href":"https:\/\/a-holstein.de\/fr\/wp-json\/wp\/v2\/pages"}],"about":[{"href":"https:\/\/a-holstein.de\/fr\/wp-json\/wp\/v2\/types\/page"}],"author":[{"embeddable":true,"href":"https:\/\/a-holstein.de\/fr\/wp-json\/wp\/v2\/users\/1"}],"replies":[{"embeddable":true,"href":"https:\/\/a-holstein.de\/fr\/wp-json\/wp\/v2\/comments?post=4768"}],"version-history":[{"count":1,"href":"https:\/\/a-holstein.de\/fr\/wp-json\/wp\/v2\/pages\/4768\/revisions"}],"predecessor-version":[{"id":4769,"href":"https:\/\/a-holstein.de\/fr\/wp-json\/wp\/v2\/pages\/4768\/revisions\/4769"}],"up":[{"embeddable":true,"href":"https:\/\/a-holstein.de\/fr\/wp-json\/wp\/v2\/pages\/4754"}],"wp:attachment":[{"href":"https:\/\/a-holstein.de\/fr\/wp-json\/wp\/v2\/media?parent=4768"}],"curies":[{"name":"wp","href":"https:\/\/api.w.org\/{rel}","templated":true}]}}