{"id":4770,"date":"2016-11-03T09:41:31","date_gmt":"2016-11-03T08:41:31","guid":{"rendered":"https:\/\/a-holstein.de\/accessoires-de-distillation\/pompes\/schlempepumpen\/"},"modified":"2018-06-05T15:44:27","modified_gmt":"2018-06-05T13:44:27","slug":"pompes-a-dreche","status":"publish","type":"page","link":"https:\/\/a-holstein.de\/fr\/accessoires-de-distillation\/pompes\/pompes-a-dreche\/","title":{"rendered":"Pompes \u00e0 dr\u00eache"},"content":{"rendered":"<div class=\"be-section         clearfix\" data-headerscheme=\"background--dark\" style=\" \"  ><div class=\"be-section-pad clearfix \" style=\" padding-top:90px;padding-bottom:90px;\" data-padding-top = \"90\"><div  class=\"be-row be-wrap clearfix \"><div  class=\"one-col column-block clearfix  no-background    \" data-animation=\"\" style=\"  \"><div class=\"be-custom-column-inner\"><h3>Pompes \u00e0 dr\u00eache<\/h3>\n<hr class=\"separator\" style=\"background-color:#e0a240;color:#e0a240;height:1px;width:100%;\" \/><div class=\"special-subtitle-wrap  0\" style=\"margin-bottom: 30px;\" data-animation=\"fadeIn\"><div class=\"align-left\"><span class=\"special-subtitle\" style=\"color: #e0a240; font-size: 20px ; width: 100%\" >Pompe \u00e0 dr\u00eache en acier inoxydable fabrication Holstein, de type HZP<\/span><\/div><\/div><\/div><\/div><\/div><div  class=\"be-row be-wrap clearfix \"><div  class=\"one-third column-block  no-background    \" data-animation=\"\" style=\"  \"><div class=\"be-custom-column-inner\"><p><img class=\"alignleft size-medium wp-image-3994\" src=\"https:\/\/a-holstein.de\/wp-content\/uploads\/2016\/11\/hzp-300x291.png\" alt=\"\" width=\"300\" height=\"291\"><\/p>\n<\/div><\/div><div  class=\"two-third column-block  no-background    \" data-animation=\"\" style=\"  \"><div class=\"be-custom-column-inner\"><p class=\"p1\"><span class=\"s1\"><b>En acier inoxydable fabrication Holstein<\/b><\/span><\/p>\n<ul class=\"ul1\">\n<li class=\"li2\"><span class=\"s1\">Convient pour les dr\u00eaches de distillation chaudes de fruits \u00e0 noyaux et \u00e0 p\u00e9pins, de c\u00e9r\u00e9ales, de levures et de topinambours<\/span><\/li>\n<li class=\"li2\"><span class=\"s1\">Bo\u00eetiers de pompes et turbines en acier inoxydable massif<\/span><\/li>\n<li class=\"li2\"><span class=\"s1\">Tubulures d\u2019aspiration LN 100<\/span><\/li>\n<li class=\"li2\"><span class=\"s1\">Tubulures de pression LN 65<\/span><\/li>\n<li class=\"li2\"><span class=\"s1\">Rev\u00eatement de moteur en acier inoxydable<\/span><\/li>\n<li class=\"li2\"><span class=\"s1\">\u00c9tanch\u00e9it\u00e9 de l\u2019arbre gr\u00e2ce \u00e0 la garniture de presse-\u00e9toupe<\/span><\/li>\n<\/ul>\n<p class=\"p3\"><span class=\"s1\">Raccords sur demande<\/span><\/p>\n<\/div><\/div><\/div><div  class=\"be-row be-wrap clearfix \"><div  class=\"one-col column-block clearfix  no-background    \" data-animation=\"\" style=\"  \"><div class=\"be-custom-column-inner\"><hr class=\"separator\" style=\"background-color:#e0a240;color:#e0a240;height:1px;width:100%;\" \/><div class=\"special-subtitle-wrap  0\" style=\"margin-bottom: 30px;\" data-animation=\"fadeIn\"><div class=\"align-left\"><span class=\"special-subtitle\" style=\"color: #e0a240; font-size: 20px ; width: 100%\" >Pompe \u00e0 dr\u00eache de type HSP<\/span><\/div><\/div><\/div><\/div><\/div><div  class=\"be-row be-wrap clearfix \"><div  class=\"one-third column-block  no-background    \" data-animation=\"\" style=\"  \"><div class=\"be-custom-column-inner\"><p><img class=\"alignleft size-medium wp-image-3607\" src=\"https:\/\/a-holstein.de\/wp-content\/uploads\/2016\/11\/wsb_400x300_Schlempepumpehsp-300x225.png\" alt=\"_wsb_400x300_schlempepumpehsp\" width=\"300\" height=\"225\"><\/p>\n<\/div><\/div><div  class=\"two-third column-block  no-background    \" data-animation=\"\" style=\"  \"><div class=\"be-custom-column-inner\"><ul>\n<li class=\"li1\"><span class=\"s2\">Convient pour les dr\u00eaches de distillation chaudes de c\u00e9r\u00e9ales, de levures, de fruits \u00e0 noyaux et de topinambours<\/span><\/li>\n<li class=\"li1\"><span class=\"s2\">Bo\u00eetiers de pompes, arbres et turbines en acier inoxydable, filetage de raccordement LN 65<\/span><\/li>\n<li class=\"li1\"><span class=\"s2\">Turbine ouverte<\/span><\/li>\n<li class=\"li1\"><span class=\"s2\">Joint \u00e0 bague coulissante<\/span><\/li>\n<li class=\"li1\"><span class=\"s2\">Temp\u00e9rature max. 110&nbsp;\u00b0C<\/span><\/li>\n<li class=\"li1\"><span class=\"s2\">Moteur : 1,1 kW\/400 V<\/span><\/li>\n<li class=\"li1\"><span class=\"s2\">Avec connecteur et interrupteur<\/span><\/li>\n<li class=\"li1\"><span class=\"s2\">Puissance : 12&nbsp;000&nbsp;L\/h<\/span><\/li>\n<li class=\"li1\"><span class=\"s2\">Raccords sur demande<\/span><\/li>\n<\/ul>\n<\/div><\/div><\/div><div  class=\"be-row be-wrap clearfix \"><div  class=\"one-col column-block clearfix  no-background    \" data-animation=\"\" style=\"  \"><div class=\"be-custom-column-inner\"><hr class=\"separator\" style=\"background-color:#e0a240;color:#e0a240;height:1px;width:100%;\" \/><div class=\"special-subtitle-wrap  0\" style=\"margin-bottom: 30px;\" data-animation=\"fadeIn\"><div class=\"align-left\"><span class=\"special-subtitle\" style=\"color: #e0a240; font-size: 20px ; width: 100%\" >Pompe \u00e0 dr\u00eache de type ZPG<\/span><\/div><\/div><\/div><\/div><\/div><div  class=\"be-row be-wrap clearfix \"><div  class=\"one-third column-block  no-background    \" data-animation=\"\" style=\"  \"><div class=\"be-custom-column-inner\"><p><img class=\"alignleft size-medium wp-image-3836\" src=\"https:\/\/a-holstein.de\/wp-content\/uploads\/2016\/11\/ZPG-300x195.png\" alt=\"\" width=\"300\" height=\"195\"><\/p>\n<\/div><\/div><div  class=\"two-third column-block  no-background    \" data-animation=\"\" style=\"  \"><div class=\"be-custom-column-inner\"><ul class=\"ul1\">\n<li class=\"li1\"><span class=\"s2\">Convient pour les dr\u00eaches de distillation chaudes de fruits \u00e0 noyaux et \u00e0 p\u00e9pins, de c\u00e9r\u00e9ales, de levures et de topinambours<\/span><\/li>\n<li class=\"li1\"><span class=\"s2\">Bo\u00eetiers de pompes en fonte grise<\/span><\/li>\n<li class=\"li1\"><span class=\"s2\">\u00c9tanch\u00e9it\u00e9 de l\u2019arbre gr\u00e2ce \u00e0 la garniture de presse-\u00e9toupe<\/span><\/li>\n<li class=\"li1\"><span class=\"s2\">400 V\/1,3 kW<\/span><\/li>\n<\/ul>\n<p class=\"p2\"><span class=\"s2\">&nbsp;<\/span><\/p>\n<p class=\"p3\"><span class=\"s2\"><b>Accessoires<\/b><\/span><\/p>\n<ul class=\"ul1\">\n<li class=\"li1\"><span class=\"s2\">Pi\u00e8ce de jonction en acier inoxydable 3\/4\u2033 x LN 75<\/span><\/li>\n<li class=\"li1\"><span class=\"s2\">Tuyau \u00e0 spirale en caoutchouc r\u00e9sistant \u00e0 la chaleur c\u00f4t\u00e9 aspiration et c\u00f4t\u00e9 pression<\/span><\/li>\n<li class=\"li1\"><span class=\"s2\">Tubulures d&rsquo;aspiration et de pression<\/span><\/li>\n<\/ul>\n<\/div><\/div><\/div><\/div><\/div>","protected":false},"excerpt":{"rendered":"<p>Pompes \u00e0 dr\u00eache Pompe \u00e0 dr\u00eache en acier inoxydable fabrication Holstein, de type HZP En acier inoxydable fabrication Holstein Convient pour les dr\u00eaches de distillation chaudes de fruits \u00e0 noyaux [&hellip;]<\/p>\n<p><a href=\"https:\/\/a-holstein.de\/fr\/accessoires-de-distillation\/pompes\/pompes-a-dreche\/\" class=\"more-link style2-button\">Read More<\/a><\/p>","protected":false},"author":1,"featured_media":0,"parent":4754,"menu_order":0,"comment_status":"closed","ping_status":"closed","template":"","meta":[],"_links":{"self":[{"href":"https:\/\/a-holstein.de\/fr\/wp-json\/wp\/v2\/pages\/4770"}],"collection":[{"href":"https:\/\/a-holstein.de\/fr\/wp-json\/wp\/v2\/pages"}],"about":[{"href":"https:\/\/a-holstein.de\/fr\/wp-json\/wp\/v2\/types\/page"}],"author":[{"embeddable":true,"href":"https:\/\/a-holstein.de\/fr\/wp-json\/wp\/v2\/users\/1"}],"replies":[{"embeddable":true,"href":"https:\/\/a-holstein.de\/fr\/wp-json\/wp\/v2\/comments?post=4770"}],"version-history":[{"count":1,"href":"https:\/\/a-holstein.de\/fr\/wp-json\/wp\/v2\/pages\/4770\/revisions"}],"predecessor-version":[{"id":4771,"href":"https:\/\/a-holstein.de\/fr\/wp-json\/wp\/v2\/pages\/4770\/revisions\/4771"}],"up":[{"embeddable":true,"href":"https:\/\/a-holstein.de\/fr\/wp-json\/wp\/v2\/pages\/4754"}],"wp:attachment":[{"href":"https:\/\/a-holstein.de\/fr\/wp-json\/wp\/v2\/media?parent=4770"}],"curies":[{"name":"wp","href":"https:\/\/api.w.org\/{rel}","templated":true}]}}