{"id":4772,"date":"2017-03-28T15:32:27","date_gmt":"2017-03-28T13:32:27","guid":{"rendered":"https:\/\/a-holstein.de\/accessoires-de-distillation\/pompes\/pumpenzubehoer\/"},"modified":"2018-06-05T15:46:25","modified_gmt":"2018-06-05T13:46:25","slug":"accessoires-de-pompes","status":"publish","type":"page","link":"https:\/\/a-holstein.de\/fr\/accessoires-de-distillation\/pompes\/accessoires-de-pompes\/","title":{"rendered":"Accessoires de pompes"},"content":{"rendered":"<div class=\"be-section         clearfix\" data-headerscheme=\"background--dark\" style=\" \"  ><div class=\"be-section-pad clearfix \" style=\" padding-top:90px;padding-bottom:90px;\" data-padding-top = \"90\"><div  class=\"be-row be-wrap clearfix \"><div  class=\"one-col column-block clearfix  no-background    \" data-animation=\"\" style=\"  \"><div class=\"be-custom-column-inner\"><h3>Accessoires de pompes<\/h3>\n<\/div><\/div><\/div><div  class=\"be-row be-wrap clearfix \"><div  class=\"one-third column-block  no-background    \" data-animation=\"\" style=\"  \"><div class=\"be-custom-column-inner\"><div class=\"special-subtitle-wrap  0\" style=\"margin-bottom: 30px;\" data-animation=\"fadeIn\"><div class=\"align-left\"><span class=\"special-subtitle\" style=\"color: #e0a240; font-size: 18px ; width: 100%\" >Chariot de transport de mo\u00fbt<\/span><\/div><\/div><p><img class=\"alignleft size-medium wp-image-3998\" src=\"https:\/\/a-holstein.de\/wp-content\/uploads\/2017\/03\/transportwagen-300x234.png\" alt=\"\" width=\"300\" height=\"234\"><\/p>\n<\/div><\/div><div  class=\"two-third column-block  no-background    \" data-animation=\"\" style=\"  \"><div class=\"be-custom-column-inner\"><ul>\n<li class=\"li1\"><span class=\"s2\">Enti\u00e8rement en acier inoxydable<\/span><\/li>\n<li class=\"li1\"><span class=\"s2\">Avec de grands pneus ballons<\/span><\/li>\n<li class=\"li1\"><span class=\"s2\">Avec des parois de s\u00e9paration extensibles, pour emp\u00eacher les d\u00e9bordements lors du transport<\/span><\/li>\n<li class=\"li1\"><span class=\"s2\">Contenance max. de 240&nbsp;Litres<\/span><\/li>\n<li class=\"li1\"><span class=\"s2\">Structure basse, passe sous toutes les sorties de mo\u00fbts<\/span><\/li>\n<\/ul>\n<\/div><\/div><\/div><div  class=\"be-row be-wrap clearfix \"><div  class=\"one-third column-block  no-background    \" data-animation=\"\" style=\"  \"><div class=\"be-custom-column-inner\"><div class=\"special-subtitle-wrap  0\" style=\"margin-bottom: 30px;\" data-animation=\"fadeIn\"><div class=\"align-left\"><span class=\"special-subtitle\" style=\"color: #e0a240; font-size: 18px ; width: 100%\" >Accessoires pour pompes \u00e0 mo\u00fbts<\/span><\/div><\/div><p><img class=\"alignleft size-medium wp-image-3853\" src=\"https:\/\/a-holstein.de\/wp-content\/uploads\/2017\/02\/Zubeh-Maische-300x213.png\" alt=\"\" width=\"300\" height=\"213\"><\/p>\n<\/div><\/div><div  class=\"two-third column-block  no-background    \" data-animation=\"\" style=\"  \"><div class=\"be-custom-column-inner\"><p class=\"p1\"><span class=\"s1\"><b>Tr\u00e9mies \u00e0 fruits pour pompes \u00e0 mo\u00fbts<\/b><\/span><span class=\"s2\"><br \/>\nDiff\u00e9rentes tailles en fonction du type de pompe<\/span><\/p>\n<p class=\"p1\"><span class=\"s1\"><b>Gamme de pi\u00e8ces de rechange compl\u00e8te \/ R\u00e9parations<\/b><\/span><span class=\"s2\"><br \/>\npour les pompes de fabrication Allweiler, Netzsch, Kiesel comme les stators, les rotors et les articulations<\/span><\/p>\n<\/div><\/div><\/div><div  class=\"be-row be-wrap clearfix \"><div  class=\"one-third column-block  no-background    \" data-animation=\"\" style=\"  \"><div class=\"be-custom-column-inner\"><div class=\"special-subtitle-wrap  0\" style=\"margin-bottom: 30px;\" data-animation=\"fadeIn\"><div class=\"align-left\"><span class=\"special-subtitle\" style=\"color: #e0a240; font-size: 18px ; width: 100%\" >Tuyaux<\/span><\/div><\/div><\/div><\/div><div  class=\"two-third column-block  no-background    \" data-animation=\"\" style=\"  \"><div class=\"be-custom-column-inner\"><p class=\"p1\"><span class=\"s1\"><b>Tuyau \u00e0 spirale en plastique pour mo\u00fbts<\/b><\/span><span class=\"s2\"><br \/>\navec spirale rouge pour les sollicitations importantes<\/span><\/p>\n<p class=\"p2\"><span class=\"s2\"><b>Tuyau \u00e0 spirale en caoutchouc r\u00e9sistant \u00e0 la chaleur<\/b><\/span><span class=\"s3\"><br \/>\navec spirale de fil pour les dr\u00eaches chaudes<\/span><\/p>\n<p class=\"p1\"><span class=\"s1\"><b>Tuyaux en caoutchouc<\/b><\/span><span class=\"s2\"><br \/>\npour l\u2019eau, le jus de fruits, la dr\u00eache de grain dans une qualit\u00e9 sup\u00e9rieure<\/span><\/p>\n<\/div><\/div><\/div><div  class=\"be-row be-wrap clearfix \"><div  class=\"one-third column-block  no-background    \" data-animation=\"\" style=\"  \"><div class=\"be-custom-column-inner\"><div class=\"special-subtitle-wrap  0\" style=\"margin-bottom: 30px;\" data-animation=\"fadeIn\"><div class=\"align-left\"><span class=\"special-subtitle\" style=\"color: #e0a240; font-size: 18px ; width: 100%\" >Raccords<\/span><\/div><\/div><p><img class=\"alignleft size-medium wp-image-3854\" src=\"https:\/\/a-holstein.de\/wp-content\/uploads\/2017\/02\/anschlussverschraubung-237x300.png\" alt=\"\" width=\"237\" height=\"300\"><\/p>\n<\/div><\/div><div  class=\"two-third column-block  no-background    \" data-animation=\"\" style=\"  \"><div class=\"be-custom-column-inner\"><p class=\"p1\"><span class=\"s1\"><b>Tubulures de tuyaux filet\u00e9s<\/b><\/span><span class=\"s2\"><br \/>\nLaiton, raccord 1\/3, LN 65, LN 50<\/span><\/p>\n<p class=\"p1\"><span class=\"s1\"><b>Tubulures de tuyaux avec contre-\u00e9crou<\/b><\/span><span class=\"s2\"><br \/>\nLaiton, raccord 2\/3, LN 65\/ LN 65, LN 65\/ LN 50<\/span><\/p>\n<p class=\"p1\"><span class=\"s1\"><b>Pi\u00e8ce de jonction<\/b><\/span><span class=\"s2\"><br \/>\nLaiton, LN 65\/ filetage de mo\u00fbt de 90<\/span><\/p>\n<p class=\"p1\"><span class=\"s1\"><b>Vissage coud\u00e9<\/b><\/span><span class=\"s2\"><br \/>\nAcier inoxydable, LN 65<\/span><\/p>\n<p class=\"p1\"><span class=\"s1\"><b>Coude \u00e0 mo\u00fbt<\/b><\/span><span class=\"s2\"><br \/>\nAcier inoxydable, convient pour les tuyaux \u00e0 mo\u00fbts, \u00e0 accrocher sur l\u2019ouverture de remplissage<\/span><\/p>\n<\/div><\/div><\/div><\/div><\/div>","protected":false},"excerpt":{"rendered":"<p>Accessoires de pompes Chariot de transport de mo\u00fbt Enti\u00e8rement en acier inoxydable Avec de grands pneus ballons Avec des parois de s\u00e9paration extensibles, pour emp\u00eacher les d\u00e9bordements lors du transport [&hellip;]<\/p>\n<p><a href=\"https:\/\/a-holstein.de\/fr\/accessoires-de-distillation\/pompes\/accessoires-de-pompes\/\" class=\"more-link style2-button\">Read More<\/a><\/p>","protected":false},"author":1,"featured_media":0,"parent":4754,"menu_order":0,"comment_status":"closed","ping_status":"closed","template":"","meta":[],"_links":{"self":[{"href":"https:\/\/a-holstein.de\/fr\/wp-json\/wp\/v2\/pages\/4772"}],"collection":[{"href":"https:\/\/a-holstein.de\/fr\/wp-json\/wp\/v2\/pages"}],"about":[{"href":"https:\/\/a-holstein.de\/fr\/wp-json\/wp\/v2\/types\/page"}],"author":[{"embeddable":true,"href":"https:\/\/a-holstein.de\/fr\/wp-json\/wp\/v2\/users\/1"}],"replies":[{"embeddable":true,"href":"https:\/\/a-holstein.de\/fr\/wp-json\/wp\/v2\/comments?post=4772"}],"version-history":[{"count":1,"href":"https:\/\/a-holstein.de\/fr\/wp-json\/wp\/v2\/pages\/4772\/revisions"}],"predecessor-version":[{"id":4773,"href":"https:\/\/a-holstein.de\/fr\/wp-json\/wp\/v2\/pages\/4772\/revisions\/4773"}],"up":[{"embeddable":true,"href":"https:\/\/a-holstein.de\/fr\/wp-json\/wp\/v2\/pages\/4754"}],"wp:attachment":[{"href":"https:\/\/a-holstein.de\/fr\/wp-json\/wp\/v2\/media?parent=4772"}],"curies":[{"name":"wp","href":"https:\/\/api.w.org\/{rel}","templated":true}]}}