{"id":4774,"date":"2017-02-13T14:17:21","date_gmt":"2017-02-13T13:17:21","guid":{"rendered":"https:\/\/a-holstein.de\/accessoires-de-distillation\/weiteres-zubehoer\/"},"modified":"2018-06-05T15:48:50","modified_gmt":"2018-06-05T13:48:50","slug":"autres-accessoires","status":"publish","type":"page","link":"https:\/\/a-holstein.de\/fr\/accessoires-de-distillation\/autres-accessoires\/","title":{"rendered":"Autres accessoires"},"content":{"rendered":"<div class=\"be-section         clearfix\" data-headerscheme=\"background--dark\" style=\" \"  ><div class=\"be-section-pad clearfix \" style=\" padding-top:90px;padding-bottom:90px;\" data-padding-top = \"90\"><div  class=\"be-row be-wrap clearfix \"><div  class=\"one-col column-block clearfix  no-background    \" data-animation=\"\" style=\"  \"><div class=\"be-custom-column-inner\"><h3>Autres accessoires<\/h3>\n<h5>Tout pour les alambics<\/h5>\n<\/div><\/div><\/div><div  class=\"be-row be-wrap clearfix \"><div  class=\"one-col column-block clearfix  no-background    \" data-animation=\"\" style=\"  \"><div class=\"be-custom-column-inner\"><hr class=\"separator\" style=\"background-color:#eeeeee;color:#eeeeee;height:1px;width:100%;\" \/><\/div><\/div><\/div><div  class=\"be-row be-wrap clearfix \"><div  class=\"one-third column-block  no-background    \" data-animation=\"\" style=\"  \"><div class=\"be-custom-column-inner\"><div class=\"special-subtitle-wrap  0\" style=\"margin-bottom: 30px;\" data-animation=\"fadeIn\"><div class=\"align-left\"><span class=\"special-subtitle\" style=\"color: #e0a240; font-size: 18px ; width: 100%\" >M\u00e9langeurs \u00e0 engrenage<\/span><\/div><\/div><p><img class=\"alignleft size-medium wp-image-4000\" src=\"https:\/\/a-holstein.de\/wp-content\/uploads\/2017\/02\/Getrieberuehrwerk-213x300.png\" alt=\"\" width=\"213\" height=\"300\"><\/p>\n<\/div><\/div><div  class=\"two-third column-block  no-background    \" data-animation=\"\" style=\"  \"><div class=\"be-custom-column-inner\"><p class=\"p1\"><span class=\"s1\"><b>M\u00e9langeurs \u00e0 engrenage<\/b><\/span><span class=\"s2\"><br \/>\navec une puissance adapt\u00e9e en fonction de la taille de la vessie. Montage ult\u00e9rieur possible.<\/span><\/p>\n<\/div><\/div><\/div><div  class=\"be-row be-wrap clearfix \"><div  class=\"one-col column-block clearfix  no-background    \" data-animation=\"\" style=\"  \"><div class=\"be-custom-column-inner\"><hr class=\"separator\" style=\"background-color:#eeeeee;color:#eeeeee;height:1px;width:100%;\" \/><\/div><\/div><\/div><div  class=\"be-row be-wrap clearfix \"><div  class=\"one-third column-block  no-background    \" data-animation=\"\" style=\"  \"><div class=\"be-custom-column-inner\"><div class=\"special-subtitle-wrap  0\" style=\"margin-bottom: 30px;\" data-animation=\"fadeIn\"><div class=\"align-left\"><span class=\"special-subtitle\" style=\"color: #e0a240; font-size: 18px ; width: 100%\" >Dispositif de s\u00e9paration en amont, moyen et en aval enti\u00e8rement automatique<\/span><\/div><\/div><p><img class=\"alignleft size-full wp-image-4001\" src=\"https:\/\/a-holstein.de\/wp-content\/uploads\/2017\/02\/abtrenngeraet.png\" alt=\"\" width=\"262\" height=\"243\"><\/p>\n<\/div><\/div><div  class=\"two-third column-block  no-background    \" data-animation=\"\" style=\"  \"><div class=\"be-custom-column-inner\"><p class=\"p1\"><span class=\"s1\"><b>Dispositif de s\u00e9paration en amont, moyen et en aval enti\u00e8rement automatique<\/b><\/span><span class=\"s2\"><br \/>\nL&rsquo;\u00e9coulement en amont est s\u00e9par\u00e9 automatiquement. L\u2019\u00e9coulement moyen est commut\u00e9 automatiquement vers l\u2019\u00e9coulement en aval une fois le taux de concentration d&rsquo;alcool d\u00e9fini atteint.<br \/>\nLe dispositif de s\u00e9paration est en acier inoxydable. Raccordement \u00e9lectrique : 220&nbsp;V.<br \/>\nL\u2019appareil fonctionne en interne avec 24 V et est donc particuli\u00e8rement s\u00e9curis\u00e9.<br \/>\nSans \u00e9lectrovannes.<\/span><\/p>\n<\/div><\/div><\/div><div  class=\"be-row be-wrap clearfix \"><div  class=\"one-col column-block clearfix  no-background    \" data-animation=\"\" style=\"  \"><div class=\"be-custom-column-inner\"><hr class=\"separator\" style=\"background-color:#eeeeee;color:#eeeeee;height:1px;width:100%;\" \/><\/div><\/div><\/div><div  class=\"be-row be-wrap clearfix \"><div  class=\"one-third column-block  no-background    \" data-animation=\"\" style=\"  \"><div class=\"be-custom-column-inner\"><div class=\"special-subtitle-wrap  0\" style=\"margin-bottom: 30px;\" data-animation=\"fadeIn\"><div class=\"align-left\"><span class=\"special-subtitle\" style=\"color: #e0a240; font-size: 18px ; width: 100%\" >Sas \u00e0 polyphosphate<\/span><\/div><\/div><p><img class=\"alignleft size-full wp-image-4002\" src=\"https:\/\/a-holstein.de\/wp-content\/uploads\/2017\/02\/Polyphosphatschleuse.png\" alt=\"\" width=\"148\" height=\"264\"><\/p>\n<\/div><\/div><div  class=\"two-third column-block  no-background    \" data-animation=\"\" style=\"  \"><div class=\"be-custom-column-inner\"><p class=\"p1\"><span class=\"s1\"><b>Sas \u00e0 polyphosphate<\/b><\/span><span class=\"s2\"><br \/>\npour \u00e9viter les d\u00e9p\u00f4ts calcaires dans les conduites, le refroidisseur et le d\u00e9flegmateur<\/span><\/p>\n<\/div><\/div><\/div><div  class=\"be-row be-wrap clearfix \"><div  class=\"one-col column-block clearfix  no-background    \" data-animation=\"\" style=\"  \"><div class=\"be-custom-column-inner\"><hr class=\"separator\" style=\"background-color:#eeeeee;color:#eeeeee;height:1px;width:100%;\" \/><\/div><\/div><\/div><div  class=\"be-row be-wrap clearfix \"><div  class=\"one-third column-block  no-background    \" data-animation=\"\" style=\"  \"><div class=\"be-custom-column-inner\"><div class=\"special-subtitle-wrap  0\" style=\"margin-bottom: 30px;\" data-animation=\"fadeIn\"><div class=\"align-left\"><span class=\"special-subtitle\" style=\"color: #e0a240; font-size: 18px ; width: 100%\" >Pi\u00e8ces de rechange<\/span><\/div><\/div><\/div><\/div><div  class=\"two-third column-block  no-background    \" data-animation=\"\" style=\"  \"><div class=\"be-custom-column-inner\"><p class=\"p1\"><span class=\"s1\"><b>Gamme de pi\u00e8ces de rechange compl\u00e8te pour votre alambic, \u00e9galement pour les fabrications de tiers<\/b><\/span><\/p>\n<p class=\"p2\"><span class=\"s1\">Robinets \u00e0 soupapes, robinetteries, raccords viss\u00e9s, joints d&rsquo;\u00e9tanch\u00e9it\u00e9, hublots et bien plus<\/span><\/p>\n<\/div><\/div><\/div><div  class=\"be-row be-wrap clearfix \"><div  class=\"one-col column-block clearfix  no-background    \" data-animation=\"\" style=\"  \"><div class=\"be-custom-column-inner\"><hr class=\"separator\" style=\"background-color:#eeeeee;color:#eeeeee;height:1px;width:100%;\" \/><div class=\"special-subtitle-wrap  0\" style=\"margin-bottom: 30px;\" data-animation=\"fadeIn\"><div class=\"align-left\"><span class=\"special-subtitle\" style=\"color: #e0a240; font-size: 18px ; width: 100%\" >D\u00e9finition des droits de distillation<\/span><\/div><\/div><\/div><\/div><\/div><div  class=\"be-row be-wrap clearfix \"><div  class=\"one-col column-block clearfix  no-background    \" data-animation=\"\" style=\"  \"><div class=\"be-custom-column-inner\"><hr class=\"separator\" style=\"background-color:#eeeeee;color:#eeeeee;height:1px;width:100%;\" \/><\/div><\/div><\/div><div  class=\"be-row be-wrap clearfix \"><div  class=\"one-third column-block  no-background    \" data-animation=\"\" style=\"  \"><div class=\"be-custom-column-inner\"><div class=\"special-subtitle-wrap  0\" style=\"margin-bottom: 30px;\" data-animation=\"fadeIn\"><div class=\"align-left\"><span class=\"special-subtitle\" style=\"color: #e0a240; font-size: 18px ; width: 100%\" >Adoucisseur d\u2019eau de type Cadurex<\/span><\/div><\/div><p><img class=\"alignleft size-medium wp-image-3856\" src=\"https:\/\/a-holstein.de\/wp-content\/uploads\/2017\/02\/cadurex-166x300.png\" alt=\"\" width=\"166\" height=\"300\"><\/p>\n<\/div><\/div><div  class=\"two-third column-block  no-background    \" data-animation=\"\" style=\"  \"><div class=\"be-custom-column-inner\"><ul class=\"ul1\">\n<li class=\"li1\"><span class=\"s2\">Adoucit l\u2019eau, emp\u00eache l\u2019opacification des spiritueux<\/span><\/li>\n<li class=\"li1\"><span class=\"s2\">Appareil hors pression en PVC<\/span><\/li>\n<li class=\"li1\"><span class=\"s2\">D\u00e9bit : env. 600&nbsp;L \u00e0 20&nbsp;\u00b0C dH<\/span><\/li>\n<li class=\"li1\"><span class=\"s2\">Le remplissage de r\u00e9sine doit ensuite \u00eatre r\u00e9g\u00e9n\u00e9r\u00e9<\/span><\/li>\n<\/ul>\n<\/div><\/div><\/div><div  class=\"be-row be-wrap clearfix \"><div  class=\"one-col column-block clearfix  no-background    \" data-animation=\"\" style=\"  \"><div class=\"be-custom-column-inner\"><hr class=\"separator\" style=\"background-color:#eeeeee;color:#eeeeee;height:1px;width:100%;\" \/><\/div><\/div><\/div><div  class=\"be-row be-wrap clearfix \"><div  class=\"one-third column-block  no-background    \" data-animation=\"\" style=\"  \"><div class=\"be-custom-column-inner\"><div class=\"special-subtitle-wrap  0\" style=\"margin-bottom: 30px;\" data-animation=\"fadeIn\"><div class=\"align-left\"><span class=\"special-subtitle\" style=\"color: #e0a240; font-size: 18px ; width: 100%\" >Filtre \u00e0 couches rondes en acier inoxydable \u00e9lectrique<\/span><\/div><\/div><p><img class=\"alignleft size-medium wp-image-4003\" src=\"https:\/\/a-holstein.de\/wp-content\/uploads\/2017\/02\/Rundschichfilter-300x211.png\" alt=\"\" width=\"300\" height=\"211\"><\/p>\n<\/div><\/div><div  class=\"two-third column-block  no-background    \" data-animation=\"\" style=\"  \"><div class=\"be-custom-column-inner\"><ul>\n<li class=\"li1\"><span class=\"s2\">Entra\u00eenement de la pompe : Moteur triphas\u00e9 220 V<\/span><\/li>\n<li class=\"li1\"><span class=\"s2\">Vitesse de rotation : 2&nbsp;900&nbsp;tours\/min.<\/span><\/li>\n<li class=\"li1\"><span class=\"s2\">Puissance : 0,35 kW<\/span><\/li>\n<li class=\"li1\"><span class=\"s2\">D\u00e9bit : 1&nbsp;000&nbsp;L\/h<\/span><\/li>\n<li class=\"li1\"><span class=\"s2\">Bo\u00eetier du filtre : Acier inoxydable<\/span><\/li>\n<li class=\"li1\"><span class=\"s2\">Pompe : Acier inoxydable<\/span><\/li>\n<li class=\"li1\"><span class=\"s2\">Disponible avec un diam\u00e8tre de 220&nbsp;mm<\/span><\/li>\n<li class=\"li1\"><span class=\"s2\">Convient pour les distillats, les spiritueux, les liqueurs, les vins et les vins de fruits<\/span><\/li>\n<li class=\"li1\"><span class=\"s2\">D\u00e9bit 60 \u2013 120 L\/h<\/span><\/li>\n<\/ul>\n<\/div><\/div><\/div><div  class=\"be-row be-wrap clearfix \"><div  class=\"one-col column-block clearfix  no-background    \" data-animation=\"\" style=\"  \"><div class=\"be-custom-column-inner\"><hr class=\"separator\" style=\"background-color:#eeeeee;color:#eeeeee;height:1px;width:100%;\" \/><\/div><\/div><\/div><div  class=\"be-row be-wrap clearfix \"><div  class=\"one-third column-block  no-background    \" data-animation=\"\" style=\"  \"><div class=\"be-custom-column-inner\"><div class=\"special-subtitle-wrap  0\" style=\"margin-bottom: 30px;\" data-animation=\"fadeIn\"><div class=\"align-left\"><span class=\"special-subtitle\" style=\"color: #e0a240; font-size: 18px ; width: 100%\" >Filtre \u00e0 couches \u00e9lectrique<\/span><\/div><\/div><p><img class=\"alignleft size-medium wp-image-4004\" src=\"https:\/\/a-holstein.de\/wp-content\/uploads\/2017\/02\/Schichtenfilter-298x300.png\" alt=\"\" width=\"298\" height=\"300\"><\/p>\n<\/div><\/div><div  class=\"two-third column-block  no-background    \" data-animation=\"\" style=\"  \"><div class=\"be-custom-column-inner\"><ul>\n<li class=\"li1\"><span class=\"s2\">Filtre \u00e0 couches de 20&#215;20&nbsp;cm, mobile<\/span><\/li>\n<li class=\"li1\"><span class=\"s2\">Support, bac d&rsquo;\u00e9gouttage, plaques d\u2019extr\u00e9mit\u00e9, raccords, robinet et pompe centrifuge en acier inoxydable<\/span><\/li>\n<li class=\"li1\"><span class=\"s2\">Plaques de filtre en plastique de qualit\u00e9 alimentaire<\/span><\/li>\n<li class=\"li1\"><span class=\"s2\">D\u00e9bit&nbsp;: 300 \u2013 500 L\/h<\/span><\/li>\n<\/ul>\n<\/div><\/div><\/div><div  class=\"be-row be-wrap clearfix \"><div  class=\"one-third column-block  no-background    \" data-animation=\"\" style=\"  \"><div class=\"be-custom-column-inner\"><div class=\"special-subtitle-wrap  0\" style=\"margin-bottom: 30px;\" data-animation=\"fadeIn\"><div class=\"align-left\"><span class=\"special-subtitle\" style=\"color: #e0a240; font-size: 18px ; width: 100%\" >Appareil de distillation de test<\/span><\/div><\/div><p><img class=\"size-full wp-image-3857 alignnone\" src=\"https:\/\/a-holstein.de\/wp-content\/uploads\/2017\/02\/Probedestille.png\" alt=\"\" width=\"266\" height=\"224\"><\/p>\n<p class=\"p1\"><span class=\"s1\">Pour d\u00e9terminer l\u2019alcool du vin, du vin de fruits et des liqueurs<\/span><\/p>\n<\/div><\/div><div  class=\"one-third column-block  no-background    \" data-animation=\"\" style=\"  \"><div class=\"be-custom-column-inner\"><div class=\"special-subtitle-wrap  0\" style=\"margin-bottom: 30px;\" data-animation=\"fadeIn\"><div class=\"align-left\"><span class=\"special-subtitle\" style=\"color: #e0a240; font-size: 18px ; width: 100%\" >\u00c9chelle Oechsle<\/span><\/div><\/div><p><img class=\"size-medium wp-image-3858 alignnone\" src=\"https:\/\/a-holstein.de\/wp-content\/uploads\/2017\/02\/Oechslewaage-300x212.png\" alt=\"\" width=\"300\" height=\"212\"><\/p>\n<ul>\n<li class=\"li1\"><span class=\"s2\">Avec et sans correction de la temp\u00e9rature<\/span><\/li>\n<li class=\"li1\"><span class=\"s2\">Pour d\u00e9finir le taux d\u2019extraction des jus ou des solutions sucr\u00e9es<\/span><\/li>\n<\/ul>\n<\/div><\/div><div  class=\"one-third column-block  no-background    \" data-animation=\"\" style=\"  \"><div class=\"be-custom-column-inner\"><div class=\"special-subtitle-wrap  0\" style=\"margin-bottom: 30px;\" data-animation=\"fadeIn\"><div class=\"align-left\"><span class=\"special-subtitle\" style=\"color: #e0a240; font-size: 18px ; width: 100%\" >R\u00e9fractom\u00e8tre manuel<\/span><\/div><\/div><p><img class=\"size-full wp-image-3859 alignnone\" src=\"https:\/\/a-holstein.de\/wp-content\/uploads\/2017\/02\/Refraktometer.png\" alt=\"\" width=\"246\" height=\"190\"><\/p>\n<p class=\"p1\"><span class=\"s1\">Pour mesurer le taux d\u2019extraction des mo\u00fbts non ferment\u00e9s<\/span><\/p>\n<\/div><\/div><\/div><div  class=\"be-row be-wrap clearfix \"><div  class=\"one-col column-block clearfix  no-background    \" data-animation=\"\" style=\"  \"><div class=\"be-custom-column-inner\"><hr class=\"separator\" style=\"background-color:#eeeeee;color:#eeeeee;height:1px;width:100%;\" \/><\/div><\/div><\/div><div  class=\"be-row be-wrap clearfix \"><div  class=\"one-third column-block  no-background    \" data-animation=\"\" style=\"  \"><div class=\"be-custom-column-inner\"><div class=\"special-subtitle-wrap  0\" style=\"margin-bottom: 30px;\" data-animation=\"fadeIn\"><div class=\"align-left\"><span class=\"special-subtitle\" style=\"color: #e0a240; font-size: 18px ; width: 100%\" >Alcoom\u00e8tres<\/span><\/div><\/div><ul>\n<li class=\"li1\"><span class=\"s2\">Avec diff\u00e9rentes plages de mesure<\/span><\/li>\n<li class=\"li1\"><span class=\"s2\">Avec et sans correction de la temp\u00e9rature<\/span><\/li>\n<li class=\"li1\"><span class=\"s2\">\u00c9galement en version calibr\u00e9e et calibrable<\/span><\/li>\n<\/ul>\n<\/div><\/div><div  class=\"one-third column-block  no-background    \" data-animation=\"\" style=\"  \"><div class=\"be-custom-column-inner\"><div class=\"special-subtitle-wrap  0\" style=\"margin-bottom: 30px;\" data-animation=\"fadeIn\"><div class=\"align-left\"><span class=\"special-subtitle\" style=\"color: #e0a240; font-size: 18px ; width: 100%\" >Saccharim\u00e8tre<\/span><\/div><\/div><ul>\n<li class=\"li1\"><span class=\"s2\">Avec et sans correction de la temp\u00e9rature<\/span><\/li>\n<li class=\"li1\"><span class=\"s2\">Pour d\u00e9finir le taux d\u2019extraction des jus ou des solutions sucr\u00e9es<\/span><\/li>\n<li class=\"li1\"><span class=\"s2\">Pour d\u00e9finir le taux de fermentation finale<\/span><\/li>\n<\/ul>\n<\/div><\/div><div  class=\"one-third column-block  no-background    \" data-animation=\"\" style=\"  \"><div class=\"be-custom-column-inner\"><\/div><\/div><\/div><\/div><\/div>","protected":false},"excerpt":{"rendered":"<p>Autres accessoires Tout pour les alambics M\u00e9langeurs \u00e0 engrenage M\u00e9langeurs \u00e0 engrenage avec une puissance adapt\u00e9e en fonction de la taille de la vessie. Montage ult\u00e9rieur possible. Dispositif de s\u00e9paration [&hellip;]<\/p>\n<p><a href=\"https:\/\/a-holstein.de\/fr\/accessoires-de-distillation\/autres-accessoires\/\" class=\"more-link style2-button\">Read More<\/a><\/p>","protected":false},"author":1,"featured_media":0,"parent":4756,"menu_order":0,"comment_status":"closed","ping_status":"closed","template":"","meta":[],"_links":{"self":[{"href":"https:\/\/a-holstein.de\/fr\/wp-json\/wp\/v2\/pages\/4774"}],"collection":[{"href":"https:\/\/a-holstein.de\/fr\/wp-json\/wp\/v2\/pages"}],"about":[{"href":"https:\/\/a-holstein.de\/fr\/wp-json\/wp\/v2\/types\/page"}],"author":[{"embeddable":true,"href":"https:\/\/a-holstein.de\/fr\/wp-json\/wp\/v2\/users\/1"}],"replies":[{"embeddable":true,"href":"https:\/\/a-holstein.de\/fr\/wp-json\/wp\/v2\/comments?post=4774"}],"version-history":[{"count":1,"href":"https:\/\/a-holstein.de\/fr\/wp-json\/wp\/v2\/pages\/4774\/revisions"}],"predecessor-version":[{"id":4775,"href":"https:\/\/a-holstein.de\/fr\/wp-json\/wp\/v2\/pages\/4774\/revisions\/4775"}],"up":[{"embeddable":true,"href":"https:\/\/a-holstein.de\/fr\/wp-json\/wp\/v2\/pages\/4756"}],"wp:attachment":[{"href":"https:\/\/a-holstein.de\/fr\/wp-json\/wp\/v2\/media?parent=4774"}],"curies":[{"name":"wp","href":"https:\/\/api.w.org\/{rel}","templated":true}]}}