{"id":4776,"date":"2017-02-14T10:00:41","date_gmt":"2017-02-14T09:00:41","guid":{"rendered":"https:\/\/a-holstein.de\/accessoires-de-distillation\/flaschenabfuellung\/"},"modified":"2018-06-05T15:58:39","modified_gmt":"2018-06-05T13:58:39","slug":"mise-en-bouteille","status":"publish","type":"page","link":"https:\/\/a-holstein.de\/fr\/accessoires-de-distillation\/mise-en-bouteille\/","title":{"rendered":"Mise en bouteille"},"content":{"rendered":"<div class=\"be-section         clearfix\" data-headerscheme=\"background--dark\" style=\" \"  ><div class=\"be-section-pad clearfix \" style=\" padding-top:90px;padding-bottom:90px;\" data-padding-top = \"90\"><div  class=\"be-row be-wrap clearfix \"><div  class=\"one-col column-block clearfix  no-background    \" data-animation=\"\" style=\"  \"><div class=\"be-custom-column-inner\"><h3>Mise en bouteille<\/h3>\n<h5>Accessoires pour alambics<\/h5>\n<hr class=\"separator\" style=\"background-color:#eeeeee;color:#eeeeee;height:1px;width:100%;\" \/><\/div><\/div><\/div><div  class=\"be-row be-wrap clearfix \"><div  class=\"one-third column-block  no-background    \" data-animation=\"\" style=\"  \"><div class=\"be-custom-column-inner\"><div class=\"special-subtitle-wrap  0\" style=\"margin-bottom: 30px;\" data-animation=\"fadeIn\"><div class=\"align-left\"><span class=\"special-subtitle\" style=\"color: #e0a240; font-size: 18px ; width: 100%\" >Ligne d\u2019embouteillage sous vide Enolmatic<\/span><\/div><\/div><p><img class=\"alignleft size-medium wp-image-3863\" src=\"https:\/\/a-holstein.de\/wp-content\/uploads\/2017\/02\/abfuellung-300x250.png\" alt=\"\" width=\"300\" height=\"250\"><\/p>\n<\/div><\/div><div  class=\"two-third column-block  no-background    \" data-animation=\"\" style=\"  \"><div class=\"be-custom-column-inner\"><ul class=\"ul1\">\n<li class=\"li1\"><span class=\"s2\">Pour embouteiller rapidement et facilement des jus, des vins, des vins de fruits, des distillats, des huiles et des sauces<\/span><\/li>\n<li class=\"li1\"><span class=\"s2\">Rendement : jusqu\u2019\u00e0 200 bouteilles\/h<\/span><\/li>\n<li class=\"li1\"><span class=\"s2\">Convient pour des bouteilles de 0,2 L \u00e0 1,0&nbsp;L<\/span><\/li>\n<li class=\"li1\"><span class=\"s2\">Hauteur de remplissage r\u00e9glable<\/span><\/li>\n<li class=\"li1\"><span class=\"s2\">D\u00e9sactivation automatique<\/span><\/li>\n<\/ul>\n<\/div><\/div><\/div><div  class=\"be-row be-wrap clearfix \"><div  class=\"one-col column-block clearfix  no-background    \" data-animation=\"\" style=\"  \"><div class=\"be-custom-column-inner\"><hr class=\"separator\" style=\"background-color:#eeeeee;color:#eeeeee;height:1px;width:100%;\" \/><\/div><\/div><\/div><div  class=\"be-row be-wrap clearfix \"><div  class=\"one-third column-block  no-background    \" data-animation=\"\" style=\"  \"><div class=\"be-custom-column-inner\"><div class=\"special-subtitle-wrap  0\" style=\"margin-bottom: 30px;\" data-animation=\"fadeIn\"><div class=\"align-left\"><span class=\"special-subtitle\" style=\"color: #e0a240; font-size: 18px ; width: 100%\" >Ligne d\u2019embouteillage sous vide 4 emplacements<\/span><\/div><\/div><p><img class=\"alignleft size-medium wp-image-4072\" src=\"https:\/\/a-holstein.de\/wp-content\/uploads\/2017\/02\/Enolmaster-mit-Mignon-Edelstahl-Fu\u0308llventilen-300x263.png\" alt=\"\" width=\"300\" height=\"263\"><\/p>\n<\/div><\/div><div  class=\"two-third column-block  no-background    \" data-animation=\"\" style=\"  \"><div class=\"be-custom-column-inner\"><p><img class=\"size-medium wp-image-4070 alignright\" src=\"https:\/\/a-holstein.de\/wp-content\/uploads\/2017\/02\/Enolmaster-300x223.png\" alt=\"\" width=\"300\" height=\"223\"><\/p>\n<p class=\"p1\"><span class=\"s1\">Le dispositif de remplissage sous vide est une installation de remplissage universelle avec 4 soupapes de remplissage en acier inoxydable pour le vin, le schnaps, l\u2019huile, le jus de fruits, etc.<br \/>\nLa pompe sous vide int\u00e9gr\u00e9e aspire l\u2019air de la bouteille, le vide ainsi obtenu permet le remplissage et le liquide n\u2019entre ainsi en aucun cas en contact avec des pi\u00e8ces m\u00e9caniques.<\/span><\/p>\n<p class=\"p1\"><span class=\"s1\">Dimensions&nbsp;: 450 x 670 x 470 mm<br \/>\nRaccordement&nbsp;: 230 V, 50 Hz<br \/>\nHauteur des bouteilles : jusqu&rsquo;\u00e0 env. 40 cm<br \/>\nPuissance : 155 W<br \/>\nCapacit\u00e9 : env. 600 bouteilles\/h<br \/>\n<img class=\"size-medium wp-image-4071 alignright\" src=\"https:\/\/a-holstein.de\/wp-content\/uploads\/2017\/02\/KIT-MIGNON-PER-ENOLMASTER-300x218.png\" alt=\"\" width=\"300\" height=\"218\">Poids : env. 22 kg<\/span><\/p>\n<p>&nbsp;<\/p>\n<\/div><\/div><\/div><div  class=\"be-row be-wrap clearfix \"><div  class=\"one-col column-block clearfix  no-background    \" data-animation=\"\" style=\"  \"><div class=\"be-custom-column-inner\"><hr class=\"separator\" style=\"background-color:#eeeeee;color:#eeeeee;height:1px;width:100%;\" \/><\/div><\/div><\/div><div  class=\"be-row be-wrap clearfix \"><div  class=\"one-third column-block  no-background    \" data-animation=\"\" style=\"  \"><div class=\"be-custom-column-inner\"><div class=\"special-subtitle-wrap  0\" style=\"margin-bottom: 30px;\" data-animation=\"fadeIn\"><div class=\"align-left\"><span class=\"special-subtitle\" style=\"color: #e0a240; font-size: 18px ; width: 100%\" >Ligne d\u2019embouteillage en acier inoxydable 4 emplacements<\/span><\/div><\/div><p><img class=\"alignleft size-medium wp-image-3864\" src=\"https:\/\/a-holstein.de\/wp-content\/uploads\/2017\/02\/abfuellung-4fach-209x300.png\" alt=\"\" width=\"209\" height=\"300\"><\/p>\n<\/div><\/div><div  class=\"two-third column-block  no-background    \" data-animation=\"\" style=\"  \"><div class=\"be-custom-column-inner\"><ul>\n<li class=\"li1\"><span class=\"s2\">Rendement : jusqu\u2019\u00e0 600 bouteilles\/h<\/span><\/li>\n<li class=\"li1\"><span class=\"s2\">Pour la mise en bouteille \u00e0 froid et \u00e0 chaud<\/span><\/li>\n<li class=\"li1\"><span class=\"s2\">Remplit les bouteilles jusqu\u2019au bord<\/span><\/li>\n<li class=\"li1\"><span class=\"s2\">Pas d\u2019aspiration<\/span><\/li>\n<li class=\"li1\"><span class=\"s2\">R\u00e9glable \u00e0 toutes les hauteurs de bouteilles<\/span><\/li>\n<li class=\"li1\"><span class=\"s2\">Combinaison possible avec un remplissage Bag-in-Box<\/span><\/li>\n<\/ul>\n<\/div><\/div><\/div><div  class=\"be-row be-wrap clearfix \"><div  class=\"one-col column-block clearfix  no-background    \" data-animation=\"\" style=\"  \"><div class=\"be-custom-column-inner\"><hr class=\"separator\" style=\"background-color:#eeeeee;color:#eeeeee;height:1px;width:100%;\" \/><\/div><\/div><\/div><div  class=\"be-row be-wrap clearfix \"><div  class=\"one-third column-block  no-background    \" data-animation=\"\" style=\"  \"><div class=\"be-custom-column-inner\"><div class=\"special-subtitle-wrap  0\" style=\"margin-bottom: 30px;\" data-animation=\"fadeIn\"><div class=\"align-left\"><span class=\"special-subtitle\" style=\"color: #e0a240; font-size: 18px ; width: 100%\" >Machine de lavage de bouteilles FWM<\/span><\/div><\/div><p><img class=\"alignleft size-medium wp-image-4005\" src=\"https:\/\/a-holstein.de\/wp-content\/uploads\/2017\/02\/fwm-270x300.png\" alt=\"\" width=\"270\" height=\"300\"><\/p>\n<\/div><\/div><div  class=\"two-third column-block  no-background    \" data-animation=\"\" style=\"  \"><div class=\"be-custom-column-inner\"><p class=\"p1\"><span class=\"s1\">Elle convient pour le lavage semi-automatique de l\u2019int\u00e9rieur et de l\u2019ext\u00e9rieur des bouteilles de diff\u00e9rentes tailles et de diff\u00e9rents diam\u00e8tres.<br \/>\nLe bo\u00eetier ergonomique est fabriqu\u00e9 en acier inoxydable, support compris.<br \/>\nLa machine est compos\u00e9e de deux unit\u00e9s de lavage.<\/span><\/p>\n<p class=\"p1\"><span class=\"s1\">Rendement nominal : env. 400 bouteilles\/h<\/span><\/p>\n<\/div><\/div><\/div><div  class=\"be-row be-wrap clearfix \"><div  class=\"one-col column-block clearfix  no-background    \" data-animation=\"\" style=\"  \"><div class=\"be-custom-column-inner\"><hr class=\"separator\" style=\"background-color:#eeeeee;color:#eeeeee;height:1px;width:100%;\" \/><\/div><\/div><\/div><div  class=\"be-row be-wrap clearfix \"><div  class=\"one-third column-block  no-background    \" data-animation=\"\" style=\"  \"><div class=\"be-custom-column-inner\"><div class=\"special-subtitle-wrap  0\" style=\"margin-bottom: 30px;\" data-animation=\"fadeIn\"><div class=\"align-left\"><span class=\"special-subtitle\" style=\"color: #e0a240; font-size: 18px ; width: 100%\" >Support d'\u00e9gouttage des bouteilles<\/span><\/div><\/div><p><img class=\"size-full wp-image-3866 alignnone\" src=\"https:\/\/a-holstein.de\/wp-content\/uploads\/2017\/02\/flaschenabtropfgestell.png\" alt=\"\" width=\"215\" height=\"224\"><\/p>\n<ul>\n<li class=\"li1\"><span class=\"s2\">Pour 77&nbsp;bouteilles<\/span><\/li>\n<li class=\"li1\"><span class=\"s2\">En plastique<\/span><\/li>\n<li class=\"li1\"><span class=\"s2\">Mod\u00e8le stable, anti-basculement<\/span><\/li>\n<li class=\"li1\"><span class=\"s2\">Peu encombrant<\/span><\/li>\n<li class=\"li1\"><span class=\"s2\">\u00c9gouttage optimal<\/span><\/li>\n<\/ul>\n<\/div><\/div><div  class=\"one-third column-block  no-background    \" data-animation=\"\" style=\"  \"><div class=\"be-custom-column-inner\"><div class=\"special-subtitle-wrap  0\" style=\"margin-bottom: 30px;\" data-animation=\"fadeIn\"><div class=\"align-left\"><span class=\"special-subtitle\" style=\"color: #e0a240; font-size: 18px ; width: 100%\" >Appareil \u00e9lectrique de r\u00e9tractation des capsules<\/span><\/div><\/div><p><img class=\"size-full wp-image-3867 alignnone\" src=\"https:\/\/a-holstein.de\/wp-content\/uploads\/2017\/02\/anschrumpf.png\" alt=\"\" width=\"282\" height=\"157\"><\/p>\n<ul class=\"ul1\">\n<li class=\"li1\"><span class=\"s2\">Id\u00e9al pour la r\u00e9tractation rapide des capsules<\/span><\/li>\n<li class=\"li1\"><span class=\"s2\">Manuel, avec poign\u00e9e<\/span><\/li>\n<\/ul>\n<p class=\"p2\"><span class=\"s2\">Types : 400 W&nbsp;&nbsp; \/\/\/&nbsp; 700 W<\/span><\/p>\n<p>&nbsp;<\/p>\n<\/div><\/div><div  class=\"one-third column-block  no-background    \" data-animation=\"\" style=\"  \"><div class=\"be-custom-column-inner\"><div class=\"special-subtitle-wrap  0\" style=\"margin-bottom: 30px;\" data-animation=\"fadeIn\"><div class=\"align-left\"><span class=\"special-subtitle\" style=\"color: #e0a240; font-size: 18px ; width: 100%\" >\u00c9tiqueteuse manuelle<\/span><\/div><\/div><p><img class=\"size-full wp-image-3868 alignnone\" src=\"https:\/\/a-holstein.de\/wp-content\/uploads\/2017\/02\/Etikettierer.png\" alt=\"\" width=\"228\" height=\"168\"><\/p>\n<ul>\n<li class=\"li1\"><span class=\"s2\">Pour tirer des \u00e9tiquettes hautes et larges<\/span><\/li>\n<li class=\"li1\"><span class=\"s2\">La colle est appliqu\u00e9e sur l\u2019\u00e9tiquette<\/span><\/li>\n<\/ul>\n<\/div><\/div><\/div><div  class=\"be-row be-wrap clearfix \"><div  class=\"one-col column-block clearfix  no-background    \" data-animation=\"\" style=\"  \"><div class=\"be-custom-column-inner\"><hr class=\"separator\" style=\"background-color:#eeeeee;color:#eeeeee;height:1px;width:100%;\" \/><\/div><\/div><\/div><div  class=\"be-row be-wrap clearfix \"><div  class=\"one-third column-block  no-background    \" data-animation=\"\" style=\"  \"><div class=\"be-custom-column-inner\"><div class=\"special-subtitle-wrap  0\" style=\"margin-bottom: 30px;\" data-animation=\"fadeIn\"><div class=\"align-left\"><span class=\"special-subtitle\" style=\"color: #e0a240; font-size: 18px ; width: 100%\" >Racloir articul\u00e9<\/span><\/div><\/div><p><img class=\"size-full wp-image-3870 alignnone\" src=\"https:\/\/a-holstein.de\/wp-content\/uploads\/2017\/02\/gelenkschrubber.png\" alt=\"\" width=\"278\" height=\"148\"><\/p>\n<ul>\n<li class=\"li1\"><span class=\"s2\">Appareil de nettoyage manuel pour le nettoyage de l&rsquo;int\u00e9rieur des appareils de combustion<\/span><\/li>\n<li class=\"li1\"><span class=\"s2\">Nettoie la vessie pour \u00e9liminer toutes les particules de salissures<\/span><\/li>\n<li class=\"li1\"><span class=\"s2\">L\u2019articulation permet de nettoyer tous les angles<\/span><\/li>\n<\/ul>\n<\/div><\/div><div  class=\"one-third column-block  no-background    \" data-animation=\"\" style=\"  \"><div class=\"be-custom-column-inner\"><div class=\"special-subtitle-wrap  0\" style=\"margin-bottom: 30px;\" data-animation=\"fadeIn\"><div class=\"align-left\"><span class=\"special-subtitle\" style=\"color: #e0a240; font-size: 18px ; width: 100%\" >Brosse \u00e0 f\u00fbts<\/span><\/div><\/div><p><img class=\"size-full wp-image-3871 alignnone\" src=\"https:\/\/a-holstein.de\/wp-content\/uploads\/2017\/02\/buerste.png\" alt=\"\" width=\"212\" height=\"155\"><\/p>\n<p class=\"p1\"><span class=\"s1\">Brosse ronde pour le nettoyage des f\u00fbts<\/span><\/p>\n<\/div><\/div><div  class=\"one-third column-block  no-background    \" data-animation=\"\" style=\"  \"><div class=\"be-custom-column-inner\"><div class=\"special-subtitle-wrap  0\" style=\"margin-bottom: 30px;\" data-animation=\"fadeIn\"><div class=\"align-left\"><span class=\"special-subtitle\" style=\"color: #e0a240; font-size: 18px ; width: 100%\" >Ouvrages sp\u00e9cialis\u00e9s<\/span><\/div><\/div><p><img class=\"size-medium wp-image-3869 alignnone\" src=\"https:\/\/a-holstein.de\/wp-content\/uploads\/2017\/02\/buecher-300x198.png\" alt=\"\" width=\"300\" height=\"198\"><\/p>\n<p class=\"p1\"><span class=\"s1\">Documents sp\u00e9cialis\u00e9s sur la distillation et la production de liqueurs<\/span><\/p>\n<\/div><\/div><\/div><\/div><\/div>","protected":false},"excerpt":{"rendered":"<p>Mise en bouteille Accessoires pour alambics Ligne d\u2019embouteillage sous vide Enolmatic Pour embouteiller rapidement et facilement des jus, des vins, des vins de fruits, des distillats, des huiles et des [&hellip;]<\/p>\n<p><a href=\"https:\/\/a-holstein.de\/fr\/accessoires-de-distillation\/mise-en-bouteille\/\" class=\"more-link style2-button\">Read More<\/a><\/p>","protected":false},"author":1,"featured_media":0,"parent":4756,"menu_order":0,"comment_status":"closed","ping_status":"closed","template":"","meta":[],"_links":{"self":[{"href":"https:\/\/a-holstein.de\/fr\/wp-json\/wp\/v2\/pages\/4776"}],"collection":[{"href":"https:\/\/a-holstein.de\/fr\/wp-json\/wp\/v2\/pages"}],"about":[{"href":"https:\/\/a-holstein.de\/fr\/wp-json\/wp\/v2\/types\/page"}],"author":[{"embeddable":true,"href":"https:\/\/a-holstein.de\/fr\/wp-json\/wp\/v2\/users\/1"}],"replies":[{"embeddable":true,"href":"https:\/\/a-holstein.de\/fr\/wp-json\/wp\/v2\/comments?post=4776"}],"version-history":[{"count":1,"href":"https:\/\/a-holstein.de\/fr\/wp-json\/wp\/v2\/pages\/4776\/revisions"}],"predecessor-version":[{"id":4777,"href":"https:\/\/a-holstein.de\/fr\/wp-json\/wp\/v2\/pages\/4776\/revisions\/4777"}],"up":[{"embeddable":true,"href":"https:\/\/a-holstein.de\/fr\/wp-json\/wp\/v2\/pages\/4756"}],"wp:attachment":[{"href":"https:\/\/a-holstein.de\/fr\/wp-json\/wp\/v2\/media?parent=4776"}],"curies":[{"name":"wp","href":"https:\/\/api.w.org\/{rel}","templated":true}]}}