{"id":4778,"date":"2017-02-13T14:17:37","date_gmt":"2017-02-13T13:17:37","guid":{"rendered":"https:\/\/a-holstein.de\/accessoires-de-distillation\/lagern\/"},"modified":"2018-06-05T16:11:58","modified_gmt":"2018-06-05T14:11:58","slug":"stockage","status":"publish","type":"page","link":"https:\/\/a-holstein.de\/fr\/accessoires-de-distillation\/stockage\/","title":{"rendered":"Stockage"},"content":{"rendered":"<div class=\"be-section         clearfix\" data-headerscheme=\"background--dark\" style=\" \"  ><div class=\"be-section-pad clearfix \" style=\" padding-top:90px;padding-bottom:90px;\" data-padding-top = \"90\"><div  class=\"be-row be-wrap clearfix \"><div  class=\"one-col column-block clearfix  no-background    \" data-animation=\"\" style=\"  \"><div class=\"be-custom-column-inner\"><h3> Stockage <\/h3>\n<h5>Accessoires utiles<\/h5>\n<hr class=\"separator\" style=\"background-color:#eeeeee;color:#eeeeee;height:1px;width:20%;\" \/><\/div><\/div><\/div><div  class=\"be-row be-wrap clearfix \"><div  class=\"one-third column-block  no-background    \" data-animation=\"\" style=\"  \"><div class=\"be-custom-column-inner\"><div class=\"special-subtitle-wrap  0\" style=\"margin-bottom: 30px;\" data-animation=\"fadeIn\"><div class=\"align-left\"><span class=\"special-subtitle\" style=\"color: #e0a240; font-size: 18px ; width: 100%\" >Seaux en acier inoxydable<\/span><\/div><\/div><p><img class=\"alignleft size-full wp-image-3846\" src=\"https:\/\/a-holstein.de\/wp-content\/uploads\/2017\/02\/Eimer.png\" alt=\"\" width=\"281\" height=\"292\"><\/p>\n<\/div><\/div><div  class=\"two-third column-block  no-background    \" data-animation=\"\" style=\"  \"><div class=\"be-custom-column-inner\"><ul>\n<li class=\"li1\"><span class=\"s2\">En acier inoxydable, sans jointure<\/span><\/li>\n<li class=\"li1\"><span class=\"s2\">Avec anse et \u00e9chelle gradu\u00e9e en litres grav\u00e9e<\/span><\/li>\n<\/ul>\n<\/div><\/div><\/div><div  class=\"be-row be-wrap clearfix \"><div  class=\"one-col column-block clearfix  no-background    \" data-animation=\"\" style=\"  \"><div class=\"be-custom-column-inner\"><hr class=\"separator\" style=\"background-color:#eeeeee;color:#eeeeee;height:1px;width:20%;\" \/><\/div><\/div><\/div><div  class=\"be-row be-wrap clearfix \"><div  class=\"one-third column-block  no-background    \" data-animation=\"\" style=\"  \"><div class=\"be-custom-column-inner\"><div class=\"special-subtitle-wrap  0\" style=\"margin-bottom: 30px;\" data-animation=\"fadeIn\"><div class=\"align-left\"><span class=\"special-subtitle\" style=\"color: #e0a240; font-size: 18px ; width: 100%\" >Pots en acier inoxydable<\/span><\/div><\/div><p><img class=\"alignleft size-medium wp-image-3847\" src=\"https:\/\/a-holstein.de\/wp-content\/uploads\/2017\/02\/Edelstahl-Kanne-235x300.png\" alt=\"\" width=\"235\" height=\"300\"><\/p>\n<\/div><\/div><div  class=\"two-third column-block  no-background    \" data-animation=\"\" style=\"  \"><div class=\"be-custom-column-inner\"><ul>\n<li class=\"li1\"><span class=\"s2\">Convient parfaitement pour le stockage et le transport de distillats, de liqueurs, d\u2019huiles alimentaires, de vins, de jus, etc.<\/span><\/li>\n<li class=\"li1\"><span class=\"s2\">Avec deux poign\u00e9es<\/span><\/li>\n<li class=\"li1\"><span class=\"s2\"><b>Soudure continue (sans bord), sans joint d\u2019encrassement entre la paroi et le fond du r\u00e9servoir<\/b><\/span><\/li>\n<li class=\"li1\"><span class=\"s2\">En acier inoxydable de qualit\u00e9 sup\u00e9rieure<\/span><\/li>\n<li class=\"li1\"><span class=\"s2\">Avec bords arrondis<\/span><\/li>\n<li class=\"li1\"><span class=\"s2\">Facile \u00e0 nettoyer<\/span><\/li>\n<li class=\"li1\"><span class=\"s2\">Avec joint et cache de protection<\/span><\/li>\n<li class=\"li1\"><span class=\"s2\">Avec manchon de robinet soud\u00e9 1\/2\u2033<\/span><\/li>\n<li class=\"li1\"><span class=\"s2\">Contenance : 5&nbsp;L, 10 L, 15 L, 30 L, 50 L, 75 L, 100 L<\/span><\/li>\n<\/ul>\n<\/div><\/div><\/div><div  class=\"be-row be-wrap clearfix \"><div  class=\"one-col column-block clearfix  no-background    \" data-animation=\"\" style=\"  \"><div class=\"be-custom-column-inner\"><hr class=\"separator\" style=\"background-color:#eeeeee;color:#eeeeee;height:1px;width:20%;\" \/><\/div><\/div><\/div><div  class=\"be-row be-wrap clearfix \"><div  class=\"one-third column-block  no-background    \" data-animation=\"\" style=\"  \"><div class=\"be-custom-column-inner\"><div class=\"special-subtitle-wrap  0\" style=\"margin-bottom: 30px;\" data-animation=\"fadeIn\"><div class=\"align-left\"><span class=\"special-subtitle\" style=\"color: #e0a240; font-size: 18px ; width: 100%\" >Ballons en verre<\/span><\/div><\/div><p><img class=\"alignleft size-medium wp-image-3848\" src=\"https:\/\/a-holstein.de\/wp-content\/uploads\/2017\/02\/Glasballone-210x300.png\" alt=\"\" width=\"210\" height=\"300\"><\/p>\n<\/div><\/div><div  class=\"two-third column-block  no-background    \" data-animation=\"\" style=\"  \"><div class=\"be-custom-column-inner\"><ul>\n<li class=\"li1\"><span class=\"s2\">Sans sortie ou avec sortie avec robinet de tuyauterie et robinet \u00e0 pince<\/span><\/li>\n<li class=\"li1\"><span class=\"s2\">Filtre \u00e0 air et support en bois empilable en bois de conif\u00e8re disponibles comme accessoires<\/span><\/li>\n<li class=\"li1\"><span class=\"s2\">Contenance : 5 L, 10 L, 15 L, 25 L, 30 L<\/span><\/li>\n<\/ul>\n<\/div><\/div><\/div><div  class=\"be-row be-wrap clearfix \"><div  class=\"one-col column-block clearfix  no-background    \" data-animation=\"\" style=\"  \"><div class=\"be-custom-column-inner\"><hr class=\"separator\" style=\"background-color:#eeeeee;color:#eeeeee;height:1px;width:20%;\" \/><\/div><\/div><\/div><div  class=\"be-row be-wrap clearfix \"><div  class=\"one-third column-block  no-background    \" data-animation=\"\" style=\"  \"><div class=\"be-custom-column-inner\"><div class=\"special-subtitle-wrap  0\" style=\"margin-bottom: 30px;\" data-animation=\"fadeIn\"><div class=\"align-left\"><span class=\"special-subtitle\" style=\"color: #e0a240; font-size: 18px ; width: 100%\" >F\u00fbts<\/span><\/div><\/div><p><img class=\"alignleft size-medium wp-image-3849\" src=\"https:\/\/a-holstein.de\/wp-content\/uploads\/2017\/02\/Einschlagfaesser-300x267.png\" alt=\"\" width=\"300\" height=\"267\"><\/p>\n<\/div><\/div><div  class=\"two-third column-block  no-background    \" data-animation=\"\" style=\"  \"><div class=\"be-custom-column-inner\"><ul>\n<li class=\"li1\"><span class=\"s2\">En plastique (PE)<\/span><\/li>\n<li class=\"li1\"><span class=\"s2\">Couleur : bleu, adapt\u00e9 aux applications alimentaires<\/span><\/li>\n<li class=\"li1\"><span class=\"s2\">Couvercle de serrage noir<\/span><\/li>\n<li class=\"li1\"><span class=\"s2\">Contenance : <\/span>\n<ul class=\"ul1\">\n<li class=\"li1\"><span class=\"s2\">30&nbsp;L avec poign\u00e9es<\/span><\/li>\n<li class=\"li1\"><span class=\"s2\">60&nbsp;L avec poign\u00e9es<\/span><\/li>\n<li class=\"li1\"><span class=\"s2\">120&nbsp;L<\/span><\/li>\n<li class=\"li1\"><span class=\"s2\">220&nbsp;L<\/span><\/li>\n<\/ul>\n<\/li>\n<\/ul>\n<\/div><\/div><\/div><div  class=\"be-row be-wrap clearfix \"><div  class=\"one-col column-block clearfix  no-background    \" data-animation=\"\" style=\"  \"><div class=\"be-custom-column-inner\"><hr class=\"separator\" style=\"background-color:#eeeeee;color:#eeeeee;height:1px;width:20%;\" \/><\/div><\/div><\/div><div  class=\"be-row be-wrap clearfix \"><div  class=\"one-third column-block  no-background    \" data-animation=\"\" style=\"  \"><div class=\"be-custom-column-inner\"><div class=\"special-subtitle-wrap  0\" style=\"margin-bottom: 30px;\" data-animation=\"fadeIn\"><div class=\"align-left\"><span class=\"special-subtitle\" style=\"color: #e0a240; font-size: 18px ; width: 100%\" >Conteneur sur palettes 1000 L<\/span><\/div><\/div><p><img class=\"alignleft size-medium wp-image-3850\" src=\"https:\/\/a-holstein.de\/wp-content\/uploads\/2017\/02\/Palettenbehaelter-280x300.png\" alt=\"\" width=\"280\" height=\"300\"><\/p>\n<\/div><\/div><div  class=\"two-third column-block  no-background    \" data-animation=\"\" style=\"  \"><div class=\"be-custom-column-inner\"><ul>\n<li class=\"li1\"><span class=\"s2\">En poly\u00e9thyl\u00e8ne basse pression \u00e0 haute densit\u00e9 mol\u00e9culaire (HD-PeE)<\/span><\/li>\n<li class=\"li1\"><span class=\"s2\">Qualit\u00e9 alimentaire<\/span><\/li>\n<li class=\"li1\"><span class=\"s2\">Ouverture de remplissage LN 400 mm avec fermeture viss\u00e9e<\/span><\/li>\n<li class=\"li1\"><span class=\"s2\">Cadre en tubes d\u2019acier stable<\/span><\/li>\n<li class=\"li1\"><span class=\"s2\">Empilage triple pour le stockage, empilage double possible pour le transport<\/span><\/li>\n<li class=\"li1\"><span class=\"s2\">Palette en bois stable<\/span><\/li>\n<li class=\"li1\"><span class=\"s2\">Soupape d&rsquo;\u00e9coulement interchangeable 2\u2033<\/span><\/li>\n<li class=\"li1\"><span class=\"s2\">Cache vissable plomb\u00e9 avec bague d&rsquo;\u00e9tanch\u00e9it\u00e9, avec coude de sortie<\/span><\/li>\n<li class=\"li1\"><span class=\"s2\">L x l x h = 120 x 100 x 117 cm<\/span><\/li>\n<\/ul>\n<\/div><\/div><\/div><div  class=\"be-row be-wrap clearfix \"><div  class=\"one-col column-block clearfix  no-background    \" data-animation=\"\" style=\"  \"><div class=\"be-custom-column-inner\"><hr class=\"separator\" style=\"background-color:#eeeeee;color:#eeeeee;height:1px;width:20%;\" \/><\/div><\/div><\/div><div  class=\"be-row be-wrap clearfix \"><div  class=\"one-third column-block  no-background    \" data-animation=\"\" style=\"  \"><div class=\"be-custom-column-inner\"><div class=\"special-subtitle-wrap  0\" style=\"margin-bottom: 30px;\" data-animation=\"fadeIn\"><div class=\"align-left\"><span class=\"special-subtitle\" style=\"color: #e0a240; font-size: 18px ; width: 100%\" >R\u00e9servoir toujours plein en acier inoxydable<\/span><\/div><\/div><p><img class=\"alignleft size-medium wp-image-3851\" src=\"https:\/\/a-holstein.de\/wp-content\/uploads\/2017\/02\/Immervoll-227x300.png\" alt=\"\" width=\"227\" height=\"300\"><\/p>\n<\/div><\/div><div  class=\"two-third column-block  no-background    \" data-animation=\"\" style=\"  \"><div class=\"be-custom-column-inner\"><ul>\n<li class=\"li1\"><span class=\"s2\">Avec \u00e9vacuation claire<\/span><\/li>\n<li class=\"li1\"><span class=\"s2\">Option&nbsp;:&nbsp;disponible sans pieds ou avec pieds et \u00e9vacuation de r\u00e9sidus<\/span><\/li>\n<li class=\"li1\"><span class=\"s2\">Tous les r\u00e9servoirs sans couvercle flottant et couvercle cloche (disponible comme accessoire)<\/span><\/li>\n<li class=\"li1\"><span class=\"s2\">Pour le stockage s\u00e9curis\u00e9 des vins, des cidres et des liqueurs<\/span><\/li>\n<li class=\"li1\"><span class=\"s2\">Pour la fermentation d\u00e9licate des mo\u00fbts de vins de fruits et des mo\u00fbts de fruits<\/span><\/li>\n<li class=\"li1\"><span class=\"s2\">Protection de surface contre l\u2019oxydation et la formation de mycoderme provoqu\u00e9es par le couvercle flottant<\/span><\/li>\n<li class=\"li1\"><span class=\"s2\">\u00c9tanch\u00e9ification par un tuyau en silicone gonflable<\/span><\/li>\n<li class=\"li1\"><span class=\"s2\">Protection contre les salissures et la poussi\u00e8re gr\u00e2ce au couvercle cloche<\/span><\/li>\n<li class=\"li1\"><span class=\"s2\">Contenance : 220&nbsp;L, 290&nbsp;L, 300&nbsp;L, 530&nbsp;L, 675&nbsp;L, 1&nbsp;100&nbsp;L, 1&nbsp;600&nbsp;L, autres tailles sur demande<\/span><\/li>\n<\/ul>\n<\/div><\/div><\/div><div  class=\"be-row be-wrap clearfix \"><div  class=\"one-col column-block clearfix  no-background    \" data-animation=\"\" style=\"  \"><div class=\"be-custom-column-inner\"><hr class=\"separator\" style=\"background-color:#eeeeee;color:#eeeeee;height:1px;width:20%;\" \/><\/div><\/div><\/div><div  class=\"be-row be-wrap clearfix \"><div  class=\"one-third column-block  no-background    \" data-animation=\"\" style=\"  \"><div class=\"be-custom-column-inner\"><div class=\"special-subtitle-wrap  0\" style=\"margin-bottom: 30px;\" data-animation=\"fadeIn\"><div class=\"align-left\"><span class=\"special-subtitle\" style=\"color: #e0a240; font-size: 18px ; width: 100%\" >R\u00e9cipient de stockage en acier inoxydable<\/span><\/div><\/div><p><img class=\"alignleft size-medium wp-image-3852\" src=\"https:\/\/a-holstein.de\/wp-content\/uploads\/2017\/02\/Lagerbehealter-201x300.png\" alt=\"\" width=\"201\" height=\"300\"><\/p>\n<\/div><\/div><div  class=\"two-third column-block  no-background    \" data-animation=\"\" style=\"  \"><div class=\"be-custom-column-inner\"><ul>\n<li class=\"li1\"><span class=\"s2\">Pour stocker des distillats, des liqueurs et d&rsquo;autres liquides<\/span><\/li>\n<li class=\"li1\"><span class=\"s2\">Avec \u00e9vacuation claire<\/span><\/li>\n<li class=\"li1\"><span class=\"s2\">Goulot de remplissage : 220&nbsp;mm<\/span><\/li>\n<li class=\"li1\"><span class=\"s2\">Option&nbsp;:&nbsp;disponible sans pieds ou avec pieds et \u00e9vacuation de r\u00e9sidus<\/span><\/li>\n<li class=\"li1\"><span class=\"s2\">Robinet d&rsquo;\u00e9vacuation \u00e0 commander s\u00e9par\u00e9ment<\/span><\/li>\n<li class=\"li1\"><span class=\"s2\">R\u00e9cipient de plus grande taille disponible sur demande<\/span><\/li>\n<li class=\"li1\"><span class=\"s2\">Contenance : 100 L, 240&nbsp;L, 330&nbsp;L, 525&nbsp;L, 625&nbsp;L<\/span><\/li>\n<\/ul>\n<\/div><\/div><\/div><div  class=\"be-row be-wrap clearfix \"><div  class=\"one-col column-block clearfix  no-background    \" data-animation=\"\" style=\"  \"><div class=\"be-custom-column-inner\"><hr class=\"separator\" style=\"background-color:#eeeeee;color:#eeeeee;height:1px;width:20%;\" \/><\/div><\/div><\/div><div  class=\"be-row be-wrap clearfix \"><div  class=\"one-third column-block  no-background    \" data-animation=\"\" style=\"  \"><div class=\"be-custom-column-inner\"><div class=\"special-subtitle-wrap  0\" style=\"margin-bottom: 30px;\" data-animation=\"fadeIn\"><div class=\"align-left\"><span class=\"special-subtitle\" style=\"color: #e0a240; font-size: 18px ; width: 100%\" >Ballon et bidon<\/span><\/div><\/div><p><img class=\"alignleft size-medium wp-image-4006\" src=\"https:\/\/a-holstein.de\/wp-content\/uploads\/2017\/02\/ballon-kanister-300x263.png\" alt=\"\" width=\"300\" height=\"263\"><\/p>\n<\/div><\/div><div  class=\"two-third column-block  no-background    \" data-animation=\"\" style=\"  \"><div class=\"be-custom-column-inner\"><p class=\"p1\"><span class=\"s1\">En poly\u00e9thyl\u00e8ne de qualit\u00e9 alimentaire<\/span><\/p>\n<table id=\"tablepress-37\" class=\"tablepress tablepress-id-37\">\n<thead>\n<tr class=\"row-1 odd\">\n<th class=\"column-1\">Contenance<\/th>\n<th class=\"column-2\">Forme<\/th>\n<th class=\"column-3\">Diam\u00e8tre<\/th>\n<th class=\"column-4\">Hauteur<\/th>\n<th class=\"column-5\">&nbsp;<\/th>\n<\/tr>\n<\/thead>\n<tbody class=\"row-hover\">\n<tr class=\"row-2 even\">\n<td class=\"column-1\">25 l<\/td>\n<td class=\"column-2\">Ballon<\/td>\n<td class=\"column-3\">28 cm<\/td>\n<td class=\"column-4\">51 cm<\/td>\n<td class=\"column-5\"><\/td>\n<\/tr>\n<tr class=\"row-3 odd\">\n<td class=\"column-1\">50 l<\/td>\n<td class=\"column-2\">Ballon<\/td>\n<td class=\"column-3\">36 cm<\/td>\n<td class=\"column-4\">60 cm<\/td>\n<td class=\"column-5\"><\/td>\n<\/tr>\n<\/tbody>\n<\/table>\n<p><!-- #tablepress-37 from cache --><\/p>\n<p>&nbsp;<\/p>\n<table id=\"tablepress-38\" class=\"tablepress tablepress-id-38\">\n<thead>\n<tr class=\"row-1 odd\">\n<th class=\"column-1\">Contenance<\/th>\n<th class=\"column-2\">Forme<\/th>\n<th class=\"column-3\">Longueur<\/th>\n<th class=\"column-4\">Largeur<\/th>\n<th class=\"column-5\">Hauteur<\/th>\n<\/tr>\n<\/thead>\n<tbody class=\"row-hover\">\n<tr class=\"row-2 even\">\n<td class=\"column-1\">5 l<\/td>\n<td class=\"column-2\">Bidon \u00e0 col large<\/td>\n<td class=\"column-3\">18 cm<\/td>\n<td class=\"column-4\">14 cm<\/td>\n<td class=\"column-5\">28 cm<\/td>\n<\/tr>\n<tr class=\"row-3 odd\">\n<td class=\"column-1\">11 l<\/td>\n<td class=\"column-2\">Bidon \u00e0 col large<\/td>\n<td class=\"column-3\">22 cm<\/td>\n<td class=\"column-4\">18 cm<\/td>\n<td class=\"column-5\">36 cm<\/td>\n<\/tr>\n<tr class=\"row-4 even\">\n<td class=\"column-1\">5 l<\/td>\n<td class=\"column-2\">Bidon \u00e0 col large<\/td>\n<td class=\"column-3\">19 cm<\/td>\n<td class=\"column-4\">15 cm<\/td>\n<td class=\"column-5\">25 cm<\/td>\n<\/tr>\n<tr class=\"row-5 odd\">\n<td class=\"column-1\">10 l<\/td>\n<td class=\"column-2\">Bidon \u00e0 col large<\/td>\n<td class=\"column-3\">23 cm<\/td>\n<td class=\"column-4\">19 cm<\/td>\n<td class=\"column-5\">31 cm<\/td>\n<\/tr>\n<tr class=\"row-6 even\">\n<td class=\"column-1\">20 l<\/td>\n<td class=\"column-2\">Bidon \u00e0 col large<\/td>\n<td class=\"column-3\">28 cm<\/td>\n<td class=\"column-4\">24 cm<\/td>\n<td class=\"column-5\">39 cm<\/td>\n<\/tr>\n<\/tbody>\n<\/table>\n<p><!-- #tablepress-38 from cache --><\/p>\n<\/div><\/div><\/div><div  class=\"be-row be-wrap clearfix \"><div  class=\"one-col column-block clearfix  no-background    \" data-animation=\"\" style=\"  \"><div class=\"be-custom-column-inner\"><hr class=\"separator\" style=\"background-color:#eeeeee;color:#eeeeee;height:1px;width:20%;\" \/><\/div><\/div><\/div><div  class=\"be-row be-wrap clearfix \"><div  class=\"one-third column-block  no-background    \" data-animation=\"\" style=\"  \"><div class=\"be-custom-column-inner\"><div class=\"special-subtitle-wrap  0\" style=\"margin-bottom: 30px;\" data-animation=\"fadeIn\"><div class=\"align-left\"><span class=\"special-subtitle\" style=\"color: #e0a240; font-size: 18px ; width: 100%\" >R\u00e9cipients \u00e0 mo\u00fbts<\/span><\/div><\/div><p><img class=\"alignleft size-medium wp-image-4011\" src=\"https:\/\/a-holstein.de\/wp-content\/uploads\/2017\/02\/maischebehaelter-295x300.png\" alt=\"\" width=\"295\" height=\"300\"><\/p>\n<\/div><\/div><div  class=\"two-third column-block  no-background    \" data-animation=\"\" style=\"  \"><div class=\"be-custom-column-inner\"><ul>\n<li class=\"li1\"><span class=\"s2\">En poly\u00e9thyl\u00e8ne de qualit\u00e9 alimentaire<\/span><\/li>\n<li class=\"li1\"><span class=\"s2\">Mod\u00e8le conique<\/span><\/li>\n<li class=\"li1\"><span class=\"s2\">Mod\u00e8le solide et r\u00e9sistant aux chocs<\/span><\/li>\n<li class=\"li1\"><span class=\"s2\">Empilable une fois vide<\/span><\/li>\n<li class=\"li1\"><span class=\"s2\">Les angles d\u2019empilage emp\u00eachent le blocage des r\u00e9cipients individuels<\/span><\/li>\n<li class=\"li1\"><span class=\"s2\">Avec bord immerg\u00e9 et couvercle<\/span><\/li>\n<li class=\"li1\"><span class=\"s2\">Le couvercle immerg\u00e9 se ferme de fa\u00e7on \u00e9tanche \u00e0 l\u2019air gr\u00e2ce au bord immerg\u00e9 remplissable de liquide ; les gaz de fermentation peuvent s&rsquo;\u00e9chapper<\/span><\/li>\n<li class=\"li1\"><span class=\"s2\">Id\u00e9al \u00e9galement pour le stockage de choucroute. La bordure d\u2019eau permet de garantir une fermeture \u00e9tanche \u00e0 l\u2019air du r\u00e9servoir. La choucroute reste propre et app\u00e9tissante.<\/span><\/li>\n<\/ul>\n<table id=\"tablepress-39\" class=\"tablepress tablepress-id-39\">\n<thead>\n<tr class=\"row-1 odd\">\n<th class=\"column-1\">Contenance<\/th>\n<th class=\"column-2\">Diam\u00e8tre inf\u00e9rieur<\/th>\n<th class=\"column-3\">Diam\u00e8tre sup\u00e9rieur avec bordure<\/th>\n<th class=\"column-4\">Hauteur<\/th>\n<\/tr>\n<\/thead>\n<tbody class=\"row-hover\">\n<tr class=\"row-2 even\">\n<td class=\"column-1\">680 l<\/td>\n<td class=\"column-2\">91 cm<\/td>\n<td class=\"column-3\">118 cm<\/td>\n<td class=\"column-4\">91 cm<\/td>\n<\/tr>\n<tr class=\"row-3 odd\">\n<td class=\"column-1\">1.000 l<\/td>\n<td class=\"column-2\">102 cm<\/td>\n<td class=\"column-3\">128 cm<\/td>\n<td class=\"column-4\">123 cm<\/td>\n<\/tr>\n<\/tbody>\n<\/table>\n<p><!-- #tablepress-39 from cache --><\/p>\n<\/div><\/div><\/div><div  class=\"be-row be-wrap clearfix \"><div  class=\"one-col column-block clearfix  no-background    \" data-animation=\"\" style=\"  \"><div class=\"be-custom-column-inner\"><hr class=\"separator\" style=\"background-color:#eeeeee;color:#eeeeee;height:1px;width:20%;\" \/><\/div><\/div><\/div><div  class=\"be-row be-wrap clearfix \"><div  class=\"one-third column-block  no-background    \" data-animation=\"\" style=\"  \"><div class=\"be-custom-column-inner\"><div class=\"special-subtitle-wrap  0\" style=\"margin-bottom: 30px;\" data-animation=\"fadeIn\"><div class=\"align-left\"><span class=\"special-subtitle\" style=\"color: #e0a240; font-size: 18px ; width: 100%\" >R\u00e9servoirs \u00e0 mo\u00fbts<\/span><\/div><\/div><p><img class=\"alignleft size-medium wp-image-4014\" src=\"https:\/\/a-holstein.de\/wp-content\/uploads\/2017\/02\/maischetank-251x300.png\" alt=\"\" width=\"251\" height=\"300\"><\/p>\n<\/div><\/div><div  class=\"two-third column-block  no-background    \" data-animation=\"\" style=\"  \"><div class=\"be-custom-column-inner\"><ul class=\"ul1\">\n<li class=\"li1\"><span class=\"s2\">En poly\u00e9thyl\u00e8ne de qualit\u00e9 alimentaire<\/span><\/li>\n<li class=\"li1\"><span class=\"s2\">Convient pour le stockage de mo\u00fbts de fruits<\/span><\/li>\n<li class=\"li1\"><span class=\"s2\">en version rectangulaire peu encombrante<\/span><\/li>\n<li class=\"li1\"><span class=\"s2\">Avec : 1 goulot de remplissage LN 400, verrouillable, diff\u00e9rents bandages en acier galvanis\u00e9<\/span><\/li>\n<li class=\"li1\"><span class=\"s2\">Lors de l\u2019installation du r\u00e9servoir, il faut veiller \u00e0 ce que la surface de base de ce dernier soit bien \u00e0 plat<\/span><\/li>\n<li class=\"li1\"><span class=\"s2\">Niveau de remplissage visible de l\u2019ext\u00e9rieur<\/span><\/li>\n<\/ul>\n<table id=\"tablepress-40\" class=\"tablepress tablepress-id-40\">\n<thead>\n<tr class=\"row-1 odd\">\n<th class=\"column-1\">Contenance<\/th>\n<th class=\"column-2\">Longueur<\/th>\n<th class=\"column-3\">Largeur<\/th>\n<th class=\"column-4\">Hauteur<\/th>\n<\/tr>\n<\/thead>\n<tbody class=\"row-hover\">\n<tr class=\"row-2 even\">\n<td class=\"column-1\">1.100 l<\/td>\n<td class=\"column-2\">140 cm<\/td>\n<td class=\"column-3\">72 cm<\/td>\n<td class=\"column-4\">140 cm<\/td>\n<\/tr>\n<tr class=\"row-3 odd\">\n<td class=\"column-1\">1.500 l<\/td>\n<td class=\"column-2\">156 cm<\/td>\n<td class=\"column-3\">72 cm<\/td>\n<td class=\"column-4\">164 cm<\/td>\n<\/tr>\n<tr class=\"row-4 even\">\n<td class=\"column-1\">2.000 l<\/td>\n<td class=\"column-2\">207 cm<\/td>\n<td class=\"column-3\">72 cm<\/td>\n<td class=\"column-4\">169 cm<\/td>\n<\/tr>\n<tr class=\"row-5 odd\">\n<td class=\"column-1\">2.500 l<\/td>\n<td class=\"column-2\">187 cm<\/td>\n<td class=\"column-3\">100 cm<\/td>\n<td class=\"column-4\">165 cm<\/td>\n<\/tr>\n<tr class=\"row-6 even\">\n<td class=\"column-1\">3.000 l<\/td>\n<td class=\"column-2\">223 cm<\/td>\n<td class=\"column-3\">100 cm<\/td>\n<td class=\"column-4\">165 cm<\/td>\n<\/tr>\n<tr class=\"row-7 odd\">\n<td class=\"column-1\">4.000 l<\/td>\n<td class=\"column-2\">243 cm<\/td>\n<td class=\"column-3\">100 cm<\/td>\n<td class=\"column-4\">195 cm<\/td>\n<\/tr>\n<\/tbody>\n<\/table>\n<p><!-- #tablepress-40 from cache --><\/p>\n<\/div><\/div><\/div><div  class=\"be-row be-wrap clearfix \"><div  class=\"one-third column-block  no-background    \" data-animation=\"\" style=\"  \"><div class=\"be-custom-column-inner\"><div class=\"special-subtitle-wrap  0\" style=\"margin-bottom: 30px;\" data-animation=\"fadeIn\"><div class=\"align-left\"><span class=\"special-subtitle\" style=\"color: #e0a240; font-size: 18px ; width: 100%\" >Accessoires pour r\u00e9servoirs \u00e0 mo\u00fbts<\/span><\/div><\/div><p><img class=\"alignleft size-medium wp-image-4017\" src=\"https:\/\/a-holstein.de\/wp-content\/uploads\/2017\/02\/tank-zubehier-300x196.png\" alt=\"\" width=\"300\" height=\"196\"><\/p>\n<\/div><\/div><div  class=\"two-third column-block  no-background    \" data-animation=\"\" style=\"  \"><div class=\"be-custom-column-inner\"><p class=\"p1\"><span class=\"s1\"><b>Bride en acier galvanis\u00e9<\/b><\/span><span class=\"s2\"><br \/>\navec raccord filet\u00e9 (1\u2033, 2\u2033, 2 1\/2\u2033), joint d&rsquo;\u00e9tanch\u00e9it\u00e9 et vis<\/span><\/p>\n<p class=\"p2\"><span class=\"s2\"><b>Robinet sph\u00e9rique en laiton (1\u2033, 2\u2033, 2 1\/2\u2033) nickel\u00e9<\/b><\/span><span class=\"s3\"><br \/>\navec FI-R des deux c\u00f4t\u00e9s<\/span><\/p>\n<\/div><\/div><\/div><div  class=\"be-row be-wrap clearfix \"><div  class=\"one-col column-block clearfix  no-background    \" data-animation=\"\" style=\"  \"><div class=\"be-custom-column-inner\"><hr class=\"separator\" style=\"background-color:#eeeeee;color:#eeeeee;height:1px;width:20%;\" \/><\/div><\/div><\/div><\/div><\/div>","protected":false},"excerpt":{"rendered":"<p>Stockage Accessoires utiles Seaux en acier inoxydable En acier inoxydable, sans jointure Avec anse et \u00e9chelle gradu\u00e9e en litres grav\u00e9e Pots en acier inoxydable Convient parfaitement pour le stockage et [&hellip;]<\/p>\n<p><a href=\"https:\/\/a-holstein.de\/fr\/accessoires-de-distillation\/stockage\/\" class=\"more-link style2-button\">Read More<\/a><\/p>","protected":false},"author":1,"featured_media":0,"parent":4756,"menu_order":0,"comment_status":"closed","ping_status":"closed","template":"","meta":[],"_links":{"self":[{"href":"https:\/\/a-holstein.de\/fr\/wp-json\/wp\/v2\/pages\/4778"}],"collection":[{"href":"https:\/\/a-holstein.de\/fr\/wp-json\/wp\/v2\/pages"}],"about":[{"href":"https:\/\/a-holstein.de\/fr\/wp-json\/wp\/v2\/types\/page"}],"author":[{"embeddable":true,"href":"https:\/\/a-holstein.de\/fr\/wp-json\/wp\/v2\/users\/1"}],"replies":[{"embeddable":true,"href":"https:\/\/a-holstein.de\/fr\/wp-json\/wp\/v2\/comments?post=4778"}],"version-history":[{"count":1,"href":"https:\/\/a-holstein.de\/fr\/wp-json\/wp\/v2\/pages\/4778\/revisions"}],"predecessor-version":[{"id":4779,"href":"https:\/\/a-holstein.de\/fr\/wp-json\/wp\/v2\/pages\/4778\/revisions\/4779"}],"up":[{"embeddable":true,"href":"https:\/\/a-holstein.de\/fr\/wp-json\/wp\/v2\/pages\/4756"}],"wp:attachment":[{"href":"https:\/\/a-holstein.de\/fr\/wp-json\/wp\/v2\/media?parent=4778"}],"curies":[{"name":"wp","href":"https:\/\/api.w.org\/{rel}","templated":true}]}}