{"id":4788,"date":"2016-09-27T11:29:21","date_gmt":"2016-09-27T09:29:21","guid":{"rendered":"https:\/\/a-holstein.de\/obstverarbeitung\/"},"modified":"2018-06-05T16:16:15","modified_gmt":"2018-06-05T14:16:15","slug":"transformation-des-fruits","status":"publish","type":"page","link":"https:\/\/a-holstein.de\/fr\/transformation-des-fruits\/","title":{"rendered":"Transformation des fruits"},"content":{"rendered":"<div class=\"be-section   be-bg-cover be-bg-parallax    hide-mobile clearfix\" data-headerscheme=\"background--light\" style=\" background: url(https:\/\/a-holstein.de\/wp-content\/uploads\/2018\/02\/HG-frucht.jpg) no-repeat scroll center center;\"  ><div class=\"be-section-pad clearfix \" style=\" padding-top:200px;padding-bottom:200px;\" data-padding-top = \"200\"><div  class=\"be-row be-wrap clearfix \"><div  class=\"one-col column-block clearfix  no-background    \" data-animation=\"\" style=\"  \"><div class=\"be-custom-column-inner\"><\/div><\/div><\/div><\/div><\/div><div class=\"be-section         clearfix\" data-headerscheme=\"background--dark\" style=\" \"  ><div class=\"be-section-pad clearfix \" style=\" padding-top:90px;padding-bottom:90px;\" data-padding-top = \"90\"><div  class=\"be-row be-wrap clearfix \"><div  class=\"one-col column-block clearfix  no-background    \" data-animation=\"\" style=\"  \"><div class=\"be-custom-column-inner\"><h3 style=\"text-align: left;\">Transformation des fruits de qualit\u00e9<\/h3>\n<p><strong>Des solutions innovantes pour des jus de fruits de qualit\u00e9 sup\u00e9rieure<\/strong><\/p>\n<p class=\"p1\"><span class=\"s1\">Pour les \u00e9tapes importantes avant la distillation ou pour produire des jus de fruits riches en ar\u00f4mes \u2013&nbsp;nous fabriquons et nous livrons une gamme compl\u00e8te pour la transformation des fruits. Elle comprend des installations&nbsp;de nettoyage, de convoyage et de broyage des fruits ainsi que tous les appareils et outils n\u00e9cessaires&nbsp;pour la pr\u00e9paration du mo\u00fbt.<\/span><\/p>\n<p class=\"p1\"><span class=\"s1\">Gr\u00e2ce \u00e0 la structure modulaire de nos syst\u00e8mes, le raccordement&nbsp;des composants entre eux est simple.<\/span><\/p>\n<\/div><\/div><\/div><div  class=\"be-row be-wrap clearfix \"><div  class=\"two-third column-block  no-background    \" data-animation=\"\" style=\"  \"><div class=\"be-custom-column-inner\"><p class=\"p1\"><span class=\"s1\"><b>De bonnes id\u00e9es et des produits \u00e9labor\u00e9s dans la meilleure tradition artisanale<\/b><\/span><\/p>\n<p class=\"p1\"><span class=\"s1\">Des comp\u00e9tences pour toute la cha\u00eene de production. Du fruit au distillat fini dans la bouteille, en passant par le mo\u00fbt. Nous livrons une gamme compl\u00e8te, parfaitement adapt\u00e9e \u00e0 vos besoins individuels, comme compl\u00e9ment id\u00e9al de nos alambics. Nous mettons tout en \u0153uvre, des alcoom\u00e8tres, instruments de mesure, m\u00e9langeurs, pompes \u00e0 dr\u00eaches, machines \u00e0 compoter et syst\u00e8mes d\u2019embouteillage jusqu\u2019aux machines de nettoyage des bouteilles. Si vous ne trouvez pas l\u2019article dont vous avez besoin dans le catalogue, <a href=\"https:\/\/a-holstein.de\/kontakt\/\"><span class=\"s2\">contactez-nous simplement<\/span><\/a>, nous sommes \u00e0 votre disposition pour vous aider.<\/span><\/p>\n<p class=\"p1\"><span class=\"s1\"><b>Unit\u00e9s de distillation d\u2019Arnold Holstein \u2013 efficacit\u00e9 et innovation&nbsp;!<\/b><\/span><\/p>\n<p class=\"p1\"><span class=\"s1\">Nous nous sommes fait un nom dans le monde entier. En tant que fabricant leader des syst\u00e8mes de distillation, nous proposons des mod\u00e8les sp\u00e9ciaux r\u00e9alis\u00e9s sur mesure pour les petites distilleries et les distilleries agricoles pour des volumes compris entre 10 et 300&nbsp;litres. Dans le secteur industriel, nous fournissons des installations avec un volume allant jusqu&rsquo;\u00e0 10&nbsp;000&nbsp;litres.<\/span><\/p>\n<p class=\"p1\"><span class=\"s1\">De petite ou de grande taille, nous concevons et nous fabriquons nos installations sur mesure en fonction des exigences de nos clients. Des processus optimis\u00e9s avec des accessoires utilis\u00e9s judicieusement assurent ainsi une efficacit\u00e9 maximale.<\/span><\/p>\n<\/div><\/div><div  class=\"one-third column-block  no-background    \" data-animation=\"\" style=\"  \"><div class=\"be-custom-column-inner\"><div id=\"metaslider-id-4512\" style=\"max-width: 400px; margin: 0 auto;\" class=\"ml-slider-3-28-0 metaslider metaslider-flex metaslider-4512 ml-slider ml-slider-lightbox-1-12-0 no-active-lightbox nav-hidden\">\n    <div id=\"metaslider_container_4512\">\n        <div id=\"metaslider_4512\" class=\"flexslider\">\n            <ul aria-live=\"polite\" class=\"slides\">\n                <li style=\"display: block; width: 100%;\" class=\"slide-4513 ms-image\"><a href=\"https:\/\/a-holstein.de\/wp-content\/uploads\/2016\/11\/Passiermaschine.png\" target=\"_self\"><img width=\"412\" height=\"434\" src=\"https:\/\/a-holstein.de\/wp-content\/uploads\/2016\/11\/Passiermaschine.png\" class=\"slider-4512 slide-4513\" alt=\"\" loading=\"lazy\" rel=\"\"  srcset=\"https:\/\/a-holstein.de\/wp-content\/uploads\/2016\/11\/Passiermaschine.png 412w, https:\/\/a-holstein.de\/wp-content\/uploads\/2016\/11\/Passiermaschine-285x300.png 285w, https:\/\/a-holstein.de\/wp-content\/uploads\/2016\/11\/Passiermaschine-47x50.png 47w\" sizes=\"(max-width: 412px) 100vw, 412px\" \/><\/a><\/li>\n                <li style=\"display: none; width: 100%;\" class=\"slide-4514 ms-image\"><a href=\"https:\/\/a-holstein.de\/wp-content\/uploads\/2016\/11\/Passiermaschine-3.jpg\" target=\"_self\"><img width=\"397\" height=\"298\" src=\"https:\/\/a-holstein.de\/wp-content\/uploads\/2016\/11\/Passiermaschine-3.jpg\" class=\"slider-4512 slide-4514\" alt=\"\" loading=\"lazy\" rel=\"\"  srcset=\"https:\/\/a-holstein.de\/wp-content\/uploads\/2016\/11\/Passiermaschine-3.jpg 397w, https:\/\/a-holstein.de\/wp-content\/uploads\/2016\/11\/Passiermaschine-3-300x225.jpg 300w, https:\/\/a-holstein.de\/wp-content\/uploads\/2016\/11\/Passiermaschine-3-67x50.jpg 67w\" sizes=\"(max-width: 397px) 100vw, 397px\" \/><\/a><\/li>\n                <li style=\"display: none; width: 100%;\" class=\"slide-4515 ms-image\"><a href=\"https:\/\/a-holstein.de\/wp-content\/uploads\/2016\/11\/Obstmuser-prof.png\" target=\"_self\"><img width=\"331\" height=\"466\" src=\"https:\/\/a-holstein.de\/wp-content\/uploads\/2016\/11\/Obstmuser-prof.png\" class=\"slider-4512 slide-4515\" alt=\"\" loading=\"lazy\" rel=\"\"  srcset=\"https:\/\/a-holstein.de\/wp-content\/uploads\/2016\/11\/Obstmuser-prof.png 331w, https:\/\/a-holstein.de\/wp-content\/uploads\/2016\/11\/Obstmuser-prof-213x300.png 213w, https:\/\/a-holstein.de\/wp-content\/uploads\/2016\/11\/Obstmuser-prof-36x50.png 36w\" sizes=\"(max-width: 331px) 100vw, 331px\" \/><\/a><\/li>\n                <li style=\"display: none; width: 100%;\" class=\"slide-4517 ms-image\"><a href=\"https:\/\/a-holstein.de\/wp-content\/uploads\/2016\/11\/wsb_235x428_Hydropresse.jpg\" target=\"_self\"><img width=\"235\" height=\"427\" src=\"https:\/\/a-holstein.de\/wp-content\/uploads\/2016\/11\/wsb_235x428_Hydropresse.jpg\" class=\"slider-4512 slide-4517\" alt=\"\" loading=\"lazy\" rel=\"\"  srcset=\"https:\/\/a-holstein.de\/wp-content\/uploads\/2016\/11\/wsb_235x428_Hydropresse.jpg 235w, https:\/\/a-holstein.de\/wp-content\/uploads\/2016\/11\/wsb_235x428_Hydropresse-165x300.jpg 165w, https:\/\/a-holstein.de\/wp-content\/uploads\/2016\/11\/wsb_235x428_Hydropresse-28x50.jpg 28w\" sizes=\"(max-width: 235px) 100vw, 235px\" \/><\/a><\/li>\n                <li style=\"display: none; width: 100%;\" class=\"slide-4518 ms-image\"><a href=\"https:\/\/a-holstein.de\/wp-content\/uploads\/2016\/11\/Packpresse.jpg\" target=\"_self\"><img width=\"532\" height=\"505\" src=\"https:\/\/a-holstein.de\/wp-content\/uploads\/2016\/11\/Packpresse.jpg\" class=\"slider-4512 slide-4518\" alt=\"\" loading=\"lazy\" rel=\"\"  srcset=\"https:\/\/a-holstein.de\/wp-content\/uploads\/2016\/11\/Packpresse.jpg 532w, https:\/\/a-holstein.de\/wp-content\/uploads\/2016\/11\/Packpresse-300x285.jpg 300w, https:\/\/a-holstein.de\/wp-content\/uploads\/2016\/11\/Packpresse-53x50.jpg 53w\" sizes=\"(max-width: 532px) 100vw, 532px\" \/><\/a><\/li>\n                <li style=\"display: none; width: 100%;\" class=\"slide-4519 ms-image\"><a href=\"https:\/\/a-holstein.de\/wp-content\/uploads\/2016\/11\/Waschanlage-Schraegfoerderer.jpg\" target=\"_self\"><img width=\"400\" height=\"300\" src=\"https:\/\/a-holstein.de\/wp-content\/uploads\/2016\/11\/Waschanlage-Schraegfoerderer.jpg\" class=\"slider-4512 slide-4519\" alt=\"\" loading=\"lazy\" rel=\"\"  srcset=\"https:\/\/a-holstein.de\/wp-content\/uploads\/2016\/11\/Waschanlage-Schraegfoerderer.jpg 400w, https:\/\/a-holstein.de\/wp-content\/uploads\/2016\/11\/Waschanlage-Schraegfoerderer-300x225.jpg 300w, https:\/\/a-holstein.de\/wp-content\/uploads\/2016\/11\/Waschanlage-Schraegfoerderer-67x50.jpg 67w\" sizes=\"(max-width: 400px) 100vw, 400px\" \/><\/a><\/li>\n                <li style=\"display: none; width: 100%;\" class=\"slide-4520 ms-image\"><a href=\"https:\/\/a-holstein.de\/wp-content\/uploads\/2016\/11\/wsb_191x143_elevatormitobst.jpg\" target=\"_self\"><img width=\"191\" height=\"143\" src=\"https:\/\/a-holstein.de\/wp-content\/uploads\/2016\/11\/wsb_191x143_elevatormitobst.jpg\" class=\"slider-4512 slide-4520\" alt=\"\" loading=\"lazy\" rel=\"\"  srcset=\"https:\/\/a-holstein.de\/wp-content\/uploads\/2016\/11\/wsb_191x143_elevatormitobst.jpg 191w, https:\/\/a-holstein.de\/wp-content\/uploads\/2016\/11\/wsb_191x143_elevatormitobst-67x50.jpg 67w\" sizes=\"(max-width: 191px) 100vw, 191px\" \/><\/a><\/li>\n                <li style=\"display: none; width: 100%;\" class=\"slide-4521 ms-image\"><a href=\"https:\/\/a-holstein.de\/wp-content\/uploads\/2016\/11\/Marmeladenkochkessel.png\" target=\"_self\"><img width=\"450\" height=\"600\" src=\"https:\/\/a-holstein.de\/wp-content\/uploads\/2016\/11\/Marmeladenkochkessel.png\" class=\"slider-4512 slide-4521\" alt=\"\" loading=\"lazy\" rel=\"\"  srcset=\"https:\/\/a-holstein.de\/wp-content\/uploads\/2016\/11\/Marmeladenkochkessel.png 450w, https:\/\/a-holstein.de\/wp-content\/uploads\/2016\/11\/Marmeladenkochkessel-225x300.png 225w, https:\/\/a-holstein.de\/wp-content\/uploads\/2016\/11\/Marmeladenkochkessel-38x50.png 38w\" sizes=\"(max-width: 450px) 100vw, 450px\" \/><\/a><\/li>\n            <\/ul>\n        <\/div>\n        \n    <\/div>\n<\/div><\/div><\/div><\/div><\/div><\/div>","protected":false},"excerpt":{"rendered":"<p>Transformation des fruits de qualit\u00e9 Des solutions innovantes pour des jus de fruits de qualit\u00e9 sup\u00e9rieure Pour les \u00e9tapes importantes avant la distillation ou pour produire des jus de fruits [&hellip;]<\/p>\n<p><a href=\"https:\/\/a-holstein.de\/fr\/transformation-des-fruits\/\" class=\"more-link style2-button\">Read More<\/a><\/p>","protected":false},"author":1,"featured_media":0,"parent":0,"menu_order":0,"comment_status":"closed","ping_status":"closed","template":"","meta":[],"_links":{"self":[{"href":"https:\/\/a-holstein.de\/fr\/wp-json\/wp\/v2\/pages\/4788"}],"collection":[{"href":"https:\/\/a-holstein.de\/fr\/wp-json\/wp\/v2\/pages"}],"about":[{"href":"https:\/\/a-holstein.de\/fr\/wp-json\/wp\/v2\/types\/page"}],"author":[{"embeddable":true,"href":"https:\/\/a-holstein.de\/fr\/wp-json\/wp\/v2\/users\/1"}],"replies":[{"embeddable":true,"href":"https:\/\/a-holstein.de\/fr\/wp-json\/wp\/v2\/comments?post=4788"}],"version-history":[{"count":2,"href":"https:\/\/a-holstein.de\/fr\/wp-json\/wp\/v2\/pages\/4788\/revisions"}],"predecessor-version":[{"id":4790,"href":"https:\/\/a-holstein.de\/fr\/wp-json\/wp\/v2\/pages\/4788\/revisions\/4790"}],"wp:attachment":[{"href":"https:\/\/a-holstein.de\/fr\/wp-json\/wp\/v2\/media?parent=4788"}],"curies":[{"name":"wp","href":"https:\/\/api.w.org\/{rel}","templated":true}]}}