{"id":4791,"date":"2016-11-03T13:49:21","date_gmt":"2016-11-03T12:49:21","guid":{"rendered":"https:\/\/a-holstein.de\/obstmuser\/"},"modified":"2018-06-05T16:19:05","modified_gmt":"2018-06-05T14:19:05","slug":"machine-a-compote","status":"publish","type":"page","link":"https:\/\/a-holstein.de\/fr\/transformation-des-fruits\/machine-a-compote\/","title":{"rendered":"Machine \u00e0 compote"},"content":{"rendered":"<div class=\"be-section         clearfix\" data-headerscheme=\"background--dark\" style=\" \"  ><div class=\"be-section-pad clearfix \" style=\" padding-top:90px;padding-bottom:90px;\" data-padding-top = \"90\"><div  class=\"be-row be-wrap clearfix \"><div  class=\"one-col column-block clearfix  no-background    \" data-animation=\"\" style=\"  \"><div class=\"be-custom-column-inner\"><h3>Machine \u00e0 compote<\/h3>\n<h5>Broyer les fruits \u00e0 noyaux pour les presses \u00e0 jus et l\u2019emp\u00e2tage<\/h5>\n<hr class=\"separator\" style=\"background-color:#e0a240;color:#e0a240;height:1px;width:100%;\" \/><\/div><\/div><\/div><div  class=\"be-row be-wrap clearfix \"><div  class=\"one-third column-block  no-background    \" data-animation=\"\" style=\"  \"><div class=\"be-custom-column-inner\"><div class=\"special-subtitle-wrap  0\" style=\"margin-bottom: 30px;\" data-animation=\"fadeIn\"><div class=\"align-left\"><span class=\"special-subtitle\" style=\"color: #e0a240; font-size: 20px ; width: 100%\" >Machine \u00e0 compote en acier inoxydable (mod\u00e8le professionnel)<\/span><\/div><\/div><p><img class=\"alignleft size-medium wp-image-3839\" src=\"https:\/\/a-holstein.de\/wp-content\/uploads\/2016\/11\/Obstmuser-prof-213x300.png\" alt=\"\" width=\"213\" height=\"300\"><\/p>\n<\/div><\/div><div  class=\"two-third column-block  no-background    \" data-animation=\"\" style=\"  \"><div class=\"be-custom-column-inner\"><p class=\"p1\"><span class=\"s1\">Broyeur \u00e0 fruits en acier inoxydable pour un usage professionnel.<br \/>\nLes pommes, les poires et les coings peuvent \u00eatre broy\u00e9s sans difficult\u00e9. Le degr\u00e9 de broyage peut \u00eatre r\u00e9gl\u00e9 en continu.<br \/>\nCe broyeur polyvalent en acier inoxydable peut \u00eatre nettoy\u00e9 facilement gr\u00e2ce \u00e0 sa structure.<\/span><\/p>\n<p class=\"p1\"><span class=\"s1\">Puissance : 4&nbsp;000 \u2013 5&nbsp;000 kg\/h<br \/>\nPuissance du moteur&nbsp;: 5,5 kW \/ 400&nbsp;V<br \/>\nVitesse de rotation&nbsp;: 1&nbsp;500&nbsp;tours\/min.<br \/>\nHauteur de d\u00e9chargement 580 mm<br \/>\nHauteur totale&nbsp;: 1&nbsp;360 mm<\/span><\/p>\n<\/div><\/div><\/div><div  class=\"be-row be-wrap clearfix \"><div  class=\"one-col column-block clearfix  no-background    \" data-animation=\"\" style=\"  \"><div class=\"be-custom-column-inner\"><hr class=\"separator\" style=\"background-color:#e0a240;color:#e0a240;height:1px;width:100%;\" \/><\/div><\/div><\/div><div  class=\"be-row be-wrap clearfix \"><div  class=\"one-third column-block  no-background    \" data-animation=\"\" style=\"  \"><div class=\"be-custom-column-inner\"><div class=\"special-subtitle-wrap  0\" style=\"margin-bottom: 30px;\" data-animation=\"fadeIn\"><div class=\"align-left\"><span class=\"special-subtitle\" style=\"color: #e0a240; font-size: 20px ; width: 100%\" >Broyeur \u00e0 fruits en acier inoxydable<\/span><\/div><\/div><p><img class=\"alignleft size-medium wp-image-3665\" src=\"https:\/\/a-holstein.de\/wp-content\/uploads\/2016\/11\/wsb_345x307_Muser-300x266.jpg\" alt=\"\" width=\"300\" height=\"266\"><\/p>\n<\/div><\/div><div  class=\"two-third column-block  no-background    \" data-animation=\"\" style=\"  \"><div class=\"be-custom-column-inner\"><p class=\"p1\"><span class=\"s1\"><b>Broyeur \u00e0 fruits en acier inoxydable en combinaison avec une pompe \u00e0 mo\u00fbts et une tr\u00e9mie en acier inoxydable.<\/b><\/span><\/p>\n<p class=\"p2\"><span class=\"s1\">Broyeur \u00e0 fruits en acier inoxydable pour un usage professionnel. Les pommes, les poires et les coings peuvent \u00eatre broy\u00e9s sans difficult\u00e9. Le degr\u00e9 de broyage peut \u00eatre r\u00e9gl\u00e9 en continu.<\/span><\/p>\n<p class=\"p2\"><span class=\"s1\">Ce broyeur polyvalent en acier inoxydable peut \u00eatre nettoy\u00e9 facilement gr\u00e2ce \u00e0 sa structure.<\/span><\/p>\n<ul class=\"ul1\">\n<li class=\"li3\"><span class=\"s1\">Puissance : 4&nbsp;000 \u2013 5&nbsp;000&nbsp;kg<\/span><\/li>\n<li class=\"li3\"><span class=\"s1\">Puissance du moteur&nbsp;: 5,5&nbsp;KW\/400&nbsp;V<\/span><\/li>\n<li class=\"li3\"><span class=\"s1\">Hauteur de d\u00e9chargement 580&nbsp;mm<\/span><\/li>\n<li class=\"li3\"><span class=\"s1\">Hauteur totale&nbsp;: 1&nbsp;360&nbsp;mm<\/span><\/li>\n<\/ul>\n<\/div><\/div><\/div><div  class=\"be-row be-wrap clearfix \"><div  class=\"one-col column-block clearfix  no-background    \" data-animation=\"\" style=\"  \"><div class=\"be-custom-column-inner\"><hr class=\"separator\" style=\"background-color:#e0a240;color:#e0a240;height:1px;width:100%;\" \/><\/div><\/div><\/div><div  class=\"be-row be-wrap clearfix \"><div  class=\"one-third column-block  no-background    \" data-animation=\"\" style=\"  \"><div class=\"be-custom-column-inner\"><div class=\"special-subtitle-wrap  0\" style=\"margin-bottom: 30px;\" data-animation=\"fadeIn\"><div class=\"align-left\"><span class=\"special-subtitle\" style=\"color: #e0a240; font-size: 20px ; width: 100%\" >Broyeur \u00e0 f\u00fbts<\/span><\/div><\/div><p><img class=\"alignleft size-medium wp-image-4067\" src=\"https:\/\/a-holstein.de\/wp-content\/uploads\/2016\/11\/fassmuser-1-257x300.png\" alt=\"\" width=\"257\" height=\"300\"><\/p>\n<\/div><\/div><div  class=\"two-third column-block  no-background    \" data-animation=\"\" style=\"  \"><div class=\"be-custom-column-inner\"><p class=\"p1\"><span class=\"s1\"><b>Pour pommes et poires<\/b><\/span><\/p>\n<ul class=\"ul1\">\n<li class=\"li2\"><span class=\"s1\">Enti\u00e8rement en acier inoxydable<\/span><\/li>\n<li class=\"li2\"><span class=\"s1\">Pour une installation sur de petits f\u00fbts<\/span><\/li>\n<li class=\"li2\"><span class=\"s1\">L\u00e9ger mais efficace<\/span><\/li>\n<li class=\"li2\"><span class=\"s1\">Convient pour l\u2019emp\u00e2tage et pour la pr\u00e9paration de jus.<\/span><\/li>\n<li class=\"li2\"><span class=\"s1\">Taux de broyage id\u00e9al pour la production de jus<\/span><\/li>\n<li class=\"li2\"><span class=\"s1\">Poids : env. 25 kg<\/span><\/li>\n<li class=\"li2\"><span class=\"s1\">Puissance : 1&nbsp;000 \u2013 1 500 kg\/h<\/span><\/li>\n<li class=\"li2\"><span class=\"s1\">Puissance du moteur&nbsp;: 1,5 kW<\/span><\/li>\n<\/ul>\n<\/div><\/div><\/div><\/div><\/div>","protected":false},"excerpt":{"rendered":"<p>Machine \u00e0 compote Broyer les fruits \u00e0 noyaux pour les presses \u00e0 jus et l\u2019emp\u00e2tage Machine \u00e0 compote en acier inoxydable (mod\u00e8le professionnel) Broyeur \u00e0 fruits en acier inoxydable pour [&hellip;]<\/p>\n<p><a href=\"https:\/\/a-holstein.de\/fr\/transformation-des-fruits\/machine-a-compote\/\" class=\"more-link style2-button\">Read More<\/a><\/p>","protected":false},"author":1,"featured_media":0,"parent":4788,"menu_order":0,"comment_status":"closed","ping_status":"closed","template":"","meta":[],"_links":{"self":[{"href":"https:\/\/a-holstein.de\/fr\/wp-json\/wp\/v2\/pages\/4791"}],"collection":[{"href":"https:\/\/a-holstein.de\/fr\/wp-json\/wp\/v2\/pages"}],"about":[{"href":"https:\/\/a-holstein.de\/fr\/wp-json\/wp\/v2\/types\/page"}],"author":[{"embeddable":true,"href":"https:\/\/a-holstein.de\/fr\/wp-json\/wp\/v2\/users\/1"}],"replies":[{"embeddable":true,"href":"https:\/\/a-holstein.de\/fr\/wp-json\/wp\/v2\/comments?post=4791"}],"version-history":[{"count":2,"href":"https:\/\/a-holstein.de\/fr\/wp-json\/wp\/v2\/pages\/4791\/revisions"}],"predecessor-version":[{"id":4793,"href":"https:\/\/a-holstein.de\/fr\/wp-json\/wp\/v2\/pages\/4791\/revisions\/4793"}],"up":[{"embeddable":true,"href":"https:\/\/a-holstein.de\/fr\/wp-json\/wp\/v2\/pages\/4788"}],"wp:attachment":[{"href":"https:\/\/a-holstein.de\/fr\/wp-json\/wp\/v2\/media?parent=4791"}],"curies":[{"name":"wp","href":"https:\/\/api.w.org\/{rel}","templated":true}]}}