{"id":4794,"date":"2016-11-03T14:53:11","date_gmt":"2016-11-03T13:53:11","guid":{"rendered":"https:\/\/a-holstein.de\/transformation-des-fruits\/marmelade-kochkessel\/"},"modified":"2018-06-05T16:21:17","modified_gmt":"2018-06-05T14:21:17","slug":"marmite-a-confiture","status":"publish","type":"page","link":"https:\/\/a-holstein.de\/fr\/transformation-des-fruits\/marmite-a-confiture\/","title":{"rendered":"Marmite \u00e0 confiture"},"content":{"rendered":"<div class=\"be-section         clearfix\" data-headerscheme=\"background--dark\" style=\" \"  ><div class=\"be-section-pad clearfix \" style=\" padding-top:90px;padding-bottom:90px;\" data-padding-top = \"90\"><div  class=\"be-row be-wrap clearfix \"><div  class=\"one-col column-block clearfix  no-background    \" data-animation=\"\" style=\"  \"><div class=\"be-custom-column-inner\"><h3>Marmite \u00e0 confiture<\/h3>\n<h5>Utilisation multifonction<\/h5>\n<\/div><\/div><\/div><div  class=\"be-row be-wrap clearfix \"><div  class=\"one-third column-block  no-background    \" data-animation=\"\" style=\"  \"><div class=\"be-custom-column-inner\"><p><img class=\"alignleft size-medium wp-image-4019\" src=\"https:\/\/a-holstein.de\/wp-content\/uploads\/2016\/11\/Marmeladenkochkessel-1-225x300.png\" alt=\"\" width=\"225\" height=\"300\"><\/p>\n<p><img class=\"alignleft size-medium wp-image-4018\" src=\"https:\/\/a-holstein.de\/wp-content\/uploads\/2016\/11\/Marmeladenkochkessel-225x300.png\" alt=\"\" width=\"225\" height=\"300\"><\/p>\n<\/div><\/div><div  class=\"two-third column-block  no-background    \" data-animation=\"\" style=\"  \"><div class=\"be-custom-column-inner\"><p class=\"p1\"><span class=\"s1\">Avantages de notre cuve \u00e0 confiture fabrication Holstein par rapport aux cuves \u00e0 confiture \u00e0 glyc\u00e9rine<\/span><\/p>\n<ul class=\"ul1\">\n<li class=\"li2\"><span class=\"s1\">L\u2019utilisation d\u2019eau permet de r\u00e9duire consid\u00e9rablement les temps de chauffage par rapport aux temp\u00e9ratures plus faibles. Le chauffage r\u00e9agit plus rapidement qu&rsquo;avec la glyc\u00e9rine.<br \/>\n<\/span><span class=\"s3\">\u2192<\/span><span class=\"s1\"> Ce proc\u00e9d\u00e9 pr\u00e9serve tout particuli\u00e8rement les ar\u00f4mes !<\/span><\/li>\n<li class=\"li2\"><span class=\"s1\">Le chauffage \u00e9lectrique est tr\u00e8s puissant et permet un temps de chauffage rapide.<\/span><\/li>\n<li class=\"li2\"><span class=\"s1\">L\u2019\u00e9coulement de la cuve est de 2 \u00bd\u201c et le m\u00e9canisme d\u2019ouverture est mont\u00e9 directement sous la cuve, de sorte qu\u2019il n\u2019y a pas de zones mortes, dans lesquelles la confiture n\u2019est pas m\u00e9lang\u00e9e ou mal cuite. Le m\u00e9canisme de vidange peut \u00eatre contr\u00f4l\u00e9 de l\u2019ext\u00e9rieur.<\/span><\/li>\n<li class=\"li2\"><span class=\"s1\">Il est possible de raccorder des robinets de sortie de diff\u00e9rentes tailles.<\/span><\/li>\n<li class=\"li2\"><span class=\"s1\">Le tuyau d&rsquo;\u00e9coulement peut \u00eatre d\u00e9mont\u00e9 facilement, de sorte que tout est facile \u00e0 nettoyer.<\/span><\/li>\n<li class=\"li2\"><span class=\"s1\">Le m\u00e9langeur est \u00e9quip\u00e9 de racloirs en silicone, afin d&rsquo;\u00e9viter les d\u00e9p\u00f4ts sur la paroi de la cuve.<\/span><\/li>\n<li class=\"li2\"><span class=\"s1\">Le m\u00e9langeur est mont\u00e9 dans le couvercle de la cuve et peut \u00eatre rabattu tr\u00e8s facilement, de fa\u00e7on \u00e0 pouvoir nettoyer facilement la cuve.<\/span><\/li>\n<li class=\"li2\"><span class=\"s1\">Pendant la mise en bouteille, le m\u00e9langeur continue \u00e0 fonctionner et veille \u00e0 ce que les morceaux de fruits soient r\u00e9partis de fa\u00e7on homog\u00e8ne.<\/span><\/li>\n<li class=\"li2\"><span class=\"s1\">La marmite est fabriqu\u00e9e en cuivre. Cela permet d\u2019obtenir une meilleure qualit\u00e9. Le cuivre a en outre une conductibilit\u00e9 thermique nettement sup\u00e9rieure \u00e0 celle de l\u2019acier inoxydable.<\/span><\/li>\n<li class=\"li2\"><span class=\"s1\">La marmite \u00e0 confiture peut \u00eatre combin\u00e9e avec une machine de remplissage.<\/span><\/li>\n<\/ul>\n<\/div><\/div><\/div><\/div><\/div>","protected":false},"excerpt":{"rendered":"<p>Marmite \u00e0 confiture Utilisation multifonction Avantages de notre cuve \u00e0 confiture fabrication Holstein par rapport aux cuves \u00e0 confiture \u00e0 glyc\u00e9rine L\u2019utilisation d\u2019eau permet de r\u00e9duire consid\u00e9rablement les temps de [&hellip;]<\/p>\n<p><a href=\"https:\/\/a-holstein.de\/fr\/transformation-des-fruits\/marmite-a-confiture\/\" class=\"more-link style2-button\">Read More<\/a><\/p>","protected":false},"author":1,"featured_media":0,"parent":4788,"menu_order":0,"comment_status":"closed","ping_status":"closed","template":"","meta":[],"_links":{"self":[{"href":"https:\/\/a-holstein.de\/fr\/wp-json\/wp\/v2\/pages\/4794"}],"collection":[{"href":"https:\/\/a-holstein.de\/fr\/wp-json\/wp\/v2\/pages"}],"about":[{"href":"https:\/\/a-holstein.de\/fr\/wp-json\/wp\/v2\/types\/page"}],"author":[{"embeddable":true,"href":"https:\/\/a-holstein.de\/fr\/wp-json\/wp\/v2\/users\/1"}],"replies":[{"embeddable":true,"href":"https:\/\/a-holstein.de\/fr\/wp-json\/wp\/v2\/comments?post=4794"}],"version-history":[{"count":1,"href":"https:\/\/a-holstein.de\/fr\/wp-json\/wp\/v2\/pages\/4794\/revisions"}],"predecessor-version":[{"id":4795,"href":"https:\/\/a-holstein.de\/fr\/wp-json\/wp\/v2\/pages\/4794\/revisions\/4795"}],"up":[{"embeddable":true,"href":"https:\/\/a-holstein.de\/fr\/wp-json\/wp\/v2\/pages\/4788"}],"wp:attachment":[{"href":"https:\/\/a-holstein.de\/fr\/wp-json\/wp\/v2\/media?parent=4794"}],"curies":[{"name":"wp","href":"https:\/\/api.w.org\/{rel}","templated":true}]}}