{"id":4796,"date":"2016-11-02T16:36:04","date_gmt":"2016-11-02T15:36:04","guid":{"rendered":"https:\/\/a-holstein.de\/transformation-des-fruits\/saftpressen\/"},"modified":"2018-06-05T16:25:35","modified_gmt":"2018-06-05T14:25:35","slug":"presses-a-jus","status":"publish","type":"page","link":"https:\/\/a-holstein.de\/fr\/transformation-des-fruits\/presses-a-jus\/","title":{"rendered":"Presses \u00e0 jus"},"content":{"rendered":"<div class=\"be-section         clearfix\" data-headerscheme=\"background--dark\" style=\" \"  ><div class=\"be-section-pad clearfix \" style=\" padding-top:90px;padding-bottom:90px;\" data-padding-top = \"90\"><div  class=\"be-row be-wrap clearfix \"><div  class=\"one-col column-block clearfix  no-background    \" data-animation=\"\" style=\"  \"><div class=\"be-custom-column-inner\"><h3>Presses \u00e0 jus<\/h3>\n<h5>Diff\u00e9rents mod\u00e8les dans la qualit\u00e9 Holstein<\/h5>\n<\/div><\/div><\/div><div  class=\"be-row be-wrap clearfix \"><div  class=\"one-col column-block clearfix  no-background    \" data-animation=\"\" style=\"  \"><div class=\"be-custom-column-inner\"><hr class=\"separator\" style=\"background-color:#e0a240;color:#e0a240;height:1px;width:100%;\" \/><\/div><\/div><\/div><div  class=\"be-row be-wrap clearfix \"><div  class=\"one-third column-block  no-background    \" data-animation=\"\" style=\"  \"><div class=\"be-custom-column-inner\"><div class=\"special-subtitle-wrap  0\" style=\"margin-bottom: 30px;\" data-animation=\"fadeIn\"><div class=\"align-left\"><span class=\"special-subtitle\" style=\"color: #e0a240; font-size: 18px ; width: 100%\" >Presse hydraulique<\/span><\/div><\/div><p><img class=\"size-medium wp-image-3654 alignnone\" src=\"https:\/\/a-holstein.de\/wp-content\/uploads\/2016\/11\/wsb_235x428_Hydropresse-165x300.jpg\" alt=\"_wsb_235x428_hydropresse\" width=\"165\" height=\"300\"><\/p>\n<\/div><\/div><div  class=\"two-third column-block  no-background    \" data-animation=\"\" style=\"  \"><div class=\"be-custom-column-inner\"><p><strong><img class=\"size-medium wp-image-3652 alignright\" src=\"https:\/\/a-holstein.de\/wp-content\/uploads\/2016\/11\/hydropressegekippt-225x300.jpg\" alt=\"hydropressegekippt\" width=\"225\" height=\"300\"><\/strong><\/p>\n<p class=\"p2\"><span class=\"s1\">Presse \u00e0 jus simple, confortable et \u00e9conomique en \u00e9nergie avec pression hydraulique.<br \/>\nIl suffit de raccorder un tuyau de jardinage et d&rsquo;ouvrir le robinet d\u2019eau.<br \/>\nLa pression de l\u2019eau normale de 2,5 \u00e0&nbsp;3&nbsp;bars g\u00e9n\u00e8re une pression allant jusqu\u2019\u00e0 40&nbsp;tonnes. En ouvrant et en fermant le robinet d\u2019eau, la pression peut \u00eatre r\u00e9gul\u00e9e.<\/span><\/p>\n<ul class=\"ul1\">\n<li class=\"li3\"><span class=\"s1\">Panier de pression en acier inoxydable stable et en t\u00f4le perfor\u00e9e<\/span><\/li>\n<li class=\"li3\"><span class=\"s1\">Poche d\u2019eau en caoutchouc naturel hautement \u00e9lastique<\/span><\/li>\n<li class=\"li3\"><span class=\"s1\">La soupape de surpression prot\u00e8ge contre les surcharges<\/span><\/li>\n<li class=\"li3\"><span class=\"s1\">Alimentation : Raccord rapide GEKA R 3\/4\u2033<\/span><\/li>\n<li class=\"li3\"><span class=\"s1\">Robinet d&rsquo;\u00e9vacuation \u00e0 bille 3\/4\u2033 avec embout de tuyau<\/span><\/li>\n<li class=\"li3\"><span class=\"s1\">Contenu de la livraison&nbsp;: Presse, poche \u00e0 presse et protection anti-\u00e9claboussure<\/span><\/li>\n<\/ul>\n<p class=\"p2\"><span class=\"s1\">La presse hydraulique de 180&nbsp;L est mobile et peut \u00eatre bascul\u00e9e pour vider plus facilement le marc de raisin.<\/span><\/p>\n\n<table id=\"tablepress-41\" class=\"tablepress tablepress-id-41\">\n<thead>\n<tr class=\"row-1 odd\">\n\t<th class=\"column-1\">Dimensions<\/th><th class=\"column-2\">Hauteur<\/th><th class=\"column-3\">Longueur x largeur<\/th><th class=\"column-4\">Hauteur d'\u00e9coulement<\/th><th class=\"column-5\">Poids<\/th>\n<\/tr>\n<\/thead>\n<tbody class=\"row-hover\">\n<tr class=\"row-2 even\">\n\t<td class=\"column-1\">20 l<\/td><td class=\"column-2\">820 mm<\/td><td class=\"column-3\">410 x 410 mm<\/td><td class=\"column-4\">300 mm<\/td><td class=\"column-5\">13 kg<\/td>\n<\/tr>\n<tr class=\"row-3 odd\">\n\t<td class=\"column-1\">40 l<\/td><td class=\"column-2\">900 mm<\/td><td class=\"column-3\">480 x 480 mm<\/td><td class=\"column-4\">300 mm<\/td><td class=\"column-5\">18 kg<\/td>\n<\/tr>\n<tr class=\"row-4 even\">\n\t<td class=\"column-1\">90 l<\/td><td class=\"column-2\">1.070 mm<\/td><td class=\"column-3\">590 x 590 mm<\/td><td class=\"column-4\">300 mm<\/td><td class=\"column-5\">28 kg<\/td>\n<\/tr>\n<tr class=\"row-5 odd\">\n\t<td class=\"column-1\">180 l<\/td><td class=\"column-2\">1.315 mm<\/td><td class=\"column-3\">722 x 945 mm<\/td><td class=\"column-4\">350 mm<\/td><td class=\"column-5\">72 kg<\/td>\n<\/tr>\n<\/tbody>\n<\/table>\n<\/div><\/div><\/div><div  class=\"be-row be-wrap clearfix \"><div  class=\"one-third column-block  no-background    \" data-animation=\"\" style=\"  \"><div class=\"be-custom-column-inner\"><div class=\"special-subtitle-wrap  0\" style=\"margin-bottom: 30px;\" data-animation=\"fadeIn\"><div class=\"align-left\"><span class=\"special-subtitle\" style=\"color: #e0a240; font-size: 18px ; width: 100%\" >Bac en acier inoxydable<\/span><\/div><\/div><p><img class=\"alignleft size-medium wp-image-4020\" src=\"https:\/\/a-holstein.de\/wp-content\/uploads\/2016\/11\/Edelstahl-Wanne-231x300.png\" alt=\"\" width=\"231\" height=\"300\"><\/p>\n<\/div><\/div><div  class=\"two-third column-block  no-background    \" data-animation=\"\" style=\"  \"><div class=\"be-custom-column-inner\"><p class=\"p1\"><span class=\"s1\">Avec des poign\u00e9es pour passer sous le broyeur et la presse hydraulique<\/span><\/p>\n<p class=\"p1\"><span class=\"s1\">Contenance : 50 L<br \/>\nDiam\u00e8tre&nbsp;: 550 mm<br \/>\nHauteur&nbsp;: 265 mm<br \/>\nPoids&nbsp;: 4 kg<\/span><\/p>\n<\/div><\/div><\/div><div  class=\"be-row be-wrap clearfix \"><div  class=\"one-col column-block clearfix  no-background    \" data-animation=\"\" style=\"  \"><div class=\"be-custom-column-inner\"><hr class=\"separator\" style=\"background-color:#e0a240;color:#e0a240;height:1px;width:100%;\" \/><\/div><\/div><\/div><div  class=\"be-row be-wrap clearfix \"><div  class=\"one-third column-block  no-background    \" data-animation=\"\" style=\"  \"><div class=\"be-custom-column-inner\"><div class=\"special-subtitle-wrap  0\" style=\"margin-bottom: 30px;\" data-animation=\"fadeIn\"><div class=\"align-left\"><span class=\"special-subtitle\" style=\"color: #e0a240; font-size: 18px ; width: 100%\" >Pressoir en acier inoxydable de type H 65<\/span><\/div><\/div><p><img class=\"alignleft size-medium wp-image-3638\" src=\"https:\/\/a-holstein.de\/wp-content\/uploads\/2016\/11\/Packpresse-300x285.jpg\" alt=\"packpresse\" width=\"300\" height=\"285\"><\/p>\n<\/div><\/div><div  class=\"one-third column-block  no-background    \" data-animation=\"\" style=\"  \"><div class=\"be-custom-column-inner\"><p class=\"p1\"><span class=\"s1\"><b>Avec plateau rotatif &#8211; fabrication Holstein<\/b><\/span><\/p>\n<p class=\"p2\"><span class=\"s1\">Plus de puissance pour plus de jus. Non, ce n\u2019est pas uniquement une question de puissance du moteur, mais surtout la technologie sophistiqu\u00e9e avec notre plateau rotatif, l\u2019utilisation facile ainsi que le nettoyage simplifi\u00e9.<br \/>\nLa cons\u00e9quence est un rendement en jus maximal avec une grande efficacit\u00e9, les ar\u00f4mes sont ainsi parfaitement pr\u00e9serv\u00e9s.<\/span><\/p>\n<h4 class=\"p3\"><span class=\"s1\">Pressoir de type H65<\/span><\/h4>\n<ul class=\"ul1\">\n<li class=\"li4\"><span class=\"s1\">Pour les pommes, les poires, les raisins, les baies et les l\u00e9gumes<\/span><\/li>\n<li class=\"li4\"><span class=\"s1\">Rendement et efficacit\u00e9 \u00e9lev\u00e9s (jusqu&rsquo;\u00e0 75&nbsp;%)<\/span><\/li>\n<li class=\"li4\"><span class=\"s1\">Faible turbidit\u00e9<\/span><\/li>\n<li class=\"li4\"><span class=\"s1\">Grand rendement aromatique<\/span><\/li>\n<li class=\"li4\"><span class=\"s1\">Avec 16 inserts \u00e0 presse (65 x 65 cm), en plastique sp\u00e9cial de qualit\u00e9 alimentaire et donc hygi\u00e9nique et facile \u00e0 nettoyer<\/span><\/li>\n<li class=\"li4\"><span class=\"s1\">Avec 14 tissus de pressage 100 x 100 cm<\/span><\/li>\n<li class=\"li4\"><span class=\"s1\">Avec plateau rotatif pour un fonctionnement rationnel<\/span><\/li>\n<li class=\"li4\"><span class=\"s1\">Bac de collecte central<\/span><\/li>\n<li class=\"li4\"><span class=\"s1\">Limitation \u00e9lectromagn\u00e9tique de la course du piston<\/span><\/li>\n<li class=\"li4\"><span class=\"s1\">Dimensions : 2.330 x 840 x 2.060mm ( L x l x h )<\/span><\/li>\n<li class=\"li4\"><span class=\"s1\">Puissance : 1200 kg\/h<\/span><\/li>\n<li class=\"li4\"><span class=\"s1\">Puissance du moteur de la presse : 1,5 kW<\/span><\/li>\n<\/ul>\n<\/div><\/div><div  class=\"one-third column-block  no-background    \" data-animation=\"\" style=\"  \"><div class=\"be-custom-column-inner\"><p><img class=\"size-medium wp-image-3643 alignnone\" src=\"https:\/\/a-holstein.de\/wp-content\/uploads\/2016\/11\/wsb_276x206_PackpressemitObst.jpg\" alt=\"_wsb_276x206_packpressemitobst\" width=\"276\" height=\"207\"><\/p>\n<p><img class=\"size-full wp-image-3642 alignnone\" src=\"https:\/\/a-holstein.de\/wp-content\/uploads\/2016\/11\/wsb_272x204_PackpresseSaft.jpg\" alt=\"_wsb_272x204_packpressesaft\" width=\"272\" height=\"204\"><\/p>\n<\/div><\/div><\/div><div  class=\"be-row be-wrap clearfix \"><div  class=\"one-col column-block clearfix  no-background    \" data-animation=\"\" style=\"  \"><div class=\"be-custom-column-inner\"><hr class=\"separator\" style=\"background-color:#e0a240;color:#e0a240;height:1px;width:100%;\" \/><\/div><\/div><\/div><div  class=\"be-row be-wrap clearfix \"><div  class=\"one-third column-block  no-background    \" data-animation=\"\" style=\"  \"><div class=\"be-custom-column-inner\"><div class=\"special-subtitle-wrap  0\" style=\"margin-bottom: 30px;\" data-animation=\"fadeIn\"><div class=\"align-left\"><span class=\"special-subtitle\" style=\"color: #e0a240; font-size: 18px ; width: 100%\" >Presse \u00e0 reliure en acier inoxydable<\/span><\/div><\/div><p><img class=\"alignleft size-medium wp-image-3639\" src=\"https:\/\/a-holstein.de\/wp-content\/uploads\/2016\/11\/Einbandpresse_wsb_632x464_Opus10-300x220.jpg\" alt=\"\" width=\"300\" height=\"220\"><\/p>\n<\/div><\/div><div  class=\"two-third column-block  no-background    \" data-animation=\"\" style=\"  \"><div class=\"be-custom-column-inner\"><p><img class=\"size-full wp-image-3648 alignright\" src=\"https:\/\/a-holstein.de\/wp-content\/uploads\/2016\/11\/wsb_223x156_000021.jpg\" alt=\"_wsb_223x156_000021\" width=\"223\" height=\"157\"> <img class=\"size-full wp-image-3649 alignright\" src=\"https:\/\/a-holstein.de\/wp-content\/uploads\/2016\/11\/wsb_210x156_DSC00050.jpg\" alt=\"_wsb_210x156_dsc00050\" width=\"210\" height=\"158\"><\/p>\n<p class=\"p1\"><span class=\"s1\">Presse \u00e0 fonctionnement continu automatique pour r\u00e9cup\u00e9rer le jus du mo\u00fbt de pomme et du mo\u00fbt d&rsquo;autres fruits. Le premier grand rouleau de presse garantit une qualit\u00e9 optimale du jus. La turbidit\u00e9 minimale et le bon rendement sont comparables au r\u00e9sultat d\u2019un pressoir.<\/span><\/p>\n<ul class=\"ul1\">\n<li class=\"li2\"><span class=\"s1\">Pour tous les mo\u00fbts de fruits et de baies<\/span><\/li>\n<li class=\"li2\"><span class=\"s1\">Rendement \u00e9lev\u00e9 (jusqu&rsquo;\u00e0 75&nbsp;%)<\/span><\/li>\n<li class=\"li2\"><span class=\"s1\">Le premier grand rouleau de presse garantit une qualit\u00e9 optimale du jus<\/span><\/li>\n<li class=\"li2\"><span class=\"s1\">Support et rouleau de presse en acier inoxydable 1.4301<\/span><\/li>\n<li class=\"li2\"><span class=\"s1\">Pi\u00e8ces pneumatiques et \u00e9lectriques de qualit\u00e9 sup\u00e9rieure<\/span><\/li>\n<li class=\"li2\"><span class=\"s1\">Nettoyage facile et optimal<\/span><\/li>\n<li class=\"li2\"><span class=\"s1\">Utilisation facile<\/span><\/li>\n<li class=\"li2\"><span class=\"s1\">L&rsquo;augmentation progressive de la pression permet de presser m\u00eame les mo\u00fbts lourds<\/span><\/li>\n<\/ul>\n<\/div><\/div><\/div><div  class=\"be-row be-wrap clearfix \"><div  class=\"one-col column-block clearfix  no-background    \" data-animation=\"\" style=\"  \"><div class=\"be-custom-column-inner\">\n<table id=\"tablepress-42\" class=\"tablepress tablepress-id-42\">\n<thead>\n<tr class=\"row-1 odd\">\n\t<th class=\"column-1\">&nbsp;<\/th><th class=\"column-2\">Puissance<\/th><th class=\"column-3\">Largeur de bande<\/th><th class=\"column-4\">Dimensions (Lxlxh)<\/th><th class=\"column-5\">Poids<\/th><th class=\"column-6\">Moteur des brosses<\/th><th class=\"column-7\">Moteur d\u2019entra\u00eenement, r\u00e9glable<\/th>\n<\/tr>\n<\/thead>\n<tbody class=\"row-hover\">\n<tr class=\"row-2 even\">\n\t<td class=\"column-1\">Presse 10<\/td><td class=\"column-2\">jusqu'\u00e0 1.000 kg\/h<\/td><td class=\"column-3\">600 mm<\/td><td class=\"column-4\">2.970 x 1.670 x 1.920 mm<\/td><td class=\"column-5\">1.100 kg<\/td><td class=\"column-6\">1,5 kW<\/td><td class=\"column-7\">0,55 kW<\/td>\n<\/tr>\n<tr class=\"row-3 odd\">\n\t<td class=\"column-1\">Presse 15<\/td><td class=\"column-2\">jusqu'\u00e0 1.500 kg\/h<\/td><td class=\"column-3\">800 mm<\/td><td class=\"column-4\">3.450 x 1.870 x 1.940 mm<\/td><td class=\"column-5\">1.700 kg<\/td><td class=\"column-6\">1,5 kW<\/td><td class=\"column-7\">0,55 kW<\/td>\n<\/tr>\n<tr class=\"row-4 even\">\n\t<td class=\"column-1\">Presse 20<\/td><td class=\"column-2\">jusqu'\u00e0 3.000 kg\/h<\/td><td class=\"column-3\">1.200 mm<\/td><td class=\"column-4\">3.450 x 2.270 x 1.940 mm<\/td><td class=\"column-5\">2.200 kg<\/td><td class=\"column-6\">1,5 kW<\/td><td class=\"column-7\">0,55 kW<\/td>\n<\/tr>\n<\/tbody>\n<\/table>\n<\/div><\/div><\/div><div  class=\"be-row be-wrap clearfix \"><div  class=\"one-col column-block clearfix  no-background    \" data-animation=\"\" style=\"  \"><div class=\"be-custom-column-inner\"><hr class=\"separator\" style=\"background-color:#e0a240;color:#e0a240;height:1px;width:100%;\" \/><\/div><\/div><\/div><\/div><\/div>","protected":false},"excerpt":{"rendered":"<p>Presses \u00e0 jus Diff\u00e9rents mod\u00e8les dans la qualit\u00e9 Holstein Presse hydraulique Presse \u00e0 jus simple, confortable et \u00e9conomique en \u00e9nergie avec pression hydraulique. Il suffit de raccorder un tuyau de [&hellip;]<\/p>\n<p><a href=\"https:\/\/a-holstein.de\/fr\/transformation-des-fruits\/presses-a-jus\/\" class=\"more-link style2-button\">Read More<\/a><\/p>","protected":false},"author":1,"featured_media":0,"parent":4788,"menu_order":0,"comment_status":"closed","ping_status":"closed","template":"","meta":[],"_links":{"self":[{"href":"https:\/\/a-holstein.de\/fr\/wp-json\/wp\/v2\/pages\/4796"}],"collection":[{"href":"https:\/\/a-holstein.de\/fr\/wp-json\/wp\/v2\/pages"}],"about":[{"href":"https:\/\/a-holstein.de\/fr\/wp-json\/wp\/v2\/types\/page"}],"author":[{"embeddable":true,"href":"https:\/\/a-holstein.de\/fr\/wp-json\/wp\/v2\/users\/1"}],"replies":[{"embeddable":true,"href":"https:\/\/a-holstein.de\/fr\/wp-json\/wp\/v2\/comments?post=4796"}],"version-history":[{"count":1,"href":"https:\/\/a-holstein.de\/fr\/wp-json\/wp\/v2\/pages\/4796\/revisions"}],"predecessor-version":[{"id":4797,"href":"https:\/\/a-holstein.de\/fr\/wp-json\/wp\/v2\/pages\/4796\/revisions\/4797"}],"up":[{"embeddable":true,"href":"https:\/\/a-holstein.de\/fr\/wp-json\/wp\/v2\/pages\/4788"}],"wp:attachment":[{"href":"https:\/\/a-holstein.de\/fr\/wp-json\/wp\/v2\/media?parent=4796"}],"curies":[{"name":"wp","href":"https:\/\/api.w.org\/{rel}","templated":true}]}}