{"id":4802,"date":"2016-11-03T14:35:54","date_gmt":"2016-11-03T13:35:54","guid":{"rendered":"https:\/\/a-holstein.de\/transformation-des-fruits\/saefte-herstellen-abfuellen\/"},"modified":"2018-06-05T16:31:42","modified_gmt":"2018-06-05T14:31:42","slug":"produire-embouteiller-et-stocker-des-jus","status":"publish","type":"page","link":"https:\/\/a-holstein.de\/fr\/transformation-des-fruits\/produire-embouteiller-et-stocker-des-jus\/","title":{"rendered":"Produire, embouteiller et stocker des jus"},"content":{"rendered":"<div class=\"be-section         clearfix\" data-headerscheme=\"background--dark\" style=\" \"  ><div class=\"be-section-pad clearfix \" style=\" padding-top:90px;padding-bottom:90px;\" data-padding-top = \"90\"><div  class=\"be-row be-wrap clearfix \"><div  class=\"one-col column-block clearfix  no-background    \" data-animation=\"\" style=\"  \"><div class=\"be-custom-column-inner\"><h3>Produire, embouteiller et stocker des jus<\/h3>\n<h5>Pour la mise en bouteille \u00e0 chaud et \u00e0 froid de jus de fruits et de l\u00e9gumes<\/h5>\n<\/div><\/div><\/div><div  class=\"be-row be-wrap clearfix \"><div  class=\"one-col column-block clearfix  no-background    \" data-animation=\"\" style=\"  \"><div class=\"be-custom-column-inner\"><hr class=\"separator\" style=\"background-color:#e0a240;color:#e0a240;height:1px;width:100%;\" \/><\/div><\/div><\/div><div  class=\"be-row be-wrap clearfix \"><div  class=\"one-third column-block  no-background    \" data-animation=\"\" style=\"  \"><div class=\"be-custom-column-inner\"><div class=\"special-subtitle-wrap  0\" style=\"margin-bottom: 30px;\" data-animation=\"fadeIn\"><div class=\"align-left\"><span class=\"special-subtitle\" style=\"color: #e0a240; font-size: 20px ; width: 100%\" >Broyeurs de fruits \u00e0 noyaux<\/span><\/div><\/div><p><img class=\"alignleft size-medium wp-image-4041\" src=\"https:\/\/a-holstein.de\/wp-content\/uploads\/2016\/11\/kernobst-schneide-203x300.png\" alt=\"\" width=\"203\" height=\"300\"><\/p>\n<\/div><\/div><div  class=\"two-third column-block  no-background    \" data-animation=\"\" style=\"  \"><div class=\"be-custom-column-inner\"><ul class=\"ul1\">\n<li class=\"li1\"><span class=\"s2\">Pour un usage de loisirs et semi-professionnel<\/span><\/li>\n<li class=\"li1\"><span class=\"s2\">Broie les fruits \u00e0 noyaux en gros morceaux<\/span><\/li>\n<li class=\"li1\"><span class=\"s2\">Taux de broyage id\u00e9al pour la production de jus en combinaison avec des presses hydrauliques<\/span><\/li>\n<li class=\"li1\"><span class=\"s2\">Convient pour les pommes, les poires et les coings<\/span><\/li>\n<li class=\"li1\"><span class=\"s2\">Facile \u00e0 nettoyer et \u00e0 transporter<\/span><\/li>\n<li class=\"li1\"><span class=\"s2\">Tr\u00e9mie et partie inf\u00e9rieure en plastique PE r\u00e9sistant<\/span><\/li>\n<li class=\"li1\"><span class=\"s2\">Dispositif de coupe en acier inoxydable, lame r\u00e9versible aff\u00fbtable en acier inoxydable tremp\u00e9<\/span><\/li>\n<li class=\"li1\"><span class=\"s2\">Moteur : 230&nbsp;V, 50 Hz, puissance 2,2 kW, vitesse de rotation 2&nbsp;800 tours\/min.<\/span><\/li>\n<li class=\"li1\"><span class=\"s2\">Raccord&nbsp;: 230 V, 50 Hz, prise Schuko<\/span><\/li>\n<li class=\"li1\"><span class=\"s2\">Puissance env. 1&nbsp;000 kg\/h<\/span><\/li>\n<\/ul>\n<p class=\"p2\"><span class=\"s2\">Hauteur&nbsp;: 1&nbsp;250&nbsp;mm&nbsp;; longueur&nbsp;: 514 mm ; largeur : 586 mm ; hauteur d&rsquo;\u00e9coulement : 380 mm ; poids : 25 kg<\/span><\/p>\n<p class=\"p2\"><span class=\"s2\">&nbsp;<\/span><\/p>\n<p class=\"p3\"><span class=\"s2\"><b>R\u00e9servoir rectangulaire GFK \u2013 couleur vert<\/b><\/span><\/p>\n<p class=\"p2\"><span class=\"s2\">Hauteur&nbsp;: 100mm&nbsp;; longueur&nbsp;: 780 mm ; largeur : 520 mm ; hauteur d&rsquo;\u00e9coulement : 300 mm ; poids : 7 kg<\/span><\/p>\n<\/div><\/div><\/div><div  class=\"be-row be-wrap clearfix \"><div  class=\"one-col column-block clearfix  no-background    \" data-animation=\"\" style=\"  \"><div class=\"be-custom-column-inner\"><hr class=\"separator\" style=\"background-color:#e0a240;color:#e0a240;height:1px;width:100%;\" \/><\/div><\/div><\/div><div  class=\"be-row be-wrap clearfix \"><div  class=\"one-third column-block  no-background    \" data-animation=\"\" style=\"  \"><div class=\"be-custom-column-inner\"><div class=\"special-subtitle-wrap  0\" style=\"margin-bottom: 30px;\" data-animation=\"fadeIn\"><div class=\"align-left\"><span class=\"special-subtitle\" style=\"color: #e0a240; font-size: 20px ; width: 100%\" >Automate de dosage Bag-in-Box<\/span><\/div><\/div><p><img class=\"alignleft size-medium wp-image-4039\" src=\"https:\/\/a-holstein.de\/wp-content\/uploads\/2016\/11\/Doessier-BagBox-300x273.png\" alt=\"\" width=\"300\" height=\"273\"><\/p>\n<\/div><\/div><div  class=\"two-third column-block  no-background    \" data-animation=\"\" style=\"  \"><div class=\"be-custom-column-inner\"><p class=\"p1\"><span class=\"s1\">Pour la mise en bouteille \u00e0 chaud et \u00e0 froid de jus de fruits et de l\u00e9gumes, r\u00e9alis\u00e9 comme une sous-structure en acier inoxydable selon un mod\u00e8le de table pr\u00e9vu pour le remplissage de sacs jusqu\u2019\u00e0 un volume de remplissage de 10 Litres.<\/span><\/p>\n<ul class=\"ul1\">\n<li class=\"li2\"><span class=\"s1\">Mod\u00e8le enti\u00e8rement en acier inoxydable<\/span><\/li>\n<li class=\"li2\"><span class=\"s1\">Panneau de commande ergonomique et affichage clair de la temp\u00e9rature (cuve, temp\u00e9rature d\u2019arriv\u00e9e du jus)<\/span><\/li>\n<li class=\"li2\"><span class=\"s1\">Avec unit\u00e9 de remplissage inclinable \u00e0 soupape de fermeture pneumatique<\/span><\/li>\n<li class=\"li2\"><span class=\"s1\">R\u00e9glage facile \/ modification de la masse de remplissage<\/span><\/li>\n<li class=\"li2\"><span class=\"s1\">Fixation des sacs r\u00e9glable en hauteur<\/span><\/li>\n<li class=\"li2\"><span class=\"s1\">Mesure automatique des volumes : 3 L, 5 L, 10 L<\/span><\/li>\n<li class=\"li2\"><span class=\"s1\">Puissance de remplissage pour 600 L\/h (pour des sacs de 10 L)<\/span><\/li>\n<\/ul>\n<\/div><\/div><\/div><div  class=\"be-row be-wrap clearfix \"><div  class=\"one-third column-block  no-background    \" data-animation=\"\" style=\"  \"><div class=\"be-custom-column-inner\"><div class=\"special-subtitle-wrap  0\" style=\"margin-bottom: 30px;\" data-animation=\"fadeIn\"><div class=\"align-left\"><span class=\"special-subtitle\" style=\"color: #e0a240; font-size: 20px ; width: 100%\" >Conditionnement Bag-in-Box<\/span><\/div><\/div><p><img class=\"alignleft size-medium wp-image-4040\" src=\"https:\/\/a-holstein.de\/wp-content\/uploads\/2016\/11\/BagBox-300x163.png\" alt=\"\" width=\"300\" height=\"163\"><\/p>\n<p>&nbsp;<\/p>\n<\/div><\/div><div  class=\"two-third column-block  no-background    \" data-animation=\"\" style=\"  \"><div class=\"be-custom-column-inner\"><p class=\"p1\"><span class=\"s1\">Le nouveau conditionnement pour vos jus et vos vins.<\/span><\/p>\n<ul class=\"ul1\">\n<li class=\"li2\"><span class=\"s1\">Sacs PE \u00e9tanches \u00e0 l\u2019air \u00e0 robinet<\/span><\/li>\n<li class=\"li2\"><span class=\"s1\">Disponible avec une contenance de 3 L, 5 L, 10 L, 20 L<\/span><\/li>\n<li class=\"li2\"><span class=\"s1\">Dur\u00e9e de vie : ferm\u00e9 env. 1 an ; ouvert env. 3 mois<\/span><\/li>\n<\/ul>\n<p><iframe width=\"425\" height=\"344\" src=\"https:\/\/www.youtube.com\/embed\/m3cTa7GxyFo\" frameborder=\"0\" allow=\"autoplay; encrypted-media\" allowfullscreen=\"\"><\/iframe><\/p>\n<\/div><\/div><\/div><div  class=\"be-row be-wrap clearfix \"><div  class=\"one-col column-block clearfix  no-background    \" data-animation=\"\" style=\"  \"><div class=\"be-custom-column-inner\"><hr class=\"separator\" style=\"background-color:#e0a240;color:#e0a240;height:1px;width:100%;\" \/><\/div><\/div><\/div><div  class=\"be-row be-wrap clearfix \"><div  class=\"one-third column-block  no-background    \" data-animation=\"\" style=\"  \"><div class=\"be-custom-column-inner\"><div class=\"special-subtitle-wrap  0\" style=\"margin-bottom: 30px;\" data-animation=\"fadeIn\"><div class=\"align-left\"><span class=\"special-subtitle\" style=\"color: #e0a240; font-size: 20px ; width: 100%\" >Automate de dosage Bag-in-Box Pro<\/span><\/div><\/div><p><img class=\"alignleft size-medium wp-image-4050\" src=\"https:\/\/a-holstein.de\/wp-content\/uploads\/2016\/11\/BagBoxProfi-263x300.png\" alt=\"\" width=\"263\" height=\"300\"><\/p>\n<p>&nbsp;<\/p>\n<\/div><\/div><div  class=\"two-third column-block  no-background    \" data-animation=\"\" style=\"  \"><div class=\"be-custom-column-inner\"><ul>\n<li class=\"li1\"><span class=\"s2\">D\u00e9bit 600 L\/h<\/span><\/li>\n<li class=\"li2\"><span class=\"s2\">Support en acier inoxydable avec unit\u00e9 de pes\u00e9e, pour d\u00e9finir les volumes avec pr\u00e9cision<\/span><\/li>\n<li class=\"li2\"><span class=\"s2\">Pour la mise en bouteille \u00e0 chaud et \u00e0 froid de jus de fruits et de l\u00e9gumes<\/span><\/li>\n<li class=\"li2\"><span class=\"s2\">Pour le remplissage de sacs jusqu&rsquo;\u00e0 un volume de 10&nbsp;L<\/span><\/li>\n<li class=\"li2\"><span class=\"s2\">Mod\u00e8le en acier inoxydable compact<\/span><\/li>\n<li class=\"li2\"><span class=\"s2\">Unit\u00e9 de remplissage inclinable \u00e0 soupape de fermeture pneumatique<\/span><\/li>\n<li class=\"li2\"><span class=\"s2\">R\u00e9glage facile et modification de la masse de remplissage<\/span><\/li>\n<li class=\"li2\"><span class=\"s2\">Appareil de surveillance et d&rsquo;affichage clair<\/span><\/li>\n<\/ul>\n<\/div><\/div><\/div><div  class=\"be-row be-wrap clearfix \"><div  class=\"one-col column-block clearfix  no-background    \" data-animation=\"\" style=\"  \"><div class=\"be-custom-column-inner\"><hr class=\"separator\" style=\"background-color:#e0a240;color:#e0a240;height:1px;width:100%;\" \/><\/div><\/div><\/div><div  class=\"be-row be-wrap clearfix \"><div  class=\"one-third column-block  no-background    \" data-animation=\"\" style=\"  \"><div class=\"be-custom-column-inner\"><div class=\"special-subtitle-wrap  0\" style=\"margin-bottom: 30px;\" data-animation=\"fadeIn\"><div class=\"align-left\"><span class=\"special-subtitle\" style=\"color: #e0a240; font-size: 20px ; width: 100%\" >Filtre \u00e0 tube \u00e0 fente double<\/span><\/div><\/div><p><img class=\"alignleft size-medium wp-image-4042\" src=\"https:\/\/a-holstein.de\/wp-content\/uploads\/2016\/11\/Doppelspaltrohr-Filter-300x257.png\" alt=\"\" width=\"300\" height=\"257\"><\/p>\n<p>&nbsp;<\/p>\n<\/div><\/div><div  class=\"two-third column-block  no-background    \" data-animation=\"\" style=\"  \"><div class=\"be-custom-column-inner\"><p class=\"p1\"><span class=\"s1\">Le filtre \u00e0 tube \u00e0 fente double a \u00e9t\u00e9 con\u00e7u sp\u00e9cialement pour s\u00e9parer les mat\u00e9riaux solides des substances liquides.<br \/>\nLe filtre \u00e0 tube \u00e0 fente double est compos\u00e9 de 2 inserts de tamis \u00e0 tube \u00e0 fente et de 4 soupapes coulissantes, qui garantissent un fonctionnement continu gr\u00e2ce au fonctionnement r\u00e9ciproque des tubes \u00e0 fente. Deux soupapes coulissantes suppl\u00e9mentaires sont plac\u00e9es dans l\u2019\u00e9vacuation des r\u00e9sidus. Le manom\u00e8tre affiche la pression dans le tube \u00e0 fente utilis\u00e9. Plus la pression augmente, plus la surface du tube \u00e0 fente est mouill\u00e9e.<br \/>\nLes mat\u00e9riaux solides sont \u00e9limin\u00e9s \u00e0 l\u2019aide des l\u00e8vres en caoutchouc fix\u00e9es sur l\u2019insert du tamis du tube \u00e0 fente lors du retrait du tube.<\/span><\/p>\n<ul class=\"ul1\">\n<li class=\"li2\"><span class=\"s1\">Fonctionnement continu<\/span><\/li>\n<li class=\"li2\"><span class=\"s1\">Utilisation facile<\/span><\/li>\n<li class=\"li2\"><span class=\"s1\">Nettoyage rapide<\/span><\/li>\n<li class=\"li2\"><span class=\"s1\">Commutation extr\u00eamement rapide entre les tamis<\/span><\/li>\n<li class=\"li2\"><span class=\"s1\">\u00c9vacuation des r\u00e9sidus<\/span><\/li>\n<li class=\"li2\"><span class=\"s1\">Disponible dans diff\u00e9rentes tailles<\/span><\/li>\n<li class=\"li2\"><span class=\"s1\">Insert de tamis \u00e0 tube \u00e0 fente (50&nbsp;% de surface de tamis en plus par rapport aux t\u00f4les perfor\u00e9es)<\/span><\/li>\n<li class=\"li2\"><span class=\"s1\">Avec ch\u00e2ssis<\/span><\/li>\n<li class=\"li2\"><span class=\"s1\">Enti\u00e8rement en acier inoxydable<\/span><\/li>\n<li class=\"li2\"><span class=\"s1\">Diff\u00e9rentes tailles de tamis<\/span><\/li>\n<\/ul>\n<\/div><\/div><\/div><div  class=\"be-row be-wrap clearfix \"><div  class=\"one-col column-block clearfix  no-background    \" data-animation=\"\" style=\"  \"><div class=\"be-custom-column-inner\"><hr class=\"separator\" style=\"background-color:#e0a240;color:#e0a240;height:1px;width:100%;\" \/><\/div><\/div><\/div><div  class=\"be-row be-wrap clearfix \"><div  class=\"one-third column-block  no-background    \" data-animation=\"\" style=\"  \"><div class=\"be-custom-column-inner\"><div class=\"special-subtitle-wrap  0\" style=\"margin-bottom: 30px;\" data-animation=\"fadeIn\"><div class=\"align-left\"><span class=\"special-subtitle\" style=\"color: #e0a240; font-size: 20px ; width: 100%\" >Cuve Pasteur<\/span><\/div><\/div><p><img class=\"alignleft size-medium wp-image-4046\" src=\"https:\/\/a-holstein.de\/wp-content\/uploads\/2016\/11\/durchlaufPasteur-178x300.png\" alt=\"\" width=\"178\" height=\"300\"><\/p>\n<p>&nbsp;<\/p>\n<\/div><\/div><div  class=\"two-third column-block  no-background    \" data-animation=\"\" style=\"  \"><div class=\"be-custom-column-inner\"><p class=\"p1\"><span class=\"s1\">Tout-en-un &#8211; un appareil extr\u00eamement polyvalent.<\/span><\/p>\n<ul class=\"ul1\">\n<li class=\"li2\"><span class=\"s1\">jusqu&rsquo;\u00e0 150 ou 300 L\/h (Pasteur double)<\/span><\/li>\n<li class=\"li2\"><span class=\"s1\">3 fonctions dans un appareil<\/span><\/li>\n<li class=\"li2\"><span class=\"s1\">R\u00e9servoir de stockage<\/span><\/li>\n<li class=\"li2\"><span class=\"s1\">Chauffage et embouteillage<\/span><\/li>\n<li class=\"li2\"><span class=\"s1\">Utilisation facile et s\u00e9curis\u00e9e<\/span><\/li>\n<li class=\"li2\"><span class=\"s1\">Aucune variation de temp\u00e9rature possible<\/span><\/li>\n<li class=\"li2\"><span class=\"s1\">Plan de travail ou support mobile sur demande<\/span><\/li>\n<\/ul>\n<\/div><\/div><\/div><div  class=\"be-row be-wrap clearfix \"><div  class=\"one-col column-block clearfix  no-background    \" data-animation=\"\" style=\"  \"><div class=\"be-custom-column-inner\"><hr class=\"separator\" style=\"background-color:#e0a240;color:#e0a240;height:1px;width:100%;\" \/><\/div><\/div><\/div><div  class=\"be-row be-wrap clearfix \"><div  class=\"one-third column-block  no-background    \" data-animation=\"\" style=\"  \"><div class=\"be-custom-column-inner\"><div class=\"special-subtitle-wrap  0\" style=\"margin-bottom: 30px;\" data-animation=\"fadeIn\"><div class=\"align-left\"><span class=\"special-subtitle\" style=\"color: #e0a240; font-size: 20px ; width: 100%\" >Installations de pasteurisation professionnelles<\/span><\/div><\/div><p><img class=\"alignleft size-medium wp-image-4054\" src=\"https:\/\/a-holstein.de\/wp-content\/uploads\/2016\/11\/ProdiPast-1-220x300.png\" alt=\"\" width=\"220\" height=\"300\"><\/p>\n<p>&nbsp;<\/p>\n<\/div><\/div><div  class=\"two-third column-block  no-background    \" data-animation=\"\" style=\"  \"><div class=\"be-custom-column-inner\"><p class=\"p1\"><span class=\"s1\">Pour tous les jus de fruits et de l\u00e9gumes.<br \/>\nSyst\u00e8me complet avec pompe \u00e0 jus autoaspirante, \u00e9changeur thermique \u00e0 tubes en acier inoxydable et r\u00e9gulation automatique de la temp\u00e9rature. Temps de chauffage tr\u00e8s rapide gr\u00e2ce \u00e0 la cuve de chauffage efficace. Au choix avec br\u00fbleur \u00e0 gaz ou au p\u00e9trole. Toutes les pi\u00e8ces en contact avec les jus sont en acier inoxydable. Structure compacte, utilisation facile, nettoyage facile<\/span><\/p>\n\n<table id=\"tablepress-43\" class=\"tablepress tablepress-id-43\">\n<thead>\n<tr class=\"row-1 odd\">\n\t<th class=\"column-1\">Type<\/th><th class=\"column-2\">Puissance<\/th>\n<\/tr>\n<\/thead>\n<tbody class=\"row-hover\">\n<tr class=\"row-2 even\">\n\t<td class=\"column-1\">ProfiPa 350<\/td><td class=\"column-2\">350 l\/h und 25 kW Heizleistung<\/td>\n<\/tr>\n<tr class=\"row-3 odd\">\n\t<td class=\"column-1\">ProfiPa 550<\/td><td class=\"column-2\">550 l\/h und 40 kW Heizleistung<\/td>\n<\/tr>\n<tr class=\"row-4 even\">\n\t<td class=\"column-1\">ProfiPa 700<\/td><td class=\"column-2\">700 l\/h und 52 kW Heizleistung<\/td>\n<\/tr>\n<\/tbody>\n<\/table>\n<!-- #tablepress-43 from cache --><\/div><\/div><\/div><div  class=\"be-row be-wrap clearfix \"><div  class=\"one-third column-block  no-background    \" data-animation=\"\" style=\"  \"><div class=\"be-custom-column-inner\"><div class=\"special-subtitle-wrap  0\" style=\"margin-bottom: 30px;\" data-animation=\"fadeIn\"><div class=\"align-left\"><span class=\"special-subtitle\" style=\"color: #e0a240; font-size: 20px ; width: 100%\" >Installations de pasteurisation professionnelles de type Pro PA SH<\/span><\/div><\/div><p><img class=\"alignleft size-medium wp-image-4047\" src=\"https:\/\/a-holstein.de\/wp-content\/uploads\/2016\/11\/ProfiPasteurisier-162x300.png\" alt=\"\" width=\"162\" height=\"300\"><\/p>\n<p>&nbsp;<\/p>\n<\/div><\/div><div  class=\"two-third column-block  no-background    \" data-animation=\"\" style=\"  \"><div class=\"be-custom-column-inner\"><p><img class=\"size-medium wp-image-4049 alignright\" src=\"https:\/\/a-holstein.de\/wp-content\/uploads\/2016\/11\/ProfiPast2-300x221.png\" alt=\"\" width=\"300\" height=\"221\"><\/p>\n<p class=\"p1\"><span class=\"s1\">La sp\u00e9cificit\u00e9 de cette installation est sa longueur de 40&nbsp;m\u00e8tres, ainsi que ses spirales \u00e0 jus en acier inoxydable int\u00e9gr\u00e9es. Cette installation pr\u00e9sente donc les avantages suivants :<\/span><\/p>\n<ul class=\"ul1\">\n<li class=\"li2\"><span class=\"s1\">Puissance : 600&nbsp;L\/h<\/span><\/li>\n<li class=\"li2\"><span class=\"s1\">Tr\u00e8s faible diff\u00e9rence de temp\u00e9rature entre l\u2019eau et le jus de fruits<\/span><\/li>\n<li class=\"li2\"><span class=\"s1\">Possibilit\u00e9 d\u2019adaptation tr\u00e8s facile et efficace des spirales \u00e0 jus<\/span><\/li>\n<li class=\"li2\"><span class=\"s1\">Faible effort d\u2019entretien de l\u2019installation <\/span><\/li>\n<\/ul>\n<p class=\"p3\"><span class=\"s1\">Autres caract\u00e9ristiques<\/span><\/p>\n<ul class=\"ul1\">\n<li class=\"li2\"><span class=\"s1\">Cuve de chauffage sp\u00e9ciale : 48 kW, pour un temps de chauffage rapide<\/span><\/li>\n<li class=\"li2\"><span class=\"s1\">Br\u00fbleur \u00e0 gaz ou au p\u00e9trole<\/span><\/li>\n<li class=\"li2\"><span class=\"s1\">R\u00e9gulation automatique de la temp\u00e9rature<\/span><\/li>\n<li class=\"li2\"><span class=\"s1\">Soupape de r\u00e9gulation<\/span><\/li>\n<li class=\"li2\"><span class=\"s1\">Circuit d&rsquo;\u00e9changeur thermique en acier inoxydable de qualit\u00e9 sup\u00e9rieure r\u00e9sistant aux acides V4a<\/span><\/li>\n<li class=\"li2\"><span class=\"s1\">Dimensions : 2 100 x 880 x 1 300 mm (h x l x p)<\/span><\/li>\n<li class=\"li2\"><span class=\"s1\">En option : R\u00e9servoir de stockage de jus en acier inoxydable<\/span><\/li>\n<\/ul>\n<\/div><\/div><\/div><div  class=\"be-row be-wrap clearfix \"><div  class=\"one-col column-block clearfix  no-background    \" data-animation=\"\" style=\"  \"><div class=\"be-custom-column-inner\"><hr class=\"separator\" style=\"background-color:#e0a240;color:#e0a240;height:1px;width:100%;\" \/><\/div><\/div><\/div><div  class=\"be-row be-wrap clearfix \"><div  class=\"one-third column-block  no-background    \" data-animation=\"\" style=\"  \"><div class=\"be-custom-column-inner\"><div class=\"special-subtitle-wrap  0\" style=\"margin-bottom: 30px;\" data-animation=\"fadeIn\"><div class=\"align-left\"><span class=\"special-subtitle\" style=\"color: #e0a240; font-size: 20px ; width: 100%\" >Ligne d\u2019embouteillage \u00e0 chaud<\/span><\/div><\/div><p><img class=\"alignleft size-medium wp-image-4051\" src=\"https:\/\/a-holstein.de\/wp-content\/uploads\/2016\/11\/heissabfueller-109x300.png\" alt=\"\" width=\"109\" height=\"300\"><\/p>\n<p>&nbsp;<\/p>\n<\/div><\/div><div  class=\"two-third column-block  no-background    \" data-animation=\"\" style=\"  \"><div class=\"be-custom-column-inner\"><p class=\"p1\"><span class=\"s1\">Pour pasteuriser et embouteiller des jus de fruits. Le jus de fruit est chauff\u00e9 d\u00e9licatement par un \u00e9changeur thermique \u00e0 tubes. Avec r\u00e9gulation \u00e9lectronique de la temp\u00e9rature et protection contre la surchauffe. Tous les types de bouteilles classiques peuvent \u00eatre remplis.<br \/>\nLe processus d\u2019embouteillage commence automatiquement lorsque la bouteille est ins\u00e9r\u00e9e et s&rsquo;arr\u00eate automatiquement lorsque la bouteille est pleine. Peut \u00eatre compl\u00e9t\u00e9e en option avec une ligne d\u2019embouteillage Bag-in-Box.<\/span><\/p>\n\n<table id=\"tablepress-44\" class=\"tablepress tablepress-id-44\">\n<thead>\n<tr class=\"row-1 odd\">\n\t<th class=\"column-1\">&nbsp;<\/th><th class=\"column-2\">Typ THA 100-9<\/th><th class=\"column-3\">Typ THA 100-18<\/th>\n<\/tr>\n<\/thead>\n<tbody class=\"row-hover\">\n<tr class=\"row-2 even\">\n\t<td class=\"column-1\">Raccordement \u00e9lectrique<\/td><td class=\"column-2\">9 kW<\/td><td class=\"column-3\">18 kW<\/td>\n<\/tr>\n<tr class=\"row-3 odd\">\n\t<td class=\"column-1\">Nombre de soupapes de remplissage<\/td><td class=\"column-2\">1<\/td><td class=\"column-3\">2<\/td>\n<\/tr>\n<tr class=\"row-4 even\">\n\t<td class=\"column-1\">D\u00e9bit \/ h<\/td><td class=\"column-2\">jusqu'\u00e0 130 l\/h<\/td><td class=\"column-3\">jusqu'\u00e0 200 l\/h<\/td>\n<\/tr>\n<tr class=\"row-5 odd\">\n\t<td class=\"column-1\">R\u00e9servoir de stockage d\u2019eau<\/td><td class=\"column-2\">100 l<\/td><td class=\"column-3\">100 l<\/td>\n<\/tr>\n<tr class=\"row-6 even\">\n\t<td class=\"column-1\">R\u00e9servoir de stockage de jus<\/td><td class=\"column-2\">65 l<\/td><td class=\"column-3\">65 l<\/td>\n<\/tr>\n<tr class=\"row-7 odd\">\n\t<td class=\"column-1\">Dimensions (diam. x hauteur)<\/td><td class=\"column-2\">440 x 1.580 mm<\/td><td class=\"column-3\">440 x 1.580 mm<\/td>\n<\/tr>\n<tr class=\"row-8 even\">\n\t<td class=\"column-1\">Poids<\/td><td class=\"column-2\">41 kg<\/td><td class=\"column-3\">43 kg<\/td>\n<\/tr>\n<\/tbody>\n<\/table>\n<!-- #tablepress-44 from cache --><\/div><\/div><\/div><\/div><\/div>","protected":false},"excerpt":{"rendered":"<p>Produire, embouteiller et stocker des jus Pour la mise en bouteille \u00e0 chaud et \u00e0 froid de jus de fruits et de l\u00e9gumes Broyeurs de fruits \u00e0 noyaux Pour un [&hellip;]<\/p>\n<p><a href=\"https:\/\/a-holstein.de\/fr\/transformation-des-fruits\/produire-embouteiller-et-stocker-des-jus\/\" class=\"more-link style2-button\">Read More<\/a><\/p>","protected":false},"author":1,"featured_media":0,"parent":4788,"menu_order":0,"comment_status":"closed","ping_status":"closed","template":"","meta":[],"_links":{"self":[{"href":"https:\/\/a-holstein.de\/fr\/wp-json\/wp\/v2\/pages\/4802"}],"collection":[{"href":"https:\/\/a-holstein.de\/fr\/wp-json\/wp\/v2\/pages"}],"about":[{"href":"https:\/\/a-holstein.de\/fr\/wp-json\/wp\/v2\/types\/page"}],"author":[{"embeddable":true,"href":"https:\/\/a-holstein.de\/fr\/wp-json\/wp\/v2\/users\/1"}],"replies":[{"embeddable":true,"href":"https:\/\/a-holstein.de\/fr\/wp-json\/wp\/v2\/comments?post=4802"}],"version-history":[{"count":1,"href":"https:\/\/a-holstein.de\/fr\/wp-json\/wp\/v2\/pages\/4802\/revisions"}],"predecessor-version":[{"id":4803,"href":"https:\/\/a-holstein.de\/fr\/wp-json\/wp\/v2\/pages\/4802\/revisions\/4803"}],"up":[{"embeddable":true,"href":"https:\/\/a-holstein.de\/fr\/wp-json\/wp\/v2\/pages\/4788"}],"wp:attachment":[{"href":"https:\/\/a-holstein.de\/fr\/wp-json\/wp\/v2\/media?parent=4802"}],"curies":[{"name":"wp","href":"https:\/\/api.w.org\/{rel}","templated":true}]}}