{"id":4808,"date":"2017-03-29T15:13:04","date_gmt":"2017-03-29T13:13:04","guid":{"rendered":"https:\/\/a-holstein.de\/transformation-des-fruits\/faesser-behaelter\/"},"modified":"2018-06-05T16:47:08","modified_gmt":"2018-06-05T14:47:08","slug":"futs-et-reservoirs","status":"publish","type":"page","link":"https:\/\/a-holstein.de\/fr\/transformation-des-fruits\/futs-et-reservoirs\/","title":{"rendered":"\u00a0F\u00fbts et r\u00e9servoirs"},"content":{"rendered":"<div class=\"be-section         clearfix\" data-headerscheme=\"background--dark\" style=\" \"  ><div class=\"be-section-pad clearfix \" style=\" padding-top:90px;padding-bottom:90px;\" data-padding-top = \"90\"><div  class=\"be-row be-wrap clearfix \"><div  class=\"one-col column-block clearfix  no-background    \" data-animation=\"\" style=\"  \"><div class=\"be-custom-column-inner\"><h3>&nbsp;F\u00fbts et r\u00e9servoirs<\/h3>\n<h5>Embouteillage, stockage, dur\u00e9e de vie<\/h5>\n<\/div><\/div><\/div><div  class=\"be-row be-wrap clearfix \"><div  class=\"one-col column-block clearfix  no-background    \" data-animation=\"\" style=\"  \"><div class=\"be-custom-column-inner\"><hr class=\"separator\" style=\"background-color:#e0a240;color:#e0a240;height:1px;width:100%;\" \/><\/div><\/div><\/div><div  class=\"be-row be-wrap clearfix \"><div  class=\"one-third column-block  no-background    \" data-animation=\"\" style=\"  \"><div class=\"be-custom-column-inner\"><div class=\"special-subtitle-wrap  0\" style=\"margin-bottom: 30px;\" data-animation=\"fadeIn\"><div class=\"align-left\"><span class=\"special-subtitle\" style=\"color: #e0a240; font-size: 18px ; width: 100%\" >Cuve sous pression en acier inoxydable<\/span><\/div><\/div><p><img class=\"alignleft size-medium wp-image-4028\" src=\"https:\/\/a-holstein.de\/wp-content\/uploads\/2017\/03\/edelstahl-fass-173x300.png\" alt=\"\" width=\"173\" height=\"300\"><\/p>\n<\/div><\/div><div  class=\"two-third column-block  no-background    \" data-animation=\"\" style=\"  \"><div class=\"be-custom-column-inner\"><p class=\"p1\"><span class=\"s1\">Avec cette cuve polyvalente vous pouvez produire vos propres boissons, les maintenir fra\u00eeches pendant plusieurs mois et les extraire facilement tous les jours, sans ajout de conservateurs chimiques.<\/span><\/p>\n<ul class=\"ul1\">\n<li class=\"li2\"><span class=\"s1\">Mo\u00fbt sucr\u00e9 ou mo\u00fbt avec une teneur en alcool au choix<\/span><\/li>\n<li class=\"li2\"><span class=\"s1\">Mo\u00fbt sucr\u00e9 \u00e0 faible teneur en alcool<\/span><\/li>\n<li class=\"li2\"><span class=\"s1\">Boissons ferment\u00e9es (vin, mo\u00fbt, bi\u00e8re, vin mousseux)<\/span><\/li>\n<li class=\"li2\"><span class=\"s1\">Eau gazeuse ou boisson gazeuse<\/span><\/li>\n<li class=\"li2\"><span class=\"s1\">Avantage : Contr\u00f4le de l\u2019institut T\u00dcV pour une s\u00e9curit\u00e9 optimale<\/span><\/li>\n<li class=\"li2\"><span class=\"s1\">Contenu de la livraison&nbsp;: Cuve, tube montant en acier inoxydable avec distributeur et robinet \u00e0 bille en acier inoxydable avec coude de sortie. Raccord viss\u00e9 avec manom\u00e8tre, soupape de s\u00e9curit\u00e9 et bouchons aveugles pour soupape de raccordement de gaz<\/span><\/li>\n<\/ul>\n<p class=\"p1\"><span class=\"s1\">Contenance : 50 L&nbsp; \/\/&nbsp; Diam\u00e8tre&nbsp;: 395 mm&nbsp; \/\/&nbsp; Hauteur de la cuve : 532 mm&nbsp; \/\/&nbsp; Poids : 12,5 kg<\/span><\/p>\n<\/div><\/div><\/div><div  class=\"be-row be-wrap clearfix \"><div  class=\"one-col column-block clearfix  no-background    \" data-animation=\"\" style=\"  \"><div class=\"be-custom-column-inner\"><hr class=\"separator\" style=\"background-color:#e0a240;color:#e0a240;height:1px;width:100%;\" \/><\/div><\/div><\/div><div  class=\"be-row be-wrap clearfix \"><div  class=\"one-third column-block  no-background    \" data-animation=\"\" style=\"  \"><div class=\"be-custom-column-inner\"><div class=\"special-subtitle-wrap  0\" style=\"margin-bottom: 30px;\" data-animation=\"fadeIn\"><div class=\"align-left\"><span class=\"special-subtitle\" style=\"color: #e0a240; font-size: 18px ; width: 100%\" >R\u00e9servoir en acier inoxydable avec couvercle \u00e9tanche \u00e0 l\u2019air<\/span><\/div><\/div><p><img class=\"alignleft size-medium wp-image-4029\" src=\"https:\/\/a-holstein.de\/wp-content\/uploads\/2017\/03\/edelstahldeckel-228x300.png\" alt=\"\" width=\"228\" height=\"300\"><\/p>\n<\/div><\/div><div  class=\"two-third column-block  no-background    \" data-animation=\"\" style=\"  \"><div class=\"be-custom-column-inner\"><p class=\"p1\"><span class=\"s1\">Pour stocker des jus et des mo\u00fbts sucr\u00e9s sans conservateur.<br \/>\nId\u00e9al pour produire du mo\u00fbt sucr\u00e9 st\u00e9rile \u00e0 chaud.<\/span><\/p>\n<ul class=\"ul1\">\n<li class=\"li2\"><span class=\"s1\">Avec un couvercle flottant d&rsquo;huile \u00e9tanche \u00e0 l\u2019air et couvercle cloche suppl\u00e9mentaire<\/span><\/li>\n<li class=\"li2\"><span class=\"s1\">\u00c9coulement soud\u00e9, non viss\u00e9 pour une hygi\u00e8ne optimale<\/span><\/li>\n<li class=\"li2\"><span class=\"s1\">R\u00e9servoir pour un nettoyage facile sur une surface lisse comme un miroir<\/span><\/li>\n<li class=\"li2\"><span class=\"s1\">Fentes d&rsquo;a\u00e9ration pour une ventilation optimale<\/span><\/li>\n<li class=\"li2\"><span class=\"s1\">Accessoires assortis : Thermoplongeur de surface en acier inoxydable avec thermom\u00e8tre pour st\u00e9rilisation \u00e0 chaud des jus<\/span><\/li>\n<\/ul>\n<table id=\"tablepress-45\" class=\"tablepress tablepress-id-45\">\n<thead>\n<tr class=\"row-1 odd\">\n<th class=\"column-1\">Contenance<\/th>\n<th class=\"column-2\">Diam\u00e8tre<\/th>\n<th class=\"column-3\">Hauteur de la cuve<\/th>\n<th class=\"column-4\">Poids<\/th>\n<\/tr>\n<\/thead>\n<tbody class=\"row-hover\">\n<tr class=\"row-2 even\">\n<td class=\"column-1\">65 l<\/td>\n<td class=\"column-2\">350 mm<\/td>\n<td class=\"column-3\">765 mm<\/td>\n<td class=\"column-4\">8 kg<\/td>\n<\/tr>\n<tr class=\"row-3 odd\">\n<td class=\"column-1\">110 l<\/td>\n<td class=\"column-2\">440 mm<\/td>\n<td class=\"column-3\">765 mm<\/td>\n<td class=\"column-4\">10 kg<\/td>\n<\/tr>\n<tr class=\"row-4 even\">\n<td class=\"column-1\">170 l<\/td>\n<td class=\"column-2\">550 mm<\/td>\n<td class=\"column-3\">765 mm<\/td>\n<td class=\"column-4\">15 kg<\/td>\n<\/tr>\n<\/tbody>\n<\/table>\n<p><!-- #tablepress-45 from cache --><\/p>\n<\/div><\/div><\/div><div  class=\"be-row be-wrap clearfix \"><div  class=\"one-col column-block clearfix  no-background    \" data-animation=\"\" style=\"  \"><div class=\"be-custom-column-inner\"><hr class=\"separator\" style=\"background-color:#e0a240;color:#e0a240;height:1px;width:100%;\" \/><\/div><\/div><\/div><div  class=\"be-row be-wrap clearfix \"><div  class=\"one-third column-block  no-background    \" data-animation=\"\" style=\"  \"><div class=\"be-custom-column-inner\"><div class=\"special-subtitle-wrap  0\" style=\"margin-bottom: 30px;\" data-animation=\"fadeIn\"><div class=\"align-left\"><span class=\"special-subtitle\" style=\"color: #e0a240; font-size: 18px ; width: 100%\" >Cuve \u00e0 mo\u00fbt<\/span><\/div><\/div><\/div><\/div><div  class=\"two-third column-block  no-background    \" data-animation=\"\" style=\"  \"><div class=\"be-custom-column-inner\"><p class=\"p1\"><span class=\"s1\">En plus des bons fruits et d&rsquo;une bonne recette, la cuve joue un r\u00f4le essentiel. Elle ne doit pas seulement \u00eatre \u00e9tanche, mais elle doit \u00e9galement conserver les ar\u00f4mes et le bouquet pendant plusieurs mois. Elle doit cependant avant tout \u00e9loigner les bact\u00e9ries n\u00e9fastes, susceptibles de p\u00e9n\u00e9trer par l&rsquo;air et le mat\u00e9riau de la cuve.<\/span><\/p>\n<ul class=\"ul1\">\n<li class=\"li2\"><span class=\"s1\">En poly\u00e9thyl\u00e8ne basse pression PE<\/span><\/li>\n<li class=\"li2\"><span class=\"s1\">Avec poign\u00e9es<\/span><\/li>\n<\/ul>\n<\/div><\/div><\/div><div  class=\"be-row be-wrap clearfix \"><div  class=\"one-third column-block  no-background    \" data-animation=\"\" style=\"  \"><div class=\"be-custom-column-inner\"><div class=\"special-subtitle-wrap  0\" style=\"margin-bottom: 30px;\" data-animation=\"fadeIn\"><div class=\"align-left\"><span class=\"special-subtitle\" style=\"color: #e0a240; font-size: 18px ; width: 100%\" >Type R \u2013 Cuves \u00e0 boisson rondes<\/span><\/div><\/div><p><img class=\"alignleft size-medium wp-image-4032\" src=\"https:\/\/a-holstein.de\/wp-content\/uploads\/2017\/03\/ypR-300x238.png\" alt=\"\" width=\"300\" height=\"238\"><\/p>\n<\/div><\/div><div  class=\"two-third column-block  no-background    \" data-animation=\"\" style=\"  \"><div class=\"be-custom-column-inner\"><table id=\"tablepress-46\" class=\"tablepress tablepress-id-46\">\n<thead>\n<tr class=\"row-1 odd\">\n<th class=\"column-1\">Contenance<\/th>\n<th class=\"column-2\">Diam\u00e8tre<\/th>\n<th class=\"column-3\">Hauteur de la cuve<\/th>\n<\/tr>\n<\/thead>\n<tbody class=\"row-hover\">\n<tr class=\"row-2 even\">\n<td class=\"column-1\">12 l<\/td>\n<td class=\"column-2\">260 mm<\/td>\n<td class=\"column-3\">350 mm<\/td>\n<\/tr>\n<tr class=\"row-3 odd\">\n<td class=\"column-1\">20 l<\/td>\n<td class=\"column-2\">310 mm<\/td>\n<td class=\"column-3\">418 mm<\/td>\n<\/tr>\n<tr class=\"row-4 even\">\n<td class=\"column-1\">30 l<\/td>\n<td class=\"column-2\">340 mm<\/td>\n<td class=\"column-3\">470 mm<\/td>\n<\/tr>\n<tr class=\"row-5 odd\">\n<td class=\"column-1\">60 l<\/td>\n<td class=\"column-2\">400 mm<\/td>\n<td class=\"column-3\">610 mm<\/td>\n<\/tr>\n<tr class=\"row-6 even\">\n<td class=\"column-1\">120 l<\/td>\n<td class=\"column-2\">500 mm<\/td>\n<td class=\"column-3\">800 mm<\/td>\n<\/tr>\n<\/tbody>\n<\/table>\n<p><!-- #tablepress-46 from cache --><\/p>\n<\/div><\/div><\/div><div  class=\"be-row be-wrap clearfix \"><div  class=\"one-third column-block  no-background    \" data-animation=\"\" style=\"  \"><div class=\"be-custom-column-inner\"><div class=\"special-subtitle-wrap  0\" style=\"margin-bottom: 30px;\" data-animation=\"fadeIn\"><div class=\"align-left\"><span class=\"special-subtitle\" style=\"color: #e0a240; font-size: 18px ; width: 100%\" >Type O \u2013 Cuves \u00e0 boisson ovales<\/span><\/div><\/div><p><img class=\"alignleft size-medium wp-image-4035\" src=\"https:\/\/a-holstein.de\/wp-content\/uploads\/2017\/03\/TypO-300x178.png\" alt=\"\" width=\"300\" height=\"178\"><\/p>\n<\/div><\/div><div  class=\"two-third column-block  no-background    \" data-animation=\"\" style=\"  \"><div class=\"be-custom-column-inner\"><table id=\"tablepress-47\" class=\"tablepress tablepress-id-47\">\n<thead>\n<tr class=\"row-1 odd\">\n<th class=\"column-1\">Contenance<\/th>\n<th class=\"column-2\">Longueur<\/th>\n<th class=\"column-3\">Largeur<\/th>\n<th class=\"column-4\">Hauteur<\/th>\n<\/tr>\n<\/thead>\n<tbody class=\"row-hover\">\n<tr class=\"row-2 even\">\n<td class=\"column-1\">60 l<\/td>\n<td class=\"column-2\">510 mm<\/td>\n<td class=\"column-3\">350 mm<\/td>\n<td class=\"column-4\">520 mm<\/td>\n<\/tr>\n<tr class=\"row-3 odd\">\n<td class=\"column-1\">100 l<\/td>\n<td class=\"column-2\">610 mm<\/td>\n<td class=\"column-3\">418 mm<\/td>\n<td class=\"column-4\">620 mm<\/td>\n<\/tr>\n<tr class=\"row-4 even\">\n<td class=\"column-1\">200 l<\/td>\n<td class=\"column-2\">800 mm<\/td>\n<td class=\"column-3\">470 mm<\/td>\n<td class=\"column-4\">770 mm<\/td>\n<\/tr>\n<tr class=\"row-5 odd\">\n<td class=\"column-1\">300 l<\/td>\n<td class=\"column-2\">870 mm<\/td>\n<td class=\"column-3\">610 mm<\/td>\n<td class=\"column-4\">870 mm<\/td>\n<\/tr>\n<tr class=\"row-6 even\">\n<td class=\"column-1\">500 l<\/td>\n<td class=\"column-2\">1.100 mm<\/td>\n<td class=\"column-3\">800 mm<\/td>\n<td class=\"column-4\">1.040 mm<\/td>\n<\/tr>\n<\/tbody>\n<\/table>\n<p><!-- #tablepress-47 from cache --><\/p>\n<p class=\"p1\"><span class=\"s1\">Bonde de fermentation et robinet disponibles comme accessoires.<\/span><\/p>\n<\/div><\/div><\/div><\/div><\/div>","protected":false},"excerpt":{"rendered":"<p>&nbsp;F\u00fbts et r\u00e9servoirs Embouteillage, stockage, dur\u00e9e de vie Cuve sous pression en acier inoxydable Avec cette cuve polyvalente vous pouvez produire vos propres boissons, les maintenir fra\u00eeches pendant plusieurs mois [&hellip;]<\/p>\n<p><a href=\"https:\/\/a-holstein.de\/fr\/transformation-des-fruits\/futs-et-reservoirs\/\" class=\"more-link style2-button\">Read More<\/a><\/p>","protected":false},"author":1,"featured_media":0,"parent":4788,"menu_order":0,"comment_status":"closed","ping_status":"closed","template":"","meta":[],"_links":{"self":[{"href":"https:\/\/a-holstein.de\/fr\/wp-json\/wp\/v2\/pages\/4808"}],"collection":[{"href":"https:\/\/a-holstein.de\/fr\/wp-json\/wp\/v2\/pages"}],"about":[{"href":"https:\/\/a-holstein.de\/fr\/wp-json\/wp\/v2\/types\/page"}],"author":[{"embeddable":true,"href":"https:\/\/a-holstein.de\/fr\/wp-json\/wp\/v2\/users\/1"}],"replies":[{"embeddable":true,"href":"https:\/\/a-holstein.de\/fr\/wp-json\/wp\/v2\/comments?post=4808"}],"version-history":[{"count":1,"href":"https:\/\/a-holstein.de\/fr\/wp-json\/wp\/v2\/pages\/4808\/revisions"}],"predecessor-version":[{"id":4809,"href":"https:\/\/a-holstein.de\/fr\/wp-json\/wp\/v2\/pages\/4808\/revisions\/4809"}],"up":[{"embeddable":true,"href":"https:\/\/a-holstein.de\/fr\/wp-json\/wp\/v2\/pages\/4788"}],"wp:attachment":[{"href":"https:\/\/a-holstein.de\/fr\/wp-json\/wp\/v2\/media?parent=4808"}],"curies":[{"name":"wp","href":"https:\/\/api.w.org\/{rel}","templated":true}]}}