{"id":4816,"date":"2016-11-03T10:41:21","date_gmt":"2016-11-03T09:41:21","guid":{"rendered":"https:\/\/a-holstein.de\/transformation-des-fruits\/passiermaschine\/"},"modified":"2018-06-05T16:52:06","modified_gmt":"2018-06-05T14:52:06","slug":"tamis-en-acier-inoxydable","status":"publish","type":"page","link":"https:\/\/a-holstein.de\/fr\/transformation-des-fruits\/tamis-en-acier-inoxydable\/","title":{"rendered":"Tamis en acier inoxydable"},"content":{"rendered":"<div class=\"be-section         clearfix\" data-headerscheme=\"background--dark\" style=\" \"  ><div class=\"be-section-pad clearfix \" style=\" padding-top:90px;padding-bottom:90px;\" data-padding-top = \"90\"><div  class=\"be-row be-wrap clearfix \"><div  class=\"one-col column-block clearfix  no-background    \" data-animation=\"\" style=\"  \"><div class=\"be-custom-column-inner\"><h3>Tamis en acier inoxydable<\/h3>\n<h5> Fabrication Holstein<\/h5>\n<\/div><\/div><\/div><div  class=\"be-row be-wrap clearfix \"><div  class=\"one-third column-block  no-background    \" data-animation=\"\" style=\"  \"><div class=\"be-custom-column-inner\"><p><img class=\"size-medium wp-image-3631 alignnone\" src=\"https:\/\/a-holstein.de\/wp-content\/uploads\/2016\/11\/Passiermaschine-285x300.png\" alt=\"passiermaschine\" width=\"285\" height=\"300\"><img class=\"size-medium wp-image-3630 alignnone\" src=\"https:\/\/a-holstein.de\/wp-content\/uploads\/2016\/11\/Passiermaschine-2-300x172.png\" alt=\"passiermaschine-2\" width=\"300\" height=\"172\"><\/p>\n<\/div><\/div><div  class=\"one-third column-block  no-background    \" data-animation=\"\" style=\"  \"><div class=\"be-custom-column-inner\"><p class=\"p1\"><span class=\"s1\">Le grand classique de la production interne d\u2019Holstein. Le tamis est hautement flexible et convient pour diff\u00e9rentes utilisations. Pas seulement pour le d\u00e9noyautage des fruits \u00e0 noyaux comme les quetsches, les mirabelles ou les cerises, mais aussi pour la pr\u00e9paration dans le cadre de la production de confiture ainsi que pour tamiser des baies et des tomates.<\/span><\/p>\n<p class=\"p1\"><span class=\"s2\"><b>Fruits \u00e0 p\u00e9pins :<\/b><\/span><span class=\"s1\"><br \/>\nS\u00e9paration de la chair des fruits des p\u00e9pins et des tiges<br \/>\n(comme les pommes, les poires, en particulier les poires Williams, les tomates, les baies)<\/span><\/p>\n<p class=\"p1\"><span class=\"s2\"><b>Fruits \u00e0 noyaux :<\/b><\/span><span class=\"s1\"><br \/>\nS\u00e9paration de la chair des fruits des noyaux et des tiges<br \/>\n(comme les cerises, les mirabelles, les prunes, les quetsches, les abricots, les p\u00eaches)<\/span><\/p>\n<p class=\"p1\"><span class=\"s2\"><b>Pour les distilleries :<\/b><\/span><span class=\"s1\"><br \/>\nMo\u00fbts propres <\/span><span class=\"s3\">\u2794<\/span><span class=\"s1\"> Distillats aux ar\u00f4mes intenses<\/span><\/p>\n<\/div><\/div><div  class=\"one-third column-block  no-background    \" data-animation=\"\" style=\"  \"><div class=\"be-custom-column-inner\"><p class=\"p1\"><span class=\"s1\"><b>Autres domaines d&rsquo;application&nbsp;:&nbsp;&nbsp;<\/b><\/span><\/p>\n<ul class=\"ul1\">\n<li class=\"li2\"><span class=\"s1\">&nbsp;Produire des jus de fruits et du marc de fruits<\/span><\/li>\n<li class=\"li2\"><span class=\"s1\">Production de confitures<\/span><\/li>\n<li class=\"li2\"><span class=\"s1\">Mod\u00e8le solide en acier inoxydable<\/span><\/li>\n<li class=\"li2\"><span class=\"s1\">Finition solide<\/span><\/li>\n<li class=\"li2\"><span class=\"s1\">Manipulation extr\u00eamement facile<\/span><\/li>\n<li class=\"li2\"><span class=\"s1\">Remplacement rapide des tambours \u00e0 tamis<\/span><\/li>\n<li class=\"li2\"><span class=\"s1\">Nettoyage facile<\/span><\/li>\n<li class=\"li2\"><span class=\"s1\">Utilisation universelle pour de nombreuses vari\u00e9t\u00e9s de fruits<\/span><\/li>\n<li class=\"li2\"><span class=\"s1\">R\u00e9sultat de tamisage exceptionnel<\/span><\/li>\n<li class=\"li2\"><span class=\"s1\">Rendement \u00e9lev\u00e9<\/span><\/li>\n<li class=\"li2\"><span class=\"s1\">Unit\u00e9 de moteur performante avec entra\u00eenement \u00e0 courroie s\u00e9curis\u00e9e (utilisation prolong\u00e9e garantie)<\/span><\/li>\n<li class=\"li2\"><span class=\"s1\">Avec diff\u00e9rentes puissances de moteur : 4,0 kW, 5,5 kW, 7,5 kW<\/span><\/li>\n<li class=\"li2\"><span class=\"s1\">Puissance nominale en fonction du degr\u00e9 de maturit\u00e9 et de la puissance du moteur : 1&nbsp;000 \u00e0 6&nbsp;000 kg\/h<\/span><\/li>\n<li class=\"li2\"><span class=\"s1\">Raccordement \u00e9lectrique : 400 V \/ 50 Hz<\/span><\/li>\n<li class=\"li2\"><span class=\"s1\">Dimensions : 1&nbsp;690 x 770 x 1&nbsp;600 mm (L x l x h)<\/span><\/li>\n<\/ul>\n<\/div><\/div><\/div><div  class=\"be-row be-wrap clearfix \"><div  class=\"one-fourth column-block  no-background    \" data-animation=\"\" style=\"  \"><div class=\"be-custom-column-inner\"><p><img class=\"alignleft size-medium wp-image-3632\" src=\"https:\/\/a-holstein.de\/wp-content\/uploads\/2016\/11\/Passiermaschine-3-300x225.jpg\" alt=\"passiermaschine-3\" width=\"300\" height=\"225\"><\/p>\n<\/div><\/div><div  class=\"one-fourth column-block  no-background    \" data-animation=\"\" style=\"  \"><div class=\"be-custom-column-inner\"><p><img class=\"size-full wp-image-3635\" src=\"https:\/\/a-holstein.de\/wp-content\/uploads\/2016\/11\/P3.jpg\" alt=\"OLYMPUS DIGITAL CAMERA\" width=\"158\" height=\"158\"><\/p>\n<\/div><\/div><div  class=\"one-fourth column-block  no-background    \" data-animation=\"\" style=\"  \"><div class=\"be-custom-column-inner\"><p><img class=\"alignleft size-full wp-image-3634\" src=\"https:\/\/a-holstein.de\/wp-content\/uploads\/2016\/11\/P2.jpg\" alt=\"OLYMPUS DIGITAL CAMERA\" width=\"158\" height=\"159\"><\/p>\n<\/div><\/div><div  class=\"one-fourth column-block  no-background    \" data-animation=\"\" style=\"  \"><div class=\"be-custom-column-inner\"><p><img class=\"alignleft size-full wp-image-3633\" src=\"https:\/\/a-holstein.de\/wp-content\/uploads\/2016\/11\/P1.jpg\" alt=\"OLYMPUS DIGITAL CAMERA\" width=\"159\" height=\"158\"><\/p>\n<\/div><\/div><\/div><\/div><\/div>","protected":false},"excerpt":{"rendered":"<p>Tamis en acier inoxydable Fabrication Holstein Le grand classique de la production interne d\u2019Holstein. Le tamis est hautement flexible et convient pour diff\u00e9rentes utilisations. Pas seulement pour le d\u00e9noyautage des [&hellip;]<\/p>\n<p><a href=\"https:\/\/a-holstein.de\/fr\/transformation-des-fruits\/tamis-en-acier-inoxydable\/\" class=\"more-link style2-button\">Read More<\/a><\/p>","protected":false},"author":1,"featured_media":0,"parent":4788,"menu_order":0,"comment_status":"closed","ping_status":"closed","template":"","meta":[],"_links":{"self":[{"href":"https:\/\/a-holstein.de\/fr\/wp-json\/wp\/v2\/pages\/4816"}],"collection":[{"href":"https:\/\/a-holstein.de\/fr\/wp-json\/wp\/v2\/pages"}],"about":[{"href":"https:\/\/a-holstein.de\/fr\/wp-json\/wp\/v2\/types\/page"}],"author":[{"embeddable":true,"href":"https:\/\/a-holstein.de\/fr\/wp-json\/wp\/v2\/users\/1"}],"replies":[{"embeddable":true,"href":"https:\/\/a-holstein.de\/fr\/wp-json\/wp\/v2\/comments?post=4816"}],"version-history":[{"count":1,"href":"https:\/\/a-holstein.de\/fr\/wp-json\/wp\/v2\/pages\/4816\/revisions"}],"predecessor-version":[{"id":4817,"href":"https:\/\/a-holstein.de\/fr\/wp-json\/wp\/v2\/pages\/4816\/revisions\/4817"}],"up":[{"embeddable":true,"href":"https:\/\/a-holstein.de\/fr\/wp-json\/wp\/v2\/pages\/4788"}],"wp:attachment":[{"href":"https:\/\/a-holstein.de\/fr\/wp-json\/wp\/v2\/media?parent=4816"}],"curies":[{"name":"wp","href":"https:\/\/api.w.org\/{rel}","templated":true}]}}