{"id":4818,"date":"2016-11-03T10:26:27","date_gmt":"2016-11-03T09:26:27","guid":{"rendered":"https:\/\/a-holstein.de\/transformation-des-fruits\/waschen-foerdern-zerkleinern\/"},"modified":"2018-08-22T08:54:27","modified_gmt":"2018-08-22T06:54:27","slug":"nettoyer-acheminer-broyer","status":"publish","type":"page","link":"https:\/\/a-holstein.de\/fr\/transformation-des-fruits\/nettoyer-acheminer-broyer\/","title":{"rendered":"Nettoyer &#8211; acheminer &#8211; broyer"},"content":{"rendered":"<div class=\"be-section         clearfix\" data-headerscheme=\"background--dark\" style=\" \"  ><div class=\"be-section-pad clearfix \" style=\" padding-top:90px;padding-bottom:90px;\" data-padding-top = \"90\"><div  class=\"be-row be-wrap clearfix \"><div  class=\"one-col column-block clearfix  no-background    \" data-animation=\"\" style=\"  \"><div class=\"be-custom-column-inner\"><h3>Nettoyer, acheminer, broyer<\/h3>\n<h5>Syst\u00e8me de nettoyage de fruits\u2026avec moulin concasseur\u2026avec broyeur \u00e0 fruits int\u00e9gr\u00e9<\/h5>\n<hr class=\"separator\" style=\"background-color:#eeeeee;color:#eeeeee;height:1px;width:100%;\" \/><\/div><\/div><\/div><div  class=\"be-row be-wrap clearfix \"><div  class=\"one-third column-block  no-background    \" data-animation=\"\" style=\"  \"><div class=\"be-custom-column-inner\"><div class=\"special-subtitle-wrap  0\" style=\"margin-bottom: 30px;\" data-animation=\"fadeIn\"><div class=\"align-left\"><span class=\"special-subtitle\" style=\"color: #e0a240; font-size: 18px ; width: 100%\" >Syst\u00e8me de nettoyage de fruits avec moulin concasseur<\/span><\/div><\/div><p><img class=\"size-medium wp-image-4059 alignnone\" src=\"https:\/\/a-holstein.de\/wp-content\/uploads\/2016\/11\/Raetz1-242x300.png\" alt=\"\" width=\"242\" height=\"300\"><\/p>\n<p><img class=\"size-medium wp-image-4060 alignnone\" src=\"https:\/\/a-holstein.de\/wp-content\/uploads\/2016\/11\/Raetz2-227x300.png\" alt=\"\" width=\"227\" height=\"300\"><\/p>\n<\/div><\/div><div  class=\"two-third column-block  no-background    \" data-animation=\"\" style=\"  \"><div class=\"be-custom-column-inner\"><p><img class=\"size-medium wp-image-3623 alignright\" src=\"https:\/\/a-holstein.de\/wp-content\/uploads\/2016\/11\/wsb_191x143_elevatormitobst.jpg\" alt=\"_wsb_191x143_elevatormitobst\" width=\"191\" height=\"143\"><\/p>\n<p class=\"p1\"><span class=\"s1\"><b>Nettoyer, acheminer, broyer<\/b><\/span><\/p>\n<p class=\"p2\"><span class=\"s1\">Parfaitement fiable et totalement hygi\u00e9nique. Que ce soit avec ou sans moulin concasseur int\u00e9gr\u00e9, le syst\u00e8me de nettoyage de fruits en acier inoxydable produit en interne convient particuli\u00e8rement pour les pommes et les poires. Le changement rapide du tamis de d\u00e9coupe garantit une grande flexibilit\u00e9 lors du passage d&rsquo;un broyage grossier \u00e0 un broyage fin.<\/span><\/p>\n<h4 class=\"p1\"><span class=\"s1\">Avec moulin concasseur<\/span><\/h4>\n<ul>\n<li><img class=\"size-full wp-image-4058 alignright\" src=\"https:\/\/a-holstein.de\/wp-content\/uploads\/2016\/11\/Birne.png\" alt=\"\" width=\"169\" height=\"165\"><span class=\"s2\">Convient particuli\u00e8rement pour nettoyer, acheminer, broyer des pommes et des poires<\/span><\/li>\n<li class=\"li1\"><span class=\"s2\">Avec un grand r\u00e9servoir de nettoyage<\/span><\/li>\n<li class=\"li1\"><span class=\"s2\">Utilisation au choix \u00e0 gauche ou \u00e0 droite<\/span><\/li>\n<li class=\"li1\"><span class=\"s2\">Nettoyage facile gr\u00e2ce au couvercle central rabattable<\/span><\/li>\n<li class=\"li1\"><span class=\"s2\">Tamis de d\u00e9coupe \u00e0 changement rapide pour une consistance de mo\u00fbt grossi\u00e8re et fine<\/span><\/li>\n<li class=\"li1\"><span class=\"s2\">En option avec une protection anti-d\u00e9bordement et bac de dosage<\/span><\/li>\n<li class=\"li1\"><span class=\"s2\"><span class=\"s2\">Rotatif<\/span><\/span><\/li>\n<\/ul>\n<h4>Sans<i> moulin concasseur<\/i><\/h4>\n<ul>\n<li class=\"li1\"><span class=\"s2\">Le fruit est achemin\u00e9 par l\u2019\u00e9l\u00e9vateur dans le broyeur et \u00e0 l&rsquo;aide d&rsquo;une pompe \u00e0 mo\u00fbt<\/span><\/li>\n<\/ul>\n<p>&nbsp;<\/p>\n\n<table id=\"tablepress-48\" class=\"tablepress tablepress-id-48\">\n<thead>\n<tr class=\"row-1 odd\">\n\t<th class=\"column-1\">&nbsp;<\/th><th class=\"column-2\">Puissance<\/th><th class=\"column-3\">Dimensions (L x l x h)<\/th>\n<\/tr>\n<\/thead>\n<tbody class=\"row-hover\">\n<tr class=\"row-2 even\">\n\t<td class=\"column-1\">H2000<\/td><td class=\"column-2\">bis 2.000 kg\/h<\/td><td class=\"column-3\">1.800 x 590 x 2.200 mm<\/td>\n<\/tr>\n<tr class=\"row-3 odd\">\n\t<td class=\"column-1\">H6000<\/td><td class=\"column-2\">bis 6.000 kg\/h<\/td><td class=\"column-3\">1.800 x 880 x 2.450 mm<\/td>\n<\/tr>\n<\/tbody>\n<\/table>\n<!-- #tablepress-48 from cache --><\/div><\/div><\/div><div  class=\"be-row be-wrap clearfix \"><div  class=\"one-col column-block clearfix  no-background    \" data-animation=\"\" style=\"  \"><div class=\"be-custom-column-inner\"><hr class=\"separator\" style=\"background-color:#eeeeee;color:#eeeeee;height:1px;width:100%;\" \/><\/div><\/div><\/div><div  class=\"be-row be-wrap clearfix \"><div  class=\"one-third column-block  no-background    \" data-animation=\"\" style=\"  \"><div class=\"be-custom-column-inner\"><div class=\"special-subtitle-wrap  0\" style=\"margin-bottom: 30px;\" data-animation=\"fadeIn\"><div class=\"align-left\"><span class=\"special-subtitle\" style=\"color: #e0a240; font-size: 18px ; width: 100%\" >Convoyeur inclin\u00e9 en acier inoxydable avec syst\u00e8me de nettoyage<\/span><\/div><\/div><p><img class=\"alignleft size-medium wp-image-3838\" src=\"https:\/\/a-holstein.de\/wp-content\/uploads\/2016\/11\/waschanlage_fH-287x300.png\" alt=\"\" width=\"287\" height=\"300\"><\/p>\n<\/div><\/div><div  class=\"two-third column-block  no-background    \" data-animation=\"\" style=\"  \"><div class=\"be-custom-column-inner\"><p class=\"p1\"><span class=\"s1\"><b>Fabrication Holstein<\/b><\/span><\/p>\n<p class=\"p2\"><span class=\"s1\">Le convoyeur inclin\u00e9 \u00e9prouv\u00e9 d\u2019Holstein pour nettoyer et acheminer des pommes et des poires. La vitesse d\u2019acheminement peut \u00eatre r\u00e9gul\u00e9e en continu.<br \/>\nSolide et fiable et nature en acier inoxydable.<\/span><\/p>\n<ul class=\"ul1\">\n<li class=\"li3\"><span class=\"s1\"><img class=\"size-full wp-image-4063 alignright\" src=\"https:\/\/a-holstein.de\/wp-content\/uploads\/2016\/11\/foerdern.png\" alt=\"\" width=\"109\" height=\"286\">Convient particuli\u00e8rement pour l&rsquo;acheminement d\u00e9licat des poires Williams m\u00fbres, des pommes, des fruits \u00e0 noyaux et des baies<\/span><\/li>\n<li class=\"li3\"><span class=\"s1\">Les fruits nettoy\u00e9s sont achemin\u00e9s directement vers le tamis ou le broyeur<\/span><\/li>\n<li class=\"li3\"><span class=\"s1\">Mod\u00e8le en acier inoxydable<\/span><\/li>\n<li class=\"li3\"><span class=\"s1\">Mobile<\/span><\/li>\n<li class=\"li3\"><span class=\"s1\">Avec r\u00e9gulation continue de la vitesse<\/span><\/li>\n<li class=\"li3\"><span class=\"s1\">Raccord de rin\u00e7age \u00e0 l\u2019eau fra\u00eeche sur la bande de convoyage<\/span><\/li>\n<li class=\"li3\"><span class=\"s1\">En option : Rallonge sur l&rsquo;\u00e9vacuation<\/span><\/li>\n<li class=\"li3\"><span class=\"s1\">Puissance : 1&nbsp;500 kg\/h<\/span><\/li>\n<li class=\"li3\"><span class=\"s1\">Dimensions : 2&nbsp;500 x 660 x 2&nbsp;250 mm (L x l x h)<\/span><\/li>\n<\/ul>\n<\/div><\/div><\/div><div  class=\"be-row be-wrap clearfix \"><div  class=\"one-third column-block  no-background    \" data-animation=\"\" style=\"  \"><div class=\"be-custom-column-inner\"><p><img class=\"alignleft size-medium wp-image-3615\" src=\"https:\/\/a-holstein.de\/wp-content\/uploads\/2016\/11\/Waschanlage-Schraegfoerderer-300x225.jpg\" alt=\"\" width=\"300\" height=\"225\"><\/p>\n<\/div><\/div><div  class=\"two-third column-block  no-background    \" data-animation=\"\" style=\"  \"><div class=\"be-custom-column-inner\"><p class=\"p1\"><span class=\"s1\"><b>Variante avec broyeur \u00e0 fruits int\u00e9gr\u00e9<\/b><\/span><\/p>\n<p class=\"p2\"><span class=\"s1\">Il est parfaitement possible d&rsquo;int\u00e9grer un broyeur \u00e0 fruits sur le convoyeur inclin\u00e9. Parfaitement ajust\u00e9 dans la sortie de production, parfaitement adapt\u00e9 \u00e0 la technologie avec une grande puissance du moteur et bien s\u00fbr en acier inoxydable<\/span><\/p>\n<ul class=\"ul1\">\n<li class=\"li3\"><span class=\"s1\">Finesse de mo\u00fbt optimale pour les fruits \u00e0 noyaux pour la combustion ainsi que pour la production de jus<\/span><\/li>\n<li class=\"li3\"><span class=\"s1\">D\u00e9montage facile du broyeur \u00e0 fruits<\/span><\/li>\n<li class=\"li3\"><span class=\"s1\">Les fruits nettoy\u00e9s et broy\u00e9s sont achemin\u00e9s directement vers la presse hydraulique, la presse \u00e0 bande ou la pompe<\/span><\/li>\n<\/ul>\n<p><img class=\"alignleft wp-image-4066 size-thumbnail\" src=\"https:\/\/a-holstein.de\/wp-content\/uploads\/2016\/11\/o3-150x150.png\" alt=\"\" width=\"150\" height=\"150\"> <img class=\"alignleft wp-image-4064 size-thumbnail\" src=\"https:\/\/a-holstein.de\/wp-content\/uploads\/2016\/11\/o1-150x150.png\" alt=\"\" width=\"150\" height=\"150\">&nbsp; <img class=\"alignleft wp-image-4065 size-thumbnail\" src=\"https:\/\/a-holstein.de\/wp-content\/uploads\/2016\/11\/o2-150x150.png\" alt=\"\" width=\"150\" height=\"150\"><\/p>\n<\/div><\/div><\/div><\/div><\/div>","protected":false},"excerpt":{"rendered":"<p>Nettoyer, acheminer, broyer Syst\u00e8me de nettoyage de fruits\u2026avec moulin concasseur\u2026avec broyeur \u00e0 fruits int\u00e9gr\u00e9 Syst\u00e8me de nettoyage de fruits avec moulin concasseur Nettoyer, acheminer, broyer Parfaitement fiable et totalement hygi\u00e9nique. [&hellip;]<\/p>\n<p><a href=\"https:\/\/a-holstein.de\/fr\/transformation-des-fruits\/nettoyer-acheminer-broyer\/\" class=\"more-link style2-button\">Read More<\/a><\/p>","protected":false},"author":1,"featured_media":0,"parent":4788,"menu_order":0,"comment_status":"closed","ping_status":"closed","template":"","meta":[],"_links":{"self":[{"href":"https:\/\/a-holstein.de\/fr\/wp-json\/wp\/v2\/pages\/4818"}],"collection":[{"href":"https:\/\/a-holstein.de\/fr\/wp-json\/wp\/v2\/pages"}],"about":[{"href":"https:\/\/a-holstein.de\/fr\/wp-json\/wp\/v2\/types\/page"}],"author":[{"embeddable":true,"href":"https:\/\/a-holstein.de\/fr\/wp-json\/wp\/v2\/users\/1"}],"replies":[{"embeddable":true,"href":"https:\/\/a-holstein.de\/fr\/wp-json\/wp\/v2\/comments?post=4818"}],"version-history":[{"count":2,"href":"https:\/\/a-holstein.de\/fr\/wp-json\/wp\/v2\/pages\/4818\/revisions"}],"predecessor-version":[{"id":4947,"href":"https:\/\/a-holstein.de\/fr\/wp-json\/wp\/v2\/pages\/4818\/revisions\/4947"}],"up":[{"embeddable":true,"href":"https:\/\/a-holstein.de\/fr\/wp-json\/wp\/v2\/pages\/4788"}],"wp:attachment":[{"href":"https:\/\/a-holstein.de\/fr\/wp-json\/wp\/v2\/media?parent=4818"}],"curies":[{"name":"wp","href":"https:\/\/api.w.org\/{rel}","templated":true}]}}