{"id":4823,"date":"2017-02-13T10:33:13","date_gmt":"2017-02-13T09:33:13","guid":{"rendered":"https:\/\/a-holstein.de\/impressum\/"},"modified":"2018-06-06T08:20:52","modified_gmt":"2018-06-06T06:20:52","slug":"mentions-legales","status":"publish","type":"page","link":"https:\/\/a-holstein.de\/fr\/contact\/mentions-legales\/","title":{"rendered":"Mentions l\u00e9gales"},"content":{"rendered":"<div class=\"be-section         clearfix\" data-headerscheme=\"background--dark\" style=\" \"  ><div class=\"be-section-pad clearfix \" style=\" padding-top:90px;padding-bottom:90px;\" data-padding-top = \"90\"><div  class=\"be-row be-wrap clearfix \"><div  class=\"one-col column-block clearfix  no-background    \" data-animation=\"\" style=\"  \"><div class=\"be-custom-column-inner\"><\/div><\/div><\/div><div  class=\"be-row be-wrap clearfix \"><div  class=\"one-col column-block clearfix  no-background    \" data-animation=\"\" style=\"  \"><div class=\"be-custom-column-inner\"><h1 class=\"p1\"><span class=\"s1\">Mentions l\u00e9gales<\/span><\/h1>\n<h2 class=\"p2\"><span class=\"s1\">Indications selon \u00a7 5 TMG&nbsp;:<\/span><\/h2>\n<p class=\"p3\"><span class=\"s1\">Arnold Holstein GmbH<br \/>\nAm Stadtgraben 15<br \/>\n88677 Markdorf<\/span><\/p>\n<h2 class=\"p2\"><span class=\"s1\">Repr\u00e9sent\u00e9 par :<\/span><\/h2>\n<p class=\"p3\"><span class=\"s1\">Arnold Holstein sen., Arnold Holstein jun., Markus Holstein <\/span><\/p>\n<h2 class=\"p2\"><span class=\"s1\">Contact :<\/span><\/h2>\n<p class=\"p3\"><span class=\"s1\">T\u00e9l\u00e9phone : +49 (0)7544 9528-0<br \/>\nFax : +49 (0)7544 9528-20<br \/>\nE-mail : info@a-holstein.de<\/span><\/p>\n<h2 class=\"p2\"><span class=\"s1\">Inscription au registre&nbsp;:<\/span><\/h2>\n<p class=\"p3\"><span class=\"s1\">Inscription au registre du commerce.<br \/>\nTribunal d\u2019enregistrement&nbsp;: Tribunal d\u2019enregistrement de Fribourg<br \/>\nNum\u00e9ro d\u2019immatriculation&nbsp;: HRB 581515<\/span><\/p>\n<h2 class=\"p2\"><span class=\"s1\">TVA&nbsp;:<\/span><\/h2>\n<p class=\"p3\"><span class=\"s1\">Num\u00e9ro d\u2019identification TVA selon \u00a727 a de la loi sur la TVA&nbsp;:<br \/>\nDE 813329831<\/span><\/p>\n<h2 class=\"p2\"><span class=\"s1\">Responsable du contenu selon 55 par. 2 RStV&nbsp;:<\/span><\/h2>\n<p class=\"p3\"><span class=\"s1\">Arnold Holstein GmbH<br \/>\nAm Stadtgraben 15<br \/>\n88677 Markdorf <\/span><\/p>\n<h2 class=\"p2\"><span class=\"s1\">R\u00e9solution des litiges<\/span><\/h2>\n<p class=\"p3\"><span class=\"s1\">La commission europ\u00e9enne met une plateforme de r\u00e9solution des litiges en ligne \u00e0 disposition : <a href=\"https:\/\/ec.europa.eu\/consumers\/odr\"><span class=\"s2\">https:\/\/ec.europa.eu\/consumers\/odr<\/span><\/a>.<br \/>\nVous trouverez notre adresse e-mail ci-dessus dans les mentions l\u00e9gales.<\/span><\/p>\n<p class=\"p3\"><span class=\"s1\">Nous ne sommes pas dispos\u00e9s ou dans l\u2019obligation de participer aux proc\u00e9dures de r\u00e9solution des litiges devant une autorit\u00e9 de m\u00e9diation.<\/span><\/p>\n<p class=\"p4\"><span class=\"s1\"><b>Responsabilit\u00e9 du contenu<\/b><\/span><\/p>\n<p class=\"p3\"><span class=\"s1\">En tant que prestataire de services, nous sommes responsable des contenus propres sur ce site selon les lois g\u00e9n\u00e9rales conform\u00e9ment au \u00a7 7 par.1 de la loi sur les t\u00e9l\u00e9m\u00e9dias. Selon \u00a7\u00a7 8 \u00e0 10 de la loi sur les t\u00e9l\u00e9m\u00e9dias, en tant que prestataire de services, nous ne sommes cependant pas dans l\u2019obligation de surveiller les informations tierces transmises ou enregistr\u00e9es ou de rechercher activement des faits ou des circonstances r\u00e9v\u00e9lant des activit\u00e9s illicites.<\/span><\/p>\n<p class=\"p3\"><span class=\"s1\">Les obligations de suppression ou de blocage de l\u2019utilisation d\u2019informations selon les lois g\u00e9n\u00e9rales restent inchang\u00e9es. Toute responsabilit\u00e9 associ\u00e9e n\u2019est cependant possible qu\u2019\u00e0 partir de la prise de connaissance d&rsquo;une infraction concr\u00e8te. En cas de signalement d\u2019infractions correspondantes, nous supprimerons imm\u00e9diatement ces contenus.<\/span><\/p>\n<p class=\"p4\"><span class=\"s1\"><b>Responsabilit\u00e9 pour les liens<\/b><\/span><\/p>\n<p class=\"p3\"><span class=\"s1\">Notre offre contient des liens vers des sites Internet de tiers, dont le contenu n\u2019est pas sous notre contr\u00f4le. Par cons\u00e9quent, nous ne pouvons assumer aucune responsabilit\u00e9 pour ces contenus externes. Le fournisseur ou l\u2019exploitant respective des sites est seul responsable des contenus des pages li\u00e9es. Les pages li\u00e9es ont \u00e9t\u00e9 contr\u00f4l\u00e9es pour v\u00e9rifier l\u2019absence d\u2019infractions potentielles lors de l\u2019\u00e9tablissement du lien. Aucun contenu ill\u00e9gal n\u2019a \u00e9t\u00e9 identifi\u00e9 au moment de l\u2019\u00e9tablissement du lien.<\/span><\/p>\n<p class=\"p3\"><span class=\"s1\">Le contr\u00f4le permanent du contenu des pages li\u00e9es n\u2019est cependant pas raisonnable sans indices d\u2019infraction concrets. En cas de signalement d\u2019infractions, nous supprimerons imm\u00e9diatement ces liens.<\/span><\/p>\n<p class=\"p4\"><span class=\"s1\"><b>Propri\u00e9t\u00e9 intellectuelle<\/b><\/span><\/p>\n<p class=\"p3\"><span class=\"s1\">Les contenus g\u00e9n\u00e9r\u00e9s par les exploitants des sites Internet et les \u0153uvres sur ces pages sont soumis au droit de propri\u00e9t\u00e9 intellectuelle allemand. La reproduction, l\u2019\u00e9dition, la diffusion et toute sorte d\u2019exploitation en-dehors des limites du droit de propri\u00e9t\u00e9 intellectuelle n\u00e9cessitent l\u2019accord \u00e9crit de l&rsquo;auteur ou de l\u2019exploitant respectif. Les t\u00e9l\u00e9chargements et les copies de ce site ne sont autoris\u00e9s qu\u2019\u00e0 des fins priv\u00e9es et non commerciales.<\/span><\/p>\n<p class=\"p3\"><span class=\"s1\">Si les contenus de ce site n\u2019ont pas \u00e9t\u00e9 cr\u00e9\u00e9s par l\u2019exploitant, les droits de propri\u00e9t\u00e9 intellectuelle des tiers doivent \u00eatre respect\u00e9s. Les contenus de tiers doivent notamment \u00eatre signal\u00e9 comme tels. Si vous constatez tout de m\u00eame une violation de droits de propri\u00e9t\u00e9 intellectuelle, nous vous demandons de bien vouloir nous le signaler. En cas de signalement d\u2019infractions, nous supprimerons imm\u00e9diatement les contenus concern\u00e9s.<\/span><\/p>\n<\/div><\/div><\/div><\/div><\/div>","protected":false},"excerpt":{"rendered":"<p>Mentions l\u00e9gales Indications selon \u00a7 5 TMG&nbsp;: Arnold Holstein GmbH Am Stadtgraben 15 88677 Markdorf Repr\u00e9sent\u00e9 par : Arnold Holstein sen., Arnold Holstein jun., Markus Holstein Contact : T\u00e9l\u00e9phone : [&hellip;]<\/p>\n<p><a href=\"https:\/\/a-holstein.de\/fr\/contact\/mentions-legales\/\" class=\"more-link style2-button\">Read More<\/a><\/p>","protected":false},"author":1,"featured_media":0,"parent":4828,"menu_order":0,"comment_status":"closed","ping_status":"closed","template":"","meta":[],"_links":{"self":[{"href":"https:\/\/a-holstein.de\/fr\/wp-json\/wp\/v2\/pages\/4823"}],"collection":[{"href":"https:\/\/a-holstein.de\/fr\/wp-json\/wp\/v2\/pages"}],"about":[{"href":"https:\/\/a-holstein.de\/fr\/wp-json\/wp\/v2\/types\/page"}],"author":[{"embeddable":true,"href":"https:\/\/a-holstein.de\/fr\/wp-json\/wp\/v2\/users\/1"}],"replies":[{"embeddable":true,"href":"https:\/\/a-holstein.de\/fr\/wp-json\/wp\/v2\/comments?post=4823"}],"version-history":[{"count":2,"href":"https:\/\/a-holstein.de\/fr\/wp-json\/wp\/v2\/pages\/4823\/revisions"}],"predecessor-version":[{"id":4825,"href":"https:\/\/a-holstein.de\/fr\/wp-json\/wp\/v2\/pages\/4823\/revisions\/4825"}],"up":[{"embeddable":true,"href":"https:\/\/a-holstein.de\/fr\/wp-json\/wp\/v2\/pages\/4828"}],"wp:attachment":[{"href":"https:\/\/a-holstein.de\/fr\/wp-json\/wp\/v2\/media?parent=4823"}],"curies":[{"name":"wp","href":"https:\/\/api.w.org\/{rel}","templated":true}]}}