{"id":4826,"date":"2018-04-13T09:53:05","date_gmt":"2018-04-13T07:53:05","guid":{"rendered":"https:\/\/a-holstein.de\/datenschutz\/"},"modified":"2018-06-06T08:21:48","modified_gmt":"2018-06-06T06:21:48","slug":"declaration-de-confidentialite","status":"publish","type":"page","link":"https:\/\/a-holstein.de\/fr\/declaration-de-confidentialite\/","title":{"rendered":"D\u00e9claration de confidentialit\u00e9"},"content":{"rendered":"<div class=\"be-section         clearfix\" data-headerscheme=\"background--dark\" style=\" \"  ><div class=\"be-section-pad clearfix \" style=\" padding-top:90px;padding-bottom:90px;\" data-padding-top = \"90\"><div  class=\"be-row be-wrap clearfix \"><div  class=\"one-col column-block clearfix  no-background    \" data-animation=\"\" style=\"  \"><div class=\"be-custom-column-inner\"><h1 class=\"p1\"><span class=\"s1\">D\u00e9claration de confidentialit\u00e9<\/span><\/h1>\n<h3 class=\"p2\"><span class=\"s1\">1. G\u00e9n\u00e9ralit\u00e9s concernant la protection des donn\u00e9es<\/span><\/h3>\n<p class=\"p3\"><span class=\"s1\"><b>Informations g\u00e9n\u00e9rales<\/b><\/span><\/p>\n<p class=\"p4\"><span class=\"s1\">Les informations suivantes fournissent un aper\u00e7u du traitement de vos donn\u00e9es personnelles lorsque vous visitez notre site Internet. Les donn\u00e9es personnelles sont toutes les donn\u00e9es permettant de vous identifier personnellement. Vous trouverez des informations d\u00e9taill\u00e9es sur le th\u00e8me de la protection des donn\u00e9es dans notre d\u00e9claration de confidentialit\u00e9 sp\u00e9cifi\u00e9e ci-dessous.<\/span><\/p>\n<p class=\"p3\"><span class=\"s1\"><b>Enregistrement des donn\u00e9es sur notre site Internet<\/b><\/span><\/p>\n<p class=\"p5\"><span class=\"s1\"><b>Qui est responsable de l\u2019enregistrement des donn\u00e9es sur ce site Internet ?<\/b><\/span><\/p>\n<p class=\"p4\"><span class=\"s1\">Le traitement des donn\u00e9es sur ce site Internet est effectu\u00e9 par l\u2019exploitant du site Internet. Vous pouvez trouver ses coordonn\u00e9es de contact dans les mentions l\u00e9gales de ce site Internet.<\/span><\/p>\n<p class=\"p5\"><span class=\"s1\"><b>Comment enregistrons-nous vos donn\u00e9es ?<\/b><\/span><\/p>\n<p class=\"p4\"><span class=\"s1\">Vos donn\u00e9es sont collect\u00e9es d\u2019une part lorsque vous nous les communiquez. Il peut alors par exemple s\u2019agir de donn\u00e9es saisies par vos soins dans un formulaire de contact.<\/span><\/p>\n<p class=\"p4\"><span class=\"s1\">D\u2019autres donn\u00e9es sont enregistr\u00e9es automatiquement par nos syst\u00e8mes informatiques lors d&rsquo;une visite sur notre site Internet. Il s&rsquo;agit principalement de donn\u00e9es techniques (par ex. le navigateur Internet, le syst\u00e8me d\u2019exploitation ou l\u2019heure de consultation du site). L\u2019enregistrement de ces donn\u00e9es est automatique, d\u00e8s que vous consultez notre site Internet.<\/span><\/p>\n<p class=\"p5\"><span class=\"s1\"><b>Pourquoi utilisons-nous vos donn\u00e9es ?<\/b><\/span><\/p>\n<p class=\"p4\"><span class=\"s1\">Une partie des donn\u00e9es est collect\u00e9e pour garantir le bon fonctionnement du site Internet. D\u2019autres donn\u00e9es peuvent \u00eatre utilis\u00e9es pour analyser votre comportement en tant qu\u2019utilisateur.<\/span><\/p>\n<p class=\"p5\"><span class=\"s1\"><b>Quels sont vos droits concernant vos donn\u00e9es ?<\/b><\/span><\/p>\n<p class=\"p4\"><span class=\"s1\">Vous avez le droit d\u2019obtenir \u00e0 tout moment et gratuitement des informations sur l\u2019origine, les destinataires et l\u2019objet de vos donn\u00e9es personnelles enregistr\u00e9es. Vous avez par ailleurs le droit de demander la correction, le blocage ou la suppression de ces donn\u00e9es. Vous pouvez nous contacter \u00e0 tout moment \u00e0 ce sujet ainsi que pour d\u2019autres questions sur le th\u00e8me de la protection des donn\u00e9es \u00e0 l\u2019adresse indiqu\u00e9e dans les mentions l\u00e9gales. En outre vous disposez d&rsquo;un droit de recours aupr\u00e8s des autorit\u00e9s de surveillance comp\u00e9tentes.<\/span><\/p>\n<h3 class=\"p2\"><span class=\"s1\">2. Informations g\u00e9n\u00e9rales et informations obligatoires<\/span><\/h3>\n<p class=\"p3\"><span class=\"s1\"><b>Protection des donn\u00e9es<\/b><\/span><\/p>\n<p class=\"p4\"><span class=\"s1\">Les exploitants de ces pages accordent une grande importance \u00e0 la protection de vos donn\u00e9es personnelles. Nous traitons vos donn\u00e9es personnelles de fa\u00e7on confidentielle et conform\u00e9ment aux dispositions l\u00e9gales relatives \u00e0 la protection des donn\u00e9es ainsi que conform\u00e9ment \u00e0 la pr\u00e9sente d\u00e9claration de confidentialit\u00e9.<\/span><\/p>\n<p class=\"p4\"><span class=\"s1\">Lorsque vous utilisez ce site Internet, diff\u00e9rentes donn\u00e9es personnelles sont collect\u00e9es. Les donn\u00e9es personnelles sont les donn\u00e9es permettant de vous identifier personnellement. La pr\u00e9sente d\u00e9claration de confidentialit\u00e9 explique les donn\u00e9es que nous collectons et pour quelles raisons nous les utilisons. Elle explique \u00e9galement comment et \u00e0 quelles fins ce traitement est effectu\u00e9.<\/span><\/p>\n<p class=\"p4\"><span class=\"s1\">Nous tenons \u00e0 souligner que la transmission des donn\u00e9es sur Internet (par ex. dans le cadre de communications par e-mail) peut pr\u00e9senter des failles de s\u00e9curit\u00e9. Il est impossible de prot\u00e9ger totalement les donn\u00e9es contre les acc\u00e8s par des tiers.<\/span><\/p>\n<p class=\"p3\"><span class=\"s1\"><b>Informations sur l\u2019organisme responsable<\/b><\/span><\/p>\n<p class=\"p4\"><span class=\"s1\">L\u2019organisme responsable du traitement des donn\u00e9es sur ce site Internet est :<\/span><\/p>\n<p class=\"p4\"><span class=\"s1\">Arnold Holstein GmbH<br \/>\nAm Stadtgraben 15<br \/>\n88677 Markdorf<\/span><\/p>\n<p class=\"p4\"><span class=\"s1\">T\u00e9l\u00e9phone : +49 (0)7544 9528-0<br \/>\nE-mail : info@a-holstein.de<\/span><\/p>\n<p class=\"p4\"><span class=\"s1\">L\u2019organisme responsable est la personne physique ou juridique qui d\u00e9cide seule ou conjointement avec d&rsquo;autres des objectifs et des moyens de traitement des donn\u00e9es personnelles (par ex. le nom, l\u2019adresse e-mail, etc.).<\/span><\/p>\n<p class=\"p3\"><span class=\"s1\"><b>R\u00e9vocation de votre consentement au traitement des donn\u00e9es<\/b><\/span><\/p>\n<p class=\"p4\"><span class=\"s1\">De nombreux processus de traitement des donn\u00e9es ne sont possibles qu\u2019avec votre consentement explicite. Vous pouvez r\u00e9voquer un consentement d\u00e9j\u00e0 fourni \u00e0 tout moment. Il vous suffit pour cela de nous transmettre un message informel par e-mail. La l\u00e9galit\u00e9 du traitement des donn\u00e9es jusqu\u2019\u00e0 la r\u00e9vocation reste inchang\u00e9e.<\/span><\/p>\n<p class=\"p3\"><span class=\"s1\"><b>Droit de recours aupr\u00e8s des autorit\u00e9s de surveillance comp\u00e9tentes<\/b><\/span><\/p>\n<p class=\"p4\"><span class=\"s1\">En cas de violation de la protection des donn\u00e9es, la personne concern\u00e9e dispose d&rsquo;un droit de recours aupr\u00e8s des autorit\u00e9s de surveillance comp\u00e9tentes. Les autorit\u00e9s de surveillance comp\u00e9tentes en mati\u00e8re de protection des donn\u00e9es est l\u2019autorit\u00e9 allemande de protection des donn\u00e9es de la r\u00e9gion dans laquelle notre entreprise est situ\u00e9e. Une liste des responsables de la protection des donn\u00e9es ainsi que leurs coordonn\u00e9es de contact est disponible sur le lien suivant : <a href=\"https:\/\/www.bfdi.bund.de\/DE\/Infothek\/Anschriften_Links\/anschriften_links-node.html\"><span class=\"s2\">https:\/\/www.bfdi.bund.de\/DE\/Infothek\/Anschriften_Links\/anschriften_links-node.html<\/span><\/a>.<\/span><\/p>\n<p class=\"p3\"><span class=\"s1\"><b>Droit relatif \u00e0 la portabilit\u00e9 des donn\u00e9es<\/b><\/span><\/p>\n<p class=\"p4\"><span class=\"s1\">Vous avez le droit d\u2019obtenir un r\u00e9capitulatif des donn\u00e9es que nous traitons de fa\u00e7on automatis\u00e9e sur la base de votre consentement ou pour l\u2019ex\u00e9cution d&rsquo;un contrat dans un format courant lisible par une machine, transmis \u00e0 vous-m\u00eame ou \u00e0 tiers. Si vous ne demandez pas le transfert direct des donn\u00e9es \u00e0 un autre responsable, cela est effectu\u00e9 uniquement dans la mesure o\u00f9 cela est r\u00e9alisable du point de vue technique.<\/span><\/p>\n<p class=\"p3\"><span class=\"s1\"><b>Cryptage SSL ou TLS<\/b><\/span><\/p>\n<p class=\"p4\"><span class=\"s1\">Ce site Internet utilise un cryptage SSL ou TLS pour des raisons de s\u00e9curit\u00e9 et afin de prot\u00e9ger le transfert des contenus confidentiels, comme par exemple les commandes ou les demandes que vous nous transmettez en tant qu\u2019exploitant du site. Vous pouvez identifier une connexion crypt\u00e9e par le fait que la barre d\u2019adresse du navigateur passe de \u00ab&nbsp;http:\/\/&nbsp;\u00bb \u00e0 \u00ab&nbsp;https:\/\/&nbsp;\u00bb ainsi que par le symbole de cadenas dans la barre d&rsquo;adresse du navigateur.<\/span><\/p>\n<p class=\"p4\"><span class=\"s1\">Si le cryptage SSL ou TLS est activ\u00e9, les donn\u00e9es que vous nous transmettez ne peuvent pas \u00eatre consult\u00e9es par des tiers.<\/span><\/p>\n<p class=\"p3\"><span class=\"s1\"><b>Information, blocage, suppression<\/b><\/span><\/p>\n<p class=\"p4\"><span class=\"s1\">Conform\u00e9ment aux dispositions l\u00e9gales, vous \u00eates en droit d\u2019obtenir \u00e0 tout moment des informations gratuites sur vos donn\u00e9es personnelles enregistr\u00e9es, leur origine et leurs destinataires ainsi que sur l\u2019objet du traitement des donn\u00e9es et le cas \u00e9ch\u00e9ant de demander la correction, le blocage ou la suppression de ces donn\u00e9es. Vous pouvez nous contacter \u00e0 tout moment \u00e0 ce sujet ainsi que pour d\u2019autres questions sur le th\u00e8me de la protection des donn\u00e9es personnelles \u00e0 l\u2019adresse indiqu\u00e9e dans les mentions l\u00e9gales.<\/span><\/p>\n<p class=\"p3\"><span class=\"s1\"><b>Refus des e-mails publicitaires<\/b><\/span><\/p>\n<p class=\"p4\"><span class=\"s1\">Par la pr\u00e9sente, nous refusons l\u2019utilisation des coordonn\u00e9es de contact publi\u00e9es dans le cadre des mentions l\u00e9gales pour l\u2019envoi non sollicit\u00e9 de publicit\u00e9s et de mat\u00e9riaux d\u2019information explicitement. L\u2019exploitant du site se r\u00e9serve express\u00e9ment le droit d\u2019entreprendre des proc\u00e9dures judiciaires en cas d\u2019envoi non sollicit\u00e9 d\u2019informations publicitaires, par des e-mails de spam par exemple.<\/span><\/p>\n<h3 class=\"p2\"><span class=\"s1\">3. Enregistrement des donn\u00e9es sur notre site Internet<\/span><\/h3>\n<p class=\"p3\"><span class=\"s1\"><b>Cookies<\/b><\/span><\/p>\n<p class=\"p4\"><span class=\"s1\">Les sites Internet utilisent des fichiers appel\u00e9s Cookies. Les cookies n\u2019endommagent pas votre ordinateur et ne contiennent pas de virus. Les cookies servent \u00e0 rendre notre offre plus conviviale, efficace et s\u00fbre. Les cookies sont de petits fichiers textes enregistr\u00e9s sur votre ordinateur et sauvegard\u00e9s par votre navigateur.<\/span><\/p>\n<p class=\"p4\"><span class=\"s1\">La plupart des cookies utilis\u00e9s par nos soins sont des cookies dits \u00ab&nbsp;de session&nbsp;\u00bb. Ils sont supprim\u00e9s automatiquement \u00e0 la fin de votre visite. D\u2019autres cookies restent sur votre p\u00e9riph\u00e9rique jusqu\u2019\u00e0 ce que vous les supprimiez. Ces cookies nous permettent de reconna\u00eetre votre navigateur lors de votre prochaine visite.<\/span><\/p>\n<p class=\"p4\"><span class=\"s1\">Vous pouvez configurer votre navigateur de fa\u00e7on \u00e0 \u00eatre inform\u00e9 de l\u2019installation de cookies et autoriser les cookies uniquement au cas par cas, interdire l\u2019installation de cookies pour certains cas ou de fa\u00e7on g\u00e9n\u00e9rale ainsi qu\u2019activer la suppression automatique des cookies \u00e0 la fermeture du navigateur. En cas de d\u00e9sactivation des cookies, les fonctionnalit\u00e9s de ce site Internet peuvent \u00eatre restreintes.<\/span><\/p>\n<p class=\"p4\"><span class=\"s1\">Les cookies n\u00e9cessaires pour l\u2019ex\u00e9cution du processus de communication \u00e9lectronique ou pour la mise \u00e0 disposition de certaines fonctions demand\u00e9es par vos soins (par exemple la fonction du panier) sont enregistr\u00e9s sur la base de l\u2019art. 6 par. 1 point f du RGPD. L\u2019exploitant du site a un int\u00e9r\u00eat l\u00e9gitime dans l\u2019enregistrement des cookies pour la mise \u00e0 disposition technique correcte et optimis\u00e9e de ses services. Si d&rsquo;autres cookies (par exemple des cookies d&rsquo;analyse de la navigation) sont enregistr\u00e9s, ces derniers sont trait\u00e9s \u00e0 part dans la pr\u00e9sente d\u00e9claration de confidentialit\u00e9.<\/span><\/p>\n<p class=\"p3\"><span class=\"s1\"><b>Fichiers journaux du serveur<\/b><\/span><\/p>\n<p class=\"p4\"><span class=\"s1\">Le fournisseur du site collecte et enregistre automatiquement des informations dans des fichiers journaux du serveur, que votre navigateur nous transmet automatiquement. Cela inclut :<\/span><\/p>\n<ul class=\"ul1\">\n<li class=\"li6\"><span class=\"s1\">Le type et la version du navigateur<\/span><\/li>\n<li class=\"li6\"><span class=\"s1\">Le syst\u00e8me d\u2019exploitation utilis\u00e9<\/span><\/li>\n<li class=\"li6\"><span class=\"s1\">L\u2019URL de r\u00e9f\u00e9rence<\/span><\/li>\n<li class=\"li6\"><span class=\"s1\">Le nom de l\u2019h\u00f4te de l\u2019ordinateur \u00e0 l\u2019origine de la consultation<\/span><\/li>\n<li class=\"li6\"><span class=\"s1\">L\u2019heure de la requ\u00eate au serveur<\/span><\/li>\n<li class=\"li6\"><span class=\"s1\">L\u2019adresse IP<\/span><\/li>\n<\/ul>\n<p class=\"p4\"><span class=\"s1\">Ces donn\u00e9es ne sont pas regroup\u00e9es avec d\u2019autres sources de donn\u00e9es.<\/span><\/p>\n<p class=\"p4\"><span class=\"s1\">La base du traitement des donn\u00e9es est l&rsquo;art. 6 par. 1 point b du RGPD, qui autorise le traitement de donn\u00e9es dans le cadre de l\u2019ex\u00e9cution d\u2019un contrat ou pour des mesures pr\u00e9contractuelles.<\/span><\/p>\n<p class=\"p3\"><span class=\"s1\"><b>Formulaire de contact<\/b><\/span><\/p>\n<p class=\"p4\"><span class=\"s1\">Si vous nous transmettez des demandes via un formulaire de contact, vos informations du formulaire de demande y compris les coordonn\u00e9es de contact indiqu\u00e9es par vos soins sont enregistr\u00e9es par nos services \u00e0 des fins de traitement de la demande et en cas de question de suivi. Nous ne transmettons pas ces donn\u00e9es sans votre consentement.<\/span><\/p>\n<p class=\"p4\"><span class=\"s1\">Le traitement des donn\u00e9es saisies dans le formulaire de contact est effectu\u00e9 uniquement sur la base de votre consentement (art. 6 par. 1 point a du RGPD). Vous pouvez r\u00e9voquer ce consentement \u00e0 tout moment. Il vous suffit pour cela de nous transmettre un message informel par e-mail. La l\u00e9galit\u00e9 des processus de traitement des donn\u00e9es jusqu\u2019\u00e0 la r\u00e9vocation reste inchang\u00e9e.<\/span><\/p>\n<p class=\"p4\"><span class=\"s1\">Les donn\u00e9es saisies par vos soins dans le formulaire de contact sont conserv\u00e9es par nos soins jusqu\u2019\u00e0 ce que vous en demandiez la suppression, que vous r\u00e9voquiez votre consentement pour leur enregistrement ou en cas d\u2019expiration de l\u2019objet de l\u2019enregistrement des donn\u00e9es (par ex. une fois le traitement de votre demande termin\u00e9). Les dispositions l\u00e9gales obligatoires, notamment les d\u00e9lais de conservation, restent inchang\u00e9es.<\/span><\/p>\n<h3 class=\"p2\"><span class=\"s1\">4. Outils d&rsquo;analyse et publicit\u00e9<\/span><\/h3>\n<p class=\"p3\"><span class=\"s1\"><b>Google reCAPTCHA<\/b><\/span><\/p>\n<p class=\"p4\"><span class=\"s1\">Nous utilisons \u00ab&nbsp;Google reCAPTCHA&nbsp;\u00bb (ci-apr\u00e8s \u00ab&nbsp;reCAPTCHA&nbsp;\u00bb) sur nos sites Internet. Le prestataire est Google Inc., 1600 Amphitheatre Parkway, Mountain View, CA 94043, \u00c9tats-Unis (\u00ab&nbsp;Google&nbsp;\u00bb).<\/span><\/p>\n<p class=\"p4\"><span class=\"s1\">reCAPTCHA permet de v\u00e9rifier si les donn\u00e9es sur notre site Internet (par ex. dans un formulaire de contact) sont saisies par une personne ou par un programme automatique. Pour cela, reCAPTCHA analyse le comportement du visiteur du site \u00e0 l\u2019aide de diff\u00e9rentes caract\u00e9ristiques. Cette analyse est ex\u00e9cut\u00e9e automatiquement, d\u00e8s que le visiteur consulte le site Internet. \u00c0 des fins d\u2019analyse, reCAPTCHA exploite diff\u00e9rentes informations (par ex. l\u2019adresse IP, la dur\u00e9e de la visite du site Internet ou les mouvements de souris effectu\u00e9s par l\u2019utilisateur). Les donn\u00e9es saisies lors de l&rsquo;analyse sont transmises \u00e0 Google.<\/span><\/p>\n<p class=\"p4\"><span class=\"s1\">Les analyses de reCAPTCHA sont ex\u00e9cut\u00e9es enti\u00e8rement en arri\u00e8re-plan. Les visiteurs du site Internet ne sont pas inform\u00e9s du fait qu&rsquo;une analyse est en cours.<\/span><\/p>\n<p class=\"p4\"><span class=\"s1\">Le traitement des donn\u00e9es est effectu\u00e9 sur la base de l\u2019article 6 par. 1 point f du RGPD. L\u2019exploitant du site Internet a un int\u00e9r\u00eat l\u00e9gitime de protection de ses offres web contre un \u00e9ventuel espionnage abusif automatis\u00e9 ainsi que contre les SPAMS.<\/span><\/p>\n<p class=\"p4\"><span class=\"s1\">Vous trouverez plus d&rsquo;informations sur Google reCAPTCHA ainsi que la d\u00e9claration de confidentialit\u00e9 de Google sur les liens suivants : <a href=\"https:\/\/www.google.com\/intl\/de\/policies\/privacy\/\"><span class=\"s2\">https:\/\/www.google.com\/intl\/de\/policies\/privacy\/<\/span><\/a> et <a href=\"https:\/\/www.google.com\/recaptcha\/intro\/android.html\"><span class=\"s2\">https:\/\/www.google.com\/recaptcha\/intro\/android.html<\/span><\/a>.<\/span><\/p>\n<h3 class=\"p2\"><span class=\"s1\">5. Plugins et outils<\/span><\/h3>\n<p class=\"p3\"><span class=\"s1\"><b>YouTube<\/b><\/span><\/p>\n<p class=\"p4\"><span class=\"s1\">Notre site Internet utilise des plug-ins du site exploit\u00e9 par Google YouTube. L\u2019exploitant du site est YouTube, LLC, 901 Cherry Ave., San Bruno, CA 94066, \u00c9tats-Unis.<\/span><\/p>\n<p class=\"p4\"><span class=\"s1\">Si vous visitez un site \u00e9quip\u00e9 d&rsquo;un plug-in YouTube, une connexion est \u00e9tablie avec les serveurs de YouTube. Le serveur YouTube est ainsi inform\u00e9 des pages que vous avez visit\u00e9 sur notre site.<\/span><\/p>\n<p class=\"p4\"><span class=\"s1\">Si vous \u00eates connect\u00e9 \u00e0 votre compte YouTube, vous permettez \u00e0 YouTube d\u2019associer directement votre navigation \u00e0 votre profil personnel. Vous pouvez \u00e9viter cela en vous d\u00e9connectant de votre compte YouTube.<\/span><\/p>\n<p class=\"p4\"><span class=\"s1\">L\u2019utilisation de YouTube est effectu\u00e9e dans l\u2019int\u00e9r\u00eat d\u2019un affichage agr\u00e9able de nos offres en ligne. Cela repr\u00e9sente un int\u00e9r\u00eat l\u00e9gitime au titre de l\u2019article 6 par. 1 point f du RGPD.<\/span><\/p>\n<p class=\"p4\"><span class=\"s1\">Vous trouverez plus d&rsquo;informations sur l\u2019utilisation des donn\u00e9es utilisateur dans la d\u00e9claration de confidentialit\u00e9 de YouTube sur : <a href=\"https:\/\/www.google.de\/intl\/de\/policies\/privacy\"><span class=\"s2\">https:\/\/www.google.de\/intl\/de\/policies\/privacy<\/span><\/a>.<\/span><\/p>\n<p class=\"p3\"><span class=\"s1\"><b>Vimeo<\/b><\/span><\/p>\n<p class=\"p4\"><span class=\"s1\">Notre site Internet utilise des plug-ins du portail vid\u00e9o Vimeo. Le fournisseur est Vimeo Inc., 555 West 18th Street, New York, New York 10011, \u00c9tats-Unis.<\/span><\/p>\n<p class=\"p4\"><span class=\"s1\">Si vous visitez un site \u00e9quip\u00e9 d&rsquo;un plug-in Vimeo, une connexion est \u00e9tablie avec les serveurs de Vimeo. Le serveur Vimeo est ainsi inform\u00e9 des pages que vous avez visit\u00e9 sur notre site. En outre, Vimeo re\u00e7oit votre adresse IP. Cela est valable m\u00eame si vous n\u2019\u00eates pas connect\u00e9 sur Vimeo ou que vous n\u2019avez pas de compte Vimeo. Les informations enregistr\u00e9es par Vimeo sont transmises au serveur de Vimeo aux \u00c9tats-Unis.<\/span><\/p>\n<p class=\"p4\"><span class=\"s1\">Si vous \u00eates connect\u00e9 \u00e0 votre compte Vimeo, vous permettez \u00e0 Vimeo d\u2019associer directement votre navigation \u00e0 votre profil personnel. Vous pouvez \u00e9viter cela en vous d\u00e9connectant de votre compte Vimeo.<\/span><\/p>\n<p class=\"p4\"><span class=\"s1\">Vous trouverez plus d&rsquo;informations sur l\u2019utilisation des donn\u00e9es utilisateur dans la d\u00e9claration de confidentialit\u00e9 de Vimeo sur : <a href=\"https:\/\/vimeo.com\/privacy\"><span class=\"s2\">https:\/\/vimeo.com\/privacy<\/span><\/a>.<\/span><\/p>\n<p class=\"p3\"><span class=\"s1\"><b>Google Web Fonts<\/b><\/span><\/p>\n<p class=\"p4\"><span class=\"s1\">\u00c0 des fins d\u2019affichage uniforme des polices, le site utilise des polices Web Fonts, mises \u00e0 disposition par Google. En cas de consultation d&rsquo;une page, votre navigateur t\u00e9l\u00e9charge les polices Web Fonts n\u00e9cessaires dans le cache de votre navigateur pour afficher correctement les textes et les types de police.<\/span><\/p>\n<p class=\"p4\"><span class=\"s1\">Pour cela, le navigateur utilis\u00e9 par vos soins doit \u00e9tablir la connexion avec les serveurs de Google. Google est ainsi inform\u00e9 du fait que notre site Internet a \u00e9t\u00e9 consult\u00e9 par votre adresse IP. L\u2019utilisation de Google Web Fonts est effectu\u00e9e dans l\u2019int\u00e9r\u00eat d\u2019un affichage homog\u00e8ne et agr\u00e9able de nos offres en ligne. Cela repr\u00e9sente un int\u00e9r\u00eat l\u00e9gitime au titre de l\u2019article 6 par. 1 point f du RGPD.<\/span><\/p>\n<p class=\"p4\"><span class=\"s1\">Si votre navigateur n\u2019est pas compatible avec les polices Web Fonts, une police standard est utilis\u00e9e par votre ordinateur.<\/span><\/p>\n<p class=\"p4\"><span class=\"s1\">Vous trouverez plus d&rsquo;informations sur Google Web Fonts sur <a href=\"https:\/\/developers.google.com\/fonts\/faq\"><span class=\"s2\">https:\/\/developers.google.com\/fonts\/faq<\/span><\/a> et dans la d\u00e9claration de confidentialit\u00e9 de Google : <a href=\"https:\/\/www.google.com\/policies\/privacy\/\"><span class=\"s2\">https:\/\/www.google.com\/policies\/privacy\/<\/span><\/a>.<\/span><\/p>\n<\/div><\/div><\/div><\/div><\/div>","protected":false},"excerpt":{"rendered":"<p>D\u00e9claration de confidentialit\u00e9 1. G\u00e9n\u00e9ralit\u00e9s concernant la protection des donn\u00e9es Informations g\u00e9n\u00e9rales Les informations suivantes fournissent un aper\u00e7u du traitement de vos donn\u00e9es personnelles lorsque vous visitez notre site Internet. [&hellip;]<\/p>\n<p><a href=\"https:\/\/a-holstein.de\/fr\/declaration-de-confidentialite\/\" class=\"more-link style2-button\">Read More<\/a><\/p>","protected":false},"author":1,"featured_media":0,"parent":0,"menu_order":0,"comment_status":"closed","ping_status":"closed","template":"","meta":[],"_links":{"self":[{"href":"https:\/\/a-holstein.de\/fr\/wp-json\/wp\/v2\/pages\/4826"}],"collection":[{"href":"https:\/\/a-holstein.de\/fr\/wp-json\/wp\/v2\/pages"}],"about":[{"href":"https:\/\/a-holstein.de\/fr\/wp-json\/wp\/v2\/types\/page"}],"author":[{"embeddable":true,"href":"https:\/\/a-holstein.de\/fr\/wp-json\/wp\/v2\/users\/1"}],"replies":[{"embeddable":true,"href":"https:\/\/a-holstein.de\/fr\/wp-json\/wp\/v2\/comments?post=4826"}],"version-history":[{"count":1,"href":"https:\/\/a-holstein.de\/fr\/wp-json\/wp\/v2\/pages\/4826\/revisions"}],"predecessor-version":[{"id":4827,"href":"https:\/\/a-holstein.de\/fr\/wp-json\/wp\/v2\/pages\/4826\/revisions\/4827"}],"wp:attachment":[{"href":"https:\/\/a-holstein.de\/fr\/wp-json\/wp\/v2\/media?parent=4826"}],"curies":[{"name":"wp","href":"https:\/\/api.w.org\/{rel}","templated":true}]}}