{"id":4841,"date":"2016-07-27T13:42:42","date_gmt":"2016-07-27T11:42:42","guid":{"rendered":"https:\/\/a-holstein.de\/destillieranlagen\/"},"modified":"2018-06-11T09:43:48","modified_gmt":"2018-06-11T07:43:48","slug":"alambics","status":"publish","type":"page","link":"https:\/\/a-holstein.de\/fr\/alambics\/","title":{"rendered":"alambics"},"content":{"rendered":"<div class=\"be-section   be-bg-cover be-bg-parallax    hide-mobile clearfix\" data-headerscheme=\"background--light\" style=\" background: url(https:\/\/a-holstein.de\/wp-content\/uploads\/2018\/02\/Lantenhammer_Willamsfruechte-2.jpg) no-repeat scroll center center;\"  ><div class=\"be-section-pad clearfix \" style=\" padding-top:200px;padding-bottom:200px;\" data-padding-top = \"200\"><\/div><\/div><div class=\"be-section         clearfix\" data-headerscheme=\"background--light\" style=\" \"  ><div class=\"be-section-pad clearfix \" style=\" padding-top:40px;padding-bottom:15px;\" data-padding-top = \"40\"><div  class=\"be-row be-wrap clearfix \"><div  class=\"one-col column-block clearfix  no-background    \" data-animation=\"\" style=\"  \"><div class=\"be-custom-column-inner\"><h3 class=\"special-h-tag\">L\u2019esprit de l&rsquo;artisanat<\/h3>\n<p><strong>Une qualit\u00e9 que l\u2019on peut voir et sentir.<\/strong><\/p>\n<\/div><\/div><\/div><\/div><\/div><div class=\"be-section         clearfix\" data-headerscheme=\"background--light\" style=\" \"  ><div class=\"be-section-pad clearfix \" style=\" padding-top:10px;padding-bottom:40px;\" data-padding-top = \"10\"><div  class=\"be-row be-wrap clearfix \"><div  class=\"two-third column-block  no-background    \" data-animation=\"\" style=\"  \"><div class=\"be-custom-column-inner\"><p class=\"p1\"><span class=\"s1\">Pour les installations Holstein, des mat\u00e9riaux de grande qualit\u00e9, avant tout au niveau du cuivre et de l&rsquo;acier inoxydable, sont trait\u00e9s avec soin. Nos soudures r\u00e9alis\u00e9es manuellement par exemple sont un signe visible d\u2019une \u00e9tanch\u00e9it\u00e9 garantie et d&rsquo;une grande dur\u00e9e de vie. En outre, elles sont belles et leur aspect esth\u00e9tique souligne la valeur de nos installations. La technique de martelage et la technique d&rsquo;aff\u00fbtage r\u00e9alis\u00e9es de main de ma\u00eetre sont d\u2019autres signes de qualit\u00e9 visibles. Elles assurent une structure de surface lisse in\u00e9gal\u00e9e pour garantir la haute densit\u00e9 du cuivre et une solidit\u00e9 maximale. Notre technologie de distillation avanc\u00e9e peut bien s\u00fbr \u00e9galement \u00eatre sentie, go\u00fbt\u00e9e et savour\u00e9e, \u00e0 travers le produit distill\u00e9. Par ailleurs, nous sommes repr\u00e9sent\u00e9s au sein des commissions d\u2019examen de diff\u00e9rentes associations et nous avons donc des experts en qualit\u00e9 sensorielle dans nos rangs.<\/span><\/p>\n<p class=\"p1\"><span class=\"s1\">Nos exigences en mati\u00e8re de qualit\u00e9 s\u2019appliquent bien s\u00fbr pour tous les domaines. Pour les installations et appareils de transformation des fruits \u00e9galement, nous utilisons exclusivement des mat\u00e9riaux de grande qualit\u00e9, comme de l\u2019acier inoxydable et nous assurons ainsi la base indispensable pour des processus de production parfaitement hygi\u00e9niques.<\/span><\/p>\n<\/div><\/div><div  class=\"one-third column-block  no-background    \" data-animation=\"\" style=\"  \"><div class=\"be-custom-column-inner\"><p><img class=\"alignright wp-image-4483 size-full\" src=\"https:\/\/a-holstein.de\/wp-content\/uploads\/2018\/05\/schweissnaht-holstein.jpg\" alt=\"\" width=\"273\" height=\"262\"><\/p>\n<\/div><\/div><\/div><\/div><\/div><div class=\"be-section         clearfix\" data-headerscheme=\"background--light\" style=\" \"  ><div class=\"be-section-pad clearfix \" style=\" padding-top:0px;padding-bottom:0px;\" data-padding-top = \"0\"><div  class=\"be-row be-wrap clearfix \"><div  class=\"one-col column-block clearfix  no-background    \" data-animation=\"\" style=\"  \"><div class=\"be-custom-column-inner\"><hr class=\"separator\" style=\"background-color:#e0a240;color:#e0a240;height:1px;width:100%;\" \/><\/div><\/div><\/div><\/div><\/div><div class=\"be-section         clearfix\" data-headerscheme=\"background--light\" style=\" \"  ><div class=\"be-section-pad clearfix \" style=\" padding-top:90px;padding-bottom:15px;\" data-padding-top = \"90\"><div  class=\"be-row be-wrap clearfix \"><div  class=\"one-col column-block clearfix  no-background    \" data-animation=\"\" style=\"  \"><div class=\"be-custom-column-inner\"><h3 class=\"special-h-tag\">Une gamme compl\u00e8te pour la distillation<\/h3>\n<\/div><\/div><\/div><\/div><\/div><div class=\"be-section         clearfix\" data-headerscheme=\"background--light\" style=\" \"  ><div class=\"be-section-pad clearfix \" style=\" padding-top:5px;padding-bottom:90px;\" data-padding-top = \"5\"><div  class=\"be-row be-wrap clearfix \"><div  class=\"one-fourth column-block  no-background    \" data-animation=\"\" style=\"  \"><div class=\"be-custom-column-inner\"><p><img class=\"alignleft size-medium wp-image-4189\" src=\"https:\/\/a-holstein.de\/wp-content\/uploads\/2017\/05\/46-259x300.jpg\" alt=\"\" width=\"259\" height=\"300\"><\/p>\n<\/div><\/div><div  class=\"one-half column-block  no-background    \" data-animation=\"\" style=\"  \"><div class=\"be-custom-column-inner\"><p class=\"p1\"><span class=\"s1\">En tant que leader de la construction d\u2019installations, nous proposons des alambics pour les petits volumes de 5 \u00e0 150&nbsp;litres ainsi que pour les volumes commerciaux et industriels entre 150&nbsp;et 10&nbsp;000&nbsp;litres. Il n\u2019y a donc quasiment aucune limite \u00e0 notre vari\u00e9t\u00e9 de produits. Nous fournissons des installations pour la production d\u2019eaux-de-vie de fruits de qualit\u00e9 comme l\u2019eau-de-vie de poires Williams, l\u2019eau-de-vie de cerises, l\u2019eau-de-vie de mirabelles, l\u2019eau-de-vie de de quetsches et le calvados, ainsi que le whisky, la vodka, le rhum, le cognac, l\u2019armagnac, le grappa, l\u2019arrack, le gin, la tequila, l\u2019ouzo, le raki et l\u2019aquavit. Notre gamme comprend \u00e9galement des syst\u00e8mes de distillation et de d\u00e9m\u00e9thanolisation \u00e0 fonctionnement continu.<\/span><\/p>\n<\/div><\/div><div  class=\"one-fourth column-block  no-background    \" data-animation=\"\" style=\"  \"><div class=\"be-custom-column-inner\"><div class=\"be_image_slider style3-arrow\"><div class=\"image_slider_module slides\" data-animation=\"fade\" data-auto-slide=\"yes\" data-slide-interval=\"1000\"><div class=\"be_image_slide\"><img src=\"https:\/\/a-holstein.de\/wp-content\/uploads\/2018\/02\/Johannesbeere-q.jpg\" alt=\"\" \/><\/div><div class=\"be_image_slide\"><img src=\"https:\/\/a-holstein.de\/wp-content\/uploads\/2018\/02\/zwetschge-q.jpg\" alt=\"\" \/><\/div><div class=\"be_image_slide\"><img src=\"https:\/\/a-holstein.de\/wp-content\/uploads\/2018\/02\/Birne-q2.jpg\" alt=\"\" \/><\/div><div class=\"be_image_slide\"><img src=\"https:\/\/a-holstein.de\/wp-content\/uploads\/2018\/02\/Apfel-q.jpg\" alt=\"\" \/><\/div><div class=\"be_image_slide\"><img src=\"https:\/\/a-holstein.de\/wp-content\/uploads\/2018\/02\/birne-q.jpg\" alt=\"\" \/><\/div><\/div><\/div><\/div><\/div><\/div><\/div><\/div>","protected":false},"excerpt":{"rendered":"<p>L\u2019esprit de l&rsquo;artisanat Une qualit\u00e9 que l\u2019on peut voir et sentir. Pour les installations Holstein, des mat\u00e9riaux de grande qualit\u00e9, avant tout au niveau du cuivre et de l&rsquo;acier inoxydable, [&hellip;]<\/p>\n<p><a href=\"https:\/\/a-holstein.de\/fr\/alambics\/\" class=\"more-link style2-button\">Read More<\/a><\/p>","protected":false},"author":1,"featured_media":0,"parent":0,"menu_order":0,"comment_status":"closed","ping_status":"closed","template":"","meta":[],"_links":{"self":[{"href":"https:\/\/a-holstein.de\/fr\/wp-json\/wp\/v2\/pages\/4841"}],"collection":[{"href":"https:\/\/a-holstein.de\/fr\/wp-json\/wp\/v2\/pages"}],"about":[{"href":"https:\/\/a-holstein.de\/fr\/wp-json\/wp\/v2\/types\/page"}],"author":[{"embeddable":true,"href":"https:\/\/a-holstein.de\/fr\/wp-json\/wp\/v2\/users\/1"}],"replies":[{"embeddable":true,"href":"https:\/\/a-holstein.de\/fr\/wp-json\/wp\/v2\/comments?post=4841"}],"version-history":[{"count":1,"href":"https:\/\/a-holstein.de\/fr\/wp-json\/wp\/v2\/pages\/4841\/revisions"}],"predecessor-version":[{"id":4847,"href":"https:\/\/a-holstein.de\/fr\/wp-json\/wp\/v2\/pages\/4841\/revisions\/4847"}],"wp:attachment":[{"href":"https:\/\/a-holstein.de\/fr\/wp-json\/wp\/v2\/media?parent=4841"}],"curies":[{"name":"wp","href":"https:\/\/api.w.org\/{rel}","templated":true}]}}