{"id":5306,"date":"2025-11-06T11:10:13","date_gmt":"2025-11-06T10:10:13","guid":{"rendered":"https:\/\/a-holstein.de\/?page_id=5306"},"modified":"2025-11-06T11:10:13","modified_gmt":"2025-11-06T10:10:13","slug":"home-holstein-2","status":"publish","type":"page","link":"https:\/\/a-holstein.de\/fr\/","title":{"rendered":"Home"},"content":{"rendered":"<div class=\"be-section         clearfix\" data-headerscheme=\"background--light\" style=\" \"  ><div class=\"be-section-pad clearfix \" style=\" padding-top:90px;padding-bottom:0px;\" data-padding-top = \"90\"><div  class=\"be-row be-wrap clearfix \"><div  class=\"one-col column-block clearfix  no-background    \" data-animation=\"\" style=\"  \"><div class=\"be-custom-column-inner\"><div class=\"special-heading-wrap style1 be-animate 0\" data-animation=\"fadeInDown\"><div class=\"special-heading align-center\"><h4 class=\"special-h-tag\" style=\"color: #000000\">Syst\u00e8mes de distillation Holstein<\/h4><div class=\"sep-with-icon-wrap margin-bottom\"><span class=\"sep-with-icon\" style=\"background-color:#e8e8e8;border-color:#e8e8e8;color:#e8e8e8;height:1px;width:20px;\" ><\/span><i class=\"sep-icon font-icon icon-dimond\" style=\"background-color:#e0a240;\"><\/i><span class=\"sep-with-icon\" style=\"background-color:#e8e8e8;border-color:#e8e8e8;color:#e8e8e8;height:1px;width:20px;\" ><\/span><\/div><div class=\"sub-title margin-bottom \"><p class=\"p1\"><span class=\"s1\">Nous vivons pour l\u2019excellence en mati\u00e8re de qualit\u00e9. Comme vous.<\/span><\/p><\/div><\/div><\/div><div class=\"be-text-block be-animate \" data-animation=\"fadeInUp\"><div class=\"be-text-inner clearfix\" style=\"width: 70%; margin: 0 auto 30px;\"><h4 style=\"text-align: center;\"><span class=\"content\"><span class=\"header_layout1\">De bonnes id\u00e9es dans la meilleure tradition artisanale | Tradition et artisanat.<br \/>\n<img class=\"spacer-gif\"  src=\"https:\/\/a-holstein.de\/clear.gif\" alt=\"\" width=\"1\" height=\"5\" border=\"0\"><br \/>\n<\/span><\/span><\/h4>\n<p class=\"p1\" style=\"text-align: center;\"><span class=\"s1\">Pour les petits distillateurs ou les acteurs mondiaux. Distillation de fruits de luxe ou whisky, vodka, rhum, cognac, armagnac, grappa, arrack, gin, tequila, ouzo, raki, aquavit et absinthe&nbsp;:&nbsp;nous vous fournissons un syst\u00e8me de distillation parfaitement adapt\u00e9 \u00e0 vos produits et \u00e0 vos exigences.<\/span><\/p>\n<p class=\"p1\" style=\"text-align: center;\"><span class=\"s1\">La distillerie parfaite pour d\u2019excellents r\u00e9sultats. Votre Holstein.<\/span><\/p>\n<\/div><\/div><div class=\"linebreak \" style=\"height:20px;\"><\/div><\/div><\/div><\/div><\/div><\/div><div class=\"be-section         clearfix\" data-headerscheme=\"background--light\" style=\" \"  ><div class=\"be-section-pad clearfix \" style=\" padding-top:0px;padding-bottom:0px;\" data-padding-top = \"0\"><div  class=\"be-row  hide-mobile \"><div  class=\"one-col column-block clearfix  no-background    \" data-animation=\"\" style=\"  \"><div class=\"be-custom-column-inner\"><div class=\"animate-icon-module-style2-wrap clearfix\"><div class=\"animate-icon-module-style2\" data-bg-color=\"#f2f5f8\" data-hover-bg-color=\"#f2f5f8\" data-title-color=\"initial\" data-hover-title-color=\"initial\" data-icon-color=\"#e0a240\" data-hover-icon-color=\"#e0a240\" style=\"background-color: #f2f5f8;\">\n<div class=\"animate-icon-module-style2-inner-wrap\">\n<div class=\"animate-icon-module-style2-normal-content clearfix\"><i class=\"animate-icon-icon font-icon icon-icon_house_alt\" style=\"font-size: 60px;color: #e0a240;\"><\/i><\/p>\n<h3 class=\"animate-icon-title\" style=\"color: initial; \">Holstein.<\/h3>\n<\/div>\n<div class=\"animate-icon-module-style2-hover-content clearfix\">\n<p class=\"p1\"><span class=\"s1\">Apprenez \u00e0 nous conna\u00eetre ainsi que notre entreprise.<\/span><\/p>\n<p>&gt;&gt; <a href=\"\/ueber-uns\/\">\u00c0 propos de nous<\/a><\/p>\n<\/div>\n<\/div>\n<\/div>\n<div class=\"animate-icon-module-style2\" data-bg-color=\"#edf0f2\" data-hover-bg-color=\"#edf0f2\" data-title-color=\"initial\" data-hover-title-color=\"initial\" data-icon-color=\"#e0a240\" data-hover-icon-color=\"#e0a240\" style=\"background-color: #edf0f2;\">\n<div class=\"animate-icon-module-style2-inner-wrap\">\n<div class=\"animate-icon-module-style2-normal-content clearfix\"><i class=\"animate-icon-icon font-icon icon-beaker\" style=\"font-size: 60px;color: #e0a240;\"><\/i><\/p>\n<h3 class=\"animate-icon-title\" style=\"color: initial; \">Syst\u00e8mes de distillation<\/h3>\n<\/div>\n<div class=\"animate-icon-module-style2-hover-content clearfix\">\n<p class=\"p1\"><span class=\"s1\">Diff\u00e9rentes tailles pour diff\u00e9rentes exigences.<\/span><\/p>\n<p>&gt;&gt;<a href=\"\/destillieranlagen\/\">Consulter les installations<\/a><\/p>\n<\/div>\n<\/div>\n<\/div>\n<div class=\"animate-icon-module-style2\" data-bg-color=\"#f2f5f8\" data-hover-bg-color=\"#f2f5f8\" data-title-color=\"initial\" data-hover-title-color=\"initial\" data-icon-color=\"#e0a240\" data-hover-icon-color=\"#e0a240\" style=\"background-color: #f2f5f8;\">\n<div class=\"animate-icon-module-style2-inner-wrap\">\n<div class=\"animate-icon-module-style2-normal-content clearfix\"><i class=\"animate-icon-icon font-icon icon-basket\" style=\"font-size: 60px;color: #e0a240;\"><\/i><\/p>\n<h3 class=\"animate-icon-title\" style=\"color: initial; \">Accessoires de distillation<\/h3>\n<\/div>\n<div class=\"animate-icon-module-style2-hover-content clearfix\">\n<p class=\"p1\"><span class=\"s1\">Am\u00e9liorer la rentabilit\u00e9 gr\u00e2ce \u00e0 des accessoires adapt\u00e9s pour les caves<\/span><\/p>\n<p>&gt;&gt; <a href=\"\/brennereizubehoer\/\"> Consulter les accessoires<\/a><\/p>\n<p>&nbsp;<\/p>\n<\/div>\n<\/div>\n<\/div>\n<div class=\"animate-icon-module-style2\" data-bg-color=\"#edf0f2\" data-hover-bg-color=\"#edf0f2\" data-title-color=\"initial\" data-hover-title-color=\"initial\" data-icon-color=\"#e0a240\" data-hover-icon-color=\"#e0a240\" style=\"background-color: #edf0f2;\">\n<div class=\"animate-icon-module-style2-inner-wrap\">\n<div class=\"animate-icon-module-style2-normal-content clearfix\"><i class=\"animate-icon-icon font-icon icon-chat2\" style=\"font-size: 60px;color: #e0a240;\"><\/i><\/p>\n<h3 class=\"animate-icon-title\" style=\"color: initial; \">Contact<\/h3>\n<\/div>\n<div class=\"animate-icon-module-style2-hover-content clearfix\">\n<p class=\"p1\"><span class=\"s1\">Nous sommes \u00e0 votre disposition pour vous aider.<\/span><\/p>\n<p>&gt;&gt; <a href=\"\/kontakt\/\">Nous contacter<\/a><\/p>\n<\/div>\n<\/div>\n<\/div>\n<\/div><\/div><\/div><\/div><\/div><\/div><div class=\"be-section         clearfix\" data-headerscheme=\"background--dark\" style=\" \"  ><div class=\"be-section-pad clearfix \" style=\" padding-top:90px;padding-bottom:90px;\" data-padding-top = \"90\"><div  class=\"be-row be-wrap clearfix \"><div  class=\"one-third column-block  no-background    \" data-animation=\"\" style=\"  \"><div class=\"be-custom-column-inner\"><div class=\"linebreak \" style=\"height:30px;\"><\/div><i class=\"icon-pencil title-icon plain medium  be-animate align-left\" style=\"color:#e0a240;border-color: #000000\" data-animation=\"fadeInLeft\"><\/i><div class=\"title-with-icon  be-animate medium plain align-left\" data-animation=\"fadeInLeft\"><h6>CONSTRUCTION D\u2019INSTALLATIONS<\/h6>\n<p>Chaque installation est adapt\u00e9e aux besoins individuels et aux sp\u00e9cifications de nos clients. Nous rendons cela possible.<\/p>\n<\/div><i class=\"icon-tools-2 title-icon plain medium  be-animate align-left\" style=\"color:#e0a240;border-color: #000000\" data-animation=\"fadeInLeft\"><\/i><div class=\"title-with-icon  be-animate medium plain align-left\" data-animation=\"fadeInLeft\"><h6> ENTRETIEN <\/h6>\n<p>Nous recommandons \u00e0 nos clients d\u2019entretenir r\u00e9guli\u00e8rement leurs syst\u00e8mes de distillation. De cette fa\u00e7on, la qualit\u00e9 des produits est pr\u00e9serv\u00e9e.<\/p>\n<\/div><i class=\"icon-directions title-icon plain medium  be-animate align-left\" style=\"color:#e0a240;border-color: #000000\" data-animation=\"fadeInLeft\"><\/i><div class=\"title-with-icon  be-animate medium plain align-left\" data-animation=\"fadeInLeft\"><h6>TRANSFORMATION DES FRUITS<\/h6>\n<p>En plus des syst\u00e8mes de distillation, Arnold Holstein dispose d&rsquo;une vaste gamme de produits dans le secteur de la transformation des fruits.<\/p>\n<\/div><\/div><\/div><div  class=\"one-third column-block  no-background    \" data-animation=\"\" style=\"  \"><div class=\"be-custom-column-inner\"><div class=\"be-text-block be-animate \" data-animation=\"fadeInUp\"><p>&nbsp;<\/p>\n<p><img class=\"aligncenter wp-image-3958 size-full\" src=\"https:\/\/a-holstein.de\/wp-content\/uploads\/2014\/10\/Start-Arnold_13.jpg\" alt=\"\" height=\"841\" width=\"600\"><\/p>\n<p>&nbsp;<\/p>\n<\/div><\/div><\/div><div  class=\"one-third column-block  no-background    \" data-animation=\"\" style=\"  \"><div class=\"be-custom-column-inner\"><div class=\"linebreak \" style=\"height:30px;\"><\/div><i class=\"icon-icon_globe title-icon plain medium  be-animate align-left\" style=\"color:#e0a240;border-color: #000000\" data-animation=\"fadeInRight\"><\/i><div class=\"title-with-icon  be-animate medium plain align-left\" data-animation=\"fadeInRight\"><h6>INTERNATIONAL<\/h6>\n<p class=\"p1\"><span class=\"s1\">Les syst\u00e8mes de distillation de l\u2019entreprise Arnold Holstein sont d\u00e9sormais pr\u00e9sents dans le monde entier.<\/span><\/p>\n<\/div><i class=\"icon-phone title-icon plain medium  be-animate align-left\" style=\"color:#e0a240;border-color: #000000\" data-animation=\"fadeInRight\"><\/i><div class=\"title-with-icon  be-animate medium plain align-left\" data-animation=\"fadeInRight\"><h6>SUPPORT<\/h6>\n<p class=\"p1\"><span class=\"s1\">Nous sommes \u00e0 la disposition de nos clients vingt-quatre heures sur vingt-quatre. Notre service d\u2019assistance travaille rapidement et est orient\u00e9 vers les solutions.<\/span><\/p>\n<\/div><i class=\"icon-basket title-icon plain medium  be-animate align-left\" style=\"color:#e0a240;border-color: #000000\" data-animation=\"fadeInRight\"><\/i><div class=\"title-with-icon  be-animate medium plain align-left\" data-animation=\"fadeInRight\"><h6>ACCESSOIRES<\/h6>\n<p class=\"p1\"><span class=\"s1\">Les syst\u00e8mes de distillation Holstein peuvent \u00eatre compl\u00e9t\u00e9s avec nos accessoires en fonction des besoins sp\u00e9cifiques. Contactez-nous, nous sommes \u00e0 votre disposition pour vous aider.<\/span><\/p>\n<\/div><\/div><\/div><\/div><\/div><\/div><div class=\"be-section   be-bg-cover      clearfix\" data-headerscheme=\"background--light\" style=\" background: url(https:\/\/a-holstein.de\/wp-content\/uploads\/2017\/12\/Lantenhammer_StartBalken.png) no-repeat fixed center center;\"  ><div class=\"be-section-pad clearfix \" style=\" padding-top:200px;padding-bottom:200px;\" data-padding-top = \"200\"><\/div><\/div>","protected":false},"excerpt":{"rendered":"<p>Syst\u00e8mes de distillation HolsteinNous vivons pour l\u2019excellence en mati\u00e8re de qualit\u00e9. Comme vous.De bonnes id\u00e9es dans la meilleure tradition artisanale | Tradition et artisanat. Pour les petits distillateurs ou les [&hellip;]<\/p>\n<p><a href=\"https:\/\/a-holstein.de\/fr\/\" class=\"more-link style2-button\">Read More<\/a><\/p>","protected":false},"author":1,"featured_media":0,"parent":0,"menu_order":0,"comment_status":"open","ping_status":"closed","template":"","meta":[],"_links":{"self":[{"href":"https:\/\/a-holstein.de\/fr\/wp-json\/wp\/v2\/pages\/5306"}],"collection":[{"href":"https:\/\/a-holstein.de\/fr\/wp-json\/wp\/v2\/pages"}],"about":[{"href":"https:\/\/a-holstein.de\/fr\/wp-json\/wp\/v2\/types\/page"}],"author":[{"embeddable":true,"href":"https:\/\/a-holstein.de\/fr\/wp-json\/wp\/v2\/users\/1"}],"replies":[{"embeddable":true,"href":"https:\/\/a-holstein.de\/fr\/wp-json\/wp\/v2\/comments?post=5306"}],"version-history":[{"count":1,"href":"https:\/\/a-holstein.de\/fr\/wp-json\/wp\/v2\/pages\/5306\/revisions"}],"predecessor-version":[{"id":5337,"href":"https:\/\/a-holstein.de\/fr\/wp-json\/wp\/v2\/pages\/5306\/revisions\/5337"}],"wp:attachment":[{"href":"https:\/\/a-holstein.de\/fr\/wp-json\/wp\/v2\/media?parent=5306"}],"curies":[{"name":"wp","href":"https:\/\/api.w.org\/{rel}","templated":true}]}}